{"id":4157,"date":"2025-09-21T23:51:38","date_gmt":"2025-09-21T21:51:38","guid":{"rendered":"https:\/\/www.ksalps.com\/?page_id=4157"},"modified":"2025-10-17T10:39:02","modified_gmt":"2025-10-17T08:39:02","slug":"planinske-koce","status":"publish","type":"page","link":"https:\/\/www.ksalps.com\/en\/planinske-koce\/","title":{"rendered":"Planinske ko\u010de in domovi"},"content":{"rendered":"<section class=\"wpb-content-wrapper\"><div class=\"vc_row wpb_row vc_row-fluid vc_custom_1755644209687 vc_row-has-fill vc_row-o-content-middle vc_row-flex\"><div class=\"wpb_column vc_column_container vc_col-sm-2 vc_col-xs-4\"><div class=\"vc_column-inner\"><div class=\"wpb_wrapper\"><div class=\"vc_btn3-container vc_btn3-center\" ><a onmouseleave=\"this.style.borderColor='#ffffff'; this.style.backgroundColor='transparent'; this.style.color='#ffffff'\" onmouseenter=\"this.style.borderColor='#028090'; this.style.backgroundColor='#028090'; this.style.color='#ffffff';\" style=\"border-color:#ffffff; color:#ffffff;\" class=\"vc_general vc_btn3 vc_btn3-size-xs vc_btn3-shape-round vc_btn3-style-outline-custom vc_btn3-block\" href=\"https:\/\/www.ksalps.com\/en\/gorske-koce\/#kamnik\" title=\"\">Kamnik<\/a><\/div><\/div><\/div><\/div><div class=\"wpb_column vc_column_container vc_col-sm-2 vc_col-xs-4\"><div class=\"vc_column-inner\"><div class=\"wpb_wrapper\"><div class=\"vc_btn3-container vc_btn3-center\" ><a onmouseleave=\"this.style.borderColor='#ffffff'; this.style.backgroundColor='transparent'; this.style.color='#ffffff'\" onmouseenter=\"this.style.borderColor='#028090'; this.style.backgroundColor='#028090'; this.style.color='#ffffff';\" style=\"border-color:#ffffff; color:#ffffff;\" class=\"vc_general vc_btn3 vc_btn3-size-xs vc_btn3-shape-round vc_btn3-style-outline-custom vc_btn3-block\" href=\"https:\/\/www.ksalps.com\/en\/gorske-koce\/#luce\" title=\"\">Lu\u010de<\/a><\/div><\/div><\/div><\/div><div class=\"wpb_column vc_column_container vc_col-sm-2 vc_col-xs-4\"><div class=\"vc_column-inner\"><div class=\"wpb_wrapper\"><div class=\"vc_btn3-container vc_btn3-center\" ><a onmouseleave=\"this.style.borderColor='#ffffff'; this.style.backgroundColor='transparent'; this.style.color='#ffffff'\" onmouseenter=\"this.style.borderColor='#028090'; this.style.backgroundColor='#028090'; this.style.color='#ffffff';\" style=\"border-color:#ffffff; color:#ffffff;\" class=\"vc_general vc_btn3 vc_btn3-size-xs vc_btn3-shape-round vc_btn3-style-outline-custom vc_btn3-block\" href=\"https:\/\/www.ksalps.com\/en\/gorske-koce\/#solcava\" title=\"\">Sol\u010dava<\/a><\/div><\/div><\/div><\/div><div class=\"wpb_column vc_column_container vc_col-sm-2 vc_col-xs-12\"><div class=\"vc_column-inner\"><div class=\"wpb_wrapper\"><div class=\"vc_btn3-container vc_btn3-center\" ><a onmouseleave=\"this.style.borderColor='#ffffff'; this.style.backgroundColor='transparent'; this.style.color='#ffffff'\" onmouseenter=\"this.style.borderColor='#028090'; this.style.backgroundColor='#028090'; this.style.color='#ffffff';\" style=\"border-color:#ffffff; color:#ffffff;\" class=\"vc_general vc_btn3 vc_btn3-size-xs vc_btn3-shape-round vc_btn3-style-outline-custom vc_btn3-block\" href=\"https:\/\/www.ksalps.com\/en\/gorske-koce\/#cerklje\" title=\"\">Cerklje na Gorenjskem<\/a><\/div><\/div><\/div><\/div><div class=\"wpb_column vc_column_container vc_col-sm-2 vc_col-xs-6\"><div class=\"vc_column-inner\"><div class=\"wpb_wrapper\"><div class=\"vc_btn3-container vc_btn3-center\" ><a onmouseleave=\"this.style.borderColor='#ffffff'; this.style.backgroundColor='transparent'; this.style.color='#ffffff'\" onmouseenter=\"this.style.borderColor='#028090'; this.style.backgroundColor='#028090'; this.style.color='#ffffff';\" style=\"border-color:#ffffff; color:#ffffff;\" class=\"vc_general vc_btn3 vc_btn3-size-xs vc_btn3-shape-round vc_btn3-style-outline-custom vc_btn3-block\" href=\"https:\/\/www.ksalps.com\/en\/gorske-koce\/#jezersko\" title=\"\">Jezersko<\/a><\/div><\/div><\/div><\/div><div class=\"wpb_column vc_column_container vc_col-sm-2 vc_col-xs-6\"><div class=\"vc_column-inner\"><div class=\"wpb_wrapper\"><div class=\"vc_btn3-container vc_btn3-center\" ><a onmouseleave=\"this.style.borderColor='#ffffff'; this.style.backgroundColor='transparent'; this.style.color='#ffffff'\" onmouseenter=\"this.style.borderColor='#028090'; this.style.backgroundColor='#028090'; this.style.color='#ffffff';\" style=\"border-color:#ffffff; color:#ffffff;\" class=\"vc_general vc_btn3 vc_btn3-size-xs vc_btn3-shape-round vc_btn3-style-outline-custom vc_btn3-block\" href=\"https:\/\/www.ksalps.com\/en\/gorske-koce\/#preddvor\" title=\"\">Preddvor<\/a><\/div><\/div><\/div><\/div><\/div><div id=\"kamnik\" class=\"vc_row wpb_row vc_row-fluid vc_custom_1755641439012\"><div class=\"wpb_column vc_column_container vc_col-sm-12\"><div class=\"vc_column-inner\"><div class=\"wpb_wrapper\"><div class=\"vc_separator wpb_content_element vc_separator_align_center vc_sep_width_100 vc_sep_border_width_2 vc_sep_pos_align_center vc_separator-has-text\" ><span class=\"vc_sep_holder vc_sep_holder_l\"><span style=\"border-color:#05668d;\" class=\"vc_sep_line\"><\/span><\/span><h4>Kamnik<\/h4><span class=\"vc_sep_holder vc_sep_holder_r\"><span style=\"border-color:#05668d;\" class=\"vc_sep_line\"><\/span><\/span>\n<\/div><div class=\"vc_row wpb_row vc_inner vc_row-fluid\"><div class=\"wpb_column vc_column_container vc_col-sm-4\"><div class=\"vc_column-inner\"><div class=\"wpb_wrapper\">\n\t<div  class=\"wpb_single_image wpb_content_element vc_align_left\">\n\t\t\n\t\t<figure class=\"wpb_wrapper vc_figure\">\n\t\t\t<div class=\"vc_single_image-wrapper   vc_box_border_grey\"><img loading=\"lazy\" decoding=\"async\" class=\"vc_single_image-img\" src=\"https:\/\/www.ksalps.com\/wp-content\/uploads\/2025\/04\/Domzalski-planinski-dom-1000x600.jpg\" width=\"1000\" height=\"600\" alt=\"Dom\u017ealski planinski dom\" title=\"Dom\u017ealski planinski dom\" \/><\/div>\n\t\t<\/figure>\n\t<\/div>\n\t\t\t<div\r\n\t\t\t\tclass=\"main_title  text-center\">\r\n\t\t\t\t<h2 class=\"title\">DOM\u017dALSKI DOM NA MALI PLANINI<\/h2>\r\n\t\t\t\t\t\t\t<\/div>\r\n\t\t\n\t<div class=\"wpb_text_column wpb_content_element  vc_custom_1760690163048\" >\n\t\t<div class=\"wpb_wrapper\">\n\t\t\t<p style=\"text-align: center;\">\u017daga 18, 1242 Stahovica<\/p>\n<p style=\"text-align: center;\">+386 51 665 665<br \/>\n<a href=\"mailto:dom.velikaplanina@gmail.com\">dom.velikaplanina@gmail.com<\/a><br \/>\n<a href=\"http:\/\/www.pdd.si\/domzalski-dom\/\">www.pdd.si\/domzalski-dom\/<\/a><\/p>\n\n\t\t<\/div>\n\t<\/div>\n<\/div><\/div><\/div><div class=\"wpb_column vc_column_container vc_col-sm-4\"><div class=\"vc_column-inner\"><div class=\"wpb_wrapper\">\n\t<div  class=\"wpb_single_image wpb_content_element vc_align_left\">\n\t\t\n\t\t<figure class=\"wpb_wrapper vc_figure\">\n\t\t\t<div class=\"vc_single_image-wrapper   vc_box_border_grey\"><img loading=\"lazy\" decoding=\"async\" class=\"vc_single_image-img\" src=\"https:\/\/www.ksalps.com\/wp-content\/uploads\/2021\/12\/koca_zlatorog_zunanjost_koca_si-1000x600.jpg\" width=\"1000\" height=\"600\" alt=\"Pravljica na Veliki planini - Ko\u010da Zlatorog\" title=\"Pravljica na Veliki planini - Ko\u010da Zlatorog\" \/><\/div>\n\t\t<\/figure>\n\t<\/div>\n\t\t\t<div\r\n\t\t\t\tclass=\"main_title  text-center\">\r\n\t\t\t\t<h2 class=\"title\">PRAVLJICA NA VELIKI PLANINI<\/h2>\r\n\t\t\t\t\t\t\t<\/div>\r\n\t\t\n\t<div class=\"wpb_text_column wpb_content_element  vc_custom_1760690178839\" >\n\t\t<div class=\"wpb_wrapper\">\n\t\t\t<p style=\"text-align: center;\">Velika planina 74, 1242 Stahovica<\/p>\n<p style=\"text-align: center;\">+386 41 851 779<br \/>\n<a href=\"mailto:info@koca.si\">info@koca.si<\/a><br \/>\n<a href=\"http:\/\/www.koca.si\/\">www.koca.si<\/a><\/p>\n\n\t\t<\/div>\n\t<\/div>\n<\/div><\/div><\/div><div class=\"wpb_column vc_column_container vc_col-sm-4\"><div class=\"vc_column-inner\"><div class=\"wpb_wrapper\">\n\t<div  class=\"wpb_single_image wpb_content_element vc_align_left\">\n\t\t\n\t\t<figure class=\"wpb_wrapper vc_figure\">\n\t\t\t<div class=\"vc_single_image-wrapper   vc_box_border_grey\"><img loading=\"lazy\" decoding=\"async\" class=\"vc_single_image-img\" src=\"https:\/\/www.ksalps.com\/wp-content\/uploads\/2021\/12\/hero_image-980x600.jpg\" width=\"980\" height=\"600\" alt=\"Velika planina\" title=\"Velika planina\" \/><\/div>\n\t\t<\/figure>\n\t<\/div>\n\t\t\t<div\r\n\t\t\t\tclass=\"main_title  text-center\">\r\n\t\t\t\t<h2 class=\"title\">VELIKA PLANINA RESORT<\/h2>\r\n\t\t\t\t\t\t\t<\/div>\r\n\t\t\n\t<div class=\"wpb_text_column wpb_content_element  vc_custom_1760690208078\" >\n\t\t<div class=\"wpb_wrapper\">\n\t\t\t<p style=\"text-align: center;\">Velika planina 99, 1242 Stahovica<\/p>\n<p style=\"text-align: center;\">+386 41 682 055<br \/>\n<a href=\"mailto:koca.zlatica@gmail.com\">koca.zlatica@gmail.com<\/a><br \/>\n<a href=\"http:\/\/www.vpr.si\/\">www.vpr.si<\/a><\/p>\n\n\t\t<\/div>\n\t<\/div>\n<\/div><\/div><\/div><\/div><\/div><\/div><\/div><\/div><div id=\"luce\" class=\"vc_row wpb_row vc_row-fluid vc_custom_1755641490462\"><div class=\"wpb_column vc_column_container vc_col-sm-12\"><div class=\"vc_column-inner\"><div class=\"wpb_wrapper\"><div class=\"vc_separator wpb_content_element vc_separator_align_center vc_sep_width_100 vc_sep_border_width_2 vc_sep_pos_align_left vc_separator-has-text\" ><span class=\"vc_sep_holder vc_sep_holder_l\"><span style=\"border-color:#05668d;\" class=\"vc_sep_line\"><\/span><\/span><h4>Lu\u010de<\/h4><span class=\"vc_sep_holder vc_sep_holder_r\"><span style=\"border-color:#05668d;\" class=\"vc_sep_line\"><\/span><\/span>\n<\/div><div class=\"vc_row wpb_row vc_inner vc_row-fluid\"><div class=\"wpb_column vc_column_container vc_col-sm-4\"><div class=\"vc_column-inner\"><div class=\"wpb_wrapper\">\n\t<div  class=\"wpb_single_image wpb_content_element vc_align_left\">\n\t\t\n\t\t<figure class=\"wpb_wrapper vc_figure\">\n\t\t\t<div class=\"vc_single_image-wrapper   vc_box_border_grey\"><img loading=\"lazy\" decoding=\"async\" class=\"vc_single_image-img\" src=\"https:\/\/www.ksalps.com\/wp-content\/uploads\/2022\/05\/Koca-na-Loki.jpg\" width=\"890\" height=\"500\" alt=\"Ko\u010da na Loki\" title=\"Ko\u010da na Loki\" \/><\/div>\n\t\t<\/figure>\n\t<\/div>\n\t\t\t<div\r\n\t\t\t\tclass=\"main_title  text-center\">\r\n\t\t\t\t<h2 class=\"title\">KO\u010cA NA LOKI<\/h2>\r\n\t\t\t\t\t\t\t<\/div>\r\n\t\t\n\t<div class=\"wpb_text_column wpb_content_element  vc_custom_1758491503171\" >\n\t\t<div class=\"wpb_wrapper\">\n\t\t\t<p style=\"text-align: center;\">Strmec 34, 3334 Lu\u010de<\/p>\n<p style=\"text-align: center;\">+386 41 968 022<br \/>\n<a href=\"mailto:kocanaloki@gmail.com\">kocanaloki@gmail.com<\/a><br \/>\n<a href=\"http:\/\/www.facebook.com\/kocanalokipodraduho\">www.facebook.com\/kocanalokipodraduho<\/a><\/p>\n<p style=\"text-align: center;\"><strong>85 beds<\/strong><\/p>\n\n\t\t<\/div>\n\t<\/div>\n<\/div><\/div><\/div><div class=\"wpb_column vc_column_container vc_col-sm-4\"><div class=\"vc_column-inner\"><div class=\"wpb_wrapper\"><\/div><\/div><\/div><div class=\"wpb_column vc_column_container vc_col-sm-4\"><div class=\"vc_column-inner\"><div class=\"wpb_wrapper\"><\/div><\/div><\/div><\/div><\/div><\/div><\/div><\/div><div id=\"Preddvor\" class=\"vc_row wpb_row vc_row-fluid vc_custom_1758491547526\"><div class=\"wpb_column vc_column_container vc_col-sm-12\"><div class=\"vc_column-inner\"><div class=\"wpb_wrapper\"><div class=\"vc_separator wpb_content_element vc_separator_align_center vc_sep_width_100 vc_sep_border_width_2 vc_sep_pos_align_left vc_separator-has-text\" ><span class=\"vc_sep_holder vc_sep_holder_l\"><span style=\"border-color:#05668d;\" class=\"vc_sep_line\"><\/span><\/span><h4>Preddvor<\/h4><span class=\"vc_sep_holder vc_sep_holder_r\"><span style=\"border-color:#05668d;\" class=\"vc_sep_line\"><\/span><\/span>\n<\/div><div class=\"vc_row wpb_row vc_inner vc_row-fluid\"><div class=\"wpb_column vc_column_container vc_col-sm-4\"><div class=\"vc_column-inner\"><div class=\"wpb_wrapper\">\n\t<div  class=\"wpb_single_image wpb_content_element vc_align_left\">\n\t\t\n\t\t<figure class=\"wpb_wrapper vc_figure\">\n\t\t\t<div class=\"vc_single_image-wrapper   vc_box_border_grey\"><img loading=\"lazy\" decoding=\"async\" class=\"vc_single_image-img\" src=\"https:\/\/www.ksalps.com\/wp-content\/uploads\/2021\/12\/pohodne-poti-preddvor-dom-na-lovrencu-900x600.jpeg\" width=\"900\" height=\"600\" alt=\"pohodne-poti-preddvor-dom-na-lovrencu\" title=\"pohodne-poti-preddvor-dom-na-lovrencu\" \/><\/div>\n\t\t<\/figure>\n\t<\/div>\n\t\t\t<div\r\n\t\t\t\tclass=\"main_title  text-center\">\r\n\t\t\t\t<h2 class=\"title\">DOM NA LOVRENCU<\/h2>\r\n\t\t\t\t\t\t\t<\/div>\r\n\t\t\n\t<div class=\"wpb_text_column wpb_content_element  vc_custom_1758491588385\" >\n\t\t<div class=\"wpb_wrapper\">\n\t\t\t<p style=\"text-align: center;\">Ba\u0161elj 35, 4205 Preddvor<\/p>\n<p style=\"text-align: center;\">+386 41 560 464<br \/>\n<a href=\"mailto:ancimer@gmail.com\">ancimer@gmail.com<\/a><\/p>\n<p style=\"text-align: center;\"><strong>8 beds<\/strong><\/p>\n\n\t\t<\/div>\n\t<\/div>\n<\/div><\/div><\/div><div class=\"wpb_column vc_column_container vc_col-sm-4\"><div class=\"vc_column-inner\"><div class=\"wpb_wrapper\"><\/div><\/div><\/div><div class=\"wpb_column vc_column_container vc_col-sm-4\"><div class=\"vc_column-inner\"><div class=\"wpb_wrapper\"><\/div><\/div><\/div><\/div><\/div><\/div><\/div><\/div>\n<\/section>","protected":false},"excerpt":{"rendered":"KamnikLu\u010deSol\u010davaCerklje na GorenjskemJezerskoPreddvorKamnik DOM\u017dALSKI DOM NA MALI PLANINI \u017daga 18, 1242 Stahovica +386 51 665 665 dom.velikaplanina@gmail.com www.pdd.si\/domzalski-dom\/ PRAVLJICA NA VELIKI PLANINI Velika planina 74, 1242 Stahovica +386 41 851 779 info@koca.si www.koca.si VELIKA PLANINA RESORT Velika planina 99, 1242 Stahovica +386 41 682 055 koca.zlatica@gmail.com www.vpr.si Lu\u010de KO\u010cA NA LOKI Strmec 34, 3334 Lu\u010de [...]","protected":false},"author":1,"featured_media":0,"parent":0,"menu_order":0,"comment_status":"closed","ping_status":"closed","template":"","meta":{"footnotes":""},"class_list":["post-4157","page","type-page","status-publish","hentry"],"_links":{"self":[{"href":"https:\/\/www.ksalps.com\/en\/wp-json\/wp\/v2\/pages\/4157","targetHints":{"allow":["GET"]}}],"collection":[{"href":"https:\/\/www.ksalps.com\/en\/wp-json\/wp\/v2\/pages"}],"about":[{"href":"https:\/\/www.ksalps.com\/en\/wp-json\/wp\/v2\/types\/page"}],"author":[{"embeddable":true,"href":"https:\/\/www.ksalps.com\/en\/wp-json\/wp\/v2\/users\/1"}],"replies":[{"embeddable":true,"href":"https:\/\/www.ksalps.com\/en\/wp-json\/wp\/v2\/comments?post=4157"}],"version-history":[{"count":8,"href":"https:\/\/www.ksalps.com\/en\/wp-json\/wp\/v2\/pages\/4157\/revisions"}],"predecessor-version":[{"id":4231,"href":"https:\/\/www.ksalps.com\/en\/wp-json\/wp\/v2\/pages\/4157\/revisions\/4231"}],"wp:attachment":[{"href":"https:\/\/www.ksalps.com\/en\/wp-json\/wp\/v2\/media?parent=4157"}],"curies":[{"name":"wp","href":"https:\/\/api.w.org\/{rel}","templated":true}]}}