{"id":3778,"date":"2024-03-15T16:39:27","date_gmt":"2024-03-15T15:39:27","guid":{"rendered":"https:\/\/www.ksalps.com\/?page_id=3778"},"modified":"2024-07-19T13:34:22","modified_gmt":"2024-07-19T11:34:22","slug":"kulinarika","status":"publish","type":"page","link":"https:\/\/www.ksalps.com\/en\/kulinarika\/","title":{"rendered":"Culinary"},"content":{"rendered":"<section class=\"wpb-content-wrapper\"><div data-vc-full-width=\"true\" data-vc-full-width-init=\"false\" class=\"vc_row wpb_row vc_row-fluid vc_custom_1641265075631 vc_row-has-fill\"><div class=\"wpb_column vc_column_container vc_col-sm-12\"><div class=\"vc_column-inner\"><div class=\"wpb_wrapper\"><div class=\"vc_row wpb_row vc_inner vc_row-fluid\"><div class=\"wpb_column vc_column_container vc_col-sm-3\"><div class=\"vc_column-inner\"><div class=\"wpb_wrapper\">\n\t<div  class=\"wpb_single_image wpb_content_element vc_align_center\">\n\t\t\n\t\t<figure class=\"wpb_wrapper vc_figure\">\n\t\t\t<a href=\"https:\/\/www.ksalps.com\/en\/darilca-z-okusom\/\" target=\"_self\" class=\"vc_single_image-wrapper   vc_box_border_grey\"><img loading=\"lazy\" decoding=\"async\" class=\"vc_single_image-img\" src=\"https:\/\/www.ksalps.com\/wp-content\/uploads\/2024\/07\/DARILCA-Z-OKUSOM-900x600.jpg\" width=\"900\" height=\"600\" alt=\"DARILCA Z OKUSOM\" title=\"DARILCA Z OKUSOM\" \/><\/a>\n\t\t<\/figure>\n\t<\/div>\n\n\t<div class=\"wpb_text_column wpb_content_element  vc_custom_1721054589253\" >\n\t\t<div class=\"wpb_wrapper\">\n\t\t\t<h4 style=\"text-align: center;\"><a href=\"https:\/\/www.ksalps.com\/en\/darilca-z-okusom\/\"><span style=\"color: #ffffff;\">Gifts with a taste<\/span><\/a><\/h4>\n\n\t\t<\/div>\n\t<\/div>\n<\/div><\/div><\/div><div class=\"wpb_column vc_column_container vc_col-sm-3\"><div class=\"vc_column-inner\"><div class=\"wpb_wrapper\">\n\t<div  class=\"wpb_single_image wpb_content_element vc_align_center\">\n\t\t\n\t\t<figure class=\"wpb_wrapper vc_figure\">\n\t\t\t<a href=\"https:\/\/www.ksalps.com\/en\/disi-po-domacem\/\" target=\"_self\" class=\"vc_single_image-wrapper   vc_box_border_grey\"><img loading=\"lazy\" decoding=\"async\" class=\"vc_single_image-img\" src=\"https:\/\/www.ksalps.com\/wp-content\/uploads\/2024\/07\/DISI-PO-DOMACEM-900x600.jpg\" width=\"900\" height=\"600\" alt=\"DI\u0160I PO DOMA\u010cEM\" title=\"DI\u0160I PO DOMA\u010cEM\" \/><\/a>\n\t\t<\/figure>\n\t<\/div>\n\n\t<div class=\"wpb_text_column wpb_content_element  vc_custom_1721054632615\" >\n\t\t<div class=\"wpb_wrapper\">\n\t\t\t<h4 style=\"text-align: center;\"><a href=\"https:\/\/www.ksalps.com\/en\/disi-po-domacem\/\"><span style=\"color: #ffffff;\">Smells like home<\/span><\/a><\/h4>\n\n\t\t<\/div>\n\t<\/div>\n<\/div><\/div><\/div><div class=\"wpb_column vc_column_container vc_col-sm-3\"><div class=\"vc_column-inner\"><div class=\"wpb_wrapper\">\n\t<div  class=\"wpb_single_image wpb_content_element vc_align_center\">\n\t\t\n\t\t<figure class=\"wpb_wrapper vc_figure\">\n\t\t\t<a href=\"https:\/\/www.ksalps.com\/en\/planinske-postojanke\/\" target=\"_self\" class=\"vc_single_image-wrapper   vc_box_border_grey\"><img loading=\"lazy\" decoding=\"async\" class=\"vc_single_image-img\" src=\"https:\/\/www.ksalps.com\/wp-content\/uploads\/2024\/07\/PLANINSKE-POSTOJANKE-900x600.jpg\" width=\"900\" height=\"600\" alt=\"PLANINSKE POSTOJANKE\" title=\"PLANINSKE POSTOJANKE\" \/><\/a>\n\t\t<\/figure>\n\t<\/div>\n\n\t<div class=\"wpb_text_column wpb_content_element  vc_custom_1721054715826\" >\n\t\t<div class=\"wpb_wrapper\">\n\t\t\t<h4 style=\"text-align: center;\"><a href=\"https:\/\/www.ksalps.com\/en\/planinske-postojanke\/\"><span style=\"color: #ffffff;\">Mountain outpost<\/span><\/a><\/h4>\n\n\t\t<\/div>\n\t<\/div>\n<\/div><\/div><\/div><div class=\"wpb_column vc_column_container vc_col-sm-3\"><div class=\"vc_column-inner\"><div class=\"wpb_wrapper\">\n\t<div  class=\"wpb_single_image wpb_content_element vc_align_center\">\n\t\t\n\t\t<figure class=\"wpb_wrapper vc_figure\">\n\t\t\t<a href=\"https:\/\/www.ksalps.com\/en\/pridih-tujih-jedi\/\" target=\"_self\" class=\"vc_single_image-wrapper   vc_box_border_grey\"><img loading=\"lazy\" decoding=\"async\" class=\"vc_single_image-img\" src=\"https:\/\/www.ksalps.com\/wp-content\/uploads\/2024\/07\/PRIDIH-TUJIH-JEDI-900x600.jpg\" width=\"900\" height=\"600\" alt=\"PRIDIH TUJIH JEDI\" title=\"PRIDIH TUJIH JEDI\" \/><\/a>\n\t\t<\/figure>\n\t<\/div>\n\n\t<div class=\"wpb_text_column wpb_content_element  vc_custom_1721054767886\" >\n\t\t<div class=\"wpb_wrapper\">\n\t\t\t<h4 style=\"text-align: center;\"><a href=\"https:\/\/www.ksalps.com\/en\/pridih-tujih-jedi\/\"><span style=\"color: #ffffff;\">Foreign cuisine touch<\/span><\/a><\/h4>\n\n\t\t<\/div>\n\t<\/div>\n<\/div><\/div><\/div><\/div><div class=\"vc_row wpb_row vc_inner vc_row-fluid\"><div class=\"wpb_column vc_column_container vc_col-sm-3\"><div class=\"vc_column-inner\"><div class=\"wpb_wrapper\"><\/div><\/div><\/div><div class=\"wpb_column vc_column_container vc_col-sm-6\"><div class=\"vc_column-inner\"><div class=\"wpb_wrapper\">\n\t<div  class=\"wpb_single_image wpb_content_element vc_align_left\">\n\t\t\n\t\t<figure class=\"wpb_wrapper vc_figure\">\n\t\t\t<a href=\"https:\/\/www.ksalps.com\/en\/znacilne-jedi\/\" target=\"_self\" class=\"vc_single_image-wrapper   vc_box_border_grey\"><img loading=\"lazy\" decoding=\"async\" class=\"vc_single_image-img\" src=\"https:\/\/www.ksalps.com\/wp-content\/uploads\/2024\/07\/ZNACILNE-JEDI-1200x800.jpg\" width=\"1200\" height=\"800\" alt=\"ZNA\u010cILNE JEDI\" title=\"ZNA\u010cILNE JEDI\" \/><\/a>\n\t\t<\/figure>\n\t<\/div>\n\n\t<div class=\"wpb_text_column wpb_content_element  vc_custom_1721388766956\" >\n\t\t<div class=\"wpb_wrapper\">\n\t\t\t<h4 style=\"text-align: center;\"><a href=\"https:\/\/www.ksalps.com\/en\/znacilne-jedi\/\"><span style=\"color: #ffffff;\">Typical dishes<\/span><\/a><\/h4>\n\n\t\t<\/div>\n\t<\/div>\n<\/div><\/div><\/div><div class=\"wpb_column vc_column_container vc_col-sm-3\"><div class=\"vc_column-inner\"><div class=\"wpb_wrapper\"><\/div><\/div><\/div><\/div><\/div><\/div><\/div><\/div><div class=\"vc_row-full-width vc_clearfix\"><\/div>\n<\/section>","protected":false},"excerpt":{"rendered":"Darilca z okusom Di\u0161i po doma\u010dem Planinske postojanke Pridih tujih jedi Zna\u010dilne jedi","protected":false},"author":1,"featured_media":0,"parent":0,"menu_order":0,"comment_status":"closed","ping_status":"closed","template":"","meta":{"footnotes":""},"class_list":["post-3778","page","type-page","status-publish","hentry"],"_links":{"self":[{"href":"https:\/\/www.ksalps.com\/en\/wp-json\/wp\/v2\/pages\/3778","targetHints":{"allow":["GET"]}}],"collection":[{"href":"https:\/\/www.ksalps.com\/en\/wp-json\/wp\/v2\/pages"}],"about":[{"href":"https:\/\/www.ksalps.com\/en\/wp-json\/wp\/v2\/types\/page"}],"author":[{"embeddable":true,"href":"https:\/\/www.ksalps.com\/en\/wp-json\/wp\/v2\/users\/1"}],"replies":[{"embeddable":true,"href":"https:\/\/www.ksalps.com\/en\/wp-json\/wp\/v2\/comments?post=3778"}],"version-history":[{"count":5,"href":"https:\/\/www.ksalps.com\/en\/wp-json\/wp\/v2\/pages\/3778\/revisions"}],"predecessor-version":[{"id":3879,"href":"https:\/\/www.ksalps.com\/en\/wp-json\/wp\/v2\/pages\/3778\/revisions\/3879"}],"wp:attachment":[{"href":"https:\/\/www.ksalps.com\/en\/wp-json\/wp\/v2\/media?parent=3778"}],"curies":[{"name":"wp","href":"https:\/\/api.w.org\/{rel}","templated":true}]}}