{"id":3500,"date":"2023-04-22T02:19:17","date_gmt":"2023-04-22T00:19:17","guid":{"rendered":"https:\/\/www.ksalps.com\/?page_id=3500"},"modified":"2024-10-15T14:26:32","modified_gmt":"2024-10-15T12:26:32","slug":"etapa-10","status":"publish","type":"page","link":"https:\/\/www.ksalps.com\/en\/etapa-10\/","title":{"rendered":"Stage 3"},"content":{"rendered":"<section class=\"wpb-content-wrapper\"><div data-vc-full-width=\"true\" data-vc-full-width-init=\"false\" class=\"vc_row wpb_row vc_row-fluid vc_custom_1682120157552 vc_row-has-fill vc_row-o-content-middle vc_row-flex\"><div class=\"wpb_column vc_column_container vc_col-sm-6\"><div class=\"vc_column-inner\"><div class=\"wpb_wrapper\">\n\t<div  class=\"wpb_single_image wpb_content_element vc_align_left\">\n\t\t\n\t\t<figure class=\"wpb_wrapper vc_figure\">\n\t\t\t<div class=\"vc_single_image-wrapper   vc_box_border_grey\"><img loading=\"lazy\" decoding=\"async\" width=\"960\" height=\"640\" src=\"https:\/\/www.ksalps.com\/wp-content\/uploads\/2023\/04\/marjanine-njive_z-2.jpg\" class=\"vc_single_image-img attachment-full\" alt=\"\" title=\"marjanine-njive_z\" srcset=\"https:\/\/www.ksalps.com\/wp-content\/uploads\/2023\/04\/marjanine-njive_z-2.jpg 960w, https:\/\/www.ksalps.com\/wp-content\/uploads\/2023\/04\/marjanine-njive_z-2-300x200.jpg 300w, https:\/\/www.ksalps.com\/wp-content\/uploads\/2023\/04\/marjanine-njive_z-2-768x512.jpg 768w, https:\/\/www.ksalps.com\/wp-content\/uploads\/2023\/04\/marjanine-njive_z-2-80x53.jpg 80w, https:\/\/www.ksalps.com\/wp-content\/uploads\/2023\/04\/marjanine-njive_z-2-18x12.jpg 18w\" sizes=\"auto, (max-width: 960px) 100vw, 960px\" \/><\/div>\n\t\t<\/figure>\n\t<\/div>\n<\/div><\/div><\/div><div class=\"wpb_column vc_column_container vc_col-sm-6\"><div class=\"vc_column-inner\"><div class=\"wpb_wrapper\"><h2 style=\"text-align: left\" class=\"vc_custom_heading vc_custom_1682122783452\" >Podvolovljek\u2013Marjanine njive\u2013Kriv\u010devo\u2013Gozd\u2013Brezje\u2013Stahovica<\/h2>\n\t<div class=\"wpb_text_column wpb_content_element\" >\n\t\t<div class=\"wpb_wrapper\">\n\t\t\t<p><span style=\"color: #05668d;\"><strong>Starting point:<\/strong><\/span> Podvolovljek (46.302045, 14.693477)<br \/>\n<span style=\"color: #05668d;\"><strong>Finish:<\/strong><\/span> Stahovica (46.265541, 14.603308)<\/p>\n<p><strong><span style=\"color: #05668d;\">Distance:<\/span><\/strong> 16,8 km<br \/>\n<strong><span style=\"color: #05668d;\">Walking time:<\/span><\/strong> 5 h<br \/>\n<strong><span style=\"color: #05668d;\">Ascent: <\/span><\/strong>817 m<br \/>\n<strong><span style=\"color: #05668d;\">Descent:<\/span><\/strong> 1039 m<\/p>\n\n\t\t<\/div>\n\t<\/div>\n<\/div><\/div><\/div><\/div><div class=\"vc_row-full-width vc_clearfix\"><\/div><div data-vc-full-width=\"true\" data-vc-full-width-init=\"false\" class=\"vc_row wpb_row vc_row-fluid vc_custom_1667915998648 vc_row-has-fill vc_row-o-content-middle vc_row-flex\"><div class=\"wpb_column vc_column_container vc_col-sm-6\"><div class=\"vc_column-inner\"><div class=\"wpb_wrapper\">\n\t<div  class=\"wpb_single_image wpb_content_element vc_align_left\">\n\t\t\n\t\t<figure class=\"wpb_wrapper vc_figure\">\n\t\t\t<div class=\"vc_single_image-wrapper   vc_box_border_grey\"><img loading=\"lazy\" decoding=\"async\" width=\"800\" height=\"1067\" src=\"https:\/\/www.ksalps.com\/wp-content\/uploads\/2023\/04\/E10-02-Dovnikovi-studenci.jpg\" class=\"vc_single_image-img attachment-full\" alt=\"\" title=\"E10-02 Dovnikovi studenci\" srcset=\"https:\/\/www.ksalps.com\/wp-content\/uploads\/2023\/04\/E10-02-Dovnikovi-studenci.jpg 800w, https:\/\/www.ksalps.com\/wp-content\/uploads\/2023\/04\/E10-02-Dovnikovi-studenci-225x300.jpg 225w, https:\/\/www.ksalps.com\/wp-content\/uploads\/2023\/04\/E10-02-Dovnikovi-studenci-768x1024.jpg 768w, https:\/\/www.ksalps.com\/wp-content\/uploads\/2023\/04\/E10-02-Dovnikovi-studenci-60x80.jpg 60w, https:\/\/www.ksalps.com\/wp-content\/uploads\/2023\/04\/E10-02-Dovnikovi-studenci-9x12.jpg 9w\" sizes=\"auto, (max-width: 800px) 100vw, 800px\" \/><\/div>\n\t\t<\/figure>\n\t<\/div>\n<\/div><\/div><\/div><div class=\"wpb_column vc_column_container vc_col-sm-6\"><div class=\"vc_column-inner\"><div class=\"wpb_wrapper\">\n\t<div class=\"wpb_text_column wpb_content_element\" >\n\t\t<div class=\"wpb_wrapper\">\n\t\t\t<p>In Podvolovljek, past the Seli\u0161nik farm, follow the signposted mountain path up to the Marjanine njive pasture. We will visit the Velika Planina next time, but this time the winding path leads us to the road and the Kranjski rak pass.<\/p>\n<p>Po strmi cesti se spustimo proti dolini, toda skomine po izvirski vodi nas zvabijo desno mimo doma\u010dije \u0160u\u0161nik do <a href=\"https:\/\/jamarji-jkkamnik.si\/10-1izvirvkajzarskemsuncu\/\">izvira v Kaj\u017earskem \u0160uncu<\/a>.<\/p>\n<p>Along the Volovljek stream, you will reach Kriv\u010devo. From the village of \u017daga, we climb up the road and the forest path to the village of Gozd with the church of St. Anne. This is followed by a walk through Brezje to Stahovica, where we finish the 10th stage of the Water trails of the Kamnik-Savinja Alps.<\/p>\n\n\t\t<\/div>\n\t<\/div>\n\r\n        \r\n        <style>\r\n\t\t\t\t#btn-container-et5Vc {\r\n\t\t\t\t\tfont-size: 15px;\r\n\t\t\t\t\tfont-weight: bold;\r\n\t\t\t\t}\r\n        #btn-et5Vc {\r\n        \tbackground: #05668d;\r\n\t\t\t\t\tborder-style: solid;\r\n        \tborder-color: #05668d;\r\n\t\t\t\t\tborder-width: 2px;\r\n        \tcolor: #ffffff;\r\n\t\t\t\t\tpadding: 10px 20px;\r\n\t\t\t\t\tborder-radius: 2px;\r\n\t\t\t\t\tfont-size: 15px;\r\n\t\t\t\t\tline-height: 15px;\r\n\t\t\t\t\t\t\t\t\t\t\t\t\t\t\tfont-weight: bold;\r\n        }\r\n\r\n\t\t\t\t#btn-et5Vc:hover {\r\n\t\t\t\t\tbackground: #2c88c0;\r\n\t\t\t\t\tborder-color: #2c88c0;\r\n\t\t\t\t\tcolor: #ffffff;\r\n\t\t\t\t\t\t\t\t\t\t\t\t\t\t\t\r\n\t\t\t\t}\r\n\r\n\t\t    #btn-et5Vc i {\r\n\t\t\t\t\tright: 14px;\r\n\t\t\t\t\tmargin-top: 0;\r\n\t\t\t\t\tvertical-align: middle;\r\n\t\t\t\t\tborder-radius: 50%;\r\n\t\t\t\t\tline-height: 20px;\r\n\t\t\t\t\theight: 20px;\r\n\t\t\t\t\twidth: 20px;\r\n\t\t\t\t\tbackground: #05668d;\r\n\t\t\t\t\tmargin-left: 8px;\r\n\t\t\t\t\tmargin-right: 0;\r\n\t\t\t\t\tcolor: #ffffff;\r\n\t\t\t\t\tfont-size: 8px;\r\n\t\t\t\t\ttext-align: center;\r\n\t\t\t\t}\r\n\r\n\t\t\t\t #btn-et5Vc:hover i {\r\n\t\t\t\t \tbackground: #ffffff;\r\n\t\t\t\t\tcolor: #1dc1f8;\r\n\t\t\t\t }\r\n\r\n        <\/style>\r\n\r\n\t\t<!-- BUTTON -->\r\n        <div id=\"btn-container-et5Vc\" class=\"text-left\">\r\n\t\t\t\r\n\t\t\t\t\t<a href=\"https:\/\/mapzs.pzs.si\/stage\/128309\" id=\"btn-et5Vc\" class=\"btn\" target=\"_self\">\r\n\t\t\t\t\t\tVIEW THE ROUTE ON THE MAP\t\t\t\t\t\t\t\t\t\t\t<\/a>\r\n\t\t\t\t\t        <\/div>\r\n\r\n        <div class=\"vc_empty_space\"   style=\"height: 25px\"><span class=\"vc_empty_space_inner\"><\/span><\/div>\r\n        \r\n        <style>\r\n\t\t\t\t#btn-container-bHutr {\r\n\t\t\t\t\tfont-size: 15px;\r\n\t\t\t\t\tfont-weight: bold;\r\n\t\t\t\t}\r\n        #btn-bHutr {\r\n        \tbackground: #05668d;\r\n\t\t\t\t\tborder-style: solid;\r\n        \tborder-color: #05668d;\r\n\t\t\t\t\tborder-width: 2px;\r\n        \tcolor: #ffffff;\r\n\t\t\t\t\tpadding: 10px 20px;\r\n\t\t\t\t\tborder-radius: 2px;\r\n\t\t\t\t\tfont-size: 15px;\r\n\t\t\t\t\tline-height: 15px;\r\n\t\t\t\t\t\t\t\t\t\t\t\t\t\t\tfont-weight: bold;\r\n        }\r\n\r\n\t\t\t\t#btn-bHutr:hover {\r\n\t\t\t\t\tbackground: #2c88c0;\r\n\t\t\t\t\tborder-color: #2c88c0;\r\n\t\t\t\t\tcolor: #ffffff;\r\n\t\t\t\t\t\t\t\t\t\t\t\t\t\t\t\r\n\t\t\t\t}\r\n\r\n\t\t    #btn-bHutr i {\r\n\t\t\t\t\tright: 14px;\r\n\t\t\t\t\tmargin-top: 0;\r\n\t\t\t\t\tvertical-align: middle;\r\n\t\t\t\t\tborder-radius: 50%;\r\n\t\t\t\t\tline-height: 20px;\r\n\t\t\t\t\theight: 20px;\r\n\t\t\t\t\twidth: 20px;\r\n\t\t\t\t\tbackground: #05668d;\r\n\t\t\t\t\tmargin-left: 8px;\r\n\t\t\t\t\tmargin-right: 0;\r\n\t\t\t\t\tcolor: #ffffff;\r\n\t\t\t\t\tfont-size: 8px;\r\n\t\t\t\t\ttext-align: center;\r\n\t\t\t\t}\r\n\r\n\t\t\t\t #btn-bHutr:hover i {\r\n\t\t\t\t \tbackground: #ffffff;\r\n\t\t\t\t\tcolor: #1dc1f8;\r\n\t\t\t\t }\r\n\r\n        <\/style>\r\n\r\n\t\t<!-- BUTTON -->\r\n        <div id=\"btn-container-bHutr\" class=\"text-left\">\r\n\t\t\t\r\n\t\t\t\t\t<a href=\"https:\/\/jamarji-jkkamnik.si\/analize-vpksa-etapa10\/\" id=\"btn-bHutr\" class=\"btn\" target=\"_self\">\r\n\t\t\t\t\t\tWater analysis\t\t\t\t\t\t\t\t\t\t\t<\/a>\r\n\t\t\t\t\t        <\/div>\r\n\r\n        <div class=\"vc_empty_space\"   style=\"height: 25px\"><span class=\"vc_empty_space_inner\"><\/span><\/div>\r\n        \r\n        <style>\r\n\t\t\t\t#btn-container-pLkKh {\r\n\t\t\t\t\tfont-size: 15px;\r\n\t\t\t\t\tfont-weight: bold;\r\n\t\t\t\t}\r\n        #btn-pLkKh {\r\n        \tbackground: #05668d;\r\n\t\t\t\t\tborder-style: solid;\r\n        \tborder-color: #05668d;\r\n\t\t\t\t\tborder-width: 2px;\r\n        \tcolor: #ffffff;\r\n\t\t\t\t\tpadding: 10px 20px;\r\n\t\t\t\t\tborder-radius: 2px;\r\n\t\t\t\t\tfont-size: 15px;\r\n\t\t\t\t\tline-height: 15px;\r\n\t\t\t\t\t\t\t\t\t\t\t\t\t\t\tfont-weight: bold;\r\n        }\r\n\r\n\t\t\t\t#btn-pLkKh:hover {\r\n\t\t\t\t\tbackground: #2c88c0;\r\n\t\t\t\t\tborder-color: #2c88c0;\r\n\t\t\t\t\tcolor: #ffffff;\r\n\t\t\t\t\t\t\t\t\t\t\t\t\t\t\t\r\n\t\t\t\t}\r\n\r\n\t\t    #btn-pLkKh i {\r\n\t\t\t\t\tright: 14px;\r\n\t\t\t\t\tmargin-top: 0;\r\n\t\t\t\t\tvertical-align: middle;\r\n\t\t\t\t\tborder-radius: 50%;\r\n\t\t\t\t\tline-height: 20px;\r\n\t\t\t\t\theight: 20px;\r\n\t\t\t\t\twidth: 20px;\r\n\t\t\t\t\tbackground: #05668d;\r\n\t\t\t\t\tmargin-left: 8px;\r\n\t\t\t\t\tmargin-right: 0;\r\n\t\t\t\t\tcolor: #ffffff;\r\n\t\t\t\t\tfont-size: 8px;\r\n\t\t\t\t\ttext-align: center;\r\n\t\t\t\t}\r\n\r\n\t\t\t\t #btn-pLkKh:hover i {\r\n\t\t\t\t \tbackground: #ffffff;\r\n\t\t\t\t\tcolor: #1dc1f8;\r\n\t\t\t\t }\r\n\r\n        <\/style>\r\n\r\n\t\t<!-- BUTTON -->\r\n        <div id=\"btn-container-pLkKh\" class=\"text-left\">\r\n\t\t\t\r\n\t\t\t\t\t<a href=\"https:\/\/www.ksalps.com\/en\/etapa-11\/\" id=\"btn-pLkKh\" class=\"btn\" target=\"_self\">\r\n\t\t\t\t\t\tNEXT STAGE\t\t\t\t\t\t\t\t\t\t\t<\/a>\r\n\t\t\t\t\t        <\/div>\r\n\r\n        <\/div><\/div><\/div><\/div><div class=\"vc_row-full-width vc_clearfix\"><\/div>\n<\/section>","protected":false},"excerpt":{"rendered":"Podvolovljek\u2013Marjanine njive\u2013Kriv\u010devo\u2013Gozd\u2013Brezje\u2013Stahovica Izhodi\u0161\u010de: Podvolovljek (Mlinar) (46.302045, 14.693477) Cilj: Stahovica (46.265541, 14.603308) Razdalja: 16,8 km \u010cas hoje: 5 h Vzpon: 817 m Spust: 1039 m V Podvolovljeku se mimo kmetije Seli\u0161nik po markirani planinski poti vzpnemo do pa\u0161ne planine Marjanine njive. Veliko planino bomo obiskali naslednji\u010d, tokrat pa nas zlo\u017ena pot pripelje do ceste in prelaza [...]","protected":false},"author":1,"featured_media":0,"parent":0,"menu_order":0,"comment_status":"closed","ping_status":"closed","template":"","meta":{"footnotes":""},"class_list":["post-3500","page","type-page","status-publish","hentry"],"_links":{"self":[{"href":"https:\/\/www.ksalps.com\/en\/wp-json\/wp\/v2\/pages\/3500","targetHints":{"allow":["GET"]}}],"collection":[{"href":"https:\/\/www.ksalps.com\/en\/wp-json\/wp\/v2\/pages"}],"about":[{"href":"https:\/\/www.ksalps.com\/en\/wp-json\/wp\/v2\/types\/page"}],"author":[{"embeddable":true,"href":"https:\/\/www.ksalps.com\/en\/wp-json\/wp\/v2\/users\/1"}],"replies":[{"embeddable":true,"href":"https:\/\/www.ksalps.com\/en\/wp-json\/wp\/v2\/comments?post=3500"}],"version-history":[{"count":8,"href":"https:\/\/www.ksalps.com\/en\/wp-json\/wp\/v2\/pages\/3500\/revisions"}],"predecessor-version":[{"id":3938,"href":"https:\/\/www.ksalps.com\/en\/wp-json\/wp\/v2\/pages\/3500\/revisions\/3938"}],"wp:attachment":[{"href":"https:\/\/www.ksalps.com\/en\/wp-json\/wp\/v2\/media?parent=3500"}],"curies":[{"name":"wp","href":"https:\/\/api.w.org\/{rel}","templated":true}]}}