{"id":3495,"date":"2023-04-22T02:15:36","date_gmt":"2023-04-22T00:15:36","guid":{"rendered":"https:\/\/www.ksalps.com\/?page_id=3495"},"modified":"2024-10-15T14:24:59","modified_gmt":"2024-10-15T12:24:59","slug":"etapa-9","status":"publish","type":"page","link":"https:\/\/www.ksalps.com\/en\/etapa-9\/","title":{"rendered":"Stage 1"},"content":{"rendered":"<section class=\"wpb-content-wrapper\"><div data-vc-full-width=\"true\" data-vc-full-width-init=\"false\" class=\"vc_row wpb_row vc_row-fluid vc_custom_1682120157552 vc_row-has-fill vc_row-o-content-middle vc_row-flex\"><div class=\"wpb_column vc_column_container vc_col-sm-6\"><div class=\"vc_column-inner\"><div class=\"wpb_wrapper\">\n\t<div  class=\"wpb_single_image wpb_content_element vc_align_left\">\n\t\t\n\t\t<figure class=\"wpb_wrapper vc_figure\">\n\t\t\t<div class=\"vc_single_image-wrapper   vc_box_border_grey\"><img loading=\"lazy\" decoding=\"async\" width=\"1366\" height=\"768\" src=\"https:\/\/www.ksalps.com\/wp-content\/uploads\/2023\/04\/E9-01-dolina-Podvolovljek-1.jpg\" class=\"vc_single_image-img attachment-full\" alt=\"\" title=\"E9-01 dolina Podvolovljek\" srcset=\"https:\/\/www.ksalps.com\/wp-content\/uploads\/2023\/04\/E9-01-dolina-Podvolovljek-1.jpg 1366w, https:\/\/www.ksalps.com\/wp-content\/uploads\/2023\/04\/E9-01-dolina-Podvolovljek-1-300x169.jpg 300w, https:\/\/www.ksalps.com\/wp-content\/uploads\/2023\/04\/E9-01-dolina-Podvolovljek-1-1024x576.jpg 1024w, https:\/\/www.ksalps.com\/wp-content\/uploads\/2023\/04\/E9-01-dolina-Podvolovljek-1-768x432.jpg 768w, https:\/\/www.ksalps.com\/wp-content\/uploads\/2023\/04\/E9-01-dolina-Podvolovljek-1-80x45.jpg 80w, https:\/\/www.ksalps.com\/wp-content\/uploads\/2023\/04\/E9-01-dolina-Podvolovljek-1-18x10.jpg 18w\" sizes=\"auto, (max-width: 1366px) 100vw, 1366px\" \/><\/div>\n\t\t<\/figure>\n\t<\/div>\n<\/div><\/div><\/div><div class=\"wpb_column vc_column_container vc_col-sm-6\"><div class=\"vc_column-inner\"><div class=\"wpb_wrapper\"><h2 style=\"text-align: left\" class=\"vc_custom_heading vc_custom_1682122563901\" >Lu\u010de\u2013Podve\u017ea\u2013Rep waterfall\u2013Podvolovljek<\/h2>\n\t<div class=\"wpb_text_column wpb_content_element\" >\n\t\t<div class=\"wpb_wrapper\">\n\t\t\t<p><span style=\"color: #05668d;\"><strong>Starting point:<\/strong><\/span> Lu\u010de (46.356413, 14.743139)<br \/>\n<span style=\"color: #05668d;\"><strong>Finish:<\/strong><\/span> Podvolovljek (46.302045, 14.693477)<\/p>\n<p><strong><span style=\"color: #05668d;\">Distance:<\/span><\/strong> 11,1 km<br \/>\n<strong><span style=\"color: #05668d;\">Walking time:<\/span><\/strong> 4 h<br \/>\n<strong><span style=\"color: #05668d;\">Ascent: <\/span><\/strong>452 m<br \/>\n<strong><span style=\"color: #05668d;\">Descent:<\/span><\/strong> 315 m<\/p>\n\n\t\t<\/div>\n\t<\/div>\n<\/div><\/div><\/div><\/div><div class=\"vc_row-full-width vc_clearfix\"><\/div><div data-vc-full-width=\"true\" data-vc-full-width-init=\"false\" class=\"vc_row wpb_row vc_row-fluid vc_custom_1667915998648 vc_row-has-fill vc_row-o-content-middle vc_row-flex\"><div class=\"wpb_column vc_column_container vc_col-sm-6\"><div class=\"vc_column-inner\"><div class=\"wpb_wrapper\">\n\t<div  class=\"wpb_single_image wpb_content_element vc_align_left\">\n\t\t\n\t\t<figure class=\"wpb_wrapper vc_figure\">\n\t\t\t<div class=\"vc_single_image-wrapper   vc_box_border_grey\"><img loading=\"lazy\" decoding=\"async\" width=\"800\" height=\"1067\" src=\"https:\/\/www.ksalps.com\/wp-content\/uploads\/2023\/04\/E9-01-Repov-slap-MS2.jpg\" class=\"vc_single_image-img attachment-full\" alt=\"\" title=\"E9-01 Repov slap MS2\" srcset=\"https:\/\/www.ksalps.com\/wp-content\/uploads\/2023\/04\/E9-01-Repov-slap-MS2.jpg 800w, https:\/\/www.ksalps.com\/wp-content\/uploads\/2023\/04\/E9-01-Repov-slap-MS2-225x300.jpg 225w, https:\/\/www.ksalps.com\/wp-content\/uploads\/2023\/04\/E9-01-Repov-slap-MS2-768x1024.jpg 768w, https:\/\/www.ksalps.com\/wp-content\/uploads\/2023\/04\/E9-01-Repov-slap-MS2-60x80.jpg 60w, https:\/\/www.ksalps.com\/wp-content\/uploads\/2023\/04\/E9-01-Repov-slap-MS2-9x12.jpg 9w\" sizes=\"auto, (max-width: 800px) 100vw, 800px\" \/><\/div>\n\t\t<\/figure>\n\t<\/div>\n<\/div><\/div><\/div><div class=\"wpb_column vc_column_container vc_col-sm-6\"><div class=\"vc_column-inner\"><div class=\"wpb_wrapper\">\n\t<div class=\"wpb_text_column wpb_content_element\" >\n\t\t<div class=\"wpb_wrapper\">\n\t\t\t<p>Ob pitniku pred TIC Lu\u010de se oskrbimo z vodo za kasnej\u0161o \u017eejo, \u010deprav lahko \u017ee po nekaj minutah hoje oku\u0161amo vodo tudi iz <a href=\"https:\/\/jamarji-jkkamnik.si\/9-1jakovizvirpodjuvanovopusto\/\">Jakovega izvira<\/a>. Sledimo gozdni poti na Juvanovo pustoto, naprej pa cesti in kolesarski poti, ki nas mimo kmetij v Podve\u017ei pripelje v Podvolovljek. Po dolinski cesti se odpravimo desno proti toku reke Lu\u010dnice.<\/p>\n<p>We are tempted by the walks to the \u017dvepleni izvir spring, the Cuc waterfall and springs as well as other attractions in the Lu\u010dka bela valley, but we will keep them in mind for some other special day.<\/p>\n<p>We can take a walk to the Rep waterfall and \u017dagerski mill and follow the road past the Church of St. Anthony the Hermit to the inn or to our accommodation.<\/p>\n\n\t\t<\/div>\n\t<\/div>\n\r\n        \r\n        <style>\r\n\t\t\t\t#btn-container-z9uV0 {\r\n\t\t\t\t\tfont-size: 15px;\r\n\t\t\t\t\tfont-weight: bold;\r\n\t\t\t\t}\r\n        #btn-z9uV0 {\r\n        \tbackground: #05668d;\r\n\t\t\t\t\tborder-style: solid;\r\n        \tborder-color: #05668d;\r\n\t\t\t\t\tborder-width: 2px;\r\n        \tcolor: #ffffff;\r\n\t\t\t\t\tpadding: 10px 20px;\r\n\t\t\t\t\tborder-radius: 2px;\r\n\t\t\t\t\tfont-size: 15px;\r\n\t\t\t\t\tline-height: 15px;\r\n\t\t\t\t\t\t\t\t\t\t\t\t\t\t\tfont-weight: bold;\r\n        }\r\n\r\n\t\t\t\t#btn-z9uV0:hover {\r\n\t\t\t\t\tbackground: #2c88c0;\r\n\t\t\t\t\tborder-color: #2c88c0;\r\n\t\t\t\t\tcolor: #ffffff;\r\n\t\t\t\t\t\t\t\t\t\t\t\t\t\t\t\r\n\t\t\t\t}\r\n\r\n\t\t    #btn-z9uV0 i {\r\n\t\t\t\t\tright: 14px;\r\n\t\t\t\t\tmargin-top: 0;\r\n\t\t\t\t\tvertical-align: middle;\r\n\t\t\t\t\tborder-radius: 50%;\r\n\t\t\t\t\tline-height: 20px;\r\n\t\t\t\t\theight: 20px;\r\n\t\t\t\t\twidth: 20px;\r\n\t\t\t\t\tbackground: #05668d;\r\n\t\t\t\t\tmargin-left: 8px;\r\n\t\t\t\t\tmargin-right: 0;\r\n\t\t\t\t\tcolor: #ffffff;\r\n\t\t\t\t\tfont-size: 8px;\r\n\t\t\t\t\ttext-align: center;\r\n\t\t\t\t}\r\n\r\n\t\t\t\t #btn-z9uV0:hover i {\r\n\t\t\t\t \tbackground: #ffffff;\r\n\t\t\t\t\tcolor: #1dc1f8;\r\n\t\t\t\t }\r\n\r\n        <\/style>\r\n\r\n\t\t<!-- BUTTON -->\r\n        <div id=\"btn-container-z9uV0\" class=\"text-left\">\r\n\t\t\t\r\n\t\t\t\t\t<a href=\"https:\/\/mapzs.pzs.si\/stage\/128308\" id=\"btn-z9uV0\" class=\"btn\" target=\"_self\">\r\n\t\t\t\t\t\tVIEW THE ROUTE ON THE MAP\t\t\t\t\t\t\t\t\t\t\t<\/a>\r\n\t\t\t\t\t        <\/div>\r\n\r\n        <div class=\"vc_empty_space\"   style=\"height: 25px\"><span class=\"vc_empty_space_inner\"><\/span><\/div>\r\n        \r\n        <style>\r\n\t\t\t\t#btn-container-fL6Ag {\r\n\t\t\t\t\tfont-size: 15px;\r\n\t\t\t\t\tfont-weight: bold;\r\n\t\t\t\t}\r\n        #btn-fL6Ag {\r\n        \tbackground: #05668d;\r\n\t\t\t\t\tborder-style: solid;\r\n        \tborder-color: #05668d;\r\n\t\t\t\t\tborder-width: 2px;\r\n        \tcolor: #ffffff;\r\n\t\t\t\t\tpadding: 10px 20px;\r\n\t\t\t\t\tborder-radius: 2px;\r\n\t\t\t\t\tfont-size: 15px;\r\n\t\t\t\t\tline-height: 15px;\r\n\t\t\t\t\t\t\t\t\t\t\t\t\t\t\tfont-weight: bold;\r\n        }\r\n\r\n\t\t\t\t#btn-fL6Ag:hover {\r\n\t\t\t\t\tbackground: #2c88c0;\r\n\t\t\t\t\tborder-color: #2c88c0;\r\n\t\t\t\t\tcolor: #ffffff;\r\n\t\t\t\t\t\t\t\t\t\t\t\t\t\t\t\r\n\t\t\t\t}\r\n\r\n\t\t    #btn-fL6Ag i {\r\n\t\t\t\t\tright: 14px;\r\n\t\t\t\t\tmargin-top: 0;\r\n\t\t\t\t\tvertical-align: middle;\r\n\t\t\t\t\tborder-radius: 50%;\r\n\t\t\t\t\tline-height: 20px;\r\n\t\t\t\t\theight: 20px;\r\n\t\t\t\t\twidth: 20px;\r\n\t\t\t\t\tbackground: #05668d;\r\n\t\t\t\t\tmargin-left: 8px;\r\n\t\t\t\t\tmargin-right: 0;\r\n\t\t\t\t\tcolor: #ffffff;\r\n\t\t\t\t\tfont-size: 8px;\r\n\t\t\t\t\ttext-align: center;\r\n\t\t\t\t}\r\n\r\n\t\t\t\t #btn-fL6Ag:hover i {\r\n\t\t\t\t \tbackground: #ffffff;\r\n\t\t\t\t\tcolor: #1dc1f8;\r\n\t\t\t\t }\r\n\r\n        <\/style>\r\n\r\n\t\t<!-- BUTTON -->\r\n        <div id=\"btn-container-fL6Ag\" class=\"text-left\">\r\n\t\t\t\r\n\t\t\t\t\t<a href=\"https:\/\/jamarji-jkkamnik.si\/analize-vpksa-etapa9\/\" id=\"btn-fL6Ag\" class=\"btn\" target=\"_self\">\r\n\t\t\t\t\t\tWater analysis\t\t\t\t\t\t\t\t\t\t\t<\/a>\r\n\t\t\t\t\t        <\/div>\r\n\r\n        <div class=\"vc_empty_space\"   style=\"height: 25px\"><span class=\"vc_empty_space_inner\"><\/span><\/div>\r\n        \r\n        <style>\r\n\t\t\t\t#btn-container-2unf0 {\r\n\t\t\t\t\tfont-size: 15px;\r\n\t\t\t\t\tfont-weight: bold;\r\n\t\t\t\t}\r\n        #btn-2unf0 {\r\n        \tbackground: #05668d;\r\n\t\t\t\t\tborder-style: solid;\r\n        \tborder-color: #05668d;\r\n\t\t\t\t\tborder-width: 2px;\r\n        \tcolor: #ffffff;\r\n\t\t\t\t\tpadding: 10px 20px;\r\n\t\t\t\t\tborder-radius: 2px;\r\n\t\t\t\t\tfont-size: 15px;\r\n\t\t\t\t\tline-height: 15px;\r\n\t\t\t\t\t\t\t\t\t\t\t\t\t\t\tfont-weight: bold;\r\n        }\r\n\r\n\t\t\t\t#btn-2unf0:hover {\r\n\t\t\t\t\tbackground: #2c88c0;\r\n\t\t\t\t\tborder-color: #2c88c0;\r\n\t\t\t\t\tcolor: #ffffff;\r\n\t\t\t\t\t\t\t\t\t\t\t\t\t\t\t\r\n\t\t\t\t}\r\n\r\n\t\t    #btn-2unf0 i {\r\n\t\t\t\t\tright: 14px;\r\n\t\t\t\t\tmargin-top: 0;\r\n\t\t\t\t\tvertical-align: middle;\r\n\t\t\t\t\tborder-radius: 50%;\r\n\t\t\t\t\tline-height: 20px;\r\n\t\t\t\t\theight: 20px;\r\n\t\t\t\t\twidth: 20px;\r\n\t\t\t\t\tbackground: #05668d;\r\n\t\t\t\t\tmargin-left: 8px;\r\n\t\t\t\t\tmargin-right: 0;\r\n\t\t\t\t\tcolor: #ffffff;\r\n\t\t\t\t\tfont-size: 8px;\r\n\t\t\t\t\ttext-align: center;\r\n\t\t\t\t}\r\n\r\n\t\t\t\t #btn-2unf0:hover i {\r\n\t\t\t\t \tbackground: #ffffff;\r\n\t\t\t\t\tcolor: #1dc1f8;\r\n\t\t\t\t }\r\n\r\n        <\/style>\r\n\r\n\t\t<!-- BUTTON -->\r\n        <div id=\"btn-container-2unf0\" class=\"text-left\">\r\n\t\t\t\r\n\t\t\t\t\t<a href=\"https:\/\/www.ksalps.com\/en\/etapa-10\/\" id=\"btn-2unf0\" class=\"btn\" target=\"_self\">\r\n\t\t\t\t\t\tNEXT STAGE\t\t\t\t\t\t\t\t\t\t\t<\/a>\r\n\t\t\t\t\t        <\/div>\r\n\r\n        <\/div><\/div><\/div><\/div><div class=\"vc_row-full-width vc_clearfix\"><\/div>\n<\/section>","protected":false},"excerpt":{"rendered":"Lu\u010de\u2013Podve\u017ea\u2013Repov slap\u2013Podvolovljek Izhodi\u0161\u010de: Lu\u010de (46.356413, 14.743139) Cilj: Podvolovljek (Mlinar) (46.302045, 14.693477) Razdalja: 11,1 km \u010cas hoje: 4 h Vzpon: 452 m Spust: 315 m Ob pitniku pred TIC Lu\u010de se oskrbimo z vodo za kasnej\u0161o \u017eejo, \u010deprav lahko \u017ee po nekaj minutah hoje oku\u0161amo vodo tudi iz Jakovega izvira. Sledimo gozdni poti na Juvanovo pustoto, [...]","protected":false},"author":1,"featured_media":0,"parent":0,"menu_order":0,"comment_status":"closed","ping_status":"closed","template":"","meta":{"footnotes":""},"class_list":["post-3495","page","type-page","status-publish","hentry"],"_links":{"self":[{"href":"https:\/\/www.ksalps.com\/en\/wp-json\/wp\/v2\/pages\/3495","targetHints":{"allow":["GET"]}}],"collection":[{"href":"https:\/\/www.ksalps.com\/en\/wp-json\/wp\/v2\/pages"}],"about":[{"href":"https:\/\/www.ksalps.com\/en\/wp-json\/wp\/v2\/types\/page"}],"author":[{"embeddable":true,"href":"https:\/\/www.ksalps.com\/en\/wp-json\/wp\/v2\/users\/1"}],"replies":[{"embeddable":true,"href":"https:\/\/www.ksalps.com\/en\/wp-json\/wp\/v2\/comments?post=3495"}],"version-history":[{"count":8,"href":"https:\/\/www.ksalps.com\/en\/wp-json\/wp\/v2\/pages\/3495\/revisions"}],"predecessor-version":[{"id":3937,"href":"https:\/\/www.ksalps.com\/en\/wp-json\/wp\/v2\/pages\/3495\/revisions\/3937"}],"wp:attachment":[{"href":"https:\/\/www.ksalps.com\/en\/wp-json\/wp\/v2\/media?parent=3495"}],"curies":[{"name":"wp","href":"https:\/\/api.w.org\/{rel}","templated":true}]}}