{"id":3479,"date":"2023-04-22T02:02:25","date_gmt":"2023-04-22T00:02:25","guid":{"rendered":"https:\/\/www.ksalps.com\/?page_id=3479"},"modified":"2024-10-15T14:19:33","modified_gmt":"2024-10-15T12:19:33","slug":"etapa-6","status":"publish","type":"page","link":"https:\/\/www.ksalps.com\/en\/etapa-6\/","title":{"rendered":"Stage 6"},"content":{"rendered":"<section class=\"wpb-content-wrapper\"><div data-vc-full-width=\"true\" data-vc-full-width-init=\"false\" class=\"vc_row wpb_row vc_row-fluid vc_custom_1682120157552 vc_row-has-fill vc_row-o-content-middle vc_row-flex\"><div class=\"wpb_column vc_column_container vc_col-sm-6\"><div class=\"vc_column-inner\"><div class=\"wpb_wrapper\">\n\t<div  class=\"wpb_single_image wpb_content_element vc_align_left\">\n\t\t\n\t\t<figure class=\"wpb_wrapper vc_figure\">\n\t\t\t<div class=\"vc_single_image-wrapper   vc_box_border_grey\"><img loading=\"lazy\" decoding=\"async\" width=\"1366\" height=\"768\" src=\"https:\/\/www.ksalps.com\/wp-content\/uploads\/2023\/04\/E6-01-Izvir-Crne2021-TJ-1.jpg\" class=\"vc_single_image-img attachment-full\" alt=\"\" title=\"E6-01-Izvir \u010crne2021-TJ\" srcset=\"https:\/\/www.ksalps.com\/wp-content\/uploads\/2023\/04\/E6-01-Izvir-Crne2021-TJ-1.jpg 1366w, https:\/\/www.ksalps.com\/wp-content\/uploads\/2023\/04\/E6-01-Izvir-Crne2021-TJ-1-300x169.jpg 300w, https:\/\/www.ksalps.com\/wp-content\/uploads\/2023\/04\/E6-01-Izvir-Crne2021-TJ-1-1024x576.jpg 1024w, https:\/\/www.ksalps.com\/wp-content\/uploads\/2023\/04\/E6-01-Izvir-Crne2021-TJ-1-768x432.jpg 768w, https:\/\/www.ksalps.com\/wp-content\/uploads\/2023\/04\/E6-01-Izvir-Crne2021-TJ-1-80x45.jpg 80w, https:\/\/www.ksalps.com\/wp-content\/uploads\/2023\/04\/E6-01-Izvir-Crne2021-TJ-1-18x10.jpg 18w\" sizes=\"auto, (max-width: 1366px) 100vw, 1366px\" \/><\/div>\n\t\t<\/figure>\n\t<\/div>\n<\/div><\/div><\/div><div class=\"wpb_column vc_column_container vc_col-sm-6\"><div class=\"vc_column-inner\"><div class=\"wpb_wrapper\"><h2 style=\"text-align: left\" class=\"vc_custom_heading vc_custom_1682121903383\" >Sol\u010dava panoramic road\u2013Logar valley\u2013Rinka waterfall\u2013Okre\u0161elj<\/h2>\n\t<div class=\"wpb_text_column wpb_content_element\" >\n\t\t<div class=\"wpb_wrapper\">\n\t\t\t<p><span style=\"color: #05668d;\"><strong>Starting point:<\/strong><\/span> Sol\u010dava panoramic road (Perk tourist farm) (46.415352, 14.601610)<br \/>\n<span style=\"color: #05668d;\"><strong>Finish:<\/strong><\/span> Logar valley, Frischauf's cottage at Okre\u0161elj (46.369570, 14.587618)<\/p>\n<p><strong><span style=\"color: #05668d;\">Distance:<\/span><\/strong> 16,6 km<br \/>\n<strong><span style=\"color: #05668d;\">Walking time:<\/span><\/strong> 5,5 h<br \/>\n<strong><span style=\"color: #05668d;\">Ascent: <\/span><\/strong>687 m<br \/>\n<strong><span style=\"color: #05668d;\">Descent:<\/span><\/strong> 522 m<\/p>\n\n\t\t<\/div>\n\t<\/div>\n<\/div><\/div><\/div><\/div><div class=\"vc_row-full-width vc_clearfix\"><\/div><div data-vc-full-width=\"true\" data-vc-full-width-init=\"false\" class=\"vc_row wpb_row vc_row-fluid vc_custom_1667915998648 vc_row-has-fill vc_row-o-content-middle vc_row-flex\"><div class=\"wpb_column vc_column_container vc_col-sm-6\"><div class=\"vc_column-inner\"><div class=\"wpb_wrapper\">\n\t<div  class=\"wpb_single_image wpb_content_element vc_align_left\">\n\t\t\n\t\t<figure class=\"wpb_wrapper vc_figure\">\n\t\t\t<div class=\"vc_single_image-wrapper   vc_box_border_grey\"><img loading=\"lazy\" decoding=\"async\" width=\"800\" height=\"1067\" src=\"https:\/\/www.ksalps.com\/wp-content\/uploads\/2023\/04\/E6-02-Pod-slapom-Rinka2021-TJ.jpg\" class=\"vc_single_image-img attachment-full\" alt=\"\" title=\"E6-02-Pod slapom Rinka2021-TJ\" srcset=\"https:\/\/www.ksalps.com\/wp-content\/uploads\/2023\/04\/E6-02-Pod-slapom-Rinka2021-TJ.jpg 800w, https:\/\/www.ksalps.com\/wp-content\/uploads\/2023\/04\/E6-02-Pod-slapom-Rinka2021-TJ-225x300.jpg 225w, https:\/\/www.ksalps.com\/wp-content\/uploads\/2023\/04\/E6-02-Pod-slapom-Rinka2021-TJ-768x1024.jpg 768w, https:\/\/www.ksalps.com\/wp-content\/uploads\/2023\/04\/E6-02-Pod-slapom-Rinka2021-TJ-60x80.jpg 60w, https:\/\/www.ksalps.com\/wp-content\/uploads\/2023\/04\/E6-02-Pod-slapom-Rinka2021-TJ-9x12.jpg 9w\" sizes=\"auto, (max-width: 800px) 100vw, 800px\" \/><\/div>\n\t\t<\/figure>\n\t<\/div>\n<\/div><\/div><\/div><div class=\"wpb_column vc_column_container vc_col-sm-6\"><div class=\"vc_column-inner\"><div class=\"wpb_wrapper\">\n\t<div class=\"wpb_text_column wpb_content_element\" >\n\t\t<div class=\"wpb_wrapper\">\n\t\t\t<p>Sol\u010davska panoramska cesta z lepimi razgledi na alpske vrhove in doline nas od <a href=\"https:\/\/jamarji-jkkamnik.si\/6-1izvirpriperku\/\">kmetije Perk<\/a> pospremi navzdol proti dolini Matkov kot. Vije se po son\u010dnem pobo\u010dju mimo <a href=\"https:\/\/jamarji-jkkamnik.si\/6-2izvirjezerevmatkovemkotu\/\">kmetije Matk<\/a>, po kateri je dolina dobila ime, in nas od izvira Jezere ob potoku pripelje v Logarsko dolino.<\/p>\n<p>Zakora\u010dimo po cesti mimo Logarjeve lipe in kmetije na Pot po Logarski dolini. Spet smo ob vodi. <a href=\"https:\/\/jamarji-jkkamnik.si\/6-3izvircrnelogarskadolina\/\">Izvir \u010crne<\/a> navdu\u0161uje s prvinsko podobo in energijo. Mehka gozdna pot bla\u017ei korake do \u00bbolcarske\u00ab bajte, slapu Palenk in oglarske ko\u010de. Kamnita struga Kotovca nas usmeri k slapu Rinka in naprej po planinski poti mimo <a href=\"https:\/\/jamarji-jkkamnik.si\/6-4izvirsavinje\/\">izvira Savinje<\/a> na Okre\u0161elj.<\/p>\n\n\t\t<\/div>\n\t<\/div>\n\r\n        \r\n        <style>\r\n\t\t\t\t#btn-container-Xfrs1 {\r\n\t\t\t\t\tfont-size: 15px;\r\n\t\t\t\t\tfont-weight: bold;\r\n\t\t\t\t}\r\n        #btn-Xfrs1 {\r\n        \tbackground: #05668d;\r\n\t\t\t\t\tborder-style: solid;\r\n        \tborder-color: #05668d;\r\n\t\t\t\t\tborder-width: 2px;\r\n        \tcolor: #ffffff;\r\n\t\t\t\t\tpadding: 10px 20px;\r\n\t\t\t\t\tborder-radius: 2px;\r\n\t\t\t\t\tfont-size: 15px;\r\n\t\t\t\t\tline-height: 15px;\r\n\t\t\t\t\t\t\t\t\t\t\t\t\t\t\tfont-weight: bold;\r\n        }\r\n\r\n\t\t\t\t#btn-Xfrs1:hover {\r\n\t\t\t\t\tbackground: #2c88c0;\r\n\t\t\t\t\tborder-color: #2c88c0;\r\n\t\t\t\t\tcolor: #ffffff;\r\n\t\t\t\t\t\t\t\t\t\t\t\t\t\t\t\r\n\t\t\t\t}\r\n\r\n\t\t    #btn-Xfrs1 i {\r\n\t\t\t\t\tright: 14px;\r\n\t\t\t\t\tmargin-top: 0;\r\n\t\t\t\t\tvertical-align: middle;\r\n\t\t\t\t\tborder-radius: 50%;\r\n\t\t\t\t\tline-height: 20px;\r\n\t\t\t\t\theight: 20px;\r\n\t\t\t\t\twidth: 20px;\r\n\t\t\t\t\tbackground: #05668d;\r\n\t\t\t\t\tmargin-left: 8px;\r\n\t\t\t\t\tmargin-right: 0;\r\n\t\t\t\t\tcolor: #ffffff;\r\n\t\t\t\t\tfont-size: 8px;\r\n\t\t\t\t\ttext-align: center;\r\n\t\t\t\t}\r\n\r\n\t\t\t\t #btn-Xfrs1:hover i {\r\n\t\t\t\t \tbackground: #ffffff;\r\n\t\t\t\t\tcolor: #1dc1f8;\r\n\t\t\t\t }\r\n\r\n        <\/style>\r\n\r\n\t\t<!-- BUTTON -->\r\n        <div id=\"btn-container-Xfrs1\" class=\"text-left\">\r\n\t\t\t\r\n\t\t\t\t\t<a href=\"https:\/\/mapzs.pzs.si\/stage\/128247\" id=\"btn-Xfrs1\" class=\"btn\" target=\"_self\">\r\n\t\t\t\t\t\tVIEW THE ROUTE ON THE MAP\t\t\t\t\t\t\t\t\t\t\t<\/a>\r\n\t\t\t\t\t        <\/div>\r\n\r\n        <div class=\"vc_empty_space\"   style=\"height: 25px\"><span class=\"vc_empty_space_inner\"><\/span><\/div>\r\n        \r\n        <style>\r\n\t\t\t\t#btn-container-RF5Cs {\r\n\t\t\t\t\tfont-size: 15px;\r\n\t\t\t\t\tfont-weight: bold;\r\n\t\t\t\t}\r\n        #btn-RF5Cs {\r\n        \tbackground: #05668d;\r\n\t\t\t\t\tborder-style: solid;\r\n        \tborder-color: #05668d;\r\n\t\t\t\t\tborder-width: 2px;\r\n        \tcolor: #ffffff;\r\n\t\t\t\t\tpadding: 10px 20px;\r\n\t\t\t\t\tborder-radius: 2px;\r\n\t\t\t\t\tfont-size: 15px;\r\n\t\t\t\t\tline-height: 15px;\r\n\t\t\t\t\t\t\t\t\t\t\t\t\t\t\tfont-weight: bold;\r\n        }\r\n\r\n\t\t\t\t#btn-RF5Cs:hover {\r\n\t\t\t\t\tbackground: #2c88c0;\r\n\t\t\t\t\tborder-color: #2c88c0;\r\n\t\t\t\t\tcolor: #ffffff;\r\n\t\t\t\t\t\t\t\t\t\t\t\t\t\t\t\r\n\t\t\t\t}\r\n\r\n\t\t    #btn-RF5Cs i {\r\n\t\t\t\t\tright: 14px;\r\n\t\t\t\t\tmargin-top: 0;\r\n\t\t\t\t\tvertical-align: middle;\r\n\t\t\t\t\tborder-radius: 50%;\r\n\t\t\t\t\tline-height: 20px;\r\n\t\t\t\t\theight: 20px;\r\n\t\t\t\t\twidth: 20px;\r\n\t\t\t\t\tbackground: #05668d;\r\n\t\t\t\t\tmargin-left: 8px;\r\n\t\t\t\t\tmargin-right: 0;\r\n\t\t\t\t\tcolor: #ffffff;\r\n\t\t\t\t\tfont-size: 8px;\r\n\t\t\t\t\ttext-align: center;\r\n\t\t\t\t}\r\n\r\n\t\t\t\t #btn-RF5Cs:hover i {\r\n\t\t\t\t \tbackground: #ffffff;\r\n\t\t\t\t\tcolor: #1dc1f8;\r\n\t\t\t\t }\r\n\r\n        <\/style>\r\n\r\n\t\t<!-- BUTTON -->\r\n        <div id=\"btn-container-RF5Cs\" class=\"text-left\">\r\n\t\t\t\r\n\t\t\t\t\t<a href=\"https:\/\/jamarji-jkkamnik.si\/analize-vpksa-etapa6\/\" id=\"btn-RF5Cs\" class=\"btn\" target=\"_self\">\r\n\t\t\t\t\t\tWater analysis\t\t\t\t\t\t\t\t\t\t\t<\/a>\r\n\t\t\t\t\t        <\/div>\r\n\r\n        <div class=\"vc_empty_space\"   style=\"height: 25px\"><span class=\"vc_empty_space_inner\"><\/span><\/div>\r\n        \r\n        <style>\r\n\t\t\t\t#btn-container-fghIw {\r\n\t\t\t\t\tfont-size: 15px;\r\n\t\t\t\t\tfont-weight: bold;\r\n\t\t\t\t}\r\n        #btn-fghIw {\r\n        \tbackground: #05668d;\r\n\t\t\t\t\tborder-style: solid;\r\n        \tborder-color: #05668d;\r\n\t\t\t\t\tborder-width: 2px;\r\n        \tcolor: #ffffff;\r\n\t\t\t\t\tpadding: 10px 20px;\r\n\t\t\t\t\tborder-radius: 2px;\r\n\t\t\t\t\tfont-size: 15px;\r\n\t\t\t\t\tline-height: 15px;\r\n\t\t\t\t\t\t\t\t\t\t\t\t\t\t\tfont-weight: bold;\r\n        }\r\n\r\n\t\t\t\t#btn-fghIw:hover {\r\n\t\t\t\t\tbackground: #2c88c0;\r\n\t\t\t\t\tborder-color: #2c88c0;\r\n\t\t\t\t\tcolor: #ffffff;\r\n\t\t\t\t\t\t\t\t\t\t\t\t\t\t\t\r\n\t\t\t\t}\r\n\r\n\t\t    #btn-fghIw i {\r\n\t\t\t\t\tright: 14px;\r\n\t\t\t\t\tmargin-top: 0;\r\n\t\t\t\t\tvertical-align: middle;\r\n\t\t\t\t\tborder-radius: 50%;\r\n\t\t\t\t\tline-height: 20px;\r\n\t\t\t\t\theight: 20px;\r\n\t\t\t\t\twidth: 20px;\r\n\t\t\t\t\tbackground: #05668d;\r\n\t\t\t\t\tmargin-left: 8px;\r\n\t\t\t\t\tmargin-right: 0;\r\n\t\t\t\t\tcolor: #ffffff;\r\n\t\t\t\t\tfont-size: 8px;\r\n\t\t\t\t\ttext-align: center;\r\n\t\t\t\t}\r\n\r\n\t\t\t\t #btn-fghIw:hover i {\r\n\t\t\t\t \tbackground: #ffffff;\r\n\t\t\t\t\tcolor: #1dc1f8;\r\n\t\t\t\t }\r\n\r\n        <\/style>\r\n\r\n\t\t<!-- BUTTON -->\r\n        <div id=\"btn-container-fghIw\" class=\"text-left\">\r\n\t\t\t\r\n\t\t\t\t\t<a href=\"https:\/\/www.ksalps.com\/en\/etapa-7\/\" id=\"btn-fghIw\" class=\"btn\" target=\"_self\">\r\n\t\t\t\t\t\tNEXT STAGE\t\t\t\t\t\t\t\t\t\t\t<\/a>\r\n\t\t\t\t\t        <\/div>\r\n\r\n        <\/div><\/div><\/div><\/div><div class=\"vc_row-full-width vc_clearfix\"><\/div>\n<\/section>","protected":false},"excerpt":{"rendered":"Sol\u010davska panoramska cesta\u2013Logarska dolina\u2013Slap Rinka\u2013Okre\u0161elj Izhodi\u0161\u010de: Sol\u010davska panoramska cesta (turisti\u010dna kmetija Perk) (46.415352, 14.601610) Cilj: Logarska dolina, Frischaufov dom na Okre\u0161lju (46.369570, 14.587618) Razdalja: 16,6 km \u010cas hoje: 5,5 h Vzpon: 687 m Spust: 522 m Sol\u010davska panoramska cesta z lepimi razgledi na alpske vrhove in doline nas od kmetije Perk pospremi navzdol proti dolini [...]","protected":false},"author":1,"featured_media":0,"parent":0,"menu_order":0,"comment_status":"closed","ping_status":"closed","template":"","meta":{"footnotes":""},"class_list":["post-3479","page","type-page","status-publish","hentry"],"_links":{"self":[{"href":"https:\/\/www.ksalps.com\/en\/wp-json\/wp\/v2\/pages\/3479","targetHints":{"allow":["GET"]}}],"collection":[{"href":"https:\/\/www.ksalps.com\/en\/wp-json\/wp\/v2\/pages"}],"about":[{"href":"https:\/\/www.ksalps.com\/en\/wp-json\/wp\/v2\/types\/page"}],"author":[{"embeddable":true,"href":"https:\/\/www.ksalps.com\/en\/wp-json\/wp\/v2\/users\/1"}],"replies":[{"embeddable":true,"href":"https:\/\/www.ksalps.com\/en\/wp-json\/wp\/v2\/comments?post=3479"}],"version-history":[{"count":8,"href":"https:\/\/www.ksalps.com\/en\/wp-json\/wp\/v2\/pages\/3479\/revisions"}],"predecessor-version":[{"id":3933,"href":"https:\/\/www.ksalps.com\/en\/wp-json\/wp\/v2\/pages\/3479\/revisions\/3933"}],"wp:attachment":[{"href":"https:\/\/www.ksalps.com\/en\/wp-json\/wp\/v2\/media?parent=3479"}],"curies":[{"name":"wp","href":"https:\/\/api.w.org\/{rel}","templated":true}]}}