{"id":3469,"date":"2023-04-22T01:51:32","date_gmt":"2023-04-21T23:51:32","guid":{"rendered":"https:\/\/www.ksalps.com\/?page_id=3469"},"modified":"2025-01-24T10:54:09","modified_gmt":"2025-01-24T09:54:09","slug":"etapa-4","status":"publish","type":"page","link":"https:\/\/www.ksalps.com\/en\/etapa-4\/","title":{"rendered":"Stage 3"},"content":{"rendered":"<section class=\"wpb-content-wrapper\"><div data-vc-full-width=\"true\" data-vc-full-width-init=\"false\" class=\"vc_row wpb_row vc_row-fluid vc_custom_1682120157552 vc_row-has-fill vc_row-o-content-middle vc_row-flex\"><div class=\"wpb_column vc_column_container vc_col-sm-6\"><div class=\"vc_column-inner\"><div class=\"wpb_wrapper\">\n\t<div  class=\"wpb_single_image wpb_content_element vc_align_left\">\n\t\t\n\t\t<figure class=\"wpb_wrapper vc_figure\">\n\t\t\t<div class=\"vc_single_image-wrapper   vc_box_border_grey\"><img loading=\"lazy\" decoding=\"async\" width=\"1366\" height=\"768\" src=\"https:\/\/www.ksalps.com\/wp-content\/uploads\/2023\/04\/E4-01-Domacija-ob-tovorni-poti-Marko-Petek.jpg\" class=\"vc_single_image-img attachment-full\" alt=\"\" title=\"E4-01 Doma\u010dija ob tovorni poti - Marko Petek\" srcset=\"https:\/\/www.ksalps.com\/wp-content\/uploads\/2023\/04\/E4-01-Domacija-ob-tovorni-poti-Marko-Petek.jpg 1366w, https:\/\/www.ksalps.com\/wp-content\/uploads\/2023\/04\/E4-01-Domacija-ob-tovorni-poti-Marko-Petek-300x169.jpg 300w, https:\/\/www.ksalps.com\/wp-content\/uploads\/2023\/04\/E4-01-Domacija-ob-tovorni-poti-Marko-Petek-1024x576.jpg 1024w, https:\/\/www.ksalps.com\/wp-content\/uploads\/2023\/04\/E4-01-Domacija-ob-tovorni-poti-Marko-Petek-768x432.jpg 768w, https:\/\/www.ksalps.com\/wp-content\/uploads\/2023\/04\/E4-01-Domacija-ob-tovorni-poti-Marko-Petek-80x45.jpg 80w, https:\/\/www.ksalps.com\/wp-content\/uploads\/2023\/04\/E4-01-Domacija-ob-tovorni-poti-Marko-Petek-18x10.jpg 18w\" sizes=\"auto, (max-width: 1366px) 100vw, 1366px\" \/><\/div>\n\t\t<\/figure>\n\t<\/div>\n<\/div><\/div><\/div><div class=\"wpb_column vc_column_container vc_col-sm-6\"><div class=\"vc_column-inner\"><div class=\"wpb_wrapper\"><h2 style=\"text-align: left\" class=\"vc_custom_heading vc_custom_1682121117965\" >Suhadolnik farm\u2013Jezersko<\/h2>\n\t<div class=\"wpb_text_column wpb_content_element\" >\n\t\t<div class=\"wpb_wrapper\">\n\t\t\t<p><span style=\"color: #05668d;\"><strong>Starting point:<\/strong><\/span> parking below Suhadolnik Farm (46.335398, 14.510138)<br \/>\n<span style=\"color: #05668d;\"><strong>Finish:<\/strong><\/span> Zgornje Jezersko (46.393436, 14.499685)<\/p>\n<p><strong><span style=\"color: #05668d;\">Distance:<\/span><\/strong> 15,8 km<br \/>\n<strong><span style=\"color: #05668d;\">Walking time:<\/span><\/strong> 5 h<br \/>\n<strong><span style=\"color: #05668d;\">Ascent: <\/span><\/strong>1.033 m<br \/>\n<strong><span style=\"color: #05668d;\">Descent:<\/span><\/strong> 1.054 m<\/p>\n\n\t\t<\/div>\n\t<\/div>\n<\/div><\/div><\/div><\/div><div class=\"vc_row-full-width vc_clearfix\"><\/div><div data-vc-full-width=\"true\" data-vc-full-width-init=\"false\" class=\"vc_row wpb_row vc_row-fluid vc_custom_1667915998648 vc_row-has-fill vc_row-o-content-middle vc_row-flex\"><div class=\"wpb_column vc_column_container vc_col-sm-6\"><div class=\"vc_column-inner\"><div class=\"wpb_wrapper\">\n\t<div  class=\"wpb_single_image wpb_content_element vc_align_left\">\n\t\t\n\t\t<figure class=\"wpb_wrapper vc_figure\">\n\t\t\t<div class=\"vc_single_image-wrapper   vc_box_border_grey\"><img loading=\"lazy\" decoding=\"async\" width=\"800\" height=\"1067\" src=\"https:\/\/www.ksalps.com\/wp-content\/uploads\/2023\/04\/E4-02-Na-tovorni-poti-20220702_072830.jpg\" class=\"vc_single_image-img attachment-full\" alt=\"\" title=\"E4-02 Na tovorni poti 20220702_072830\" srcset=\"https:\/\/www.ksalps.com\/wp-content\/uploads\/2023\/04\/E4-02-Na-tovorni-poti-20220702_072830.jpg 800w, https:\/\/www.ksalps.com\/wp-content\/uploads\/2023\/04\/E4-02-Na-tovorni-poti-20220702_072830-225x300.jpg 225w, https:\/\/www.ksalps.com\/wp-content\/uploads\/2023\/04\/E4-02-Na-tovorni-poti-20220702_072830-768x1024.jpg 768w, https:\/\/www.ksalps.com\/wp-content\/uploads\/2023\/04\/E4-02-Na-tovorni-poti-20220702_072830-60x80.jpg 60w, https:\/\/www.ksalps.com\/wp-content\/uploads\/2023\/04\/E4-02-Na-tovorni-poti-20220702_072830-9x12.jpg 9w\" sizes=\"auto, (max-width: 800px) 100vw, 800px\" \/><\/div>\n\t\t<\/figure>\n\t<\/div>\n<\/div><\/div><\/div><div class=\"wpb_column vc_column_container vc_col-sm-6\"><div class=\"vc_column-inner\"><div class=\"wpb_wrapper\">\n\t<div class=\"wpb_text_column wpb_content_element\" >\n\t\t<div class=\"wpb_wrapper\">\n\t\t\t<p>ETAPA TRENUTNO NI PREHODNA.<\/p>\n<p>Etapo za\u010denjamo na parkiri\u0161\u010du pod kmetijo Suhadolnik. Pri nekdanji kova\u010dnici zajamemo kakovostno pitno vodo v <a href=\"https:\/\/jamarji-jkkamnik.si\/4-1izvirnadsuhadolnikom\/\">Suhadolnikovem potoku<\/a> in jo mahnemo naprej \u010dez Pov\u0161narjevo planino.<\/p>\n<p>Gozdna cesta je speljana v dolino preko razgledi\u0161\u010da pod Malim vrhom. Nas pa spust do zapu\u0161\u010dene kmetije Zavratnik prestavi v \u010das, ko je <a href=\"https:\/\/jamarji-jkkamnik.si\/4-2izvirvgozdupodkmetijozavratnik\/\">studenec<\/a> omogo\u010dal obstoj kmetije. Majhni izvirski pol\u017ei v povirnem delu potoka \u0161e pri\u010dajo o dolgoro\u010dno \u010disti podzemni vodi.<\/p>\n<p>We climb to the lookout point below Mali vrh and, surrounded by beautiful views, descend to Makekova Ko\u010dna. While regretting the fate of the once-highest Slovenian waterfall \u010cedca, we arrive in the Mountaineering Village of Jezersko.<\/p>\n\n\t\t<\/div>\n\t<\/div>\n\r\n        \r\n        <style>\r\n\t\t\t\t#btn-container-Dq2f9 {\r\n\t\t\t\t\tfont-size: 15px;\r\n\t\t\t\t\tfont-weight: bold;\r\n\t\t\t\t}\r\n        #btn-Dq2f9 {\r\n        \tbackground: #05668d;\r\n\t\t\t\t\tborder-style: solid;\r\n        \tborder-color: #05668d;\r\n\t\t\t\t\tborder-width: 2px;\r\n        \tcolor: #ffffff;\r\n\t\t\t\t\tpadding: 10px 20px;\r\n\t\t\t\t\tborder-radius: 2px;\r\n\t\t\t\t\tfont-size: 15px;\r\n\t\t\t\t\tline-height: 15px;\r\n\t\t\t\t\t\t\t\t\t\t\t\t\t\t\tfont-weight: bold;\r\n        }\r\n\r\n\t\t\t\t#btn-Dq2f9:hover {\r\n\t\t\t\t\tbackground: #2c88c0;\r\n\t\t\t\t\tborder-color: #2c88c0;\r\n\t\t\t\t\tcolor: #ffffff;\r\n\t\t\t\t\t\t\t\t\t\t\t\t\t\t\t\r\n\t\t\t\t}\r\n\r\n\t\t    #btn-Dq2f9 i {\r\n\t\t\t\t\tright: 14px;\r\n\t\t\t\t\tmargin-top: 0;\r\n\t\t\t\t\tvertical-align: middle;\r\n\t\t\t\t\tborder-radius: 50%;\r\n\t\t\t\t\tline-height: 20px;\r\n\t\t\t\t\theight: 20px;\r\n\t\t\t\t\twidth: 20px;\r\n\t\t\t\t\tbackground: #05668d;\r\n\t\t\t\t\tmargin-left: 8px;\r\n\t\t\t\t\tmargin-right: 0;\r\n\t\t\t\t\tcolor: #ffffff;\r\n\t\t\t\t\tfont-size: 8px;\r\n\t\t\t\t\ttext-align: center;\r\n\t\t\t\t}\r\n\r\n\t\t\t\t #btn-Dq2f9:hover i {\r\n\t\t\t\t \tbackground: #ffffff;\r\n\t\t\t\t\tcolor: #1dc1f8;\r\n\t\t\t\t }\r\n\r\n        <\/style>\r\n\r\n\t\t<!-- BUTTON -->\r\n        <div id=\"btn-container-Dq2f9\" class=\"text-left\">\r\n\t\t\t\r\n\t\t\t\t\t<a href=\"https:\/\/mapzs.pzs.si\/stage\/128238\" id=\"btn-Dq2f9\" class=\"btn\" target=\"_self\">\r\n\t\t\t\t\t\tVIEW THE ROUTE ON THE MAP\t\t\t\t\t\t\t\t\t\t\t<\/a>\r\n\t\t\t\t\t        <\/div>\r\n\r\n        <div class=\"vc_empty_space\"   style=\"height: 25px\"><span class=\"vc_empty_space_inner\"><\/span><\/div>\r\n        \r\n        <style>\r\n\t\t\t\t#btn-container-OkTQB {\r\n\t\t\t\t\tfont-size: 15px;\r\n\t\t\t\t\tfont-weight: bold;\r\n\t\t\t\t}\r\n        #btn-OkTQB {\r\n        \tbackground: #05668d;\r\n\t\t\t\t\tborder-style: solid;\r\n        \tborder-color: #05668d;\r\n\t\t\t\t\tborder-width: 2px;\r\n        \tcolor: #ffffff;\r\n\t\t\t\t\tpadding: 10px 20px;\r\n\t\t\t\t\tborder-radius: 2px;\r\n\t\t\t\t\tfont-size: 15px;\r\n\t\t\t\t\tline-height: 15px;\r\n\t\t\t\t\t\t\t\t\t\t\t\t\t\t\tfont-weight: bold;\r\n        }\r\n\r\n\t\t\t\t#btn-OkTQB:hover {\r\n\t\t\t\t\tbackground: #2c88c0;\r\n\t\t\t\t\tborder-color: #2c88c0;\r\n\t\t\t\t\tcolor: #ffffff;\r\n\t\t\t\t\t\t\t\t\t\t\t\t\t\t\t\r\n\t\t\t\t}\r\n\r\n\t\t    #btn-OkTQB i {\r\n\t\t\t\t\tright: 14px;\r\n\t\t\t\t\tmargin-top: 0;\r\n\t\t\t\t\tvertical-align: middle;\r\n\t\t\t\t\tborder-radius: 50%;\r\n\t\t\t\t\tline-height: 20px;\r\n\t\t\t\t\theight: 20px;\r\n\t\t\t\t\twidth: 20px;\r\n\t\t\t\t\tbackground: #05668d;\r\n\t\t\t\t\tmargin-left: 8px;\r\n\t\t\t\t\tmargin-right: 0;\r\n\t\t\t\t\tcolor: #ffffff;\r\n\t\t\t\t\tfont-size: 8px;\r\n\t\t\t\t\ttext-align: center;\r\n\t\t\t\t}\r\n\r\n\t\t\t\t #btn-OkTQB:hover i {\r\n\t\t\t\t \tbackground: #ffffff;\r\n\t\t\t\t\tcolor: #1dc1f8;\r\n\t\t\t\t }\r\n\r\n        <\/style>\r\n\r\n\t\t<!-- BUTTON -->\r\n        <div id=\"btn-container-OkTQB\" class=\"text-left\">\r\n\t\t\t\r\n\t\t\t\t\t<a href=\"https:\/\/jamarji-jkkamnik.si\/analize-vpksa-etapa4\/\" id=\"btn-OkTQB\" class=\"btn\" target=\"_self\">\r\n\t\t\t\t\t\tWater analysis\t\t\t\t\t\t\t\t\t\t\t<\/a>\r\n\t\t\t\t\t        <\/div>\r\n\r\n        <div class=\"vc_empty_space\"   style=\"height: 25px\"><span class=\"vc_empty_space_inner\"><\/span><\/div>\r\n        \r\n        <style>\r\n\t\t\t\t#btn-container-YEaLq {\r\n\t\t\t\t\tfont-size: 15px;\r\n\t\t\t\t\tfont-weight: bold;\r\n\t\t\t\t}\r\n        #btn-YEaLq {\r\n        \tbackground: #05668d;\r\n\t\t\t\t\tborder-style: solid;\r\n        \tborder-color: #05668d;\r\n\t\t\t\t\tborder-width: 2px;\r\n        \tcolor: #ffffff;\r\n\t\t\t\t\tpadding: 10px 20px;\r\n\t\t\t\t\tborder-radius: 2px;\r\n\t\t\t\t\tfont-size: 15px;\r\n\t\t\t\t\tline-height: 15px;\r\n\t\t\t\t\t\t\t\t\t\t\t\t\t\t\tfont-weight: bold;\r\n        }\r\n\r\n\t\t\t\t#btn-YEaLq:hover {\r\n\t\t\t\t\tbackground: #2c88c0;\r\n\t\t\t\t\tborder-color: #2c88c0;\r\n\t\t\t\t\tcolor: #ffffff;\r\n\t\t\t\t\t\t\t\t\t\t\t\t\t\t\t\r\n\t\t\t\t}\r\n\r\n\t\t    #btn-YEaLq i {\r\n\t\t\t\t\tright: 14px;\r\n\t\t\t\t\tmargin-top: 0;\r\n\t\t\t\t\tvertical-align: middle;\r\n\t\t\t\t\tborder-radius: 50%;\r\n\t\t\t\t\tline-height: 20px;\r\n\t\t\t\t\theight: 20px;\r\n\t\t\t\t\twidth: 20px;\r\n\t\t\t\t\tbackground: #05668d;\r\n\t\t\t\t\tmargin-left: 8px;\r\n\t\t\t\t\tmargin-right: 0;\r\n\t\t\t\t\tcolor: #ffffff;\r\n\t\t\t\t\tfont-size: 8px;\r\n\t\t\t\t\ttext-align: center;\r\n\t\t\t\t}\r\n\r\n\t\t\t\t #btn-YEaLq:hover i {\r\n\t\t\t\t \tbackground: #ffffff;\r\n\t\t\t\t\tcolor: #1dc1f8;\r\n\t\t\t\t }\r\n\r\n        <\/style>\r\n\r\n\t\t<!-- BUTTON -->\r\n        <div id=\"btn-container-YEaLq\" class=\"text-left\">\r\n\t\t\t\r\n\t\t\t\t\t<a href=\"https:\/\/www.ksalps.com\/en\/etapa-5\/\" id=\"btn-YEaLq\" class=\"btn\" target=\"_self\">\r\n\t\t\t\t\t\tNEXT STAGE\t\t\t\t\t\t\t\t\t\t\t<\/a>\r\n\t\t\t\t\t        <\/div>\r\n\r\n        <\/div><\/div><\/div><\/div><div class=\"vc_row-full-width vc_clearfix\"><\/div>\n<\/section>","protected":false},"excerpt":{"rendered":"Kmetija Suhadolnik\u2013Jezersko Izhodi\u0161\u010de: parkiri\u0161\u010de pod kmetijo Suhadolnik (46.335398, 14.510138) Cilj: Zgornje Jezersko (46.393436, 14.499685) Razdalja: 15,8 km \u010cas hoje: 5 h Vzpon: 1.033 m Spust: 1.054 m ETAPA TRENUTNO NI PREHODNA. Etapo za\u010denjamo na parkiri\u0161\u010du pod kmetijo Suhadolnik. Pri nekdanji kova\u010dnici zajamemo kakovostno pitno vodo v Suhadolnikovem potoku in jo mahnemo naprej \u010dez Pov\u0161narjevo planino. [...]","protected":false},"author":1,"featured_media":0,"parent":0,"menu_order":0,"comment_status":"closed","ping_status":"closed","template":"","meta":{"footnotes":""},"class_list":["post-3469","page","type-page","status-publish","hentry"],"_links":{"self":[{"href":"https:\/\/www.ksalps.com\/en\/wp-json\/wp\/v2\/pages\/3469","targetHints":{"allow":["GET"]}}],"collection":[{"href":"https:\/\/www.ksalps.com\/en\/wp-json\/wp\/v2\/pages"}],"about":[{"href":"https:\/\/www.ksalps.com\/en\/wp-json\/wp\/v2\/types\/page"}],"author":[{"embeddable":true,"href":"https:\/\/www.ksalps.com\/en\/wp-json\/wp\/v2\/users\/1"}],"replies":[{"embeddable":true,"href":"https:\/\/www.ksalps.com\/en\/wp-json\/wp\/v2\/comments?post=3469"}],"version-history":[{"count":10,"href":"https:\/\/www.ksalps.com\/en\/wp-json\/wp\/v2\/pages\/3469\/revisions"}],"predecessor-version":[{"id":3995,"href":"https:\/\/www.ksalps.com\/en\/wp-json\/wp\/v2\/pages\/3469\/revisions\/3995"}],"wp:attachment":[{"href":"https:\/\/www.ksalps.com\/en\/wp-json\/wp\/v2\/media?parent=3469"}],"curies":[{"name":"wp","href":"https:\/\/api.w.org\/{rel}","templated":true}]}}