{"id":3458,"date":"2023-04-22T01:38:58","date_gmt":"2023-04-21T23:38:58","guid":{"rendered":"https:\/\/www.ksalps.com\/?page_id=3458"},"modified":"2024-10-15T13:52:12","modified_gmt":"2024-10-15T11:52:12","slug":"etapa-2","status":"publish","type":"page","link":"https:\/\/www.ksalps.com\/en\/etapa-2\/","title":{"rendered":"Stage 2"},"content":{"rendered":"<section class=\"wpb-content-wrapper\"><div data-vc-full-width=\"true\" data-vc-full-width-init=\"false\" class=\"vc_row wpb_row vc_row-fluid vc_custom_1682120157552 vc_row-has-fill vc_row-o-content-middle vc_row-flex\"><div class=\"wpb_column vc_column_container vc_col-sm-6\"><div class=\"vc_column-inner\"><div class=\"wpb_wrapper\">\n\t<div  class=\"wpb_single_image wpb_content_element vc_align_left\">\n\t\t\n\t\t<figure class=\"wpb_wrapper vc_figure\">\n\t\t\t<div class=\"vc_single_image-wrapper   vc_box_border_grey\"><img loading=\"lazy\" decoding=\"async\" width=\"1366\" height=\"768\" src=\"https:\/\/www.ksalps.com\/wp-content\/uploads\/2023\/04\/E2-01-20210928_181249-1.jpg\" class=\"vc_single_image-img attachment-full\" alt=\"\" title=\"E2-01 20210928_181249\" srcset=\"https:\/\/www.ksalps.com\/wp-content\/uploads\/2023\/04\/E2-01-20210928_181249-1.jpg 1366w, https:\/\/www.ksalps.com\/wp-content\/uploads\/2023\/04\/E2-01-20210928_181249-1-300x169.jpg 300w, https:\/\/www.ksalps.com\/wp-content\/uploads\/2023\/04\/E2-01-20210928_181249-1-1024x576.jpg 1024w, https:\/\/www.ksalps.com\/wp-content\/uploads\/2023\/04\/E2-01-20210928_181249-1-768x432.jpg 768w, https:\/\/www.ksalps.com\/wp-content\/uploads\/2023\/04\/E2-01-20210928_181249-1-80x45.jpg 80w, https:\/\/www.ksalps.com\/wp-content\/uploads\/2023\/04\/E2-01-20210928_181249-1-18x10.jpg 18w\" sizes=\"auto, (max-width: 1366px) 100vw, 1366px\" \/><\/div>\n\t\t<\/figure>\n\t<\/div>\n<\/div><\/div><\/div><div class=\"wpb_column vc_column_container vc_col-sm-6\"><div class=\"vc_column-inner\"><div class=\"wpb_wrapper\"><h2 style=\"text-align: left\" class=\"vc_custom_heading vc_custom_1682120388025\" >Kri\u0161ka planina\u2013Strmol Castle\u2013Ol\u0161evek\u2013Preddvor<\/h2>\n\t<div class=\"wpb_text_column wpb_content_element\" >\n\t\t<div class=\"wpb_wrapper\">\n\t\t\t<p><span style=\"color: #05668d;\"><strong>Starting point:<\/strong><\/span> Kri\u0161ka planina (46.294322, 14.536405)<br \/>\n<span style=\"color: #05668d;\"><strong>Finish:<\/strong><\/span> Preddvor, \u010crnava (46.302484, 14.427428)<\/p>\n<p><strong><span style=\"color: #05668d;\">Distance:<\/span><\/strong> 21,7 km<br \/>\n<strong><span style=\"color: #05668d;\">Walking time:<\/span><\/strong> 6,5 h<br \/>\n<strong><span style=\"color: #05668d;\">Ascent:<\/span> <\/strong>187 m<br \/>\n<strong><span style=\"color: #05668d;\">Descent:<\/span><\/strong> 1.223 m<\/p>\n\n\t\t<\/div>\n\t<\/div>\n<\/div><\/div><\/div><\/div><div class=\"vc_row-full-width vc_clearfix\"><\/div><div data-vc-full-width=\"true\" data-vc-full-width-init=\"false\" class=\"vc_row wpb_row vc_row-fluid vc_custom_1667915998648 vc_row-has-fill vc_row-o-content-middle vc_row-flex\"><div class=\"wpb_column vc_column_container vc_col-sm-6\"><div class=\"vc_column-inner\"><div class=\"wpb_wrapper\">\n\t<div  class=\"wpb_single_image wpb_content_element vc_align_left\">\n\t\t\n\t\t<figure class=\"wpb_wrapper vc_figure\">\n\t\t\t<div class=\"vc_single_image-wrapper   vc_box_border_grey\"><img loading=\"lazy\" decoding=\"async\" width=\"1119\" height=\"1399\" src=\"https:\/\/www.ksalps.com\/wp-content\/uploads\/2023\/04\/E2-02-ribnik-Cesnjevek_2010-1.jpg\" class=\"vc_single_image-img attachment-full\" alt=\"\" title=\"E2-02 ribnik \u010ce\u0161njevek_2010\" srcset=\"https:\/\/www.ksalps.com\/wp-content\/uploads\/2023\/04\/E2-02-ribnik-Cesnjevek_2010-1.jpg 1119w, https:\/\/www.ksalps.com\/wp-content\/uploads\/2023\/04\/E2-02-ribnik-Cesnjevek_2010-1-240x300.jpg 240w, https:\/\/www.ksalps.com\/wp-content\/uploads\/2023\/04\/E2-02-ribnik-Cesnjevek_2010-1-819x1024.jpg 819w, https:\/\/www.ksalps.com\/wp-content\/uploads\/2023\/04\/E2-02-ribnik-Cesnjevek_2010-1-768x960.jpg 768w, https:\/\/www.ksalps.com\/wp-content\/uploads\/2023\/04\/E2-02-ribnik-Cesnjevek_2010-1-64x80.jpg 64w, https:\/\/www.ksalps.com\/wp-content\/uploads\/2023\/04\/E2-02-ribnik-Cesnjevek_2010-1-10x12.jpg 10w\" sizes=\"auto, (max-width: 1119px) 100vw, 1119px\" \/><\/div>\n\t\t<\/figure>\n\t<\/div>\n<\/div><\/div><\/div><div class=\"wpb_column vc_column_container vc_col-sm-6\"><div class=\"vc_column-inner\"><div class=\"wpb_wrapper\">\n\t<div class=\"wpb_text_column wpb_content_element\" >\n\t\t<div class=\"wpb_wrapper\">\n\t\t\t<p>As we descend from Kri\u0161ka planina to Ambro\u017e pod Krvavcem, the views make the heart sing Avsenik's \"Prelepa Gorenjska\" (Beautiful Gorenjska).<\/p>\n<p><a href=\"https:\/\/jamarji-jkkamnik.si\/2-1zajetjestudencanaambrozu\/\">Izvir ob cerkvi Sv. Ambro\u017ea<\/a>, ki je spodbudil naselitev in razvoj mogo\u010dne kmetije, nas prijetno osve\u017ei. Planinska pot preko \u0160entur\u0161ke gore vodi v dolino do <a href=\"https:\/\/jamarji-jkkamnik.si\/2-2izvirpsate\/\">izvira P\u0161ate<\/a>, kjer na plano privrejo podzemne vode izpod Krvavca.<\/p>\n<p>Pod obronki Grajskega hriba pre\u010dkamo re\u010dico Reko in se pribli\u017eamo gradu Strmol, ki spada med dr\u017eavne protokolarne objekte. Okus izjemne <a href=\"https:\/\/jamarji-jkkamnik.si\/2-3vzhodniizvirprigradustrmol\/\">izvirske vode z brega nad jezercem<\/a> nas prepri\u010da, da si jo nato\u010dimo \u0161e za nadaljnjo pot. Mimo ribnika \u010ce\u0161njevek in zanimivosti v Adergasu nas cesta skozi Ol\u0161evek pripelje v Preddvor.<\/p>\n\n\t\t<\/div>\n\t<\/div>\n\r\n        \r\n        <style>\r\n\t\t\t\t#btn-container-n2KBa {\r\n\t\t\t\t\tfont-size: 15px;\r\n\t\t\t\t\tfont-weight: bold;\r\n\t\t\t\t}\r\n        #btn-n2KBa {\r\n        \tbackground: #05668d;\r\n\t\t\t\t\tborder-style: solid;\r\n        \tborder-color: #05668d;\r\n\t\t\t\t\tborder-width: 2px;\r\n        \tcolor: #ffffff;\r\n\t\t\t\t\tpadding: 10px 20px;\r\n\t\t\t\t\tborder-radius: 2px;\r\n\t\t\t\t\tfont-size: 15px;\r\n\t\t\t\t\tline-height: 15px;\r\n\t\t\t\t\t\t\t\t\t\t\t\t\t\t\tfont-weight: bold;\r\n        }\r\n\r\n\t\t\t\t#btn-n2KBa:hover {\r\n\t\t\t\t\tbackground: #2c88c0;\r\n\t\t\t\t\tborder-color: #2c88c0;\r\n\t\t\t\t\tcolor: #ffffff;\r\n\t\t\t\t\t\t\t\t\t\t\t\t\t\t\t\r\n\t\t\t\t}\r\n\r\n\t\t    #btn-n2KBa i {\r\n\t\t\t\t\tright: 14px;\r\n\t\t\t\t\tmargin-top: 0;\r\n\t\t\t\t\tvertical-align: middle;\r\n\t\t\t\t\tborder-radius: 50%;\r\n\t\t\t\t\tline-height: 20px;\r\n\t\t\t\t\theight: 20px;\r\n\t\t\t\t\twidth: 20px;\r\n\t\t\t\t\tbackground: #05668d;\r\n\t\t\t\t\tmargin-left: 8px;\r\n\t\t\t\t\tmargin-right: 0;\r\n\t\t\t\t\tcolor: #ffffff;\r\n\t\t\t\t\tfont-size: 8px;\r\n\t\t\t\t\ttext-align: center;\r\n\t\t\t\t}\r\n\r\n\t\t\t\t #btn-n2KBa:hover i {\r\n\t\t\t\t \tbackground: #ffffff;\r\n\t\t\t\t\tcolor: #1dc1f8;\r\n\t\t\t\t }\r\n\r\n        <\/style>\r\n\r\n\t\t<!-- BUTTON -->\r\n        <div id=\"btn-container-n2KBa\" class=\"text-left\">\r\n\t\t\t\r\n\t\t\t\t\t<a href=\"https:\/\/mapzs.pzs.si\/stage\/119942\" id=\"btn-n2KBa\" class=\"btn\" target=\"_self\">\r\n\t\t\t\t\t\tVIEW THE ROUTE ON THE MAP\t\t\t\t\t\t\t\t\t\t\t<\/a>\r\n\t\t\t\t\t        <\/div>\r\n\r\n        <div class=\"vc_empty_space\"   style=\"height: 25px\"><span class=\"vc_empty_space_inner\"><\/span><\/div>\r\n        \r\n        <style>\r\n\t\t\t\t#btn-container-eND34 {\r\n\t\t\t\t\tfont-size: 15px;\r\n\t\t\t\t\tfont-weight: bold;\r\n\t\t\t\t}\r\n        #btn-eND34 {\r\n        \tbackground: #05668d;\r\n\t\t\t\t\tborder-style: solid;\r\n        \tborder-color: #05668d;\r\n\t\t\t\t\tborder-width: 2px;\r\n        \tcolor: #ffffff;\r\n\t\t\t\t\tpadding: 10px 20px;\r\n\t\t\t\t\tborder-radius: 2px;\r\n\t\t\t\t\tfont-size: 15px;\r\n\t\t\t\t\tline-height: 15px;\r\n\t\t\t\t\t\t\t\t\t\t\t\t\t\t\tfont-weight: bold;\r\n        }\r\n\r\n\t\t\t\t#btn-eND34:hover {\r\n\t\t\t\t\tbackground: #2c88c0;\r\n\t\t\t\t\tborder-color: #2c88c0;\r\n\t\t\t\t\tcolor: #ffffff;\r\n\t\t\t\t\t\t\t\t\t\t\t\t\t\t\t\r\n\t\t\t\t}\r\n\r\n\t\t    #btn-eND34 i {\r\n\t\t\t\t\tright: 14px;\r\n\t\t\t\t\tmargin-top: 0;\r\n\t\t\t\t\tvertical-align: middle;\r\n\t\t\t\t\tborder-radius: 50%;\r\n\t\t\t\t\tline-height: 20px;\r\n\t\t\t\t\theight: 20px;\r\n\t\t\t\t\twidth: 20px;\r\n\t\t\t\t\tbackground: #05668d;\r\n\t\t\t\t\tmargin-left: 8px;\r\n\t\t\t\t\tmargin-right: 0;\r\n\t\t\t\t\tcolor: #ffffff;\r\n\t\t\t\t\tfont-size: 8px;\r\n\t\t\t\t\ttext-align: center;\r\n\t\t\t\t}\r\n\r\n\t\t\t\t #btn-eND34:hover i {\r\n\t\t\t\t \tbackground: #ffffff;\r\n\t\t\t\t\tcolor: #1dc1f8;\r\n\t\t\t\t }\r\n\r\n        <\/style>\r\n\r\n\t\t<!-- BUTTON -->\r\n        <div id=\"btn-container-eND34\" class=\"text-left\">\r\n\t\t\t\r\n\t\t\t\t\t<a href=\"https:\/\/jamarji-jkkamnik.si\/analize-vpksa-etapa2\/\" id=\"btn-eND34\" class=\"btn\" target=\"_self\">\r\n\t\t\t\t\t\tWater analysis\t\t\t\t\t\t\t\t\t\t\t<\/a>\r\n\t\t\t\t\t        <\/div>\r\n\r\n        <div class=\"vc_empty_space\"   style=\"height: 25px\"><span class=\"vc_empty_space_inner\"><\/span><\/div>\r\n        \r\n        <style>\r\n\t\t\t\t#btn-container-wOg9N {\r\n\t\t\t\t\tfont-size: 15px;\r\n\t\t\t\t\tfont-weight: bold;\r\n\t\t\t\t}\r\n        #btn-wOg9N {\r\n        \tbackground: #05668d;\r\n\t\t\t\t\tborder-style: solid;\r\n        \tborder-color: #05668d;\r\n\t\t\t\t\tborder-width: 2px;\r\n        \tcolor: #ffffff;\r\n\t\t\t\t\tpadding: 10px 20px;\r\n\t\t\t\t\tborder-radius: 2px;\r\n\t\t\t\t\tfont-size: 15px;\r\n\t\t\t\t\tline-height: 15px;\r\n\t\t\t\t\t\t\t\t\t\t\t\t\t\t\tfont-weight: bold;\r\n        }\r\n\r\n\t\t\t\t#btn-wOg9N:hover {\r\n\t\t\t\t\tbackground: #2c88c0;\r\n\t\t\t\t\tborder-color: #2c88c0;\r\n\t\t\t\t\tcolor: #ffffff;\r\n\t\t\t\t\t\t\t\t\t\t\t\t\t\t\t\r\n\t\t\t\t}\r\n\r\n\t\t    #btn-wOg9N i {\r\n\t\t\t\t\tright: 14px;\r\n\t\t\t\t\tmargin-top: 0;\r\n\t\t\t\t\tvertical-align: middle;\r\n\t\t\t\t\tborder-radius: 50%;\r\n\t\t\t\t\tline-height: 20px;\r\n\t\t\t\t\theight: 20px;\r\n\t\t\t\t\twidth: 20px;\r\n\t\t\t\t\tbackground: #05668d;\r\n\t\t\t\t\tmargin-left: 8px;\r\n\t\t\t\t\tmargin-right: 0;\r\n\t\t\t\t\tcolor: #ffffff;\r\n\t\t\t\t\tfont-size: 8px;\r\n\t\t\t\t\ttext-align: center;\r\n\t\t\t\t}\r\n\r\n\t\t\t\t #btn-wOg9N:hover i {\r\n\t\t\t\t \tbackground: #ffffff;\r\n\t\t\t\t\tcolor: #1dc1f8;\r\n\t\t\t\t }\r\n\r\n        <\/style>\r\n\r\n\t\t<!-- BUTTON -->\r\n        <div id=\"btn-container-wOg9N\" class=\"text-left\">\r\n\t\t\t\r\n\t\t\t\t\t<a href=\"https:\/\/www.ksalps.com\/en\/etapa-3\/\" id=\"btn-wOg9N\" class=\"btn\" target=\"_self\">\r\n\t\t\t\t\t\tNEXT STAGE\t\t\t\t\t\t\t\t\t\t\t<\/a>\r\n\t\t\t\t\t        <\/div>\r\n\r\n        <\/div><\/div><\/div><\/div><div class=\"vc_row-full-width vc_clearfix\"><\/div>\n<\/section>","protected":false},"excerpt":{"rendered":"Kri\u0161ka planina\u2013grad Strmol\u2013Ol\u0161evek\u2013Preddvor Izhodi\u0161\u010de: Kri\u0161ka planina (46.294322, 14.536405) Cilj: Preddvor, \u010crnava (46.302484, 14.427428) Razdalja: 21,7 km \u010cas hoje: 6,5 h Vzpon: 187 m Spust: 1.223 m Ko se s Kri\u0161ke planine spustimo do Ambro\u017ea pod Krvavcem, ob razgledih srce poigrava Avsenikovo vi\u017eo Prelepa Gorenjska. Izvir ob cerkvi Sv. Ambro\u017ea, ki je spodbudil naselitev in razvoj [...]","protected":false},"author":1,"featured_media":0,"parent":0,"menu_order":0,"comment_status":"closed","ping_status":"closed","template":"","meta":{"footnotes":""},"class_list":["post-3458","page","type-page","status-publish","hentry"],"_links":{"self":[{"href":"https:\/\/www.ksalps.com\/en\/wp-json\/wp\/v2\/pages\/3458","targetHints":{"allow":["GET"]}}],"collection":[{"href":"https:\/\/www.ksalps.com\/en\/wp-json\/wp\/v2\/pages"}],"about":[{"href":"https:\/\/www.ksalps.com\/en\/wp-json\/wp\/v2\/types\/page"}],"author":[{"embeddable":true,"href":"https:\/\/www.ksalps.com\/en\/wp-json\/wp\/v2\/users\/1"}],"replies":[{"embeddable":true,"href":"https:\/\/www.ksalps.com\/en\/wp-json\/wp\/v2\/comments?post=3458"}],"version-history":[{"count":9,"href":"https:\/\/www.ksalps.com\/en\/wp-json\/wp\/v2\/pages\/3458\/revisions"}],"predecessor-version":[{"id":3928,"href":"https:\/\/www.ksalps.com\/en\/wp-json\/wp\/v2\/pages\/3458\/revisions\/3928"}],"wp:attachment":[{"href":"https:\/\/www.ksalps.com\/en\/wp-json\/wp\/v2\/media?parent=3458"}],"curies":[{"name":"wp","href":"https:\/\/api.w.org\/{rel}","templated":true}]}}