{"id":2865,"date":"2022-04-08T16:19:27","date_gmt":"2022-04-08T15:19:27","guid":{"rendered":"https:\/\/www.ksalps.com\/?page_id=2865"},"modified":"2022-12-12T22:22:23","modified_gmt":"2022-12-12T21:22:23","slug":"poletne-aktivnosti","status":"publish","type":"page","link":"https:\/\/www.ksalps.com\/en\/poletne-aktivnosti\/","title":{"rendered":"Summer activities"},"content":{"rendered":"<section class=\"wpb-content-wrapper\"><div data-vc-full-width=\"true\" data-vc-full-width-init=\"false\" class=\"vc_row wpb_row vc_row-fluid vc_custom_1670718736823 vc_row-has-fill\"><div class=\"wpb_column vc_column_container vc_col-sm-12\"><div class=\"vc_column-inner\"><div class=\"wpb_wrapper\">\n\t<div class=\"wpb_text_column wpb_content_element\" >\n\t\t<div class=\"wpb_wrapper\">\n\t\t\t<h4 style=\"text-align: left;\">In summertime, the Kamnik-Savinja Alps offer infinite options for all who love to explore. Especially inviting are the numerous water springs guaranteed to cool you down in the heat of the day. You can find a shady spot everywhere you go and there\u2019s plenty of fun to go around.<\/h4>\n\n\t\t<\/div>\n\t<\/div>\n<\/div><\/div><\/div><\/div><div class=\"vc_row-full-width vc_clearfix\"><\/div><div data-vc-full-width=\"true\" data-vc-full-width-init=\"false\" class=\"vc_row wpb_row vc_row-fluid vc_custom_1667914768526 vc_row-has-fill vc_row-o-content-middle vc_row-flex\"><div class=\"wpb_column vc_column_container vc_col-sm-6\"><div class=\"vc_column-inner\"><div class=\"wpb_wrapper\">\n\t<div  class=\"wpb_single_image wpb_content_element vc_align_left\">\n\t\t\n\t\t<figure class=\"wpb_wrapper vc_figure\">\n\t\t\t<div class=\"vc_single_image-wrapper   vc_box_border_grey\"><img loading=\"lazy\" decoding=\"async\" width=\"2500\" height=\"1667\" src=\"https:\/\/www.ksalps.com\/wp-content\/uploads\/2022\/05\/Ribolov-postrv-muharjenje-ribolovne-karte-Preddvor-Reka-Kokra-02.jpg\" class=\"vc_single_image-img attachment-full\" alt=\"\" title=\"Ribolov-postrv-muharjenje-ribolovne-karte-Preddvor-Reka-Kokra-02\" srcset=\"https:\/\/www.ksalps.com\/wp-content\/uploads\/2022\/05\/Ribolov-postrv-muharjenje-ribolovne-karte-Preddvor-Reka-Kokra-02.jpg 2500w, https:\/\/www.ksalps.com\/wp-content\/uploads\/2022\/05\/Ribolov-postrv-muharjenje-ribolovne-karte-Preddvor-Reka-Kokra-02-300x200.jpg 300w, https:\/\/www.ksalps.com\/wp-content\/uploads\/2022\/05\/Ribolov-postrv-muharjenje-ribolovne-karte-Preddvor-Reka-Kokra-02-1024x683.jpg 1024w, https:\/\/www.ksalps.com\/wp-content\/uploads\/2022\/05\/Ribolov-postrv-muharjenje-ribolovne-karte-Preddvor-Reka-Kokra-02-768x512.jpg 768w, https:\/\/www.ksalps.com\/wp-content\/uploads\/2022\/05\/Ribolov-postrv-muharjenje-ribolovne-karte-Preddvor-Reka-Kokra-02-80x53.jpg 80w, https:\/\/www.ksalps.com\/wp-content\/uploads\/2022\/05\/Ribolov-postrv-muharjenje-ribolovne-karte-Preddvor-Reka-Kokra-02-1536x1024.jpg 1536w, https:\/\/www.ksalps.com\/wp-content\/uploads\/2022\/05\/Ribolov-postrv-muharjenje-ribolovne-karte-Preddvor-Reka-Kokra-02-2048x1366.jpg 2048w, https:\/\/www.ksalps.com\/wp-content\/uploads\/2022\/05\/Ribolov-postrv-muharjenje-ribolovne-karte-Preddvor-Reka-Kokra-02-18x12.jpg 18w\" sizes=\"auto, (max-width: 2500px) 100vw, 2500px\" \/><\/div>\n\t\t<\/figure>\n\t<\/div>\n<\/div><\/div><\/div><div class=\"wpb_column vc_column_container vc_col-sm-6\"><div class=\"vc_column-inner\"><div class=\"wpb_wrapper\"><h4 style=\"text-align: left\" class=\"vc_custom_heading\" >Fishing<\/h4>\n\t<div class=\"wpb_text_column wpb_content_element\" >\n\t\t<div class=\"wpb_wrapper\">\n\t\t\t<p>Fishermen share a love for nature, water, fishing and socializing, all of which can be found along the rivers in the Kamnik-Savinja Alps. These natural charms make an inviting destination for fisherman casting a fly or otherwise, while their exceptionally clean water is home to an abundance of flora and fauna. You can buy a fishing permit online.<\/p>\n\n\t\t<\/div>\n\t<\/div>\n\n\t<div class=\"wpb_text_column wpb_content_element\" >\n\t\t<div class=\"wpb_wrapper\">\n\t\t\t<h5><a href=\"https:\/\/visitluce.si\/ribolovne-dovolilnice\/\">&gt; Go fishing<\/a><\/h5>\n\n\t\t<\/div>\n\t<\/div>\n<\/div><\/div><\/div><\/div><div class=\"vc_row-full-width vc_clearfix\"><\/div><div data-vc-full-width=\"true\" data-vc-full-width-init=\"false\" class=\"vc_row wpb_row vc_row-fluid vc_custom_1667914775936 vc_row-has-fill vc_row-o-content-middle vc_row-flex\"><div class=\"wpb_column vc_column_container vc_col-sm-6\"><div class=\"vc_column-inner\"><div class=\"wpb_wrapper\">\n\t<div  class=\"wpb_single_image wpb_content_element vc_align_left\">\n\t\t\n\t\t<figure class=\"wpb_wrapper vc_figure\">\n\t\t\t<div class=\"vc_single_image-wrapper   vc_box_border_grey\"><img loading=\"lazy\" decoding=\"async\" class=\"vc_single_image-img\" src=\"https:\/\/www.ksalps.com\/wp-content\/uploads\/2022\/05\/savinja-rafting-890x500.jpg\" width=\"890\" height=\"500\" alt=\"savinja rafting\" title=\"savinja rafting\" \/><\/div>\n\t\t<\/figure>\n\t<\/div>\n<\/div><\/div><\/div><div class=\"wpb_column vc_column_container vc_col-sm-6\"><div class=\"vc_column-inner\"><div class=\"wpb_wrapper\"><h4 style=\"text-align: left\" class=\"vc_custom_heading\" >Rafting and Kayaking<\/h4>\n\t<div class=\"wpb_text_column wpb_content_element\" >\n\t\t<div class=\"wpb_wrapper\">\n\t\t\t<p>For those in love wild Alpine rivers, taking a raft down the Savinja River is just the thing for you. You can ride any section at any length, from wild rapids to calmer parts in the lower segment of the river. Rowing enthusiasts can find adventure in kayaking, while explorers may be better suited for adrenaline-fueled canyoning. Don\u2019t miss out on scooting down the natural waterslides, jumping into deep pools and waterfall rappelling.<\/p>\n\n\t\t<\/div>\n\t<\/div>\n\n\t<div class=\"wpb_text_column wpb_content_element\" >\n\t\t<div class=\"wpb_wrapper\">\n\t\t\t<h5><a href=\"https:\/\/www.adventurevalley.si\/sl\/\">&gt; Dolina avantur<\/a><\/h5>\n<h5><a href=\"http:\/\/www.camp-smica.com\/slo\/ponudba.html\">&gt; Avtokamp \u0160mica<\/a><\/h5>\n\n\t\t<\/div>\n\t<\/div>\n<\/div><\/div><\/div><\/div><div class=\"vc_row-full-width vc_clearfix\"><\/div>\n<\/section>","protected":false},"excerpt":{"rendered":"Poleti Kamni\u0161ko-Savinjske Alpe nudijo neskon\u010dne mo\u017enosti raziskovanja, \u0161e posebej privla\u010dni pa so \u0161tevilni vodni viri, saj v vro\u010dih dneh nudijo prepotrebno osve\u017eitev. Na prav vsaki destinaciji lahko najdete prostor za ohladitev, ne manjka pa niti zabave. Ribolov Ribi\u010de povezujejo ljubezen do narave, voda, ribolov in dru\u017eenje. Vse te u\u017eitke jim nudijo tudi reke v Kamni\u0161ko-Savinjskih [...]","protected":false},"author":1,"featured_media":0,"parent":0,"menu_order":0,"comment_status":"closed","ping_status":"closed","template":"","meta":{"footnotes":""},"class_list":["post-2865","page","type-page","status-publish","hentry"],"_links":{"self":[{"href":"https:\/\/www.ksalps.com\/en\/wp-json\/wp\/v2\/pages\/2865","targetHints":{"allow":["GET"]}}],"collection":[{"href":"https:\/\/www.ksalps.com\/en\/wp-json\/wp\/v2\/pages"}],"about":[{"href":"https:\/\/www.ksalps.com\/en\/wp-json\/wp\/v2\/types\/page"}],"author":[{"embeddable":true,"href":"https:\/\/www.ksalps.com\/en\/wp-json\/wp\/v2\/users\/1"}],"replies":[{"embeddable":true,"href":"https:\/\/www.ksalps.com\/en\/wp-json\/wp\/v2\/comments?post=2865"}],"version-history":[{"count":18,"href":"https:\/\/www.ksalps.com\/en\/wp-json\/wp\/v2\/pages\/2865\/revisions"}],"predecessor-version":[{"id":3339,"href":"https:\/\/www.ksalps.com\/en\/wp-json\/wp\/v2\/pages\/2865\/revisions\/3339"}],"wp:attachment":[{"href":"https:\/\/www.ksalps.com\/en\/wp-json\/wp\/v2\/media?parent=2865"}],"curies":[{"name":"wp","href":"https:\/\/api.w.org\/{rel}","templated":true}]}}