{"id":2859,"date":"2022-04-08T16:13:46","date_gmt":"2022-04-08T15:13:46","guid":{"rendered":"https:\/\/www.ksalps.com\/?page_id=2859"},"modified":"2022-12-12T22:23:40","modified_gmt":"2022-12-12T21:23:40","slug":"padalstvo","status":"publish","type":"page","link":"https:\/\/www.ksalps.com\/en\/padalstvo\/","title":{"rendered":"Paragliding"},"content":{"rendered":"<section class=\"wpb-content-wrapper\"><div data-vc-full-width=\"true\" data-vc-full-width-init=\"false\" class=\"vc_row wpb_row vc_row-fluid vc_custom_1639489566356 vc_row-has-fill\"><div class=\"wpb_column vc_column_container vc_col-sm-12\"><div class=\"vc_column-inner\"><div class=\"wpb_wrapper\">\n\t<div class=\"wpb_text_column wpb_content_element\" >\n\t\t<div class=\"wpb_wrapper\">\n\t\t\t<h4 style=\"text-align: left;\">The Kamnik-Savinja Alps are the most popular takeoff for paragliders, due to easy and quick access, breathtaking views and by far the best thermals, far and wide. Paragliders from Slovenia and abroad can enjoy long panoramic flights here but flying in tandem is also possible, thanks to the excellent paragliding conditions.<\/h4>\n\n\t\t<\/div>\n\t<\/div>\n<\/div><\/div><\/div><\/div><div class=\"vc_row-full-width vc_clearfix\"><\/div><div data-vc-full-width=\"true\" data-vc-full-width-init=\"false\" class=\"vc_row wpb_row vc_row-fluid vc_custom_1667914834201 vc_row-has-fill vc_row-o-content-middle vc_row-flex\"><div class=\"wpb_column vc_column_container vc_col-sm-6\"><div class=\"vc_column-inner\"><div class=\"wpb_wrapper\">\n\t<div  class=\"wpb_single_image wpb_content_element vc_align_left\">\n\t\t\n\t\t<figure class=\"wpb_wrapper vc_figure\">\n\t\t\t<div class=\"vc_single_image-wrapper   vc_box_border_grey\"><img loading=\"lazy\" decoding=\"async\" width=\"740\" height=\"493\" src=\"https:\/\/www.ksalps.com\/wp-content\/uploads\/2022\/05\/Padalstvo.jpg\" class=\"vc_single_image-img attachment-full\" alt=\"\" title=\"Paragliding\" srcset=\"https:\/\/www.ksalps.com\/wp-content\/uploads\/2022\/05\/Padalstvo.jpg 740w, https:\/\/www.ksalps.com\/wp-content\/uploads\/2022\/05\/Padalstvo-300x200.jpg 300w, https:\/\/www.ksalps.com\/wp-content\/uploads\/2022\/05\/Padalstvo-80x53.jpg 80w, https:\/\/www.ksalps.com\/wp-content\/uploads\/2022\/05\/Padalstvo-18x12.jpg 18w\" sizes=\"auto, (max-width: 740px) 100vw, 740px\" \/><\/div>\n\t\t<\/figure>\n\t<\/div>\n<\/div><\/div><\/div><div class=\"wpb_column vc_column_container vc_col-sm-6\"><div class=\"vc_column-inner\"><div class=\"wpb_wrapper\"><h4 style=\"text-align: left\" class=\"vc_custom_heading\" >Takeoffs<\/h4>\n\t<div class=\"wpb_text_column wpb_content_element\" >\n\t\t<div class=\"wpb_wrapper\">\n\t\t\t<p>Preddvor is one of the top paragliding destinations around the Kamnik-Savinja Alps. It is a point of departure for takeoffs from Poto\u0161ka Gora (1,283 m) and Zaveti\u0161\u010de in Hudi\u010dev Bor\u0161t on Zaplata (1,328 m). Stor\u017ei\u010d takeoff (2,132 m) is the highest and most demanding, while St. Lovrenc above Ba\u0161elj (892 m) is the most easily accessible of all. The official landing field lies on the western side of Lake \u010crnava. Other destinations worth a mention are Krvavec, Velika Planina and Kamni\u0161ki Vrh.<\/p>\n\n\t\t<\/div>\n\t<\/div>\n\n\t<div class=\"wpb_text_column wpb_content_element\" >\n\t\t<div class=\"wpb_wrapper\">\n\t\t\t<h5><a href=\"https:\/\/www.visitpreddvor.si\/si\/kaj-poceti\/jadralno-padalstvo\/\">&gt; Explore more<\/a><\/h5>\n\n\t\t<\/div>\n\t<\/div>\n<\/div><\/div><\/div><\/div><div class=\"vc_row-full-width vc_clearfix\"><\/div>\n<\/section>","protected":false},"excerpt":{"rendered":"Kamni\u0161ko-Savinjske Alpe veljajo za priljubljeno vzleti\u0161\u010de jadralnih padalcev, saj so izhodi\u0161\u010da hitro in enostavno dostopna, razgledi jemljejo sapo, termika pa je najbolj\u0161a dale\u010d naokoli. Jadralni padalci iz Slovenije in tujine lahko tukaj u\u017eivajo v dolgih panoramskih poletih, odli\u010dni pogoji za jadranje pa med drugim omogo\u010dajo tudi tandemske polete. Vzleti\u0161\u010da za jadralne padalce Izmed destinacij okrog [...]","protected":false},"author":1,"featured_media":0,"parent":0,"menu_order":0,"comment_status":"closed","ping_status":"closed","template":"","meta":{"footnotes":""},"class_list":["post-2859","page","type-page","status-publish","hentry"],"_links":{"self":[{"href":"https:\/\/www.ksalps.com\/en\/wp-json\/wp\/v2\/pages\/2859","targetHints":{"allow":["GET"]}}],"collection":[{"href":"https:\/\/www.ksalps.com\/en\/wp-json\/wp\/v2\/pages"}],"about":[{"href":"https:\/\/www.ksalps.com\/en\/wp-json\/wp\/v2\/types\/page"}],"author":[{"embeddable":true,"href":"https:\/\/www.ksalps.com\/en\/wp-json\/wp\/v2\/users\/1"}],"replies":[{"embeddable":true,"href":"https:\/\/www.ksalps.com\/en\/wp-json\/wp\/v2\/comments?post=2859"}],"version-history":[{"count":13,"href":"https:\/\/www.ksalps.com\/en\/wp-json\/wp\/v2\/pages\/2859\/revisions"}],"predecessor-version":[{"id":3341,"href":"https:\/\/www.ksalps.com\/en\/wp-json\/wp\/v2\/pages\/2859\/revisions\/3341"}],"wp:attachment":[{"href":"https:\/\/www.ksalps.com\/en\/wp-json\/wp\/v2\/media?parent=2859"}],"curies":[{"name":"wp","href":"https:\/\/api.w.org\/{rel}","templated":true}]}}