{"id":2854,"date":"2022-04-08T16:07:01","date_gmt":"2022-04-08T15:07:01","guid":{"rendered":"https:\/\/www.ksalps.com\/?page_id=2854"},"modified":"2022-12-12T22:22:16","modified_gmt":"2022-12-12T21:22:16","slug":"gornistvo","status":"publish","type":"page","link":"https:\/\/www.ksalps.com\/en\/gornistvo\/","title":{"rendered":"Mountaineering"},"content":{"rendered":"<section class=\"wpb-content-wrapper\"><div data-vc-full-width=\"true\" data-vc-full-width-init=\"false\" class=\"vc_row wpb_row vc_row-fluid vc_custom_1639489566356 vc_row-has-fill\"><div class=\"wpb_column vc_column_container vc_col-sm-12\"><div class=\"vc_column-inner\"><div class=\"wpb_wrapper\">\n\t<div class=\"wpb_text_column wpb_content_element\" >\n\t\t<div class=\"wpb_wrapper\">\n\t\t\t<h4 style=\"text-align: left;\">The Kamnik-Savinja Alps boast over 30 peaks that lie more than 2,000 meters above sea level. Their advantage, according to one of the most successful Slovenian mountain climbers, Marko Prezelj, the only four-time winner of the Piolet d\u2019Or award, lies in their <em>\u201cdiversity and manageability.\u201d<\/em>He adds that <em>\u201cyou may find yourself in a different situation and condition every season, but on the other hand we can design tours differently from start to finish. Having access to such diversity while being able to enjoy nature is rare in the world.\u201d<\/em> The Kamnik-Savinja Alps is home to many popular mountain tours that attract mountaineers throughout the year. Friendly caretakers will be happy to host you in their mountain lodges.<\/h4>\n\n\t\t<\/div>\n\t<\/div>\n<\/div><\/div><\/div><\/div><div class=\"vc_row-full-width vc_clearfix\"><\/div><div data-vc-full-width=\"true\" data-vc-full-width-init=\"false\" class=\"vc_row wpb_row vc_row-fluid vc_custom_1670718538662 vc_row-has-fill vc_row-o-content-middle vc_row-flex\"><div class=\"wpb_column vc_column_container vc_col-sm-6\"><div class=\"vc_column-inner\"><div class=\"wpb_wrapper\">\n\t<div  class=\"wpb_single_image wpb_content_element vc_align_left\">\n\t\t\n\t\t<figure class=\"wpb_wrapper vc_figure\">\n\t\t\t<div class=\"vc_single_image-wrapper   vc_box_border_grey\"><img loading=\"lazy\" decoding=\"async\" width=\"900\" height=\"600\" src=\"https:\/\/www.ksalps.com\/wp-content\/uploads\/2022\/05\/Grintovec.jpg\" class=\"vc_single_image-img attachment-full\" alt=\"\" title=\"Grintovec\" srcset=\"https:\/\/www.ksalps.com\/wp-content\/uploads\/2022\/05\/Grintovec.jpg 900w, https:\/\/www.ksalps.com\/wp-content\/uploads\/2022\/05\/Grintovec-300x200.jpg 300w, https:\/\/www.ksalps.com\/wp-content\/uploads\/2022\/05\/Grintovec-768x512.jpg 768w, https:\/\/www.ksalps.com\/wp-content\/uploads\/2022\/05\/Grintovec-80x53.jpg 80w, https:\/\/www.ksalps.com\/wp-content\/uploads\/2022\/05\/Grintovec-18x12.jpg 18w\" sizes=\"auto, (max-width: 900px) 100vw, 900px\" \/><\/div>\n\t\t<\/figure>\n\t<\/div>\n<\/div><\/div><\/div><div class=\"wpb_column vc_column_container vc_col-sm-6\"><div class=\"vc_column-inner\"><div class=\"wpb_wrapper\"><h4 style=\"text-align: left\" class=\"vc_custom_heading\" >Grintovec<\/h4>\n\t<div class=\"wpb_text_column wpb_content_element\" >\n\t\t<div class=\"wpb_wrapper\">\n\t\t\t<p>Mount Grintovec is the highest peak in the Kamnik-Savinja Alps, with an elevation of 2,558 meters. Of all the trails leading to it, access through Jezersko and Kokra are deemed the most difficult, whereas the route starting in Kamni\u0161ka Bistrica is technically rather undemanding. Good physical condition is nevertheless recommended, as you will cover close to 2,000 meters of elevation gain. Considered one of the easiest to conquer of the Slovenian mountains that are taller than 2,000 meters, Grintovec invites hikers with its wonderful views over the Ljubljana Basin, Jezersko, neighboring peaks and even over the Karawanks and Julian Alps.<\/p>\n\n\t\t<\/div>\n\t<\/div>\n<\/div><\/div><\/div><\/div><div class=\"vc_row-full-width vc_clearfix\"><\/div><div data-vc-full-width=\"true\" data-vc-full-width-init=\"false\" class=\"vc_row wpb_row vc_row-fluid vc_custom_1670718531691 vc_row-has-fill vc_row-o-content-middle vc_row-flex\"><div class=\"wpb_column vc_column_container vc_col-sm-6\"><div class=\"vc_column-inner\"><div class=\"wpb_wrapper\">\n\t<div  class=\"wpb_single_image wpb_content_element vc_align_left\">\n\t\t\n\t\t<figure class=\"wpb_wrapper vc_figure\">\n\t\t\t<div class=\"vc_single_image-wrapper   vc_box_border_grey\"><img loading=\"lazy\" decoding=\"async\" class=\"vc_single_image-img\" src=\"https:\/\/www.ksalps.com\/wp-content\/uploads\/2022\/05\/Cojzova-koca-890x500.jpg\" width=\"890\" height=\"500\" alt=\"Cojzova ko\u010da\" title=\"Cojzova ko\u010da\" \/><\/div>\n\t\t<\/figure>\n\t<\/div>\n<\/div><\/div><\/div><div class=\"wpb_column vc_column_container vc_col-sm-6\"><div class=\"vc_column-inner\"><div class=\"wpb_wrapper\"><h4 style=\"text-align: left\" class=\"vc_custom_heading\" >Zois Lodge on Kokra Saddle<\/h4>\n\t<div class=\"wpb_text_column wpb_content_element\" >\n\t\t<div class=\"wpb_wrapper\">\n\t\t\t<p>On route to Grintovec, hikers can take a breather at the Cojz Lodge on Kokra Saddle or make that their end destination. Named after the Zois brothers, \u017diga and Karl, the lodge has been sitting atop the saddle between Mounts Grintovec and Kal\u0161ka Gora since the end of the 19th century. The lodge, which is open every day of the summer, offers food and drinks in addition to accommodation.<\/p>\n\n\t\t<\/div>\n\t<\/div>\n<\/div><\/div><\/div><\/div><div class=\"vc_row-full-width vc_clearfix\"><\/div><div data-vc-full-width=\"true\" data-vc-full-width-init=\"false\" class=\"vc_row wpb_row vc_row-fluid vc_custom_1670718524820 vc_row-has-fill vc_row-o-content-middle vc_row-flex\"><div class=\"wpb_column vc_column_container vc_col-sm-6\"><div class=\"vc_column-inner\"><div class=\"wpb_wrapper\">\n\t<div  class=\"wpb_single_image wpb_content_element vc_align_left\">\n\t\t\n\t\t<figure class=\"wpb_wrapper vc_figure\">\n\t\t\t<div class=\"vc_single_image-wrapper   vc_box_border_grey\"><img loading=\"lazy\" decoding=\"async\" class=\"vc_single_image-img\" src=\"https:\/\/www.ksalps.com\/wp-content\/uploads\/2022\/05\/Kamniska-koca-890x500.jpg\" width=\"890\" height=\"500\" alt=\"Kamni\u0161ka ko\u010da\" title=\"Kamni\u0161ka ko\u010da\" \/><\/div>\n\t\t<\/figure>\n\t<\/div>\n<\/div><\/div><\/div><div class=\"wpb_column vc_column_container vc_col-sm-6\"><div class=\"vc_column-inner\"><div class=\"wpb_wrapper\"><h4 style=\"text-align: left\" class=\"vc_custom_heading\" >Kamnik Lodge on Kamnik Saddle<\/h4>\n\t<div class=\"wpb_text_column wpb_content_element\" >\n\t\t<div class=\"wpb_wrapper\">\n\t\t\t<p>It is a tradition that each Slovene should climb Mount Triglav once in their lifetime. For residents of Kamnik, the same goes for Kamnik Saddle. From the Kamni\u0161ka Bistrica Valley, you can follow an easy, marked trail that would take an average hiker a little less than 4 hours to complete. The trail begins in the forest, before ascending past a wide clearing pocked with boulders to a grassy slope that leads to Kamnik Lodge. The lodge stands on the sunny side of Kamnik Saddle, between Brana and Planjava peaks. Managed by the Kamnik Mountaineering Club, the lodge is open daily from June through October and on weekends for the rest of the year.<\/p>\n\n\t\t<\/div>\n\t<\/div>\n<\/div><\/div><\/div><\/div><div class=\"vc_row-full-width vc_clearfix\"><\/div><div data-vc-full-width=\"true\" data-vc-full-width-init=\"false\" class=\"vc_row wpb_row vc_row-fluid vc_custom_1670718516792 vc_row-has-fill vc_row-o-content-middle vc_row-flex\"><div class=\"wpb_column vc_column_container vc_col-sm-6\"><div class=\"vc_column-inner\"><div class=\"wpb_wrapper\">\n\t<div  class=\"wpb_single_image wpb_content_element vc_align_left\">\n\t\t\n\t\t<figure class=\"wpb_wrapper vc_figure\">\n\t\t\t<div class=\"vc_single_image-wrapper   vc_box_border_grey\"><img loading=\"lazy\" decoding=\"async\" class=\"vc_single_image-img\" src=\"https:\/\/www.ksalps.com\/wp-content\/uploads\/2022\/05\/Storzic-890x500.jpg\" width=\"890\" height=\"500\" alt=\"Stor\u017ei\u010d\" title=\"Stor\u017ei\u010d\" \/><\/div>\n\t\t<\/figure>\n\t<\/div>\n<\/div><\/div><\/div><div class=\"wpb_column vc_column_container vc_col-sm-6\"><div class=\"vc_column-inner\"><div class=\"wpb_wrapper\"><h4 style=\"text-align: left\" class=\"vc_custom_heading\" >Stor\u017ei\u010d<\/h4>\n\t<div class=\"wpb_text_column wpb_content_element\" >\n\t\t<div class=\"wpb_wrapper\">\n\t\t\t<p>Mount Stor\u017ei\u010d is, at 2,132 meters above sea level, the highest peak in the western part of the Kamnik-Savinja Alps and among most popular. Its name comes from its pinecone-shaped peak that features a famous cross and viewing platform. The first explorers on Stor\u017ei\u010d were botanists interested in its vast array of Alpine plants, including the ubiquitous Zois\u2019 Bellflower. There are several trails leading to the summit, ranging from easy to very difficult. One of the most popular begins in Povlje at Preddvor village and takes a good 4 hours, covering 1,422 meters of elevation gain.<\/p>\n\n\t\t<\/div>\n\t<\/div>\n<\/div><\/div><\/div><\/div><div class=\"vc_row-full-width vc_clearfix\"><\/div><div data-vc-full-width=\"true\" data-vc-full-width-init=\"false\" class=\"vc_row wpb_row vc_row-fluid vc_custom_1670718509387 vc_row-has-fill vc_row-o-content-middle vc_row-flex\"><div class=\"wpb_column vc_column_container vc_col-sm-6\"><div class=\"vc_column-inner\"><div class=\"wpb_wrapper\">\n\t<div  class=\"wpb_single_image wpb_content_element vc_align_left\">\n\t\t\n\t\t<figure class=\"wpb_wrapper vc_figure\">\n\t\t\t<div class=\"vc_single_image-wrapper   vc_box_border_grey\"><img loading=\"lazy\" decoding=\"async\" class=\"vc_single_image-img\" src=\"https:\/\/www.ksalps.com\/wp-content\/uploads\/2022\/05\/Dom-pod-Storzicem-768x500.jpeg\" width=\"768\" height=\"500\" alt=\"Dom pod Stor\u017ei\u010dem\" title=\"Stor\u017ei\u010d Lodge\" \/><\/div>\n\t\t<\/figure>\n\t<\/div>\n<\/div><\/div><\/div><div class=\"wpb_column vc_column_container vc_col-sm-6\"><div class=\"vc_column-inner\"><div class=\"wpb_wrapper\"><h4 style=\"text-align: left\" class=\"vc_custom_heading\" >Stor\u017ei\u010d Lodge<\/h4>\n\t<div class=\"wpb_text_column wpb_content_element\" >\n\t\t<div class=\"wpb_wrapper\">\n\t\t\t<p>At 1,123 meters above sea level, Stor\u017ei\u010d Lodge Alpine post, which is accessible by car, is a popular point of departure to reach the summit of Stor\u017ei\u010d. The lodge prides itself on being family friendly and is frequented by hikers and mountain bikers throughout the year, while also a favorite sledding spot in the winter. In addition to good food, ranging from stews to Alpine-inspired meals and desserts, they also provide accommodation.<\/p>\n\n\t\t<\/div>\n\t<\/div>\n<\/div><\/div><\/div><\/div><div class=\"vc_row-full-width vc_clearfix\"><\/div><div data-vc-full-width=\"true\" data-vc-full-width-init=\"false\" class=\"vc_row wpb_row vc_row-fluid vc_custom_1670718501713 vc_row-has-fill vc_row-o-content-middle vc_row-flex\"><div class=\"wpb_column vc_column_container vc_col-sm-6\"><div class=\"vc_column-inner\"><div class=\"wpb_wrapper\">\n\t<div  class=\"wpb_single_image wpb_content_element vc_align_left\">\n\t\t\n\t\t<figure class=\"wpb_wrapper vc_figure\">\n\t\t\t<div class=\"vc_single_image-wrapper   vc_box_border_grey\"><img loading=\"lazy\" decoding=\"async\" class=\"vc_single_image-img\" src=\"https:\/\/www.ksalps.com\/wp-content\/uploads\/2022\/05\/Bivak_pod_Skuto_Jost_Gantar-3-890x500.jpg\" width=\"890\" height=\"500\" alt=\"Bivak_pod_Skuto_Jost_Gantar-3\" title=\"Bivak_pod_Skuto_Jost_Gantar-3\" \/><\/div>\n\t\t<\/figure>\n\t<\/div>\n<\/div><\/div><\/div><div class=\"wpb_column vc_column_container vc_col-sm-6\"><div class=\"vc_column-inner\"><div class=\"wpb_wrapper\"><h4 style=\"text-align: left\" class=\"vc_custom_heading\" >Skuta and Bivouac under Skuta mountain<\/h4>\n\t<div class=\"wpb_text_column wpb_content_element\" >\n\t\t<div class=\"wpb_wrapper\">\n\t\t\t<p>The third highest peak in the Kamnik-Savinja Alps is Mount Skuta, standing at 2,532 meters above sea level. The trail to the summit is among the most difficult, but it\u2019s also among the most frequented, due to its magnificent views. Just beneath the summit, in the rocky realm of Mali Podi, perches one of the most beautiful shelters, the bivouac under Skuta. Built in 2015, the bivouac was the product of a collaboration between experts from various fields who participated in the project mostly on a voluntary basis.<\/p>\n\n\t\t<\/div>\n\t<\/div>\n<\/div><\/div><\/div><\/div><div class=\"vc_row-full-width vc_clearfix\"><\/div><div data-vc-full-width=\"true\" data-vc-full-width-init=\"false\" class=\"vc_row wpb_row vc_row-fluid vc_custom_1670718493392 vc_row-has-fill vc_row-o-content-middle vc_row-flex\"><div class=\"wpb_column vc_column_container vc_col-sm-6\"><div class=\"vc_column-inner\"><div class=\"wpb_wrapper\">\n\t<div  class=\"wpb_single_image wpb_content_element vc_align_left\">\n\t\t\n\t\t<figure class=\"wpb_wrapper vc_figure\">\n\t\t\t<div class=\"vc_single_image-wrapper   vc_box_border_grey\"><img loading=\"lazy\" decoding=\"async\" class=\"vc_single_image-img\" src=\"https:\/\/www.ksalps.com\/wp-content\/uploads\/2022\/05\/Ferata-890x500.jpg\" width=\"890\" height=\"500\" alt=\"Ferata\" title=\"Ferata\" \/><\/div>\n\t\t<\/figure>\n\t<\/div>\n<\/div><\/div><\/div><div class=\"wpb_column vc_column_container vc_col-sm-6\"><div class=\"vc_column-inner\"><div class=\"wpb_wrapper\"><h4 style=\"text-align: left\" class=\"vc_custom_heading\" >Czech Lodge \u2013 Via Ferrata<\/h4>\n\t<div class=\"wpb_text_column wpb_content_element\" >\n\t\t<div class=\"wpb_wrapper\">\n\t\t\t<p>Brave the Czech Lodge Ferrata, the first sport climbing route in the Slovenian Alps and one of the most difficult of its kind in Slovenia. Expect to take a break along the way to enjoy the astonishing views over the Ravenska Ko\u010dna Valley. The route will take less than two hours to complete and will cover 300 meters of elevation gain. When you recharge your batteries in the lodge, you can return to the valley taking an easier, family-friendly route.<\/p>\n\n\t\t<\/div>\n\t<\/div>\n<\/div><\/div><\/div><\/div><div class=\"vc_row-full-width vc_clearfix\"><\/div>\n<\/section>","protected":false},"excerpt":{"rendered":"Kamni\u0161ko-Savinjske Alpe se pona\u0161ajo z ve\u010d kot 30 vrhovi, katerih nadmorska vi\u0161ina sega nad 2.000 metrov. Po besedah enega najbolj uspe\u0161nih slovenskih alpinistov, ki je tudi edini \u0161tirikratni dobitnik alpinisti\u010dne nagrade zlati cepin, je njihova prednost \"pestrost in obvladljivost\". Pravi tudi, da se tukaj \"v vseh letnih \u010dasih lahko znajdemo v razli\u010dnih situacijah in pogojih, [...]","protected":false},"author":1,"featured_media":0,"parent":0,"menu_order":0,"comment_status":"closed","ping_status":"closed","template":"","meta":{"footnotes":""},"class_list":["post-2854","page","type-page","status-publish","hentry"],"_links":{"self":[{"href":"https:\/\/www.ksalps.com\/en\/wp-json\/wp\/v2\/pages\/2854","targetHints":{"allow":["GET"]}}],"collection":[{"href":"https:\/\/www.ksalps.com\/en\/wp-json\/wp\/v2\/pages"}],"about":[{"href":"https:\/\/www.ksalps.com\/en\/wp-json\/wp\/v2\/types\/page"}],"author":[{"embeddable":true,"href":"https:\/\/www.ksalps.com\/en\/wp-json\/wp\/v2\/users\/1"}],"replies":[{"embeddable":true,"href":"https:\/\/www.ksalps.com\/en\/wp-json\/wp\/v2\/comments?post=2854"}],"version-history":[{"count":13,"href":"https:\/\/www.ksalps.com\/en\/wp-json\/wp\/v2\/pages\/2854\/revisions"}],"predecessor-version":[{"id":3338,"href":"https:\/\/www.ksalps.com\/en\/wp-json\/wp\/v2\/pages\/2854\/revisions\/3338"}],"wp:attachment":[{"href":"https:\/\/www.ksalps.com\/en\/wp-json\/wp\/v2\/media?parent=2854"}],"curies":[{"name":"wp","href":"https:\/\/api.w.org\/{rel}","templated":true}]}}