{"id":2851,"date":"2022-04-08T16:02:37","date_gmt":"2022-04-08T15:02:37","guid":{"rendered":"https:\/\/www.ksalps.com\/?page_id=2851"},"modified":"2025-05-19T08:37:59","modified_gmt":"2025-05-19T06:37:59","slug":"kolesarjenje","status":"publish","type":"page","link":"https:\/\/www.ksalps.com\/en\/kolesarjenje\/","title":{"rendered":"Cycling"},"content":{"rendered":"<section class=\"wpb-content-wrapper\"><div data-vc-full-width=\"true\" data-vc-full-width-init=\"false\" class=\"vc_row wpb_row vc_row-fluid vc_custom_1639489566356 vc_row-has-fill\"><div class=\"wpb_column vc_column_container vc_col-sm-12\"><div class=\"vc_column-inner\"><div class=\"wpb_wrapper\">\n\t<div class=\"wpb_text_column wpb_content_element\" >\n\t\t<div class=\"wpb_wrapper\">\n\t\t\t<h4 style=\"text-align: left;\">The Kamnik-Savinja Alps region offers many opportunities for road and mountain biking, which is most relished by well-trained cyclists, thanks to its dynamic terrain. Most popular among road bikers is certainly the picturesque Alpe Marathon Trail. This 130-kilometer route runs over three Alpine passes, the Jezersko Pass, Pavli\u010d Pass and \u010crnivec, totaling 2,000 meters of elevation gain. This dynamic landscape will also delight mountain bikers with its scenic routes and dirt roads.<\/h4>\n\n\t\t<\/div>\n\t<\/div>\n<\/div><\/div><\/div><\/div><div class=\"vc_row-full-width vc_clearfix\"><\/div><div data-vc-full-width=\"true\" data-vc-full-width-init=\"false\" class=\"vc_row wpb_row vc_row-fluid vc_custom_1670718569649 vc_row-has-fill vc_row-o-content-middle vc_row-flex\"><div class=\"wpb_column vc_column_container vc_col-sm-6\"><div class=\"vc_column-inner\"><div class=\"wpb_wrapper\">\n\t<div  class=\"wpb_single_image wpb_content_element vc_align_left\">\n\t\t\n\t\t<figure class=\"wpb_wrapper vc_figure\">\n\t\t\t<div class=\"vc_single_image-wrapper   vc_box_border_grey\"><img loading=\"lazy\" decoding=\"async\" width=\"900\" height=\"600\" src=\"https:\/\/www.ksalps.com\/wp-content\/uploads\/2022\/05\/Maraton-Alpe.jpg\" class=\"vc_single_image-img attachment-full\" alt=\"\" title=\"&gt; Alpe Marathon\" srcset=\"https:\/\/www.ksalps.com\/wp-content\/uploads\/2022\/05\/Maraton-Alpe.jpg 900w, https:\/\/www.ksalps.com\/wp-content\/uploads\/2022\/05\/Maraton-Alpe-300x200.jpg 300w, https:\/\/www.ksalps.com\/wp-content\/uploads\/2022\/05\/Maraton-Alpe-768x512.jpg 768w, https:\/\/www.ksalps.com\/wp-content\/uploads\/2022\/05\/Maraton-Alpe-80x53.jpg 80w, https:\/\/www.ksalps.com\/wp-content\/uploads\/2022\/05\/Maraton-Alpe-18x12.jpg 18w\" sizes=\"auto, (max-width: 900px) 100vw, 900px\" \/><\/div>\n\t\t<\/figure>\n\t<\/div>\n<\/div><\/div><\/div><div class=\"wpb_column vc_column_container vc_col-sm-6\"><div class=\"vc_column-inner\"><div class=\"wpb_wrapper\"><h4 style=\"text-align: left\" class=\"vc_custom_heading\" >&gt; Alpe Marathon<\/h4>\n\t<div class=\"wpb_text_column wpb_content_element\" >\n\t\t<div class=\"wpb_wrapper\">\n\t\t\t<p>Alpe Marathon Trail is said to be one of the most difficult, yet one of the most beautiful bike trails in Slovenia. The race has taken place annually since 2007. The 130-kilometer trail, stretching over three mountain passes and covering 2,000 meters in elevation gain, is a singular challenge for every recreational cyclist. The best among them takes a good 3.5 hours to complete it. This scenic marathon was won by Primo\u017e Rogli\u010d (2012) and Luka Mezgec (2009) prior to their professional careers. Over recent years, a new category that allows the use of electric bikes has been added for all who could use a helping hand.<\/p>\n\n\t\t<\/div>\n\t<\/div>\n\n\t<div class=\"wpb_text_column wpb_content_element\" >\n\t\t<div class=\"wpb_wrapper\">\n\t\t\t<h5><a href=\"https:\/\/www.outdooractive.com\/en\/route\/road-cycling\/upper-carniola\/maraton-alpe\/40898648\/\">&gt; Alpe Marathon<\/a><\/h5>\n\n\t\t<\/div>\n\t<\/div>\n<\/div><\/div><\/div><\/div><div class=\"vc_row-full-width vc_clearfix\"><\/div><div data-vc-full-width=\"true\" data-vc-full-width-init=\"false\" class=\"vc_row wpb_row vc_row-fluid vc_custom_1670718577469 vc_row-has-fill vc_row-o-content-middle vc_row-flex\"><div class=\"wpb_column vc_column_container vc_col-sm-6\"><div class=\"vc_column-inner\"><div class=\"wpb_wrapper\">\n\t<div  class=\"wpb_single_image wpb_content_element vc_align_left\">\n\t\t\n\t\t<figure class=\"wpb_wrapper vc_figure\">\n\t\t\t<div class=\"vc_single_image-wrapper   vc_box_border_grey\"><img loading=\"lazy\" decoding=\"async\" class=\"vc_single_image-img\" src=\"https:\/\/www.ksalps.com\/wp-content\/uploads\/2022\/05\/self_guided-890x500.jpg\" width=\"890\" height=\"500\" alt=\"self_guided\" title=\"self_guided\" \/><\/div>\n\t\t<\/figure>\n\t<\/div>\n<\/div><\/div><\/div><div class=\"wpb_column vc_column_container vc_col-sm-6\"><div class=\"vc_column-inner\"><div class=\"wpb_wrapper\"><h4 style=\"text-align: left\" class=\"vc_custom_heading\" >Boutique Self Guided Cycling Holidays<\/h4>\n\t<div class=\"wpb_text_column wpb_content_element\" >\n\t\t<div class=\"wpb_wrapper\">\n\t\t\t<p>For those who like to explore at their own pace, we offer a self-guided bike holiday. In 8 days, you will ride the Alpe Marathon Trail around the Kamnik-Savinja Alps and visit Bled and Ljubljana. Don\u2019t miss out on the exceptional views over the Slovenian Alps, pleasant housing for the night and delicious Slovenian cuisine. This holiday is suitable for even less-trained cyclists who will be offered organized transport in the more demanding sections.<\/p>\n\n\t\t<\/div>\n\t<\/div>\n\n\t<div class=\"wpb_text_column wpb_content_element\" >\n\t\t<div class=\"wpb_wrapper\">\n\t\t\t<h5><a href=\"https:\/\/feelgreentravel.com\/tours\/boutique-self-guided-cycling-holidays-in-slovenia\/\">&gt; Book now<\/a><\/h5>\n\n\t\t<\/div>\n\t<\/div>\n<\/div><\/div><\/div><\/div><div class=\"vc_row-full-width vc_clearfix\"><\/div><div data-vc-full-width=\"true\" data-vc-full-width-init=\"false\" class=\"vc_row wpb_row vc_row-fluid vc_custom_1670718585292 vc_row-has-fill vc_row-o-content-middle vc_row-flex\"><div class=\"wpb_column vc_column_container vc_col-sm-6\"><div class=\"vc_column-inner\"><div class=\"wpb_wrapper\">\n\t<div  class=\"wpb_single_image wpb_content_element vc_align_left\">\n\t\t\n\t\t<figure class=\"wpb_wrapper vc_figure\">\n\t\t\t<div class=\"vc_single_image-wrapper   vc_box_border_grey\"><img loading=\"lazy\" decoding=\"async\" class=\"vc_single_image-img\" src=\"https:\/\/www.ksalps.com\/wp-content\/uploads\/2022\/05\/MTB-Krvavec-890x500.jpg\" width=\"890\" height=\"500\" alt=\"MTB Krvavec\" title=\"MTB Krvavec\" \/><\/div>\n\t\t<\/figure>\n\t<\/div>\n<\/div><\/div><\/div><div class=\"wpb_column vc_column_container vc_col-sm-6\"><div class=\"vc_column-inner\"><div class=\"wpb_wrapper\"><h4 style=\"text-align: left\" class=\"vc_custom_heading\" >Bike park Krvavec<\/h4>\n\t<div class=\"wpb_text_column wpb_content_element\" >\n\t\t<div class=\"wpb_wrapper\">\n\t\t\t<p>Bikers in search of adventure will find their paradise in Bike Park Krvavec, which boasts 6 marked mountain bike trails starring the biggest descent in all of Slovenia. In 2021, Bike Park Krvavec was recognized as one of the 21 leading bike parks in Europe. It offers trails for all bikers, regardless of their skills. As of 2018, it has also featured a nearly 10-kilometer descent to the base cable car station.<\/p>\n\n\t\t<\/div>\n\t<\/div>\n\n\t<div class=\"wpb_text_column wpb_content_element\" >\n\t\t<div class=\"wpb_wrapper\">\n\t\t\t<h5><a href=\"https:\/\/www.rtc-krvavec.si\/si\/dozivetje\/bike-park\">Bike park Krvavec<\/a><\/h5>\n\n\t\t<\/div>\n\t<\/div>\n<\/div><\/div><\/div><\/div><div class=\"vc_row-full-width vc_clearfix\"><\/div><div data-vc-full-width=\"true\" data-vc-full-width-init=\"false\" class=\"vc_row wpb_row vc_row-fluid vc_custom_1670718593714 vc_row-has-fill vc_row-o-content-middle vc_row-flex\"><div class=\"wpb_column vc_column_container vc_col-sm-6\"><div class=\"vc_column-inner\"><div class=\"wpb_wrapper\">\n\t<div  class=\"wpb_single_image wpb_content_element vc_align_left\">\n\t\t\n\t\t<figure class=\"wpb_wrapper vc_figure\">\n\t\t\t<div class=\"vc_single_image-wrapper   vc_box_border_grey\"><img loading=\"lazy\" decoding=\"async\" class=\"vc_single_image-img\" src=\"https:\/\/www.ksalps.com\/wp-content\/uploads\/2022\/05\/Vzpon-na-Krvavec-890x500.jpg\" width=\"890\" height=\"500\" alt=\"Vzpon na Krvavec\" title=\"Climb to Krvavec\" \/><\/div>\n\t\t<\/figure>\n\t<\/div>\n<\/div><\/div><\/div><div class=\"wpb_column vc_column_container vc_col-sm-6\"><div class=\"vc_column-inner\"><div class=\"wpb_wrapper\"><h4 style=\"text-align: left\" class=\"vc_custom_heading\" >Climb to Krvavec<\/h4>\n\t<div class=\"wpb_text_column wpb_content_element\" >\n\t\t<div class=\"wpb_wrapper\">\n\t\t\t<p>Another distinctive bike race in the Kamnik-Savinja Alps is the climb to Kravec. A good 11-kilometer ascent, with 960 meters in elevation gain (it starts at 460 m and finishes at 142 m above sea level), has an average 8% gradient which, in the steepest sections, will spike to 17%. The record for the trail is held by Tadej Poga\u010dar at 33:51 minutes (as seen on the Strava smart phone app), but in the 2020 National Road Cycling Championship Primo\u017e Rogli\u010d got the best of him on the last ascent to the finish line at Ambro\u017e under Krvavec.<\/p>\n\n\t\t<\/div>\n\t<\/div>\n<\/div><\/div><\/div><\/div><div class=\"vc_row-full-width vc_clearfix\"><\/div>\n<\/section>","protected":false},"excerpt":{"rendered":"Mo\u017enosti za cestno in gorsko kolesarjenje je ogromno, zaradi velike razgibanosti terena pa bodo najbolj u\u017eivali nekoliko zahtevnej\u0161i kolesarji. Med cestnimi kolesarji je zagotovo najbolj priljubljena slikovita trasa Maratona Alpe, ki vas bo popeljala okoli Kamni\u0161ko-Savinjskih Alp. Dolga je 130 km, na njej pa premagate pa kar tri alpske prelaze: Jezerski Vrh, Pavli\u010devo sedlo in [...]","protected":false},"author":1,"featured_media":0,"parent":0,"menu_order":0,"comment_status":"closed","ping_status":"closed","template":"","meta":{"footnotes":""},"class_list":["post-2851","page","type-page","status-publish","hentry"],"_links":{"self":[{"href":"https:\/\/www.ksalps.com\/en\/wp-json\/wp\/v2\/pages\/2851","targetHints":{"allow":["GET"]}}],"collection":[{"href":"https:\/\/www.ksalps.com\/en\/wp-json\/wp\/v2\/pages"}],"about":[{"href":"https:\/\/www.ksalps.com\/en\/wp-json\/wp\/v2\/types\/page"}],"author":[{"embeddable":true,"href":"https:\/\/www.ksalps.com\/en\/wp-json\/wp\/v2\/users\/1"}],"replies":[{"embeddable":true,"href":"https:\/\/www.ksalps.com\/en\/wp-json\/wp\/v2\/comments?post=2851"}],"version-history":[{"count":21,"href":"https:\/\/www.ksalps.com\/en\/wp-json\/wp\/v2\/pages\/2851\/revisions"}],"predecessor-version":[{"id":4026,"href":"https:\/\/www.ksalps.com\/en\/wp-json\/wp\/v2\/pages\/2851\/revisions\/4026"}],"wp:attachment":[{"href":"https:\/\/www.ksalps.com\/en\/wp-json\/wp\/v2\/media?parent=2851"}],"curies":[{"name":"wp","href":"https:\/\/api.w.org\/{rel}","templated":true}]}}