{"id":2808,"date":"2022-02-01T14:35:01","date_gmt":"2022-02-01T13:35:01","guid":{"rendered":"https:\/\/www.ksalps.com\/?page_id=2808"},"modified":"2022-12-10T21:18:16","modified_gmt":"2022-12-10T20:18:16","slug":"solcava","status":"publish","type":"page","link":"https:\/\/www.ksalps.com\/en\/solcava\/","title":{"rendered":"Sol\u010dava"},"content":{"rendered":"<section class=\"wpb-content-wrapper\"><div data-vc-full-width=\"true\" data-vc-full-width-init=\"false\" class=\"vc_row wpb_row vc_row-fluid vc_custom_1667916282295 vc_row-has-fill vc_row-o-content-middle vc_row-flex\"><div class=\"wpb_column vc_column_container vc_col-sm-6\"><div class=\"vc_column-inner\"><div class=\"wpb_wrapper\">\n\t<div  class=\"wpb_single_image wpb_content_element vc_align_left\">\n\t\t\n\t\t<figure class=\"wpb_wrapper vc_figure\">\n\t\t\t<div class=\"vc_single_image-wrapper   vc_box_border_grey\"><img loading=\"lazy\" decoding=\"async\" width=\"2560\" height=\"1709\" src=\"https:\/\/www.ksalps.com\/wp-content\/uploads\/2022\/05\/Solcava-julij-2017-3-scaled.jpg\" class=\"vc_single_image-img attachment-full\" alt=\"\" title=\"Solcava julij 2017 3\" srcset=\"https:\/\/www.ksalps.com\/wp-content\/uploads\/2022\/05\/Solcava-julij-2017-3-scaled.jpg 2560w, https:\/\/www.ksalps.com\/wp-content\/uploads\/2022\/05\/Solcava-julij-2017-3-300x200.jpg 300w, https:\/\/www.ksalps.com\/wp-content\/uploads\/2022\/05\/Solcava-julij-2017-3-1024x683.jpg 1024w, https:\/\/www.ksalps.com\/wp-content\/uploads\/2022\/05\/Solcava-julij-2017-3-768x513.jpg 768w, https:\/\/www.ksalps.com\/wp-content\/uploads\/2022\/05\/Solcava-julij-2017-3-80x53.jpg 80w, https:\/\/www.ksalps.com\/wp-content\/uploads\/2022\/05\/Solcava-julij-2017-3-1536x1025.jpg 1536w, https:\/\/www.ksalps.com\/wp-content\/uploads\/2022\/05\/Solcava-julij-2017-3-2048x1367.jpg 2048w, https:\/\/www.ksalps.com\/wp-content\/uploads\/2022\/05\/Solcava-julij-2017-3-18x12.jpg 18w\" sizes=\"auto, (max-width: 2560px) 100vw, 2560px\" \/><\/div>\n\t\t<\/figure>\n\t<\/div>\n<\/div><\/div><\/div><div class=\"wpb_column vc_column_container vc_col-sm-6\"><div class=\"vc_column-inner\"><div class=\"wpb_wrapper\"><h4 style=\"text-align: left\" class=\"vc_custom_heading\" >The region of Sol\u010dava is comprised of three valleys: Robanov Kot, Matkov Kot and Logar Valley, one of the most beautiful glacial Alpine valleys in Europe.<\/h4>\n\t<div class=\"wpb_text_column wpb_content_element\" >\n\t\t<div class=\"wpb_wrapper\">\n\t\t\t<p>Here you can find a rarely seen symbiosis between local traditions, man and nature. Logar Valley is also a proud holder of the Slovenia Green Destination Gold label. Sol\u010dava, on the other hand, was ranked as one of the Best Tourism Villages by UNWTO.<\/p>\n\n\t\t<\/div>\n\t<\/div>\n\n\t<div class=\"wpb_text_column wpb_content_element\" >\n\t\t<div class=\"wpb_wrapper\">\n\t\t\t<h5>&gt; <a href=\"https:\/\/www.logarska-solcavsko.si\/\">&gt; Read more<\/a><\/h5>\n\n\t\t<\/div>\n\t<\/div>\n<\/div><\/div><\/div><\/div><div class=\"vc_row-full-width vc_clearfix\"><\/div><div data-vc-full-width=\"true\" data-vc-full-width-init=\"false\" class=\"vc_row wpb_row vc_row-fluid vc_custom_1667916288126 vc_row-has-fill vc_row-o-content-middle vc_row-flex\"><div class=\"wpb_column vc_column_container vc_col-sm-6\"><div class=\"vc_column-inner\"><div class=\"wpb_wrapper\"><h4 style=\"text-align: left\" class=\"vc_custom_heading\" >Logar Valley Landscape Park boasts over 40 registered natural attractions and the CIPRA Future in the Alps award for the management of its protected areas.<\/h4>\n\t<div class=\"wpb_text_column wpb_content_element\" >\n\t\t<div class=\"wpb_wrapper\">\n\t\t\t<p>The park was also awarded the Slovenia Green Park label as part of the Green Scheme of Slovenian Tourism. The valley offers numerous activities in both summer and winter, as well as accommodation. You will find the boutique Plesnik Hotel in the heart of the valley, where guests can delight in astonishing views of the nearby peaks, quality service and local cuisine.<\/p>\n\n\t\t<\/div>\n\t<\/div>\n\n\t<div class=\"wpb_text_column wpb_content_element\" >\n\t\t<div class=\"wpb_wrapper\">\n\t\t\t<h5>&gt; <a href=\"https:\/\/www.logarska-dolina.si\/\">&gt; Explore more<\/a><\/h5>\n\n\t\t<\/div>\n\t<\/div>\n<\/div><\/div><\/div><div class=\"wpb_column vc_column_container vc_col-sm-6\"><div class=\"vc_column-inner\"><div class=\"wpb_wrapper\">\n\t<div  class=\"wpb_single_image wpb_content_element vc_align_left\">\n\t\t\n\t\t<figure class=\"wpb_wrapper vc_figure\">\n\t\t\t<div class=\"vc_single_image-wrapper   vc_box_border_grey\"><img loading=\"lazy\" decoding=\"async\" class=\"vc_single_image-img\" src=\"https:\/\/www.ksalps.com\/wp-content\/uploads\/2022\/05\/Logarska-dolina-800x500.jpg\" width=\"800\" height=\"500\" alt=\"Logarska dolina\" title=\"Logarska dolina\" \/><\/div>\n\t\t<\/figure>\n\t<\/div>\n<\/div><\/div><\/div><\/div><div class=\"vc_row-full-width vc_clearfix\"><\/div><div data-vc-full-width=\"true\" data-vc-full-width-init=\"false\" class=\"vc_row wpb_row vc_row-fluid vc_custom_1667916293721 vc_row-has-fill vc_row-o-content-middle vc_row-flex\"><div class=\"wpb_column vc_column_container vc_col-sm-6\"><div class=\"vc_column-inner\"><div class=\"wpb_wrapper\">\n\t<div  class=\"wpb_single_image wpb_content_element vc_align_left\">\n\t\t\n\t\t<figure class=\"wpb_wrapper vc_figure\">\n\t\t\t<div class=\"vc_single_image-wrapper   vc_box_border_grey\"><img loading=\"lazy\" decoding=\"async\" class=\"vc_single_image-img\" src=\"https:\/\/www.ksalps.com\/wp-content\/uploads\/2022\/05\/Solcava-1-scaled-890x500.jpg\" width=\"890\" height=\"500\" alt=\"Sol\u010dava 1\" title=\"Sol\u010dava 1\" \/><\/div>\n\t\t<\/figure>\n\t<\/div>\n<\/div><\/div><\/div><div class=\"wpb_column vc_column_container vc_col-sm-6\"><div class=\"vc_column-inner\"><div class=\"wpb_wrapper\"><h4 style=\"text-align: left\" class=\"vc_custom_heading\" >Sol\u010dava is unique for high-altitude self-sufficient farms, many of which open their doors to tourists.<\/h4>\n\t<div class=\"wpb_text_column wpb_content_element\" >\n\t\t<div class=\"wpb_wrapper\">\n\t\t\t<p>Most of them are located either in the Robanov Kot Landscape Park, a 5-kilometer glacial valley, or in Matkov Kot, the smallest of the three valleys. The valley derives its name from a farm called Matk that has stood there for as long as anyone can remember. The farmers will happily serve you homemade specialties, including a special local cured meat, Upper Savinja Pork Stomach.<\/p>\n\n\t\t<\/div>\n\t<\/div>\n<\/div><\/div><\/div><\/div><div class=\"vc_row-full-width vc_clearfix\"><\/div><div data-vc-full-width=\"true\" data-vc-full-width-init=\"false\" class=\"vc_row wpb_row vc_row-fluid vc_custom_1667916299920 vc_row-has-fill vc_row-o-content-middle vc_row-flex\"><div class=\"wpb_column vc_column_container vc_col-sm-6\"><div class=\"vc_column-inner\"><div class=\"wpb_wrapper\"><h4 style=\"text-align: left\" class=\"vc_custom_heading\" >Starting in Sol\u010dava, the Sol\u010dava panoramic road takes you in the footsteps of shepherd Kri\u0161tof, a path he was said to have followed in search of his lost sheep.<\/h4>\n\t<div class=\"wpb_text_column wpb_content_element\" >\n\t\t<div class=\"wpb_wrapper\">\n\t\t\t<p>You can embark on this 37-kilometer journey by foot, bike, motor bike or by car. Along the way, you can indulge in magnificent views of the surrounding peaks and numerous cultural and natural heritage gems, including a mineral water spring. This water is high in iron and carbon dioxide content. It is unique to this part of Slovenia and tastes somewhat unusual but is said to have healing powers. Sol\u010dava panoramic road offers accommodation and culinary delights provided by the farms along your route.<\/p>\n\n\t\t<\/div>\n\t<\/div>\n\n\t<div class=\"wpb_text_column wpb_content_element\" >\n\t\t<div class=\"wpb_wrapper\">\n\t\t\t<h5>&gt; <a href=\"http:\/\/www.solcavska-panoramska-cesta.si\/si\/\">Visit The Sol\u010dava panoramic road<\/a><\/h5>\n\n\t\t<\/div>\n\t<\/div>\n<\/div><\/div><\/div><div class=\"wpb_column vc_column_container vc_col-sm-6\"><div class=\"vc_column-inner\"><div class=\"wpb_wrapper\">\n\t<div  class=\"wpb_single_image wpb_content_element vc_align_left\">\n\t\t\n\t\t<figure class=\"wpb_wrapper vc_figure\">\n\t\t\t<div class=\"vc_single_image-wrapper   vc_box_border_grey\"><img loading=\"lazy\" decoding=\"async\" class=\"vc_single_image-img\" src=\"https:\/\/www.ksalps.com\/wp-content\/uploads\/2022\/05\/DSC_064-SV.-DUH-IN-SAV.-ALPE-scaled-890x500.jpg\" width=\"890\" height=\"500\" alt=\"DSC_064 SV. DUH IN SAV. ALPE\" title=\"DSC_064 SV. DUH IN SAV. ALPE\" \/><\/div>\n\t\t<\/figure>\n\t<\/div>\n<\/div><\/div><\/div><\/div><div class=\"vc_row-full-width vc_clearfix\"><\/div><div data-vc-full-width=\"true\" data-vc-full-width-init=\"false\" class=\"vc_row wpb_row vc_row-fluid vc_custom_1667916306411 vc_row-has-fill vc_row-o-content-middle vc_row-flex\"><div class=\"wpb_column vc_column_container vc_col-sm-6\"><div class=\"vc_column-inner\"><div class=\"wpb_wrapper\">\n\t<div  class=\"wpb_single_image wpb_content_element vc_align_left\">\n\t\t\n\t\t<figure class=\"wpb_wrapper vc_figure\">\n\t\t\t<div class=\"vc_single_image-wrapper   vc_box_border_grey\"><img loading=\"lazy\" decoding=\"async\" class=\"vc_single_image-img\" src=\"https:\/\/www.ksalps.com\/wp-content\/uploads\/2022\/05\/Slap-Rinka-890x500.jpg\" width=\"890\" height=\"500\" alt=\"Slap Rinka\" title=\"Slap Rinka\" \/><\/div>\n\t\t<\/figure>\n\t<\/div>\n<\/div><\/div><\/div><div class=\"wpb_column vc_column_container vc_col-sm-6\"><div class=\"vc_column-inner\"><div class=\"wpb_wrapper\"><h4 style=\"text-align: left\" class=\"vc_custom_heading\" >Rinka Waterfall is one of the most beautiful, famous, and visited waterfalls in Slovenia.<\/h4>\n\t<div class=\"wpb_text_column wpb_content_element\" >\n\t\t<div class=\"wpb_wrapper\">\n\t\t\t<p>It is the first of many Savinja River sources. It reaches maximum flow in the spring and fall. Its highest stage is 90 meters while its total height is 105. To the right of Rinka Waterfall stands the Eagle\u2019s Nest, a small panoramic pavilion offering exceptional views of the tumbling waterfall. Palenk Waterfall can also be found in the Logar Valley. It is most often visited in winter as an attractive spot for ice climbers.<\/p>\n\n\t\t<\/div>\n\t<\/div>\n<\/div><\/div><\/div><\/div><div class=\"vc_row-full-width vc_clearfix\"><\/div>\n<\/section>","protected":false},"excerpt":{"rendered":"Sol\u010davsko je harmonija treh dolin, ki se nahajajo na tem obmo\u010dju. Dve predstavljata Robanov in Matkov kot, tretja pa je Logarska dolina, ena najlep\u0161ih alpskih ledeni\u0161kih dolin v Evropi. Na tem obmo\u010dju je mo\u010d najti harmoni\u010dno so\u017eitje med tradicijo, \u010dlovekom in naravo, ki ga do\u017eivite le redkokje. Logarska dolina Sol\u010davsko se pona\u0161a z zlatim znakom [...]","protected":false},"author":1,"featured_media":0,"parent":0,"menu_order":0,"comment_status":"closed","ping_status":"closed","template":"","meta":{"footnotes":""},"class_list":["post-2808","page","type-page","status-publish","hentry"],"_links":{"self":[{"href":"https:\/\/www.ksalps.com\/en\/wp-json\/wp\/v2\/pages\/2808","targetHints":{"allow":["GET"]}}],"collection":[{"href":"https:\/\/www.ksalps.com\/en\/wp-json\/wp\/v2\/pages"}],"about":[{"href":"https:\/\/www.ksalps.com\/en\/wp-json\/wp\/v2\/types\/page"}],"author":[{"embeddable":true,"href":"https:\/\/www.ksalps.com\/en\/wp-json\/wp\/v2\/users\/1"}],"replies":[{"embeddable":true,"href":"https:\/\/www.ksalps.com\/en\/wp-json\/wp\/v2\/comments?post=2808"}],"version-history":[{"count":14,"href":"https:\/\/www.ksalps.com\/en\/wp-json\/wp\/v2\/pages\/2808\/revisions"}],"predecessor-version":[{"id":3273,"href":"https:\/\/www.ksalps.com\/en\/wp-json\/wp\/v2\/pages\/2808\/revisions\/3273"}],"wp:attachment":[{"href":"https:\/\/www.ksalps.com\/en\/wp-json\/wp\/v2\/media?parent=2808"}],"curies":[{"name":"wp","href":"https:\/\/api.w.org\/{rel}","templated":true}]}}