{"id":2805,"date":"2022-02-01T14:27:12","date_gmt":"2022-02-01T13:27:12","guid":{"rendered":"https:\/\/www.ksalps.com\/?page_id=2805"},"modified":"2022-12-10T21:17:13","modified_gmt":"2022-12-10T20:17:13","slug":"preddvor","status":"publish","type":"page","link":"https:\/\/www.ksalps.com\/en\/preddvor\/","title":{"rendered":"Preddvor"},"content":{"rendered":"<section class=\"wpb-content-wrapper\"><div data-vc-full-width=\"true\" data-vc-full-width-init=\"false\" class=\"vc_row wpb_row vc_row-fluid vc_custom_1667916223288 vc_row-has-fill vc_row-o-content-middle vc_row-flex\"><div class=\"wpb_column vc_column_container vc_col-sm-6\"><div class=\"vc_column-inner\"><div class=\"wpb_wrapper\">\n\t<div  class=\"wpb_single_image wpb_content_element vc_align_left\">\n\t\t\n\t\t<figure class=\"wpb_wrapper vc_figure\">\n\t\t\t<div class=\"vc_single_image-wrapper   vc_box_border_grey\"><img loading=\"lazy\" decoding=\"async\" width=\"2500\" height=\"1665\" src=\"https:\/\/www.ksalps.com\/wp-content\/uploads\/2022\/05\/Preddvor.jpg\" class=\"vc_single_image-img attachment-full\" alt=\"\" title=\"Preddvor\" srcset=\"https:\/\/www.ksalps.com\/wp-content\/uploads\/2022\/05\/Preddvor.jpg 2500w, https:\/\/www.ksalps.com\/wp-content\/uploads\/2022\/05\/Preddvor-300x200.jpg 300w, https:\/\/www.ksalps.com\/wp-content\/uploads\/2022\/05\/Preddvor-1024x682.jpg 1024w, https:\/\/www.ksalps.com\/wp-content\/uploads\/2022\/05\/Preddvor-768x511.jpg 768w, https:\/\/www.ksalps.com\/wp-content\/uploads\/2022\/05\/Preddvor-80x53.jpg 80w, https:\/\/www.ksalps.com\/wp-content\/uploads\/2022\/05\/Preddvor-1536x1023.jpg 1536w, https:\/\/www.ksalps.com\/wp-content\/uploads\/2022\/05\/Preddvor-2048x1364.jpg 2048w, https:\/\/www.ksalps.com\/wp-content\/uploads\/2022\/05\/Preddvor-18x12.jpg 18w\" sizes=\"auto, (max-width: 2500px) 100vw, 2500px\" \/><\/div>\n\t\t<\/figure>\n\t<\/div>\n<\/div><\/div><\/div><div class=\"wpb_column vc_column_container vc_col-sm-6\"><div class=\"vc_column-inner\"><div class=\"wpb_wrapper\"><h4 style=\"text-align: left\" class=\"vc_custom_heading\" >Just a stone\u2019s throw from the airport and the capital, Preddvor is a place where you can enjoy.<\/h4>\n\t<div class=\"wpb_text_column wpb_content_element\" >\n\t\t<div class=\"wpb_wrapper\">\n\t\t\t<p>Preddvor offers undiscovered meadows, pastures, forests and a rich cultural and architectural heritage, along with a warm welcome from the locals. The healing climate, peace and untouched nature that first brought tourists to Preddvor remain intact. Preddvor is distinctive for having four castles, all of which you can easily visit in a day.<\/p>\n\n\t\t<\/div>\n\t<\/div>\n\n\t<div class=\"wpb_text_column wpb_content_element\" >\n\t\t<div class=\"wpb_wrapper\">\n\t\t\t<h5>&gt;<a href=\"https:\/\/www.visitpreddvor.si\/si\/\"> &gt; Read more<\/a><\/h5>\n\n\t\t<\/div>\n\t<\/div>\n<\/div><\/div><\/div><\/div><div class=\"vc_row-full-width vc_clearfix\"><\/div><div data-vc-full-width=\"true\" data-vc-full-width-init=\"false\" class=\"vc_row wpb_row vc_row-fluid vc_custom_1667916229139 vc_row-has-fill vc_row-o-content-middle vc_row-flex\"><div class=\"wpb_column vc_column_container vc_col-sm-6\"><div class=\"vc_column-inner\"><div class=\"wpb_wrapper\"><h4 style=\"text-align: left\" class=\"vc_custom_heading\" >Lake \u010crnava is a small lake lying in the shadow of Mount Stor\u017ei\u010d. It was formed by the damming of the Bistrica Stream and got its name from the dark, black forest.<\/h4>\n\t<div class=\"wpb_text_column wpb_content_element\" >\n\t\t<div class=\"wpb_wrapper\">\n\t\t\t<p>The lake is quite shallow and is full of fresh water that flows in from the lively Bistrica Stream. It is surrounded by a walking path, while the water can be accessed from its western shore. The lake will be revamped to make the water appropriate for swimming. On the lake you can find the small Hotel Alma and Hrib Castle, where visitors can relax with a view of the Alps. The last 20 years have seen a tradition of submerging a Christmas tree in Lake \u010crnava to symbolize the closing of the old year and the starting of the new.<\/p>\n\n\t\t<\/div>\n\t<\/div>\n<\/div><\/div><\/div><div class=\"wpb_column vc_column_container vc_col-sm-6\"><div class=\"vc_column-inner\"><div class=\"wpb_wrapper\">\n\t<div  class=\"wpb_single_image wpb_content_element vc_align_left\">\n\t\t\n\t\t<figure class=\"wpb_wrapper vc_figure\">\n\t\t\t<div class=\"vc_single_image-wrapper   vc_box_border_grey\"><img loading=\"lazy\" decoding=\"async\" class=\"vc_single_image-img\" src=\"https:\/\/www.ksalps.com\/wp-content\/uploads\/2022\/05\/Jezero-Crnava-890x500.jpg\" width=\"890\" height=\"500\" alt=\"Jezero \u010crnava\" title=\"Jezero \u010crnava\" \/><\/div>\n\t\t<\/figure>\n\t<\/div>\n<\/div><\/div><\/div><\/div><div class=\"vc_row-full-width vc_clearfix\"><\/div><div data-vc-full-width=\"true\" data-vc-full-width-init=\"false\" class=\"vc_row wpb_row vc_row-fluid vc_custom_1667916234789 vc_row-has-fill vc_row-o-content-middle vc_row-flex\"><div class=\"wpb_column vc_column_container vc_col-sm-6\"><div class=\"vc_column-inner\"><div class=\"wpb_wrapper\">\n\t<div  class=\"wpb_single_image wpb_content_element vc_align_left\">\n\t\t\n\t\t<figure class=\"wpb_wrapper vc_figure\">\n\t\t\t<div class=\"vc_single_image-wrapper   vc_box_border_grey\"><img loading=\"lazy\" decoding=\"async\" class=\"vc_single_image-img\" src=\"https:\/\/www.ksalps.com\/wp-content\/uploads\/2022\/05\/Grad-Dvor-890x500.jpg\" width=\"890\" height=\"500\" alt=\"Grad Dvor\" title=\"Grad Dvor\" \/><\/div>\n\t\t<\/figure>\n\t<\/div>\n<\/div><\/div><\/div><div class=\"wpb_column vc_column_container vc_col-sm-6\"><div class=\"vc_column-inner\"><div class=\"wpb_wrapper\"><h4 style=\"text-align: left\" class=\"vc_custom_heading\" >In the center of Preddvor stands Dvor Castle, after which the town was named.<\/h4>\n\t<div class=\"wpb_text_column wpb_content_element\" >\n\t\t<div class=\"wpb_wrapper\">\n\t\t\t<p>Today, it is once again a tourist destination, featuring an old pharmacy, a local goods\u2019 store and a wine cellar where you can pour your own wine, seal it off and put your own label on it with an old printing press. You can take a guided tour of the castle to learn about its secrets and peek at the garden next to it. You can also relax at its pleasant caf\u00e9.<\/p>\n\n\t\t<\/div>\n\t<\/div>\n<\/div><\/div><\/div><\/div><div class=\"vc_row-full-width vc_clearfix\"><\/div><div data-vc-full-width=\"true\" data-vc-full-width-init=\"false\" class=\"vc_row wpb_row vc_row-fluid vc_custom_1667916244721 vc_row-has-fill vc_row-o-content-middle vc_row-flex\"><div class=\"wpb_column vc_column_container vc_col-sm-6\"><div class=\"vc_column-inner\"><div class=\"wpb_wrapper\"><h4 style=\"text-align: left\" class=\"vc_custom_heading\" >Admiring the hills around Preddvor, you will spot the grassy Zaplata with the mysterious Hudi\u010dev Bor\u0161t.<\/h4>\n\t<div class=\"wpb_text_column wpb_content_element\" >\n\t\t<div class=\"wpb_wrapper\">\n\t\t\t<p>A legend about it tells of an argument between two farmers over a forest. One angrily cried: \u201cThe devil take it!\u201d which prompted the devil to snatch the forest and run for the mountains. But as the church bells of St. Jacob began to ring, the devil lost his power and dropped the forest right in the middle of the hill. The panoramic meadow at Zaplata is a popular hiking destination, while Zaveti\u0161\u010de at Hudi\u010dev Bor\u0161t is also a popular point of departure for paragliders.<\/p>\n\n\t\t<\/div>\n\t<\/div>\n<\/div><\/div><\/div><div class=\"wpb_column vc_column_container vc_col-sm-6\"><div class=\"vc_column-inner\"><div class=\"wpb_wrapper\">\n\t<div  class=\"wpb_single_image wpb_content_element vc_align_left\">\n\t\t\n\t\t<figure class=\"wpb_wrapper vc_figure\">\n\t\t\t<div class=\"vc_single_image-wrapper   vc_box_border_grey\"><img loading=\"lazy\" decoding=\"async\" class=\"vc_single_image-img\" src=\"https:\/\/www.ksalps.com\/wp-content\/uploads\/2022\/05\/Preddvor_Zaplata-scaled-890x500.jpg\" width=\"890\" height=\"500\" alt=\"OLYMPUS DIGITAL CAMERA\" title=\"OLYMPUS DIGITAL CAMERA\" \/><\/div>\n\t\t<\/figure>\n\t<\/div>\n<\/div><\/div><\/div><\/div><div class=\"vc_row-full-width vc_clearfix\"><\/div><div data-vc-full-width=\"true\" data-vc-full-width-init=\"false\" class=\"vc_row wpb_row vc_row-fluid vc_custom_1667916250468 vc_row-has-fill vc_row-o-content-middle vc_row-flex\"><div class=\"wpb_column vc_column_container vc_col-sm-6\"><div class=\"vc_column-inner\"><div class=\"wpb_wrapper\">\n\t<div  class=\"wpb_single_image wpb_content_element vc_align_left\">\n\t\t\n\t\t<figure class=\"wpb_wrapper vc_figure\">\n\t\t\t<div class=\"vc_single_image-wrapper   vc_box_border_grey\"><img loading=\"lazy\" decoding=\"async\" class=\"vc_single_image-img\" src=\"https:\/\/www.ksalps.com\/wp-content\/uploads\/2022\/05\/Pohodnistvo-890x500.jpg\" width=\"890\" height=\"500\" alt=\"Pohodni\u0161tvo\" title=\"Hiking\" \/><\/div>\n\t\t<\/figure>\n\t<\/div>\n<\/div><\/div><\/div><div class=\"wpb_column vc_column_container vc_col-sm-6\"><div class=\"vc_column-inner\"><div class=\"wpb_wrapper\"><h4 style=\"text-align: left\" class=\"vc_custom_heading\" >In addition to offering a plethora of thematic trails, Preddvor is also an excellent starting point for hikers of all ages and fitness levels.<\/h4>\n\t<div class=\"wpb_text_column wpb_content_element\" >\n\t\t<div class=\"wpb_wrapper\">\n\t\t\t<p>You can choose between hills, peaks and panoramic points lying anywhere from 500 to 2500 meters above sea level. All guests are welcome in mountain lodges, where they can enjoy a delicious local specialty.<\/p>\n\n\t\t<\/div>\n\t<\/div>\n<\/div><\/div><\/div><\/div><div class=\"vc_row-full-width vc_clearfix\"><\/div>\n<\/section>","protected":false},"excerpt":{"rendered":"Kraj, ki je le streljaj oddaljen od glavnega letali\u0161\u010da in prestolnice, prav vsakemu obiskovalcu nudi, da dan pre\u017eivi nekoliko druga\u010de. Preddvor vabi, da odkrijete njegove neodkrite travnike, pa\u0161nike in gozdove, bogato kulturno in stavbno dedi\u0161\u010dino ter spoznate gostoljubne doma\u010dine. Tukaj\u0161nji za\u010detki turizma temeljijo na zdravili\u0161kem turizmu, to blagodejno klimo, mir in neokrnjeno naravo pa je [...]","protected":false},"author":1,"featured_media":0,"parent":0,"menu_order":0,"comment_status":"closed","ping_status":"closed","template":"","meta":{"footnotes":""},"class_list":["post-2805","page","type-page","status-publish","hentry"],"_links":{"self":[{"href":"https:\/\/www.ksalps.com\/en\/wp-json\/wp\/v2\/pages\/2805","targetHints":{"allow":["GET"]}}],"collection":[{"href":"https:\/\/www.ksalps.com\/en\/wp-json\/wp\/v2\/pages"}],"about":[{"href":"https:\/\/www.ksalps.com\/en\/wp-json\/wp\/v2\/types\/page"}],"author":[{"embeddable":true,"href":"https:\/\/www.ksalps.com\/en\/wp-json\/wp\/v2\/users\/1"}],"replies":[{"embeddable":true,"href":"https:\/\/www.ksalps.com\/en\/wp-json\/wp\/v2\/comments?post=2805"}],"version-history":[{"count":9,"href":"https:\/\/www.ksalps.com\/en\/wp-json\/wp\/v2\/pages\/2805\/revisions"}],"predecessor-version":[{"id":3272,"href":"https:\/\/www.ksalps.com\/en\/wp-json\/wp\/v2\/pages\/2805\/revisions\/3272"}],"wp:attachment":[{"href":"https:\/\/www.ksalps.com\/en\/wp-json\/wp\/v2\/media?parent=2805"}],"curies":[{"name":"wp","href":"https:\/\/api.w.org\/{rel}","templated":true}]}}