{"id":2801,"date":"2022-02-01T14:20:57","date_gmt":"2022-02-01T13:20:57","guid":{"rendered":"https:\/\/www.ksalps.com\/?page_id=2801"},"modified":"2022-12-10T21:16:27","modified_gmt":"2022-12-10T20:16:27","slug":"jezersko","status":"publish","type":"page","link":"https:\/\/www.ksalps.com\/en\/jezersko\/","title":{"rendered":"Jezersko"},"content":{"rendered":"<section class=\"wpb-content-wrapper\"><div data-vc-full-width=\"true\" data-vc-full-width-init=\"false\" class=\"vc_row wpb_row vc_row-fluid vc_custom_1667916163880 vc_row-has-fill vc_row-o-content-middle vc_row-flex\"><div class=\"wpb_column vc_column_container vc_col-sm-6\"><div class=\"vc_column-inner\"><div class=\"wpb_wrapper\">\n\t<div  class=\"wpb_single_image wpb_content_element vc_align_left\">\n\t\t\n\t\t<figure class=\"wpb_wrapper vc_figure\">\n\t\t\t<div class=\"vc_single_image-wrapper   vc_box_border_grey\"><img loading=\"lazy\" decoding=\"async\" width=\"2560\" height=\"1707\" src=\"https:\/\/www.ksalps.com\/wp-content\/uploads\/2022\/05\/Jezersko-scaled.jpg\" class=\"vc_single_image-img attachment-full\" alt=\"\" title=\"Jezersko\" srcset=\"https:\/\/www.ksalps.com\/wp-content\/uploads\/2022\/05\/Jezersko-scaled.jpg 2560w, https:\/\/www.ksalps.com\/wp-content\/uploads\/2022\/05\/Jezersko-300x200.jpg 300w, https:\/\/www.ksalps.com\/wp-content\/uploads\/2022\/05\/Jezersko-1024x683.jpg 1024w, https:\/\/www.ksalps.com\/wp-content\/uploads\/2022\/05\/Jezersko-768x512.jpg 768w, https:\/\/www.ksalps.com\/wp-content\/uploads\/2022\/05\/Jezersko-80x53.jpg 80w, https:\/\/www.ksalps.com\/wp-content\/uploads\/2022\/05\/Jezersko-1536x1024.jpg 1536w, https:\/\/www.ksalps.com\/wp-content\/uploads\/2022\/05\/Jezersko-2048x1365.jpg 2048w, https:\/\/www.ksalps.com\/wp-content\/uploads\/2022\/05\/Jezersko-18x12.jpg 18w\" sizes=\"auto, (max-width: 2560px) 100vw, 2560px\" \/><\/div>\n\t\t<\/figure>\n\t<\/div>\n<\/div><\/div><\/div><div class=\"wpb_column vc_column_container vc_col-sm-6\"><div class=\"vc_column-inner\"><div class=\"wpb_wrapper\"><h4 style=\"text-align: left\" class=\"vc_custom_heading\" >Jezersko, the first official Slovenian mountaineering village, lies in a green glacial valley embowered by the Kamnik-Savinja Alps.<\/h4>\n\t<div class=\"wpb_text_column wpb_content_element\" >\n\t\t<div class=\"wpb_wrapper\">\n\t\t\t<p>Crisscrossed with walking and climbing trails, it offers a cornucopia of activities. You can choose between walks and climbs of varying difficulties, both in summer and winter. Vast forests, meadows, clear streams, and well-preserved cultural heritage testify to a history of harmony between man and nature. Jezersko practices a sustainable approach to tourism while following the mountaineering tradition. Those visiting can be as active as they like in their free time without leaving a damaging footprint.<\/p>\n\n\t\t<\/div>\n\t<\/div>\n\n\t<div class=\"wpb_text_column wpb_content_element\" >\n\t\t<div class=\"wpb_wrapper\">\n\t\t\t<h5><a href=\"https:\/\/www.jezersko.info\/\">&gt; Read more<\/a><\/h5>\n\n\t\t<\/div>\n\t<\/div>\n<\/div><\/div><\/div><\/div><div class=\"vc_row-full-width vc_clearfix\"><\/div><div data-vc-full-width=\"true\" data-vc-full-width-init=\"false\" class=\"vc_row wpb_row vc_row-fluid vc_custom_1667916170785 vc_row-has-fill vc_row-o-content-middle vc_row-flex\"><div class=\"wpb_column vc_column_container vc_col-sm-6\"><div class=\"vc_column-inner\"><div class=\"wpb_wrapper\"><h4 style=\"text-align: left\" class=\"vc_custom_heading\" >Lake Plan\u0161ar, the heart-shaped lake, was dammed by the locals as a tribute to the original glacial lake after which the town was named.<\/h4>\n\t<div class=\"wpb_text_column wpb_content_element\" >\n\t\t<div class=\"wpb_wrapper\">\n\t\t\t<p>As a symbol of Jezersko, it is its most attractive sight and a popular walking destination among tourist as well as locals. Once there, you can recharge at the inn known for a delicious local cuisine. In summertime, you can enjoy the lake on a boat or paddle board, or you can just walk alongside it.<\/p>\n\n\t\t<\/div>\n\t<\/div>\n\n\t<div class=\"wpb_text_column wpb_content_element\" >\n\t\t<div class=\"wpb_wrapper\">\n\t\t\t<h5><a href=\"https:\/\/www.jezersko.info\/plansarsko-jezero.html\">&gt; Read more<\/a><\/h5>\n\n\t\t<\/div>\n\t<\/div>\n<\/div><\/div><\/div><div class=\"wpb_column vc_column_container vc_col-sm-6\"><div class=\"vc_column-inner\"><div class=\"wpb_wrapper\">\n\t<div  class=\"wpb_single_image wpb_content_element vc_align_left\">\n\t\t\n\t\t<figure class=\"wpb_wrapper vc_figure\">\n\t\t\t<div class=\"vc_single_image-wrapper   vc_box_border_grey\"><img loading=\"lazy\" decoding=\"async\" class=\"vc_single_image-img\" src=\"https:\/\/www.ksalps.com\/wp-content\/uploads\/2022\/05\/Jezero-800x500.jpg\" width=\"800\" height=\"500\" alt=\"Pohodni\u0161tvo\" title=\"Jezero\" \/><\/div>\n\t\t<\/figure>\n\t<\/div>\n<\/div><\/div><\/div><\/div><div class=\"vc_row-full-width vc_clearfix\"><\/div><div data-vc-full-width=\"true\" data-vc-full-width-init=\"false\" class=\"vc_row wpb_row vc_row-fluid vc_custom_1667916177726 vc_row-has-fill vc_row-o-content-middle vc_row-flex\"><div class=\"wpb_column vc_column_container vc_col-sm-6\"><div class=\"vc_column-inner\"><div class=\"wpb_wrapper\">\n\t<div  class=\"wpb_single_image wpb_content_element vc_align_left\">\n\t\t\n\t\t<figure class=\"wpb_wrapper vc_figure\">\n\t\t\t<div class=\"vc_single_image-wrapper   vc_box_border_grey\"><img loading=\"lazy\" decoding=\"async\" class=\"vc_single_image-img\" src=\"https:\/\/www.ksalps.com\/wp-content\/uploads\/2022\/05\/Smucanje-890x500.jpg\" width=\"890\" height=\"500\" alt=\"SONY DSC\" title=\"SONY DSC\" \/><\/div>\n\t\t<\/figure>\n\t<\/div>\n<\/div><\/div><\/div><div class=\"wpb_column vc_column_container vc_col-sm-6\"><div class=\"vc_column-inner\"><div class=\"wpb_wrapper\"><h4 style=\"text-align: left\" class=\"vc_custom_heading\" >Jezersko is a paradise for backcountry skiers and skilled mountaineers who like technically challenging descents or ice climbing.<\/h4>\n\t<div class=\"wpb_text_column wpb_content_element\" >\n\t\t<div class=\"wpb_wrapper\">\n\t\t\t<p>Cross-country ski enthusiasts can set off from Lake Plan\u0161ar, beside which an ice-skating rink is set up every winter. In recent years, Jezersko has become a cross-country ski center, with 15 kilometers of well-groomed trails. Others find fun exploring the area on snowshoes or on a sledding run.<\/p>\n\n\t\t<\/div>\n\t<\/div>\n\n\t<div class=\"wpb_text_column wpb_content_element\" >\n\t\t<div class=\"wpb_wrapper\">\n\t\t\t<h5><a href=\"https:\/\/park-jezersko.si\/\">&gt; Explore more<\/a><\/h5>\n\n\t\t<\/div>\n\t<\/div>\n<\/div><\/div><\/div><\/div><div class=\"vc_row-full-width vc_clearfix\"><\/div><div data-vc-full-width=\"true\" data-vc-full-width-init=\"false\" class=\"vc_row wpb_row vc_row-fluid vc_custom_1667916184430 vc_row-has-fill vc_row-o-content-middle vc_row-flex\"><div class=\"wpb_column vc_column_container vc_col-sm-6\"><div class=\"vc_column-inner\"><div class=\"wpb_wrapper\"><h4 style=\"text-align: left\" class=\"vc_custom_heading\" >Jezerska Slatina mineral water, known for its healing properties, comes to the surface above the Ankovo homestead in Jezersko.<\/h4>\n\t<div class=\"wpb_text_column wpb_content_element\" >\n\t\t<div class=\"wpb_wrapper\">\n\t\t\t<p>Its consumption is especially recommended for people suffering from cardiovascular diseases, while in neighboring \u017delezna Kapla and Germany it is also used medically as a bath. Today, the water once again enjoys the attention it deserves thanks to the Jezersko tourist industry, which promotes its use for the purposes of tourism.<\/p>\n\n\t\t<\/div>\n\t<\/div>\n\n\t<div class=\"wpb_text_column wpb_content_element\" >\n\t\t<div class=\"wpb_wrapper\">\n\t\t\t<h5><a href=\"https:\/\/www.jezersko.info\/izvir-mineralne-vode.html\">&gt; Read more<\/a><\/h5>\n\n\t\t<\/div>\n\t<\/div>\n<\/div><\/div><\/div><div class=\"wpb_column vc_column_container vc_col-sm-6\"><div class=\"vc_column-inner\"><div class=\"wpb_wrapper\">\n\t<div  class=\"wpb_single_image wpb_content_element vc_align_left\">\n\t\t\n\t\t<figure class=\"wpb_wrapper vc_figure\">\n\t\t\t<div class=\"vc_single_image-wrapper   vc_box_border_grey\"><img loading=\"lazy\" decoding=\"async\" class=\"vc_single_image-img\" src=\"https:\/\/www.ksalps.com\/wp-content\/uploads\/2022\/05\/Ankova-slapova-800x500.jpg\" width=\"800\" height=\"500\" alt=\"Ankova slapova\" title=\"Ankova slapova\" \/><\/div>\n\t\t<\/figure>\n\t<\/div>\n<\/div><\/div><\/div><\/div><div class=\"vc_row-full-width vc_clearfix\"><\/div><div data-vc-full-width=\"true\" data-vc-full-width-init=\"false\" class=\"vc_row wpb_row vc_row-fluid vc_custom_1667916191246 vc_row-has-fill vc_row-o-content-middle vc_row-flex\"><div class=\"wpb_column vc_column_container vc_col-sm-6\"><div class=\"vc_column-inner\"><div class=\"wpb_wrapper\">\n\t<div  class=\"wpb_single_image wpb_content_element vc_align_left\">\n\t\t\n\t\t<figure class=\"wpb_wrapper vc_figure\">\n\t\t\t<div class=\"vc_single_image-wrapper   vc_box_border_grey\"><img loading=\"lazy\" decoding=\"async\" class=\"vc_single_image-img\" src=\"https:\/\/www.ksalps.com\/wp-content\/uploads\/2022\/05\/Ceska-koca-800x500.jpg\" width=\"800\" height=\"500\" alt=\"\u010ce\u0161ka ko\u010da\" title=\"CZECH LODGE\" \/><\/div>\n\t\t<\/figure>\n\t<\/div>\n<\/div><\/div><\/div><div class=\"wpb_column vc_column_container vc_col-sm-6\"><div class=\"vc_column-inner\"><div class=\"wpb_wrapper\"><h4 style=\"text-align: left\" class=\"vc_custom_heading\" >Below the northern wall of Mount Grintovec stands the oldest mountain lodge in Slovenia, the Czech Lodge, which retains its original character.<\/h4>\n\t<div class=\"wpb_text_column wpb_content_element\" >\n\t\t<div class=\"wpb_wrapper\">\n\t\t\t<p>It was built by the Czech branch of the Slovenian Mountaineering Club. Its exterior resembles a typical Czech farmhouse adorned with some of the decorative elements found in Jezersko. It was built over the course of one year out of local larch. The lodge can be accessed via a relatively easy trail, only the final part of which requires hiking equipment and fitness. Alternatively, you can reach it via the first ferrata climbing path in the Slovenian Alps.<\/p>\n\n\t\t<\/div>\n\t<\/div>\n\n\t<div class=\"wpb_text_column wpb_content_element\" >\n\t\t<div class=\"wpb_wrapper\">\n\t\t\t<h5><a href=\"https:\/\/www.jezersko.info\/varno-v-ferate-nasveti-iz-prakse-05-09-2020.html\">&gt; Read more<\/a><\/h5>\n\n\t\t<\/div>\n\t<\/div>\n<\/div><\/div><\/div><\/div><div class=\"vc_row-full-width vc_clearfix\"><\/div>\n<\/section>","protected":false},"excerpt":{"rendered":"Jezersko je z vencem Kamni\u0161ko-Savinjskih Alp ograjena zelena ledeni\u0161ka dolina, ki je prva Gorni\u0161ka vas v Sloveniji. Ponuja bogastvo razli\u010dnih do\u017eivetij, saj je prepredeno s sprehajalnimi in planinskimi potmi. Ob pohodni\u0161kih u\u017eitkih vseh te\u017eavnosti pa omogo\u010da tudi bogat izbor plezalnih tur, tako poleti kot pozimi. Prostrani gozdovi, travniki in bistrost potokov ter ohranjeno bogastvo kulturne [...]","protected":false},"author":1,"featured_media":0,"parent":0,"menu_order":0,"comment_status":"closed","ping_status":"closed","template":"","meta":{"footnotes":""},"class_list":["post-2801","page","type-page","status-publish","hentry"],"_links":{"self":[{"href":"https:\/\/www.ksalps.com\/en\/wp-json\/wp\/v2\/pages\/2801","targetHints":{"allow":["GET"]}}],"collection":[{"href":"https:\/\/www.ksalps.com\/en\/wp-json\/wp\/v2\/pages"}],"about":[{"href":"https:\/\/www.ksalps.com\/en\/wp-json\/wp\/v2\/types\/page"}],"author":[{"embeddable":true,"href":"https:\/\/www.ksalps.com\/en\/wp-json\/wp\/v2\/users\/1"}],"replies":[{"embeddable":true,"href":"https:\/\/www.ksalps.com\/en\/wp-json\/wp\/v2\/comments?post=2801"}],"version-history":[{"count":16,"href":"https:\/\/www.ksalps.com\/en\/wp-json\/wp\/v2\/pages\/2801\/revisions"}],"predecessor-version":[{"id":3271,"href":"https:\/\/www.ksalps.com\/en\/wp-json\/wp\/v2\/pages\/2801\/revisions\/3271"}],"wp:attachment":[{"href":"https:\/\/www.ksalps.com\/en\/wp-json\/wp\/v2\/media?parent=2801"}],"curies":[{"name":"wp","href":"https:\/\/api.w.org\/{rel}","templated":true}]}}