{"id":2798,"date":"2022-02-01T14:10:28","date_gmt":"2022-02-01T13:10:28","guid":{"rendered":"https:\/\/www.ksalps.com\/?page_id=2798"},"modified":"2022-12-10T21:13:34","modified_gmt":"2022-12-10T20:13:34","slug":"cerklje-na-gorenjskem","status":"publish","type":"page","link":"https:\/\/www.ksalps.com\/en\/cerklje-na-gorenjskem\/","title":{"rendered":"Cerklje na Gorenjskem"},"content":{"rendered":"<section class=\"wpb-content-wrapper\"><div data-vc-full-width=\"true\" data-vc-full-width-init=\"false\" class=\"vc_row wpb_row vc_row-fluid vc_custom_1667916077473 vc_row-has-fill vc_row-o-content-middle vc_row-flex\"><div class=\"wpb_column vc_column_container vc_col-sm-6\"><div class=\"vc_column-inner\"><div class=\"wpb_wrapper\">\n\t<div  class=\"wpb_single_image wpb_content_element vc_align_left\">\n\t\t\n\t\t<figure class=\"wpb_wrapper vc_figure\">\n\t\t\t<div class=\"vc_single_image-wrapper   vc_box_border_grey\"><img loading=\"lazy\" decoding=\"async\" width=\"2560\" height=\"1449\" src=\"https:\/\/www.ksalps.com\/wp-content\/uploads\/2022\/05\/Cerklje-na-Gorenjskem-scaled.jpg\" class=\"vc_single_image-img attachment-full\" alt=\"\" title=\"Cerklje na Gorenjskem\" srcset=\"https:\/\/www.ksalps.com\/wp-content\/uploads\/2022\/05\/Cerklje-na-Gorenjskem-scaled.jpg 2560w, https:\/\/www.ksalps.com\/wp-content\/uploads\/2022\/05\/Cerklje-na-Gorenjskem-300x170.jpg 300w, https:\/\/www.ksalps.com\/wp-content\/uploads\/2022\/05\/Cerklje-na-Gorenjskem-1024x580.jpg 1024w, https:\/\/www.ksalps.com\/wp-content\/uploads\/2022\/05\/Cerklje-na-Gorenjskem-768x435.jpg 768w, https:\/\/www.ksalps.com\/wp-content\/uploads\/2022\/05\/Cerklje-na-Gorenjskem-80x45.jpg 80w, https:\/\/www.ksalps.com\/wp-content\/uploads\/2022\/05\/Cerklje-na-Gorenjskem-1536x869.jpg 1536w, https:\/\/www.ksalps.com\/wp-content\/uploads\/2022\/05\/Cerklje-na-Gorenjskem-2048x1159.jpg 2048w, https:\/\/www.ksalps.com\/wp-content\/uploads\/2022\/05\/Cerklje-na-Gorenjskem-18x10.jpg 18w\" sizes=\"auto, (max-width: 2560px) 100vw, 2560px\" \/><\/div>\n\t\t<\/figure>\n\t<\/div>\n<\/div><\/div><\/div><div class=\"wpb_column vc_column_container vc_col-sm-6\"><div class=\"vc_column-inner\"><div class=\"wpb_wrapper\"><h4 style=\"text-align: left\" class=\"vc_custom_heading\" >Just a stone\u2019s throw away from the airport, this town represents the first contact with Slovenia and its green alpine landscape.<\/h4>\n\t<div class=\"wpb_text_column wpb_content_element\" >\n\t\t<div class=\"wpb_wrapper\">\n\t\t\t<p>Lying at the juncture of the Ljubljana basin and Kamnik-Savinja Alps, Cerklje na Gorenjskem is the starting point of numerous hiking and biking trails. In addition to visiting places of worship, such as the former Dominican convent in Adergas and the Church of the Assumption of Mary in the center of the town, you can also stop by the Beekeeping Farm Museum, to learn about the evolution of beekeeping. A multiple recipient of the award for the most beautiful and hospitable municipality in Slovenia, Cerklje na Gorenjskem was also voted as the town with the best quality of life in 2018.<\/p>\n\n\t\t<\/div>\n\t<\/div>\n\n\t<div class=\"wpb_text_column wpb_content_element\" >\n\t\t<div class=\"wpb_wrapper\">\n\t\t\t<h5>&gt; <a href=\"https:\/\/www.visitcerklje.si\/\">Read more<\/a><\/h5>\n\n\t\t<\/div>\n\t<\/div>\n<\/div><\/div><\/div><\/div><div class=\"vc_row-full-width vc_clearfix\"><\/div><div data-vc-full-width=\"true\" data-vc-full-width-init=\"false\" class=\"vc_row wpb_row vc_row-fluid vc_custom_1667916085691 vc_row-has-fill vc_row-o-content-middle vc_row-flex\"><div class=\"wpb_column vc_column_container vc_col-sm-6\"><div class=\"vc_column-inner\"><div class=\"wpb_wrapper\"><h4 style=\"text-align: left\" class=\"vc_custom_heading\" >Krvavec is a mountain in the Kamnik-Savinja Alps located only 25 kilometers outside of Ljubljana, and best known for its ski resort.<\/h4>\n\t<div class=\"wpb_text_column wpb_content_element\" >\n\t\t<div class=\"wpb_wrapper\">\n\t\t\t<p>It is accessible by cable car and has around 26 kilometers  of ski trails and 13 ski lifts. Krvavec has a wide offering, ranging from ski school to backcountry skiing and night sledding. You can rent all the equipment for your favorite winter activity at the Krvavec Ski service center.<\/p>\n\n\t\t<\/div>\n\t<\/div>\n\n\t<div class=\"wpb_text_column wpb_content_element\" >\n\t\t<div class=\"wpb_wrapper\">\n\t\t\t<h5>&gt; <a href=\"https:\/\/www.rtc-krvavec.si\/krvavec-winter\">Explore more<\/a><\/h5>\n\n\t\t<\/div>\n\t<\/div>\n<\/div><\/div><\/div><div class=\"wpb_column vc_column_container vc_col-sm-6\"><div class=\"vc_column-inner\"><div class=\"wpb_wrapper\">\n\t<div  class=\"wpb_single_image wpb_content_element vc_align_left\">\n\t\t\n\t\t<figure class=\"wpb_wrapper vc_figure\">\n\t\t\t<div class=\"vc_single_image-wrapper   vc_box_border_grey\"><img loading=\"lazy\" decoding=\"async\" class=\"vc_single_image-img\" src=\"https:\/\/www.ksalps.com\/wp-content\/uploads\/2022\/05\/Krvavec-pozimi-scaled-890x500.jpg\" width=\"890\" height=\"500\" alt=\"Krvavec pozimi\" title=\"Krvavec pozimi\" \/><\/div>\n\t\t<\/figure>\n\t<\/div>\n<\/div><\/div><\/div><\/div><div class=\"vc_row-full-width vc_clearfix\"><\/div><div data-vc-full-width=\"true\" data-vc-full-width-init=\"false\" class=\"vc_row wpb_row vc_row-fluid vc_custom_1667916093417 vc_row-has-fill vc_row-o-content-middle vc_row-flex\"><div class=\"wpb_column vc_column_container vc_col-sm-6\"><div class=\"vc_column-inner\"><div class=\"wpb_wrapper\">\n\t<div  class=\"wpb_single_image wpb_content_element vc_align_left\">\n\t\t\n\t\t<figure class=\"wpb_wrapper vc_figure\">\n\t\t\t<div class=\"vc_single_image-wrapper   vc_box_border_grey\"><img loading=\"lazy\" decoding=\"async\" class=\"vc_single_image-img\" src=\"https:\/\/www.ksalps.com\/wp-content\/uploads\/2022\/05\/Krvavec-poleti-scaled-890x500.jpg\" width=\"890\" height=\"500\" alt=\"Krvavec poleti\" title=\"Krvavec poleti\" \/><\/div>\n\t\t<\/figure>\n\t<\/div>\n<\/div><\/div><\/div><div class=\"wpb_column vc_column_container vc_col-sm-6\"><div class=\"vc_column-inner\"><div class=\"wpb_wrapper\"><h4 style=\"text-align: left\" class=\"vc_custom_heading\" >Krvavec also offers a plethora of activities in summertime.<\/h4>\n\t<div class=\"wpb_text_column wpb_content_element\" >\n\t\t<div class=\"wpb_wrapper\">\n\t\t\t<p>Visit the adventure park in the forest and enjoy the adrenaline obstacle course. Its varying levels of difficulty make it fun for the whole family. Visitors of all ages can take on a climbing tower, slide on an inner tube or play frisbee golf. Krvavec is also a popular hiking and biking destination, boasting one of Europe\u2019s top bike parks.<\/p>\n\n\t\t<\/div>\n\t<\/div>\n\n\t<div class=\"wpb_text_column wpb_content_element\" >\n\t\t<div class=\"wpb_wrapper\">\n\t\t\t<h5>&gt; <a href=\"https:\/\/www.rtc-krvavec.si\/si\/dozivetje\/pustolovski-park\">Explore more<\/a><\/h5>\n\n\t\t<\/div>\n\t<\/div>\n<\/div><\/div><\/div><\/div><div class=\"vc_row-full-width vc_clearfix\"><\/div><div data-vc-full-width=\"true\" data-vc-full-width-init=\"false\" class=\"vc_row wpb_row vc_row-fluid vc_custom_1667916100751 vc_row-has-fill vc_row-o-content-middle vc_row-flex\"><div class=\"wpb_column vc_column_container vc_col-sm-6\"><div class=\"vc_column-inner\"><div class=\"wpb_wrapper\"><h4 style=\"text-align: left\" class=\"vc_custom_heading\" >Shrouded in mystery, Strmol Castle is one of the oldest preserved specimens in Slovenia and among the most beautiful for weddings.<\/h4>\n\t<div class=\"wpb_text_column wpb_content_element\" >\n\t\t<div class=\"wpb_wrapper\">\n\t\t\t<p>You will be immediately enchanted by its romantic appearance and its beautiful landscaping. Named after its first owners, the Strmol family, it is one of the few castles to retain a Slovenian name. Carefully selected prewar furniture, works of art and other invaluable objects found at every step tell the stories of the past, while creating a pleasant ambient.<\/p>\n\n\t\t<\/div>\n\t<\/div>\n\n\t<div class=\"wpb_text_column wpb_content_element\" >\n\t\t<div class=\"wpb_wrapper\">\n\t\t\t<h5>&gt; <a href=\"https:\/\/brdo.si\/objekti\/grad-strmol-2\/\">Read more<\/a><\/h5>\n\n\t\t<\/div>\n\t<\/div>\n<\/div><\/div><\/div><div class=\"wpb_column vc_column_container vc_col-sm-6\"><div class=\"vc_column-inner\"><div class=\"wpb_wrapper\">\n\t<div  class=\"wpb_single_image wpb_content_element vc_align_left\">\n\t\t\n\t\t<figure class=\"wpb_wrapper vc_figure\">\n\t\t\t<div class=\"vc_single_image-wrapper   vc_box_border_grey\"><img loading=\"lazy\" decoding=\"async\" class=\"vc_single_image-img\" src=\"https:\/\/www.ksalps.com\/wp-content\/uploads\/2022\/05\/Grad-Strmol-scaled-890x500.jpg\" width=\"890\" height=\"500\" alt=\"Grad Strmol\" title=\"Grad Strmol\" \/><\/div>\n\t\t<\/figure>\n\t<\/div>\n<\/div><\/div><\/div><\/div><div class=\"vc_row-full-width vc_clearfix\"><\/div><div data-vc-full-width=\"true\" data-vc-full-width-init=\"false\" class=\"vc_row wpb_row vc_row-fluid vc_custom_1667916107411 vc_row-has-fill vc_row-o-content-middle vc_row-flex\"><div class=\"wpb_column vc_column_container vc_col-sm-6\"><div class=\"vc_column-inner\"><div class=\"wpb_wrapper\">\n\t<div  class=\"wpb_single_image wpb_content_element vc_align_left\">\n\t\t\n\t\t<figure class=\"wpb_wrapper vc_figure\">\n\t\t\t<div class=\"vc_single_image-wrapper   vc_box_border_grey\"><img loading=\"lazy\" decoding=\"async\" class=\"vc_single_image-img\" src=\"https:\/\/www.ksalps.com\/wp-content\/uploads\/2022\/11\/Dvor-Jezersek_Galerija_Seminarji_O-postavitev1_foto-Matic-Kremzar-890x500.jpg\" width=\"890\" height=\"500\" alt=\"Dvor Jezersek_Galerija_Seminarji_O postavitev1_foto Matic Kremzar\" title=\"Dvor Jezersek_Galerija_Seminarji_O postavitev1_foto Matic Kremzar\" \/><\/div>\n\t\t<\/figure>\n\t<\/div>\n<\/div><\/div><\/div><div class=\"wpb_column vc_column_container vc_col-sm-6\"><div class=\"vc_column-inner\"><div class=\"wpb_wrapper\"><h4 style=\"text-align: left\" class=\"vc_custom_heading\" >Just outside of Cerklje na Gorenjskem lies a culinary center run by one of the most renowned hosts of the MasterChef cooking show, Luka Jezer\u0161ek.<\/h4>\n\t<div class=\"wpb_text_column wpb_content_element\" >\n\t\t<div class=\"wpb_wrapper\">\n\t\t\t<p>This homestead, with over 250 years of history, includes a conference center, hotel, cooking academy and a restaurant, which will delight you with outstanding Slovenian dishes. To top it off, it is also a popular spot for weddings.<\/p>\n\n\t\t<\/div>\n\t<\/div>\n\n\t<div class=\"wpb_text_column wpb_content_element\" >\n\t\t<div class=\"wpb_wrapper\">\n\t\t\t<h5>&gt; <a href=\"https:\/\/www.jezersek.si\/si\/lokacije\/dvor-jezersek\">Visit Dvor Jezer\u0161ek<\/a><\/h5>\n\n\t\t<\/div>\n\t<\/div>\n<\/div><\/div><\/div><\/div><div class=\"vc_row-full-width vc_clearfix\"><\/div>\n<\/section>","protected":false},"excerpt":{"rendered":"Kraj predstavlja prvi stik s Slovenijo in njeno zeleno alpsko pokrajino, saj se nahaja nedale\u010d od najve\u010djega slovenskega letali\u0161\u010da. Na sti\u010di\u0161\u010du Ljubljanske kotline in alpskega sveta Kamni\u0161ko-Savinjskih Alp so Cerklje na Gorenjskem izhodi\u0161\u010de \u0161tevilnih pohodni\u0161kih in kolesarskih poti. Poleg \u0161tevilnih sakralnih objektov, kot sta nekdanji samostan dominikank v Adregasu in cerkev Marijinega Vnebovzetja v sredi\u0161\u010du [...]","protected":false},"author":1,"featured_media":0,"parent":0,"menu_order":0,"comment_status":"closed","ping_status":"closed","template":"","meta":{"footnotes":""},"class_list":["post-2798","page","type-page","status-publish","hentry"],"_links":{"self":[{"href":"https:\/\/www.ksalps.com\/en\/wp-json\/wp\/v2\/pages\/2798","targetHints":{"allow":["GET"]}}],"collection":[{"href":"https:\/\/www.ksalps.com\/en\/wp-json\/wp\/v2\/pages"}],"about":[{"href":"https:\/\/www.ksalps.com\/en\/wp-json\/wp\/v2\/types\/page"}],"author":[{"embeddable":true,"href":"https:\/\/www.ksalps.com\/en\/wp-json\/wp\/v2\/users\/1"}],"replies":[{"embeddable":true,"href":"https:\/\/www.ksalps.com\/en\/wp-json\/wp\/v2\/comments?post=2798"}],"version-history":[{"count":11,"href":"https:\/\/www.ksalps.com\/en\/wp-json\/wp\/v2\/pages\/2798\/revisions"}],"predecessor-version":[{"id":3270,"href":"https:\/\/www.ksalps.com\/en\/wp-json\/wp\/v2\/pages\/2798\/revisions\/3270"}],"wp:attachment":[{"href":"https:\/\/www.ksalps.com\/en\/wp-json\/wp\/v2\/media?parent=2798"}],"curies":[{"name":"wp","href":"https:\/\/api.w.org\/{rel}","templated":true}]}}