{"id":2783,"date":"2022-01-04T16:50:21","date_gmt":"2022-01-04T15:50:21","guid":{"rendered":"https:\/\/www.ksalps.com\/?page_id=2783"},"modified":"2022-12-10T21:12:10","modified_gmt":"2022-12-10T20:12:10","slug":"kamnik","status":"publish","type":"page","link":"https:\/\/www.ksalps.com\/en\/kamnik\/","title":{"rendered":"Kamnik"},"content":{"rendered":"<section class=\"wpb-content-wrapper\"><div data-vc-full-width=\"true\" data-vc-full-width-init=\"false\" class=\"vc_row wpb_row vc_row-fluid vc_custom_1667915985056 vc_row-has-fill vc_row-o-content-middle vc_row-flex\"><div class=\"wpb_column vc_column_container vc_col-sm-6\"><div class=\"vc_column-inner\"><div class=\"wpb_wrapper\">\n\t<div  class=\"wpb_single_image wpb_content_element vc_align_left\">\n\t\t\n\t\t<figure class=\"wpb_wrapper vc_figure\">\n\t\t\t<div class=\"vc_single_image-wrapper   vc_box_border_grey\"><img loading=\"lazy\" decoding=\"async\" width=\"2560\" height=\"1920\" src=\"https:\/\/www.ksalps.com\/wp-content\/uploads\/2022\/05\/Kamnik-Slika-1-scaled.bmp\" class=\"vc_single_image-img attachment-full\" alt=\"\" title=\"Kamnik Slika 1\" srcset=\"https:\/\/www.ksalps.com\/wp-content\/uploads\/2022\/05\/Kamnik-Slika-1-scaled.bmp 2560w, https:\/\/www.ksalps.com\/wp-content\/uploads\/2022\/05\/Kamnik-Slika-1-300x225.jpg 300w, https:\/\/www.ksalps.com\/wp-content\/uploads\/2022\/05\/Kamnik-Slika-1-1024x768.jpg 1024w, https:\/\/www.ksalps.com\/wp-content\/uploads\/2022\/05\/Kamnik-Slika-1-768x576.jpg 768w, https:\/\/www.ksalps.com\/wp-content\/uploads\/2022\/05\/Kamnik-Slika-1-80x60.jpg 80w, https:\/\/www.ksalps.com\/wp-content\/uploads\/2022\/05\/Kamnik-Slika-1-1536x1152.jpg 1536w, https:\/\/www.ksalps.com\/wp-content\/uploads\/2022\/05\/Kamnik-Slika-1-2048x1536.jpg 2048w, https:\/\/www.ksalps.com\/wp-content\/uploads\/2022\/05\/Kamnik-Slika-1-16x12.jpg 16w\" sizes=\"auto, (max-width: 2560px) 100vw, 2560px\" \/><\/div>\n\t\t<\/figure>\n\t<\/div>\n<\/div><\/div><\/div><div class=\"wpb_column vc_column_container vc_col-sm-6\"><div class=\"vc_column-inner\"><div class=\"wpb_wrapper\"><h4 style=\"text-align: left\" class=\"vc_custom_heading\" >The town of Kamnik lies at the foot of the Kamnik-Savinja Alps and is one of the most beautiful medieval towns in Slovenia.<\/h4>\n\t<div class=\"wpb_text_column wpb_content_element\" >\n\t\t<div class=\"wpb_wrapper\">\n\t\t\t<p>It was first documented in 1229, well after two of its castles. Atop the town hill sits Mali Grad (Little Castle), of which only the Romanesque chapel is preserved. The ruins left behind from Stari Grad (Old Castle) are, today, a popular hiking destination, rewarding visitors with breathtaking views. Kamnik boasts a Franciscan Monastery, known for its exceptionally rich library, while the town\u2019s wonderful architectural heritage is a testament to the era when Kamnik was the capital of Carniola. Kamnik was awarded the Slovenia Green Destination Gold label.<\/p>\n\n\t\t<\/div>\n\t<\/div>\n\n\t<div class=\"wpb_text_column wpb_content_element\" >\n\t\t<div class=\"wpb_wrapper\">\n\t\t\t<h5>&gt; <a href=\"https:\/\/www.visitkamnik.com\/sl\/top-atrakcije\/kamnik\">Explore more<\/a><\/h5>\n\n\t\t<\/div>\n\t<\/div>\n<\/div><\/div><\/div><\/div><div class=\"vc_row-full-width vc_clearfix\"><\/div><div data-vc-full-width=\"true\" data-vc-full-width-init=\"false\" class=\"vc_row wpb_row vc_row-fluid vc_custom_1667915992051 vc_row-has-fill vc_row-o-content-middle vc_row-flex\"><div class=\"wpb_column vc_column_container vc_col-sm-6\"><div class=\"vc_column-inner\"><div class=\"wpb_wrapper\"><h4 style=\"text-align: left\" class=\"vc_custom_heading\" >Velika Planina is an easily accessible Karst plateau offering views of the highest peaks in the Kamnik-Savinja Alps, as well as views to Ljubljana and beyond.<\/h4>\n\t<div class=\"wpb_text_column wpb_content_element\" >\n\t\t<div class=\"wpb_wrapper\">\n\t\t\t<p style=\"text-align: left;\">The shepherds\u2019 settlement atop the plateau, which attracts visitors throughout the year, is one of very few preserved settlements of this size in Europe. It is known for its distinctive architecture which has become a symbol of Velika Planina. The settlement comes to life especially in June when huts are occupied by herdsmen who pasture their cattle there until September. They are happy to invite passers-by for a proper herdsman\u2019s snack, a bowl of sour milk and spoonbread.<\/p>\n\n\t\t<\/div>\n\t<\/div>\n\n\t<div class=\"wpb_text_column wpb_content_element\" >\n\t\t<div class=\"wpb_wrapper\">\n\t\t\t<h5 style=\"text-align: left;\">&gt; <a href=\"https:\/\/www.visitkamnik.com\/sl\/top-atrakcije\/kamnik\">Explore more<\/a><\/h5>\n\n\t\t<\/div>\n\t<\/div>\n<\/div><\/div><\/div><div class=\"wpb_column vc_column_container vc_col-sm-6\"><div class=\"vc_column-inner\"><div class=\"wpb_wrapper\">\n\t<div  class=\"wpb_single_image wpb_content_element vc_align_left\">\n\t\t\n\t\t<figure class=\"wpb_wrapper vc_figure\">\n\t\t\t<div class=\"vc_single_image-wrapper   vc_box_border_grey\"><img loading=\"lazy\" decoding=\"async\" class=\"vc_single_image-img\" src=\"https:\/\/www.ksalps.com\/wp-content\/uploads\/2021\/12\/hero_image-890x500.jpg\" width=\"890\" height=\"500\" alt=\"Velika planina\" title=\"Velika planina\" \/><\/div>\n\t\t<\/figure>\n\t<\/div>\n<\/div><\/div><\/div><\/div><div class=\"vc_row-full-width vc_clearfix\"><\/div><div data-vc-full-width=\"true\" data-vc-full-width-init=\"false\" class=\"vc_row wpb_row vc_row-fluid vc_custom_1667915998648 vc_row-has-fill vc_row-o-content-middle vc_row-flex\"><div class=\"wpb_column vc_column_container vc_col-sm-6\"><div class=\"vc_column-inner\"><div class=\"wpb_wrapper\">\n\t<div  class=\"wpb_single_image wpb_content_element vc_align_left\">\n\t\t\n\t\t<figure class=\"wpb_wrapper vc_figure\">\n\t\t\t<div class=\"vc_single_image-wrapper   vc_box_border_grey\"><img loading=\"lazy\" decoding=\"async\" class=\"vc_single_image-img\" src=\"https:\/\/www.ksalps.com\/wp-content\/uploads\/2022\/05\/2_Soteska-Predaselj-Kamniska-Bistrica_Bostjan-Tacol_Sklop-1-scaled-890x500.jpg\" width=\"890\" height=\"500\" alt=\"2_Soteska Predaselj - Kamni\u0161ka Bistrica_Bo\u0161tjan Tacol_Sklop 1\" title=\"2_Soteska Predaselj - Kamni\u0161ka Bistrica_Bo\u0161tjan Tacol_Sklop 1\" \/><\/div>\n\t\t<\/figure>\n\t<\/div>\n<\/div><\/div><\/div><div class=\"wpb_column vc_column_container vc_col-sm-6\"><div class=\"vc_column-inner\"><div class=\"wpb_wrapper\"><h4 style=\"text-align: left\" class=\"vc_custom_heading\" >Named after the river running through it, Kamni\u0161ka Bistrica Valley lies at the heart of the Kamnik-Savinja Alps.<\/h4>\n\t<div class=\"wpb_text_column wpb_content_element\" >\n\t\t<div class=\"wpb_wrapper\">\n\t\t\t<p>The perfect point of departure for trips into the mountains, the valley\u2019s most interesting sights include: the source of the river, where you will find a small lake, a 30-meter canyon called Predaselj and a small torrential waterfall called Orglice (or Orli\u010dje). The valley can be traversed via Ko\u017eelj Trail, the most beautiful part of which runs from the cable car station at the base of Velika Planina past a hunting lodge designed by Ple\u010dnik, Slovenia\u2019s greatest architect, and ends at Dom in Kamni\u0161ka Bistrica. The river provides clean, potable water with which to refresh yourself along the way.<\/p>\n\n\t\t<\/div>\n\t<\/div>\n\n\t<div class=\"wpb_text_column wpb_content_element\" >\n\t\t<div class=\"wpb_wrapper\">\n\t\t\t<h5><a href=\"https:\/\/www.visitkamnik.com\/sl\/top-atrakcije\/dolina-kamniske-bistrice_3\">Read more<\/a><\/h5>\n\n\t\t<\/div>\n\t<\/div>\n<\/div><\/div><\/div><\/div><div class=\"vc_row-full-width vc_clearfix\"><\/div><div data-vc-full-width=\"true\" data-vc-full-width-init=\"false\" class=\"vc_row wpb_row vc_row-fluid vc_custom_1667916005688 vc_row-has-fill vc_row-o-content-middle vc_row-flex\"><div class=\"wpb_column vc_column_container vc_col-sm-6\"><div class=\"vc_column-inner\"><div class=\"wpb_wrapper\"><h4 style=\"text-align: left\" class=\"vc_custom_heading\" >Vol\u010dji Potok Arboretum botanical garden is a cultural monument of national importance, comprising of 85 hectares of land, 5,000 trees, 1,000 types of roses and as many as 2 million tulips, one for each Slovenian.<\/h4>\n\t<div class=\"wpb_text_column wpb_content_element\" >\n\t\t<div class=\"wpb_wrapper\">\n\t\t\t<p style=\"text-align: left;\">Gorgeous in all seasons, the park is a popular promenade and is especially beloved by families, thanks to the large playground for children. One of its most recognizable features is a French garden designed by a former owner, Leon Souvan. In addition to the permanent life-sized dinosaur and whale exhibitions, the park also hosts other well-attended events throughout the year.<\/p>\n\n\t\t<\/div>\n\t<\/div>\n\n\t<div class=\"wpb_text_column wpb_content_element\" >\n\t\t<div class=\"wpb_wrapper\">\n\t\t\t<h5 style=\"text-align: left;\">&gt; <a href=\"https:\/\/www.arboretum.si\/\">Explore more<\/a><\/h5>\n\n\t\t<\/div>\n\t<\/div>\n<\/div><\/div><\/div><div class=\"wpb_column vc_column_container vc_col-sm-6\"><div class=\"vc_column-inner\"><div class=\"wpb_wrapper\">\n\t<div  class=\"wpb_single_image wpb_content_element vc_align_left\">\n\t\t\n\t\t<figure class=\"wpb_wrapper vc_figure\">\n\t\t\t<div class=\"vc_single_image-wrapper   vc_box_border_grey\"><img loading=\"lazy\" decoding=\"async\" class=\"vc_single_image-img\" src=\"https:\/\/www.ksalps.com\/wp-content\/uploads\/2022\/05\/Kamnik-Slika-2-scaled-890x500.jpg\" width=\"890\" height=\"500\" alt=\"Kamnik Slika 2\" title=\"Kamnik Slika 2\" \/><\/div>\n\t\t<\/figure>\n\t<\/div>\n<\/div><\/div><\/div><\/div><div class=\"vc_row-full-width vc_clearfix\"><\/div><div data-vc-full-width=\"true\" data-vc-full-width-init=\"false\" class=\"vc_row wpb_row vc_row-fluid vc_custom_1667916015488 vc_row-has-fill vc_row-o-content-middle vc_row-flex\"><div class=\"wpb_column vc_column_container vc_col-sm-6\"><div class=\"vc_column-inner\"><div class=\"wpb_wrapper\">\n\t<div  class=\"wpb_single_image wpb_content_element vc_align_left\">\n\t\t\n\t\t<figure class=\"wpb_wrapper vc_figure\">\n\t\t\t<div class=\"vc_single_image-wrapper   vc_box_border_grey\"><img loading=\"lazy\" decoding=\"async\" class=\"vc_single_image-img\" src=\"https:\/\/www.ksalps.com\/wp-content\/uploads\/2022\/05\/Snovik-890x500.jpg\" width=\"890\" height=\"500\" alt=\"Snovik\" title=\"Snovik\" \/><\/div>\n\t\t<\/figure>\n\t<\/div>\n<\/div><\/div><\/div><div class=\"wpb_column vc_column_container vc_col-sm-6\"><div class=\"vc_column-inner\"><div class=\"wpb_wrapper\"><h4 style=\"text-align: left\" class=\"vc_custom_heading\" >The Tuhinj Valley was once an important trade route between Aquileia and Vienna.<\/h4>\n\t<div class=\"wpb_text_column wpb_content_element\" >\n\t\t<div class=\"wpb_wrapper\">\n\t\t\t<p>Today, it is scattered with countless tiny villages and boasts rich ethnological heritage, such as hayracks or kozolci, granaries and farms, which are well taken care of by the locals. Off the main road in one of the side valleys lies the sustainable Snovik Thermal Spa, the highest-lying spa by elevation. Tuhinj Valley has many points of interest you should visit, including St. Nicholas church in Gora, \u0160pitali\u010d and Motnik villages and Menina Planina Karst plateau.<\/p>\n\n\t\t<\/div>\n\t<\/div>\n\n\t<div class=\"wpb_text_column wpb_content_element\" >\n\t\t<div class=\"wpb_wrapper\">\n\t\t\t<h5>&gt; <a href=\"https:\/\/www.arboretum.si\/\">Visit Snovik Spa<\/a><\/h5>\n\n\t\t<\/div>\n\t<\/div>\n<\/div><\/div><\/div><\/div><div class=\"vc_row-full-width vc_clearfix\"><\/div>\n<\/section>","protected":false},"excerpt":{"rendered":"Kamnik je mesto v naro\u010dju Kamni\u0161ko-Savinjskih Alp, ki velja za eno najlep\u0161ih srednjeve\u0161kih mest v Sloveniji. V pisnih virih se prvi\u010d omenja leta 1229, njegova gradova pa \u017ee prej. Na mestni vzpetini stoji Mali grad, od katerega je ohranjena le romanska kapela, ru\u0161evine nekdanjega Starega gradu pa danes predstavljajo dobro obiskano pohodno to\u010dko, s \u010dudovitim [...]","protected":false},"author":1,"featured_media":0,"parent":0,"menu_order":0,"comment_status":"closed","ping_status":"closed","template":"","meta":{"footnotes":""},"class_list":["post-2783","page","type-page","status-publish","hentry"],"_links":{"self":[{"href":"https:\/\/www.ksalps.com\/en\/wp-json\/wp\/v2\/pages\/2783","targetHints":{"allow":["GET"]}}],"collection":[{"href":"https:\/\/www.ksalps.com\/en\/wp-json\/wp\/v2\/pages"}],"about":[{"href":"https:\/\/www.ksalps.com\/en\/wp-json\/wp\/v2\/types\/page"}],"author":[{"embeddable":true,"href":"https:\/\/www.ksalps.com\/en\/wp-json\/wp\/v2\/users\/1"}],"replies":[{"embeddable":true,"href":"https:\/\/www.ksalps.com\/en\/wp-json\/wp\/v2\/comments?post=2783"}],"version-history":[{"count":22,"href":"https:\/\/www.ksalps.com\/en\/wp-json\/wp\/v2\/pages\/2783\/revisions"}],"predecessor-version":[{"id":3269,"href":"https:\/\/www.ksalps.com\/en\/wp-json\/wp\/v2\/pages\/2783\/revisions\/3269"}],"wp:attachment":[{"href":"https:\/\/www.ksalps.com\/en\/wp-json\/wp\/v2\/media?parent=2783"}],"curies":[{"name":"wp","href":"https:\/\/api.w.org\/{rel}","templated":true}]}}