{"id":2748,"date":"2022-01-04T04:01:06","date_gmt":"2022-01-04T03:01:06","guid":{"rendered":"https:\/\/www.ksalps.com\/?page_id=2748"},"modified":"2025-08-19T22:08:35","modified_gmt":"2025-08-19T20:08:35","slug":"destinacije","status":"publish","type":"page","link":"https:\/\/www.ksalps.com\/en\/destinacije\/","title":{"rendered":"Destinations"},"content":{"rendered":"<section class=\"wpb-content-wrapper\"><div data-vc-full-width=\"true\" data-vc-full-width-init=\"false\" class=\"vc_row wpb_row vc_row-fluid vc_custom_1682026483484 vc_row-has-fill\"><div class=\"wpb_column vc_column_container vc_col-sm-12\"><div class=\"vc_column-inner\"><div class=\"wpb_wrapper\">\n\t<div class=\"wpb_text_column wpb_content_element\" >\n\t\t<div class=\"wpb_wrapper\">\n\t\t\t<h4 style=\"text-align: center;\">Explore the region of the Kamnik-Savinja Alps, the land of welcoming and kind but resolute people.<\/h4>\n\n\t\t<\/div>\n\t<\/div>\n<div class=\"vc_row wpb_row vc_inner vc_row-fluid\"><div class=\"wpb_column vc_column_container vc_col-sm-4\"><div class=\"vc_column-inner\"><div class=\"wpb_wrapper\">\n\t<div  class=\"wpb_single_image wpb_content_element vc_align_center\">\n\t\t\n\t\t<figure class=\"wpb_wrapper vc_figure\">\n\t\t\t<a href=\"https:\/\/www.ksalps.com\/en\/kamnik\/\" target=\"_self\" class=\"vc_single_image-wrapper   vc_box_border_grey\"><img loading=\"lazy\" decoding=\"async\" class=\"vc_single_image-img\" src=\"https:\/\/www.ksalps.com\/wp-content\/uploads\/2018\/04\/kamnik-900x600.jpg\" width=\"900\" height=\"600\" alt=\"kamnik\" title=\"kamnik\" \/><\/a>\n\t\t<\/figure>\n\t<\/div>\n\n\t<div class=\"wpb_text_column wpb_content_element  vc_custom_1682117597535\" >\n\t\t<div class=\"wpb_wrapper\">\n\t\t\t<h4 style=\"text-align: center;\"><a href=\"https:\/\/www.ksalps.com\/en\/kamnik\/\"><span style=\"color: #ffffff;\">Kamnik<\/span><\/a><\/h4>\n\n\t\t<\/div>\n\t<\/div>\n<\/div><\/div><\/div><div class=\"wpb_column vc_column_container vc_col-sm-4\"><div class=\"vc_column-inner\"><div class=\"wpb_wrapper\">\n\t<div  class=\"wpb_single_image wpb_content_element vc_align_center\">\n\t\t\n\t\t<figure class=\"wpb_wrapper vc_figure\">\n\t\t\t<a href=\"https:\/\/www.ksalps.com\/en\/luce\/\" target=\"_self\" class=\"vc_single_image-wrapper   vc_box_border_grey\"><img loading=\"lazy\" decoding=\"async\" class=\"vc_single_image-img\" src=\"https:\/\/www.ksalps.com\/wp-content\/uploads\/2021\/12\/DJI_0252-1.jpg\" width=\"800\" height=\"533\" alt=\"DJI_0252\" title=\"DJI_0252\" \/><\/a>\n\t\t<\/figure>\n\t<\/div>\n\n\t<div class=\"wpb_text_column wpb_content_element  vc_custom_1682117603307\" >\n\t\t<div class=\"wpb_wrapper\">\n\t\t\t<h4 style=\"text-align: center;\"><a href=\"https:\/\/www.ksalps.com\/en\/luce\/\"><span style=\"color: #ffffff;\">Lu\u010de<\/span><\/a><\/h4>\n\n\t\t<\/div>\n\t<\/div>\n<\/div><\/div><\/div><div class=\"wpb_column vc_column_container vc_col-sm-4\"><div class=\"vc_column-inner\"><div class=\"wpb_wrapper\">\n\t<div  class=\"wpb_single_image wpb_content_element vc_align_center\">\n\t\t\n\t\t<figure class=\"wpb_wrapper vc_figure\">\n\t\t\t<a href=\"https:\/\/www.ksalps.com\/en\/preddvor\/\" target=\"_self\" class=\"vc_single_image-wrapper   vc_box_border_grey\"><img loading=\"lazy\" decoding=\"async\" class=\"vc_single_image-img\" src=\"https:\/\/www.ksalps.com\/wp-content\/uploads\/2021\/12\/PREDDVOR_2-1.jpg\" width=\"800\" height=\"533\" alt=\"PREDDVOR_2\" title=\"PREDDVOR_2\" \/><\/a>\n\t\t<\/figure>\n\t<\/div>\n\n\t<div class=\"wpb_text_column wpb_content_element  vc_custom_1682117609601\" >\n\t\t<div class=\"wpb_wrapper\">\n\t\t\t<h4 style=\"text-align: center;\"><a href=\"https:\/\/www.ksalps.com\/en\/preddvor\/\"><span style=\"color: #ffffff;\">Preddvor<\/span><\/a><\/h4>\n\n\t\t<\/div>\n\t<\/div>\n<\/div><\/div><\/div><\/div><div class=\"vc_row wpb_row vc_inner vc_row-fluid\"><div class=\"wpb_column vc_column_container vc_col-sm-4\"><div class=\"vc_column-inner\"><div class=\"wpb_wrapper\">\n\t<div  class=\"wpb_single_image wpb_content_element vc_align_center\">\n\t\t\n\t\t<figure class=\"wpb_wrapper vc_figure\">\n\t\t\t<a href=\"https:\/\/www.ksalps.com\/en\/jezersko\/\" target=\"_self\" class=\"vc_single_image-wrapper   vc_box_border_grey\"><img loading=\"lazy\" decoding=\"async\" class=\"vc_single_image-img\" src=\"https:\/\/www.ksalps.com\/wp-content\/uploads\/2021\/12\/JEZERSKO_6-1.jpg\" width=\"800\" height=\"533\" alt=\"JEZERSKO_6\" title=\"JEZERSKO_6\" \/><\/a>\n\t\t<\/figure>\n\t<\/div>\n\n\t<div class=\"wpb_text_column wpb_content_element  vc_custom_1682117616897\" >\n\t\t<div class=\"wpb_wrapper\">\n\t\t\t<h4 style=\"text-align: center;\"><a href=\"https:\/\/www.ksalps.com\/en\/jezersko\/\"><span style=\"color: #ffffff;\">Jezersko<\/span><\/a><\/h4>\n\n\t\t<\/div>\n\t<\/div>\n<\/div><\/div><\/div><div class=\"wpb_column vc_column_container vc_col-sm-4\"><div class=\"vc_column-inner\"><div class=\"wpb_wrapper\">\n\t<div  class=\"wpb_single_image wpb_content_element vc_align_center\">\n\t\t\n\t\t<figure class=\"wpb_wrapper vc_figure\">\n\t\t\t<a href=\"https:\/\/www.ksalps.com\/en\/solcava\/\" target=\"_self\" class=\"vc_single_image-wrapper   vc_box_border_grey\"><img loading=\"lazy\" decoding=\"async\" class=\"vc_single_image-img\" src=\"https:\/\/www.ksalps.com\/wp-content\/uploads\/2021\/12\/SOLCAVA_3-1.jpg\" width=\"800\" height=\"533\" alt=\"SOLCAVA_3\" title=\"SOLCAVA_3\" \/><\/a>\n\t\t<\/figure>\n\t<\/div>\n\n\t<div class=\"wpb_text_column wpb_content_element  vc_custom_1682117622831\" >\n\t\t<div class=\"wpb_wrapper\">\n\t\t\t<h4 style=\"text-align: center;\"><a href=\"https:\/\/www.ksalps.com\/en\/solcava\/\"><span style=\"color: #ffffff;\">Sol\u010dava<\/span><\/a><\/h4>\n\n\t\t<\/div>\n\t<\/div>\n<\/div><\/div><\/div><div class=\"wpb_column vc_column_container vc_col-sm-4\"><div class=\"vc_column-inner\"><div class=\"wpb_wrapper\">\n\t<div  class=\"wpb_single_image wpb_content_element vc_align_center\">\n\t\t\n\t\t<figure class=\"wpb_wrapper vc_figure\">\n\t\t\t<a href=\"https:\/\/www.ksalps.com\/en\/cerklje-na-gorenjskem\/\" target=\"_self\" class=\"vc_single_image-wrapper   vc_box_border_grey\"><img loading=\"lazy\" decoding=\"async\" class=\"vc_single_image-img\" src=\"https:\/\/www.ksalps.com\/wp-content\/uploads\/2021\/12\/foto043064922-1.jpg\" width=\"800\" height=\"533\" alt=\"foto043064922\" title=\"foto043064922\" \/><\/a>\n\t\t<\/figure>\n\t<\/div>\n\n\t<div class=\"wpb_text_column wpb_content_element  vc_custom_1682117628543\" >\n\t\t<div class=\"wpb_wrapper\">\n\t\t\t<h4 style=\"text-align: center;\"><a href=\"https:\/\/www.ksalps.com\/en\/cerklje-na-gorenjskem\/\"><span style=\"color: #ffffff;\">Cerklje na Gorenjskem<\/span><\/a><\/h4>\n\n\t\t<\/div>\n\t<\/div>\n<\/div><\/div><\/div><\/div><\/div><\/div><\/div><\/div><div class=\"vc_row-full-width vc_clearfix\"><\/div>\n<\/section>","protected":false},"excerpt":{"rendered":"Podajte se v kraje na o\u017ejem obmo\u010dju Kamni\u0161ko-Savinjskih Alp, kjer vas v goste vabijo prijazni, a odlo\u010dni doma\u010dini. Kamnik Lu\u010de Preddvor Jezersko Sol\u010dava Cerklje na Gorenjskem","protected":false},"author":1,"featured_media":0,"parent":0,"menu_order":0,"comment_status":"closed","ping_status":"closed","template":"","meta":{"footnotes":""},"class_list":["post-2748","page","type-page","status-publish","hentry"],"_links":{"self":[{"href":"https:\/\/www.ksalps.com\/en\/wp-json\/wp\/v2\/pages\/2748","targetHints":{"allow":["GET"]}}],"collection":[{"href":"https:\/\/www.ksalps.com\/en\/wp-json\/wp\/v2\/pages"}],"about":[{"href":"https:\/\/www.ksalps.com\/en\/wp-json\/wp\/v2\/types\/page"}],"author":[{"embeddable":true,"href":"https:\/\/www.ksalps.com\/en\/wp-json\/wp\/v2\/users\/1"}],"replies":[{"embeddable":true,"href":"https:\/\/www.ksalps.com\/en\/wp-json\/wp\/v2\/comments?post=2748"}],"version-history":[{"count":20,"href":"https:\/\/www.ksalps.com\/en\/wp-json\/wp\/v2\/pages\/2748\/revisions"}],"predecessor-version":[{"id":3425,"href":"https:\/\/www.ksalps.com\/en\/wp-json\/wp\/v2\/pages\/2748\/revisions\/3425"}],"wp:attachment":[{"href":"https:\/\/www.ksalps.com\/en\/wp-json\/wp\/v2\/media?parent=2748"}],"curies":[{"name":"wp","href":"https:\/\/api.w.org\/{rel}","templated":true}]}}