{"id":4163,"date":"2025-09-21T23:57:21","date_gmt":"2025-09-21T21:57:21","guid":{"rendered":"https:\/\/www.ksalps.com\/?page_id=4163"},"modified":"2025-10-17T10:11:14","modified_gmt":"2025-10-17T08:11:14","slug":"druga-ponudba","status":"publish","type":"page","link":"https:\/\/www.ksalps.com\/cs\/druga-ponudba\/","title":{"rendered":"Druga ponudba"},"content":{"rendered":"<section class=\"wpb-content-wrapper\"><div class=\"vc_row wpb_row vc_row-fluid vc_custom_1755644209687 vc_row-has-fill vc_row-o-content-middle vc_row-flex\"><div class=\"wpb_column vc_column_container vc_col-sm-2 vc_col-xs-4\"><div class=\"vc_column-inner\"><div class=\"wpb_wrapper\"><div class=\"vc_btn3-container vc_btn3-center\" ><a onmouseleave=\"this.style.borderColor='#ffffff'; this.style.backgroundColor='transparent'; this.style.color='#ffffff'\" onmouseenter=\"this.style.borderColor='#028090'; this.style.backgroundColor='#028090'; this.style.color='#ffffff';\" style=\"border-color:#ffffff; color:#ffffff;\" class=\"vc_general vc_btn3 vc_btn3-size-xs vc_btn3-shape-round vc_btn3-style-outline-custom vc_btn3-block\" href=\"https:\/\/www.ksalps.com\/cs\/ostala-ponudba\/#kamnik\" title=\"\">Kamnik<\/a><\/div><\/div><\/div><\/div><div class=\"wpb_column vc_column_container vc_col-sm-2 vc_col-xs-4\"><div class=\"vc_column-inner\"><div class=\"wpb_wrapper\"><div class=\"vc_btn3-container vc_btn3-center\" ><a onmouseleave=\"this.style.borderColor='#ffffff'; this.style.backgroundColor='transparent'; this.style.color='#ffffff'\" onmouseenter=\"this.style.borderColor='#028090'; this.style.backgroundColor='#028090'; this.style.color='#ffffff';\" style=\"border-color:#ffffff; color:#ffffff;\" class=\"vc_general vc_btn3 vc_btn3-size-xs vc_btn3-shape-round vc_btn3-style-outline-custom vc_btn3-block\" href=\"https:\/\/www.ksalps.com\/cs\/ostala-ponudba\/#luce\" title=\"\">Lu\u010de<\/a><\/div><\/div><\/div><\/div><div class=\"wpb_column vc_column_container vc_col-sm-2 vc_col-xs-4\"><div class=\"vc_column-inner\"><div class=\"wpb_wrapper\"><div class=\"vc_btn3-container vc_btn3-center\" ><a onmouseleave=\"this.style.borderColor='#ffffff'; this.style.backgroundColor='transparent'; this.style.color='#ffffff'\" onmouseenter=\"this.style.borderColor='#028090'; this.style.backgroundColor='#028090'; this.style.color='#ffffff';\" style=\"border-color:#ffffff; color:#ffffff;\" class=\"vc_general vc_btn3 vc_btn3-size-xs vc_btn3-shape-round vc_btn3-style-outline-custom vc_btn3-block\" href=\"https:\/\/www.ksalps.com\/cs\/ostala-ponudba\/#solcava\" title=\"\">Sol\u010dava<\/a><\/div><\/div><\/div><\/div><div class=\"wpb_column vc_column_container vc_col-sm-2 vc_col-xs-12\"><div class=\"vc_column-inner\"><div class=\"wpb_wrapper\"><div class=\"vc_btn3-container vc_btn3-center\" ><a onmouseleave=\"this.style.borderColor='#ffffff'; this.style.backgroundColor='transparent'; this.style.color='#ffffff'\" onmouseenter=\"this.style.borderColor='#028090'; this.style.backgroundColor='#028090'; this.style.color='#ffffff';\" style=\"border-color:#ffffff; color:#ffffff;\" class=\"vc_general vc_btn3 vc_btn3-size-xs vc_btn3-shape-round vc_btn3-style-outline-custom vc_btn3-block\" href=\"https:\/\/www.ksalps.com\/cs\/ostala-ponudba\/#cerklje\" title=\"\">Cerklje na Gorenjskem<\/a><\/div><\/div><\/div><\/div><div class=\"wpb_column vc_column_container vc_col-sm-2 vc_col-xs-6\"><div class=\"vc_column-inner\"><div class=\"wpb_wrapper\"><div class=\"vc_btn3-container vc_btn3-center\" ><a onmouseleave=\"this.style.borderColor='#ffffff'; this.style.backgroundColor='transparent'; this.style.color='#ffffff'\" onmouseenter=\"this.style.borderColor='#028090'; this.style.backgroundColor='#028090'; this.style.color='#ffffff';\" style=\"border-color:#ffffff; color:#ffffff;\" class=\"vc_general vc_btn3 vc_btn3-size-xs vc_btn3-shape-round vc_btn3-style-outline-custom vc_btn3-block\" href=\"https:\/\/www.ksalps.com\/cs\/ostala-ponudba\/#jezersko\" title=\"\">Jezersko<\/a><\/div><\/div><\/div><\/div><div class=\"wpb_column vc_column_container vc_col-sm-2 vc_col-xs-6\"><div class=\"vc_column-inner\"><div class=\"wpb_wrapper\"><div class=\"vc_btn3-container vc_btn3-center\" ><a onmouseleave=\"this.style.borderColor='#ffffff'; this.style.backgroundColor='transparent'; this.style.color='#ffffff'\" onmouseenter=\"this.style.borderColor='#028090'; this.style.backgroundColor='#028090'; this.style.color='#ffffff';\" style=\"border-color:#ffffff; color:#ffffff;\" class=\"vc_general vc_btn3 vc_btn3-size-xs vc_btn3-shape-round vc_btn3-style-outline-custom vc_btn3-block\" href=\"https:\/\/www.ksalps.com\/cs\/ostala-ponudba\/#preddvor\" title=\"\">Preddvor<\/a><\/div><\/div><\/div><\/div><\/div><div id=\"kamnik\" class=\"vc_row wpb_row vc_row-fluid vc_custom_1755641439012\"><div class=\"wpb_column vc_column_container vc_col-sm-12\"><div class=\"vc_column-inner\"><div class=\"wpb_wrapper\"><div class=\"vc_separator wpb_content_element vc_separator_align_center vc_sep_width_100 vc_sep_border_width_2 vc_sep_pos_align_center vc_separator-has-text\" ><span class=\"vc_sep_holder vc_sep_holder_l\"><span style=\"border-color:#05668d;\" class=\"vc_sep_line\"><\/span><\/span><h4>Kamnik<\/h4><span class=\"vc_sep_holder vc_sep_holder_r\"><span style=\"border-color:#05668d;\" class=\"vc_sep_line\"><\/span><\/span>\n<\/div><div class=\"vc_row wpb_row vc_inner vc_row-fluid\"><div class=\"wpb_column vc_column_container vc_col-sm-4\"><div class=\"vc_column-inner\"><div class=\"wpb_wrapper\">\n\t<div  class=\"wpb_single_image wpb_content_element vc_align_left\">\n\t\t\n\t\t<figure class=\"wpb_wrapper vc_figure\">\n\t\t\t<div class=\"vc_single_image-wrapper   vc_box_border_grey\"><img loading=\"lazy\" decoding=\"async\" class=\"vc_single_image-img\" src=\"https:\/\/www.ksalps.com\/wp-content\/uploads\/2021\/12\/SKUPINE.jpg\" width=\"800\" height=\"536\" alt=\"SKUPINE\" title=\"SKUPINE\" \/><\/div>\n\t\t<\/figure>\n\t<\/div>\n\t\t\t<div\r\n\t\t\t\tclass=\"main_title  text-center\">\r\n\t\t\t\t<h2 class=\"title\">ETC ADRIATIC<\/h2>\r\n\t\t\t\t\t\t\t<\/div>\r\n\t\t\n\t<div class=\"wpb_text_column wpb_content_element  vc_custom_1758491914551\" >\n\t\t<div class=\"wpb_wrapper\">\n\t\t\t<p style=\"text-align: center;\">Podgorje 39, 1240 Kamnik<\/p>\n<p style=\"text-align: center;\">+386 41 312 468<br \/>\n<a href=\"mailto:info@etc-adriatic.com\">info@etc-adriatic.com<\/a><br \/>\n<a href=\"http:\/\/etc-adriatic.com\">etc-adriatic.com<\/a><\/p>\n\n\t\t<\/div>\n\t<\/div>\n<\/div><\/div><\/div><div class=\"wpb_column vc_column_container vc_col-sm-4\"><div class=\"vc_column-inner\"><div class=\"wpb_wrapper\">\n\t<div  class=\"wpb_single_image wpb_content_element vc_align_left\">\n\t\t\n\t\t<figure class=\"wpb_wrapper vc_figure\">\n\t\t\t<div class=\"vc_single_image-wrapper   vc_box_border_grey\"><img loading=\"lazy\" decoding=\"async\" class=\"vc_single_image-img\" src=\"https:\/\/www.ksalps.com\/wp-content\/uploads\/2021\/12\/pr-gabrsk-4.jpg\" width=\"800\" height=\"533\" alt=\"pr-gabrsk-4\" title=\"pr-gabrsk-4\" \/><\/div>\n\t\t<\/figure>\n\t<\/div>\n\t\t\t<div\r\n\t\t\t\tclass=\"main_title  text-center\">\r\n\t\t\t\t<h2 class=\"title\">KMETIJA PR\u2019 GABR\u0160K<\/h2>\r\n\t\t\t\t\t\t\t<\/div>\r\n\t\t\n\t<div class=\"wpb_text_column wpb_content_element  vc_custom_1758491964717\" >\n\t\t<div class=\"wpb_wrapper\">\n\t\t\t<p style=\"text-align: center;\">\u010ce\u0161njice v Tuhinju 3a, 1219 Laze<\/p>\n<p style=\"text-align: center;\">+386 40 551 040<br \/>\n<a href=\"mailto:kmetija@gabrsk.si\">kmetija@gabrsk.si<\/a><br \/>\n<a href=\"http:\/\/www.gabrsk.si\">www.gabrsk.si<\/a><\/p>\n\n\t\t<\/div>\n\t<\/div>\n<\/div><\/div><\/div><div class=\"wpb_column vc_column_container vc_col-sm-4\"><div class=\"vc_column-inner\"><div class=\"wpb_wrapper\">\n\t<div  class=\"wpb_single_image wpb_content_element vc_align_left\">\n\t\t\n\t\t<figure class=\"wpb_wrapper vc_figure\">\n\t\t\t<div class=\"vc_single_image-wrapper   vc_box_border_grey\"><img loading=\"lazy\" decoding=\"async\" class=\"vc_single_image-img\" src=\"https:\/\/www.ksalps.com\/wp-content\/uploads\/2021\/12\/Golf-Arboretum-1-1000x675.jpg\" width=\"1000\" height=\"675\" alt=\"OSTALA PONUDBA\" title=\"OSTALA PONUDBA\" \/><\/div>\n\t\t<\/figure>\n\t<\/div>\n\t\t\t<div\r\n\t\t\t\tclass=\"main_title  text-center\">\r\n\t\t\t\t<h2 class=\"title\">GOLF ARBORETUM<\/h2>\r\n\t\t\t\t\t\t\t<\/div>\r\n\t\t\n\t<div class=\"wpb_text_column wpb_content_element  vc_custom_1758492040176\" >\n\t\t<div class=\"wpb_wrapper\">\n\t\t\t<p style=\"text-align: center;\">Vol\u010dji potok 43G, 1235 Radomlje<\/p>\n<p style=\"text-align: center;\">+386 51 395 777<br \/>\n<a href=\"mailto:info@golfarboretum.si\">info@golfarboretum.si<\/a><br \/>\n<a href=\"http:\/\/www.golfarboretum.si\">www.golfarboretum.si<\/a><\/p>\n\n\t\t<\/div>\n\t<\/div>\n<\/div><\/div><\/div><\/div><div class=\"vc_row wpb_row vc_inner vc_row-fluid\"><div class=\"wpb_column vc_column_container vc_col-sm-4\"><div class=\"vc_column-inner\"><div class=\"wpb_wrapper\"><\/div><\/div><\/div><div class=\"wpb_column vc_column_container vc_col-sm-4\"><div class=\"vc_column-inner\"><div class=\"wpb_wrapper\"><\/div><\/div><\/div><\/div><\/div><\/div><\/div><\/div><div id=\"jezersko\" class=\"vc_row wpb_row vc_row-fluid vc_custom_1758491791803\"><div class=\"wpb_column vc_column_container vc_col-sm-12\"><div class=\"vc_column-inner\"><div class=\"wpb_wrapper\"><div class=\"vc_separator wpb_content_element vc_separator_align_center vc_sep_width_100 vc_sep_border_width_2 vc_sep_pos_align_center vc_separator-has-text\" ><span class=\"vc_sep_holder vc_sep_holder_l\"><span style=\"border-color:#05668d;\" class=\"vc_sep_line\"><\/span><\/span><h4>Jezersko<\/h4><span class=\"vc_sep_holder vc_sep_holder_r\"><span style=\"border-color:#05668d;\" class=\"vc_sep_line\"><\/span><\/span>\n<\/div><div class=\"vc_row wpb_row vc_inner vc_row-fluid\"><div class=\"wpb_column vc_column_container vc_col-sm-4\"><div class=\"vc_column-inner\"><div class=\"wpb_wrapper\">\n\t<div  class=\"wpb_single_image wpb_content_element vc_align_left\">\n\t\t\n\t\t<figure class=\"wpb_wrapper vc_figure\">\n\t\t\t<div class=\"vc_single_image-wrapper   vc_box_border_grey\"><img loading=\"lazy\" decoding=\"async\" class=\"vc_single_image-img\" src=\"https:\/\/www.ksalps.com\/wp-content\/uploads\/2021\/12\/jezersko-cross-ski.jpg\" width=\"800\" height=\"533\" alt=\"jezersko-cross-ski\" title=\"jezersko-cross-ski\" \/><\/div>\n\t\t<\/figure>\n\t<\/div>\n\t\t\t<div\r\n\t\t\t\tclass=\"main_title  text-center\">\r\n\t\t\t\t<h2 class=\"title\">PARK JEZERSKO<\/h2>\r\n\t\t\t\t\t\t\t<\/div>\r\n\t\t\n\t<div class=\"wpb_text_column wpb_content_element  vc_custom_1758492132105\" >\n\t\t<div class=\"wpb_wrapper\">\n\t\t\t<p style=\"text-align: center;\">Zgornje Jezersko 57, 4206 Zgornje Jezersko<\/p>\n<p style=\"text-align: center;\">+386 31 203 930<br \/>\n<a href=\"mailto:info@park-jezersko.si\">info@park-jezersko.si<\/a><br \/>\n<a href=\"http:\/\/www.park-jezersko.si\">www.park-jezersko.si<\/a><\/p>\n\n\t\t<\/div>\n\t<\/div>\n<\/div><\/div><\/div><div class=\"wpb_column vc_column_container vc_col-sm-4\"><div class=\"vc_column-inner\"><div class=\"wpb_wrapper\"><\/div><\/div><\/div><div class=\"wpb_column vc_column_container vc_col-sm-4\"><div class=\"vc_column-inner\"><div class=\"wpb_wrapper\"><\/div><\/div><\/div><\/div><\/div><\/div><\/div><\/div><div id=\"luce\" class=\"vc_row wpb_row vc_row-fluid vc_custom_1755641490462\"><div class=\"wpb_column vc_column_container vc_col-sm-12\"><div class=\"vc_column-inner\"><div class=\"wpb_wrapper\"><div class=\"vc_separator wpb_content_element vc_separator_align_center vc_sep_width_100 vc_sep_border_width_2 vc_sep_pos_align_left vc_separator-has-text\" ><span class=\"vc_sep_holder vc_sep_holder_l\"><span style=\"border-color:#05668d;\" class=\"vc_sep_line\"><\/span><\/span><h4>Lu\u010de<\/h4><span class=\"vc_sep_holder vc_sep_holder_r\"><span style=\"border-color:#05668d;\" class=\"vc_sep_line\"><\/span><\/span>\n<\/div><div class=\"vc_row wpb_row vc_inner vc_row-fluid\"><div class=\"wpb_column vc_column_container vc_col-sm-4\"><div class=\"vc_column-inner\"><div class=\"wpb_wrapper\">\n\t<div  class=\"wpb_single_image wpb_content_element vc_align_left\">\n\t\t\n\t\t<figure class=\"wpb_wrapper vc_figure\">\n\t\t\t<div class=\"vc_single_image-wrapper   vc_box_border_grey\"><img loading=\"lazy\" decoding=\"async\" class=\"vc_single_image-img\" src=\"https:\/\/www.ksalps.com\/wp-content\/uploads\/2021\/12\/Odprtakuhinja-jogurti-Rosc-1024x683-1-1000x600.jpg\" width=\"1000\" height=\"600\" alt=\"Odprtakuhinja-jogurti-Rosc-1024x683\" title=\"Odprtakuhinja-jogurti-Rosc-1024x683\" \/><\/div>\n\t\t<\/figure>\n\t<\/div>\n\t\t\t<div\r\n\t\t\t\tclass=\"main_title  text-center\">\r\n\t\t\t\t<h2 class=\"title\">KMETIJA SPODNJI STRM\u010cNIK<\/h2>\r\n\t\t\t\t\t\t\t<\/div>\r\n\t\t\n\t<div class=\"wpb_text_column wpb_content_element  vc_custom_1758492205357\" >\n\t\t<div class=\"wpb_wrapper\">\n\t\t\t<p style=\"text-align: center;\">Strmec 6, 3334 Lu\u010de<\/p>\n<p style=\"text-align: center;\">+386 41 243 046<br \/>\n<a href=\"mailto:janez.rosc@gmail.com\">janez.rosc@gmail.com<\/a><br \/>\n<a href=\"http:\/\/facebook.com\/kmetijaspodnjistrmcnik\">facebook.com\/kmetijaspodnjistrmcnik<\/a><\/p>\n\n\t\t<\/div>\n\t<\/div>\n<\/div><\/div><\/div><div class=\"wpb_column vc_column_container vc_col-sm-4\"><div class=\"vc_column-inner\"><div class=\"wpb_wrapper\">\n\t<div  class=\"wpb_single_image wpb_content_element vc_align_left\">\n\t\t\n\t\t<figure class=\"wpb_wrapper vc_figure\">\n\t\t\t<div class=\"vc_single_image-wrapper   vc_box_border_grey\"><img loading=\"lazy\" decoding=\"async\" class=\"vc_single_image-img\" src=\"https:\/\/www.ksalps.com\/wp-content\/uploads\/2021\/12\/domacija-skomen.jpg\" width=\"900\" height=\"600\" alt=\"domacija-skomen\" title=\"domacija-skomen\" \/><\/div>\n\t\t<\/figure>\n\t<\/div>\n\t\t\t<div\r\n\t\t\t\tclass=\"main_title  text-center\">\r\n\t\t\t\t<h2 class=\"title\">DOMA\u010cIJA \u0160KOMEN<\/h2>\r\n\t\t\t\t\t\t\t<\/div>\r\n\t\t\n\t<div class=\"wpb_text_column wpb_content_element  vc_custom_1758492257213\" >\n\t\t<div class=\"wpb_wrapper\">\n\t\t\t<p style=\"text-align: center;\">Krnica 33, 3334 Lu\u010de<\/p>\n<p style=\"text-align: center;\">+386 31 708 180<br \/>\n<a href=\"mailto:info@robnik.si\">info@robnik.si<\/a><br \/>\n<a href=\"http:\/\/www.islandski-konji.si\">www.islandski-konji.si<\/a><\/p>\n\n\t\t<\/div>\n\t<\/div>\n<\/div><\/div><\/div><div class=\"wpb_column vc_column_container vc_col-sm-4\"><div class=\"vc_column-inner\"><div class=\"wpb_wrapper\">\n\t<div  class=\"wpb_single_image wpb_content_element vc_align_left\">\n\t\t\n\t\t<figure class=\"wpb_wrapper vc_figure\">\n\t\t\t<div class=\"vc_single_image-wrapper   vc_box_border_grey\"><img loading=\"lazy\" decoding=\"async\" width=\"900\" height=\"600\" src=\"https:\/\/www.ksalps.com\/wp-content\/uploads\/2021\/12\/dolina-avantur-raft.jpg\" class=\"vc_single_image-img attachment-full\" alt=\"\" title=\"dolina-avantur-raft\" srcset=\"https:\/\/www.ksalps.com\/wp-content\/uploads\/2021\/12\/dolina-avantur-raft.jpg 900w, https:\/\/www.ksalps.com\/wp-content\/uploads\/2021\/12\/dolina-avantur-raft-300x200.jpg 300w, https:\/\/www.ksalps.com\/wp-content\/uploads\/2021\/12\/dolina-avantur-raft-768x512.jpg 768w, https:\/\/www.ksalps.com\/wp-content\/uploads\/2021\/12\/dolina-avantur-raft-80x53.jpg 80w\" sizes=\"auto, (max-width: 900px) 100vw, 900px\" \/><\/div>\n\t\t<\/figure>\n\t<\/div>\n\t\t\t<div\r\n\t\t\t\tclass=\"main_title  text-center\">\r\n\t\t\t\t<h2 class=\"title\">DOLINA AVANTUR<\/h2>\r\n\t\t\t\t\t\t\t<\/div>\r\n\t\t\n\t<div class=\"wpb_text_column wpb_content_element  vc_custom_1758492326085\" >\n\t\t<div class=\"wpb_wrapper\">\n\t\t\t<p style=\"text-align: center;\">Lu\u010de 103, 3334 Lu\u010de<\/p>\n<p style=\"text-align: center;\">+386 51 606 410<br \/>\n<a href=\"mailto:info@adventurevalley.si\">info@adventurevalley.si<\/a><br \/>\n<a href=\"http:\/\/www.adventurevalley.si\">www.adventurevalley.si<\/a><\/p>\n\n\t\t<\/div>\n\t<\/div>\n<\/div><\/div><\/div><\/div><div class=\"vc_row wpb_row vc_inner vc_row-fluid\"><div class=\"wpb_column vc_column_container vc_col-sm-4\"><div class=\"vc_column-inner\"><div class=\"wpb_wrapper\">\n\t<div  class=\"wpb_single_image wpb_content_element vc_align_left\">\n\t\t\n\t\t<figure class=\"wpb_wrapper vc_figure\">\n\t\t\t<div class=\"vc_single_image-wrapper   vc_box_border_grey\"><img loading=\"lazy\" decoding=\"async\" class=\"vc_single_image-img\" src=\"https:\/\/www.ksalps.com\/wp-content\/uploads\/2021\/12\/restaurant_gallery1470743399303.jpg\" width=\"900\" height=\"600\" alt=\"restaurant_gallery1470743399303\" title=\"restaurant_gallery1470743399303\" \/><\/div>\n\t\t<\/figure>\n\t<\/div>\n\t\t\t<div\r\n\t\t\t\tclass=\"main_title  text-center\">\r\n\t\t\t\t<h2 class=\"title\">GOSTILNA PR\u2019 LAMPI<\/h2>\r\n\t\t\t\t\t\t\t<\/div>\r\n\t\t\n\t<div class=\"wpb_text_column wpb_content_element  vc_custom_1758492383350\" >\n\t\t<div class=\"wpb_wrapper\">\n\t\t\t<div>\n<p style=\"text-align: center;\">Lu\u010de 34, 3334 Lu\u010de<\/p>\n<\/div>\n<div>\n<div>\n<p style=\"text-align: center;\">+386 3 584 41 47<br \/>\n<a href=\"mailto:info@gostilna-lampa.si\">info@gostilna-lampa.si<\/a><br \/>\n<a href=\"https:\/\/www.facebook.com\/gostilnalampa\/\">facebook.com\/gostilnalampa<\/a><\/p>\n<\/div>\n<\/div>\n\n\t\t<\/div>\n\t<\/div>\n<\/div><\/div><\/div><div class=\"wpb_column vc_column_container vc_col-sm-4\"><div class=\"vc_column-inner\"><div class=\"wpb_wrapper\">\t\t\t<div\r\n\t\t\t\tclass=\"main_title  text-center\">\r\n\t\t\t\t<h2 class=\"title\">SHUTTLE PREVOZI STRMI<\/h2>\r\n\t\t\t\t\t\t\t<\/div>\r\n\t\t\n\t<div class=\"wpb_text_column wpb_content_element  vc_custom_1758492427556\" >\n\t\t<div class=\"wpb_wrapper\">\n\t\t\t<div>\n<p style=\"text-align: center;\">Lu\u010de 27, 3334 Lu\u010de<\/p>\n<\/div>\n<div>\n<div>\n<p style=\"text-align: center;\">+386 41 793 659<br \/>\n<a href=\"mailto:frenkknow@gmail.com\">frenkknow@gmail.com<\/a><br \/>\n<a href=\"http:\/\/www.adventurevalley.si\/\">www.adventurevalley.si<\/a><\/p>\n<\/div>\n<\/div>\n\n\t\t<\/div>\n\t<\/div>\n<\/div><\/div><\/div><div class=\"wpb_column vc_column_container vc_col-sm-4\"><div class=\"vc_column-inner\"><div class=\"wpb_wrapper\"><\/div><\/div><\/div><\/div><\/div><\/div><\/div><\/div>\n<\/section>","protected":false},"excerpt":{"rendered":"KamnikLu\u010deSol\u010davaCerklje na GorenjskemJezerskoPreddvorKamnik ETC ADRIATIC Podgorje 39, 1240 Kamnik +386 41 312 468 info@etc-adriatic.com etc-adriatic.com KMETIJA PR\u2019 GABR\u0160K \u010ce\u0161njice v Tuhinju 3a, 1219 Laze +386 40 551 040 kmetija@gabrsk.si www.gabrsk.si GOLF ARBORETUM Vol\u010dji potok 43G, 1235 Radomlje +386 51 395 777 info@golfarboretum.si www.golfarboretum.si Jezersko PARK JEZERSKO Zgornje Jezersko 57, 4206 Zgornje Jezersko +386 31 203 [...]","protected":false},"author":1,"featured_media":0,"parent":0,"menu_order":0,"comment_status":"closed","ping_status":"closed","template":"","meta":{"footnotes":""},"class_list":["post-4163","page","type-page","status-publish","hentry"],"_links":{"self":[{"href":"https:\/\/www.ksalps.com\/cs\/wp-json\/wp\/v2\/pages\/4163","targetHints":{"allow":["GET"]}}],"collection":[{"href":"https:\/\/www.ksalps.com\/cs\/wp-json\/wp\/v2\/pages"}],"about":[{"href":"https:\/\/www.ksalps.com\/cs\/wp-json\/wp\/v2\/types\/page"}],"author":[{"embeddable":true,"href":"https:\/\/www.ksalps.com\/cs\/wp-json\/wp\/v2\/users\/1"}],"replies":[{"embeddable":true,"href":"https:\/\/www.ksalps.com\/cs\/wp-json\/wp\/v2\/comments?post=4163"}],"version-history":[{"count":7,"href":"https:\/\/www.ksalps.com\/cs\/wp-json\/wp\/v2\/pages\/4163\/revisions"}],"predecessor-version":[{"id":4217,"href":"https:\/\/www.ksalps.com\/cs\/wp-json\/wp\/v2\/pages\/4163\/revisions\/4217"}],"wp:attachment":[{"href":"https:\/\/www.ksalps.com\/cs\/wp-json\/wp\/v2\/media?parent=4163"}],"curies":[{"name":"wp","href":"https:\/\/api.w.org\/{rel}","templated":true}]}}