{"id":4128,"date":"2025-09-21T22:52:20","date_gmt":"2025-09-21T20:52:20","guid":{"rendered":"https:\/\/www.ksalps.com\/?page_id=4128"},"modified":"2025-10-17T10:08:25","modified_gmt":"2025-10-17T08:08:25","slug":"penzioni","status":"publish","type":"page","link":"https:\/\/www.ksalps.com\/cs\/penzioni\/","title":{"rendered":"Penzioni in gosti\u0161\u010da"},"content":{"rendered":"<section class=\"wpb-content-wrapper\"><div class=\"vc_row wpb_row vc_row-fluid vc_custom_1755644209687 vc_row-has-fill vc_row-o-content-middle vc_row-flex\"><div class=\"wpb_column vc_column_container vc_col-sm-2 vc_col-xs-4\"><div class=\"vc_column-inner\"><div class=\"wpb_wrapper\"><div class=\"vc_btn3-container vc_btn3-center\" ><a onmouseleave=\"this.style.borderColor='#ffffff'; this.style.backgroundColor='transparent'; this.style.color='#ffffff'\" onmouseenter=\"this.style.borderColor='#028090'; this.style.backgroundColor='#028090'; this.style.color='#ffffff';\" style=\"border-color:#ffffff; color:#ffffff;\" class=\"vc_general vc_btn3 vc_btn3-size-xs vc_btn3-shape-round vc_btn3-style-outline-custom vc_btn3-block\" href=\"https:\/\/www.ksalps.com\/cs\/bb\/#kamnik\" title=\"\">Kamnik<\/a><\/div><\/div><\/div><\/div><div class=\"wpb_column vc_column_container vc_col-sm-2 vc_col-xs-4\"><div class=\"vc_column-inner\"><div class=\"wpb_wrapper\"><div class=\"vc_btn3-container vc_btn3-center\" ><a onmouseleave=\"this.style.borderColor='#ffffff'; this.style.backgroundColor='transparent'; this.style.color='#ffffff'\" onmouseenter=\"this.style.borderColor='#028090'; this.style.backgroundColor='#028090'; this.style.color='#ffffff';\" style=\"border-color:#ffffff; color:#ffffff;\" class=\"vc_general vc_btn3 vc_btn3-size-xs vc_btn3-shape-round vc_btn3-style-outline-custom vc_btn3-block\" href=\"https:\/\/www.ksalps.com\/cs\/bb\/#luce\" title=\"\">Lu\u010de<\/a><\/div><\/div><\/div><\/div><div class=\"wpb_column vc_column_container vc_col-sm-2 vc_col-xs-4\"><div class=\"vc_column-inner\"><div class=\"wpb_wrapper\"><div class=\"vc_btn3-container vc_btn3-center\" ><a onmouseleave=\"this.style.borderColor='#ffffff'; this.style.backgroundColor='transparent'; this.style.color='#ffffff'\" onmouseenter=\"this.style.borderColor='#028090'; this.style.backgroundColor='#028090'; this.style.color='#ffffff';\" style=\"border-color:#ffffff; color:#ffffff;\" class=\"vc_general vc_btn3 vc_btn3-size-xs vc_btn3-shape-round vc_btn3-style-outline-custom vc_btn3-block\" href=\"https:\/\/www.ksalps.com\/cs\/bb\/#solcava\" title=\"\">Sol\u010dava<\/a><\/div><\/div><\/div><\/div><div class=\"wpb_column vc_column_container vc_col-sm-2 vc_col-xs-12\"><div class=\"vc_column-inner\"><div class=\"wpb_wrapper\"><div class=\"vc_btn3-container vc_btn3-center\" ><a onmouseleave=\"this.style.borderColor='#ffffff'; this.style.backgroundColor='transparent'; this.style.color='#ffffff'\" onmouseenter=\"this.style.borderColor='#028090'; this.style.backgroundColor='#028090'; this.style.color='#ffffff';\" style=\"border-color:#ffffff; color:#ffffff;\" class=\"vc_general vc_btn3 vc_btn3-size-xs vc_btn3-shape-round vc_btn3-style-outline-custom vc_btn3-block\" href=\"https:\/\/www.ksalps.com\/cs\/bb\/#cerklje\" title=\"\">Cerklje na Gorenjskem<\/a><\/div><\/div><\/div><\/div><div class=\"wpb_column vc_column_container vc_col-sm-2 vc_col-xs-6\"><div class=\"vc_column-inner\"><div class=\"wpb_wrapper\"><div class=\"vc_btn3-container vc_btn3-center\" ><a onmouseleave=\"this.style.borderColor='#ffffff'; this.style.backgroundColor='transparent'; this.style.color='#ffffff'\" onmouseenter=\"this.style.borderColor='#028090'; this.style.backgroundColor='#028090'; this.style.color='#ffffff';\" style=\"border-color:#ffffff; color:#ffffff;\" class=\"vc_general vc_btn3 vc_btn3-size-xs vc_btn3-shape-round vc_btn3-style-outline-custom vc_btn3-block\" href=\"https:\/\/www.ksalps.com\/cs\/bb\/#jezersko\" title=\"\">Jezersko<\/a><\/div><\/div><\/div><\/div><div class=\"wpb_column vc_column_container vc_col-sm-2 vc_col-xs-6\"><div class=\"vc_column-inner\"><div class=\"wpb_wrapper\"><div class=\"vc_btn3-container vc_btn3-center\" ><a onmouseleave=\"this.style.borderColor='#ffffff'; this.style.backgroundColor='transparent'; this.style.color='#ffffff'\" onmouseenter=\"this.style.borderColor='#028090'; this.style.backgroundColor='#028090'; this.style.color='#ffffff';\" style=\"border-color:#ffffff; color:#ffffff;\" class=\"vc_general vc_btn3 vc_btn3-size-xs vc_btn3-shape-round vc_btn3-style-outline-custom vc_btn3-block\" href=\"https:\/\/www.ksalps.com\/cs\/bb\/#preddvor\" title=\"\">Preddvor<\/a><\/div><\/div><\/div><\/div><\/div><div id=\"kamnik\" class=\"vc_row wpb_row vc_row-fluid vc_custom_1755641439012\"><div class=\"wpb_column vc_column_container vc_col-sm-12\"><div class=\"vc_column-inner\"><div class=\"wpb_wrapper\"><div class=\"vc_separator wpb_content_element vc_separator_align_center vc_sep_width_100 vc_sep_border_width_2 vc_sep_pos_align_center vc_separator-has-text\" ><span class=\"vc_sep_holder vc_sep_holder_l\"><span style=\"border-color:#05668d;\" class=\"vc_sep_line\"><\/span><\/span><h4>Kamnik<\/h4><span class=\"vc_sep_holder vc_sep_holder_r\"><span style=\"border-color:#05668d;\" class=\"vc_sep_line\"><\/span><\/span>\n<\/div><div class=\"vc_row wpb_row vc_inner vc_row-fluid\"><div class=\"wpb_column vc_column_container vc_col-sm-4\"><div class=\"vc_column-inner\"><div class=\"wpb_wrapper\">\n\t<div  class=\"wpb_single_image wpb_content_element vc_align_left\">\n\t\t\n\t\t<figure class=\"wpb_wrapper vc_figure\">\n\t\t\t<div class=\"vc_single_image-wrapper   vc_box_border_grey\"><img loading=\"lazy\" decoding=\"async\" class=\"vc_single_image-img\" src=\"https:\/\/www.ksalps.com\/wp-content\/uploads\/2024\/01\/Mekinje-2308-Custom-scaled-1000x600.jpg\" width=\"1000\" height=\"600\" alt=\"Samostan Mekinje\" title=\"Mekinje-2308 (Custom)\" \/><\/div>\n\t\t<\/figure>\n\t<\/div>\n\t\t\t<div\r\n\t\t\t\tclass=\"main_title  text-center\">\r\n\t\t\t\t<h2 class=\"title\">POD SKALO B&amp;B, HOSTEL IN PUB<\/h2>\r\n\t\t\t\t\t\t\t<\/div>\r\n\t\t\n\t<div class=\"wpb_text_column wpb_content_element  vc_custom_1758487947215\" >\n\t\t<div class=\"wpb_wrapper\">\n\t\t\t<p style=\"text-align: center;\">Maistrova ulica 32, 1241 Kamnik<\/p>\n<p style=\"text-align: center;\">+386 31 521 365<br \/>\n<a href=\"mailto:info@podskalo.si\">info@podskalo.si<\/a><br \/>\n<a href=\"http:\/\/www.podskalo.si\">www.podskalo.si<\/a><\/p>\n<p style=\"text-align: center;\"><strong>31 l\u016f\u017eek<\/strong><\/p>\n\n\t\t<\/div>\n\t<\/div>\n<\/div><\/div><\/div><div class=\"wpb_column vc_column_container vc_col-sm-4 vc_hidden-lg vc_hidden-md vc_hidden-sm vc_hidden-xs\"><div class=\"vc_column-inner\"><div class=\"wpb_wrapper\"><\/div><\/div><\/div><div class=\"wpb_column vc_column_container vc_col-sm-4 vc_hidden-lg vc_hidden-md vc_hidden-sm vc_hidden-xs\"><div class=\"vc_column-inner\"><div class=\"wpb_wrapper\"><\/div><\/div><\/div><\/div><\/div><\/div><\/div><\/div>\n<\/section>","protected":false},"excerpt":{"rendered":"KamnikLu\u010deSol\u010davaCerklje na GorenjskemJezerskoPreddvorKamnik POD SKALO B&amp;B, HOSTEL IN PUB Maistrova ulica 32, 1241 Kamnik +386 31 521 365 info@podskalo.si www.podskalo.si 31 le\u017ei\u0161\u010d","protected":false},"author":1,"featured_media":0,"parent":0,"menu_order":0,"comment_status":"closed","ping_status":"closed","template":"","meta":{"footnotes":""},"class_list":["post-4128","page","type-page","status-publish","hentry"],"_links":{"self":[{"href":"https:\/\/www.ksalps.com\/cs\/wp-json\/wp\/v2\/pages\/4128","targetHints":{"allow":["GET"]}}],"collection":[{"href":"https:\/\/www.ksalps.com\/cs\/wp-json\/wp\/v2\/pages"}],"about":[{"href":"https:\/\/www.ksalps.com\/cs\/wp-json\/wp\/v2\/types\/page"}],"author":[{"embeddable":true,"href":"https:\/\/www.ksalps.com\/cs\/wp-json\/wp\/v2\/users\/1"}],"replies":[{"embeddable":true,"href":"https:\/\/www.ksalps.com\/cs\/wp-json\/wp\/v2\/comments?post=4128"}],"version-history":[{"count":6,"href":"https:\/\/www.ksalps.com\/cs\/wp-json\/wp\/v2\/pages\/4128\/revisions"}],"predecessor-version":[{"id":4214,"href":"https:\/\/www.ksalps.com\/cs\/wp-json\/wp\/v2\/pages\/4128\/revisions\/4214"}],"wp:attachment":[{"href":"https:\/\/www.ksalps.com\/cs\/wp-json\/wp\/v2\/media?parent=4128"}],"curies":[{"name":"wp","href":"https:\/\/api.w.org\/{rel}","templated":true}]}}