{"id":4120,"date":"2025-09-21T22:45:39","date_gmt":"2025-09-21T20:45:39","guid":{"rendered":"https:\/\/www.ksalps.com\/?page_id=4120"},"modified":"2025-12-17T08:55:18","modified_gmt":"2025-12-17T07:55:18","slug":"hoteli","status":"publish","type":"page","link":"https:\/\/www.ksalps.com\/cs\/hoteli\/","title":{"rendered":"Hoteli in terme"},"content":{"rendered":"<section class=\"wpb-content-wrapper\"><div class=\"vc_row wpb_row vc_row-fluid vc_custom_1755644209687 vc_row-has-fill vc_row-o-content-middle vc_row-flex\"><div class=\"wpb_column vc_column_container vc_col-sm-2 vc_col-xs-4\"><div class=\"vc_column-inner\"><div class=\"wpb_wrapper\"><div class=\"vc_btn3-container vc_btn3-center\" ><a onmouseleave=\"this.style.borderColor='#ffffff'; this.style.backgroundColor='transparent'; this.style.color='#ffffff'\" onmouseenter=\"this.style.borderColor='#028090'; this.style.backgroundColor='#028090'; this.style.color='#ffffff';\" style=\"border-color:#ffffff; color:#ffffff;\" class=\"vc_general vc_btn3 vc_btn3-size-xs vc_btn3-shape-round vc_btn3-style-outline-custom vc_btn3-block\" href=\"https:\/\/www.ksalps.com\/cs\/hoteli\/#kamnik\" title=\"\">Kamnik<\/a><\/div><\/div><\/div><\/div><div class=\"wpb_column vc_column_container vc_col-sm-2 vc_col-xs-4\"><div class=\"vc_column-inner\"><div class=\"wpb_wrapper\"><div class=\"vc_btn3-container vc_btn3-center\" ><a onmouseleave=\"this.style.borderColor='#ffffff'; this.style.backgroundColor='transparent'; this.style.color='#ffffff'\" onmouseenter=\"this.style.borderColor='#028090'; this.style.backgroundColor='#028090'; this.style.color='#ffffff';\" style=\"border-color:#ffffff; color:#ffffff;\" class=\"vc_general vc_btn3 vc_btn3-size-xs vc_btn3-shape-round vc_btn3-style-outline-custom vc_btn3-block\" href=\"https:\/\/www.ksalps.com\/cs\/hoteli\/#luce\" title=\"\">Lu\u010de<\/a><\/div><\/div><\/div><\/div><div class=\"wpb_column vc_column_container vc_col-sm-2 vc_col-xs-4\"><div class=\"vc_column-inner\"><div class=\"wpb_wrapper\"><div class=\"vc_btn3-container vc_btn3-center\" ><a onmouseleave=\"this.style.borderColor='#ffffff'; this.style.backgroundColor='transparent'; this.style.color='#ffffff'\" onmouseenter=\"this.style.borderColor='#028090'; this.style.backgroundColor='#028090'; this.style.color='#ffffff';\" style=\"border-color:#ffffff; color:#ffffff;\" class=\"vc_general vc_btn3 vc_btn3-size-xs vc_btn3-shape-round vc_btn3-style-outline-custom vc_btn3-block\" href=\"https:\/\/www.ksalps.com\/cs\/hoteli\/#solcava\" title=\"\">Sol\u010dava<\/a><\/div><\/div><\/div><\/div><div class=\"wpb_column vc_column_container vc_col-sm-2 vc_col-xs-12\"><div class=\"vc_column-inner\"><div class=\"wpb_wrapper\"><div class=\"vc_btn3-container vc_btn3-center\" ><a onmouseleave=\"this.style.borderColor='#ffffff'; this.style.backgroundColor='transparent'; this.style.color='#ffffff'\" onmouseenter=\"this.style.borderColor='#028090'; this.style.backgroundColor='#028090'; this.style.color='#ffffff';\" style=\"border-color:#ffffff; color:#ffffff;\" class=\"vc_general vc_btn3 vc_btn3-size-xs vc_btn3-shape-round vc_btn3-style-outline-custom vc_btn3-block\" href=\"https:\/\/www.ksalps.com\/cs\/hoteli\/#cerklje\" title=\"\">Cerklje na Gorenjskem<\/a><\/div><\/div><\/div><\/div><div class=\"wpb_column vc_column_container vc_col-sm-2 vc_col-xs-6\"><div class=\"vc_column-inner\"><div class=\"wpb_wrapper\"><div class=\"vc_btn3-container vc_btn3-center\" ><a onmouseleave=\"this.style.borderColor='#ffffff'; this.style.backgroundColor='transparent'; this.style.color='#ffffff'\" onmouseenter=\"this.style.borderColor='#028090'; this.style.backgroundColor='#028090'; this.style.color='#ffffff';\" style=\"border-color:#ffffff; color:#ffffff;\" class=\"vc_general vc_btn3 vc_btn3-size-xs vc_btn3-shape-round vc_btn3-style-outline-custom vc_btn3-block\" href=\"https:\/\/www.ksalps.com\/cs\/hoteli\/#jezersko\" title=\"\">Jezersko<\/a><\/div><\/div><\/div><\/div><div class=\"wpb_column vc_column_container vc_col-sm-2 vc_col-xs-6\"><div class=\"vc_column-inner\"><div class=\"wpb_wrapper\"><div class=\"vc_btn3-container vc_btn3-center\" ><a onmouseleave=\"this.style.borderColor='#ffffff'; this.style.backgroundColor='transparent'; this.style.color='#ffffff'\" onmouseenter=\"this.style.borderColor='#028090'; this.style.backgroundColor='#028090'; this.style.color='#ffffff';\" style=\"border-color:#ffffff; color:#ffffff;\" class=\"vc_general vc_btn3 vc_btn3-size-xs vc_btn3-shape-round vc_btn3-style-outline-custom vc_btn3-block\" href=\"https:\/\/www.ksalps.com\/cs\/hoteli\/#preddvor\" title=\"\">Preddvor<\/a><\/div><\/div><\/div><\/div><\/div><div id=\"kamnik\" class=\"vc_row wpb_row vc_row-fluid vc_custom_1755641439012\"><div class=\"wpb_column vc_column_container vc_col-sm-12\"><div class=\"vc_column-inner\"><div class=\"wpb_wrapper\"><div class=\"vc_separator wpb_content_element vc_separator_align_center vc_sep_width_100 vc_sep_border_width_2 vc_sep_pos_align_center vc_separator-has-text\" ><span class=\"vc_sep_holder vc_sep_holder_l\"><span style=\"border-color:#05668d;\" class=\"vc_sep_line\"><\/span><\/span><h4>Kamnik<\/h4><span class=\"vc_sep_holder vc_sep_holder_r\"><span style=\"border-color:#05668d;\" class=\"vc_sep_line\"><\/span><\/span>\n<\/div><div class=\"vc_row wpb_row vc_inner vc_row-fluid\"><div class=\"wpb_column vc_column_container vc_col-sm-4\"><div class=\"vc_column-inner\"><div class=\"wpb_wrapper\">\n\t<div  class=\"wpb_single_image wpb_content_element vc_align_left\">\n\t\t\n\t\t<figure class=\"wpb_wrapper vc_figure\">\n\t\t\t<div class=\"vc_single_image-wrapper   vc_box_border_grey\"><img loading=\"lazy\" decoding=\"async\" class=\"vc_single_image-img\" src=\"https:\/\/www.ksalps.com\/wp-content\/uploads\/2025\/10\/Terme_snovik_Sabina-Bajt-1000x600.jpg\" width=\"1000\" height=\"600\" alt=\"Terme_snovik_Sabina Bajt\" title=\"Terme_snovik_Sabina Bajt\" \/><\/div>\n\t\t<\/figure>\n\t<\/div>\n\t\t\t<div\r\n\t\t\t\tclass=\"main_title  text-center\">\r\n\t\t\t\t<h2 class=\"title\">TERME SNOVIK<\/h2>\r\n\t\t\t\t\t\t\t<\/div>\r\n\t\t\n\t<div class=\"wpb_text_column wpb_content_element  vc_custom_1759405824019\" >\n\t\t<div class=\"wpb_wrapper\">\n\t\t\t<p style=\"text-align: center;\">Snovik 7, 1219 Laze v Tuhinju<\/p>\n<p style=\"text-align: center;\">+386 18 344 100<br \/>\n<a href=\"mailto:marketing@terme-snovik.si\">marketing@terme-snovik.si<\/a><br \/>\n<a href=\"http:\/\/www.terme-snovik.si\/\">www.terme-snovik.si<\/a><\/p>\n\n\t\t<\/div>\n\t<\/div>\n<\/div><\/div><\/div><\/div><\/div><\/div><\/div><\/div><div id=\"cerklje\" class=\"vc_row wpb_row vc_row-fluid vc_custom_1765957089759\"><div class=\"wpb_column vc_column_container vc_col-sm-12\"><div class=\"vc_column-inner\"><div class=\"wpb_wrapper\"><div class=\"vc_separator wpb_content_element vc_separator_align_center vc_sep_width_100 vc_sep_border_width_2 vc_sep_pos_align_center vc_separator-has-text\" ><span class=\"vc_sep_holder vc_sep_holder_l\"><span style=\"border-color:#05668d;\" class=\"vc_sep_line\"><\/span><\/span><h4>Cerklje na Gorenjskem<\/h4><span class=\"vc_sep_holder vc_sep_holder_r\"><span style=\"border-color:#05668d;\" class=\"vc_sep_line\"><\/span><\/span>\n<\/div><div class=\"vc_row wpb_row vc_inner vc_row-fluid\"><div class=\"wpb_column vc_column_container vc_col-sm-4\"><div class=\"vc_column-inner\"><div class=\"wpb_wrapper\">\n\t<div  class=\"wpb_single_image wpb_content_element vc_align_left\">\n\t\t\n\t\t<figure class=\"wpb_wrapper vc_figure\">\n\t\t\t<div class=\"vc_single_image-wrapper   vc_box_border_grey\"><img loading=\"lazy\" decoding=\"async\" class=\"vc_single_image-img\" src=\"https:\/\/www.ksalps.com\/wp-content\/uploads\/2021\/12\/grad_strmol19-1000x600.jpg\" width=\"1000\" height=\"600\" alt=\"grad_strmol19\" title=\"grad_strmol19\" \/><\/div>\n\t\t<\/figure>\n\t<\/div>\n\t\t\t<div\r\n\t\t\t\tclass=\"main_title  text-center\">\r\n\t\t\t\t<h2 class=\"title\">GRAD STRMOL<\/h2>\r\n\t\t\t\t\t\t\t<\/div>\r\n\t\t\n\t<div class=\"wpb_text_column wpb_content_element  vc_custom_1759397414217\" >\n\t\t<div class=\"wpb_wrapper\">\n\t\t\t<p style=\"text-align: center;\">Dvorje 3, 4207 Cerklje na Gorenjskem<\/p>\n<p style=\"text-align: center;\">+386 42 601 000<br \/>\n<a href=\"mailto:grad-strmol@brdo.si\">grad-strmol@brdo.si<\/a><br \/>\n<a href=\"http:\/\/www.grad-strmol.si\">www.grad-strmol.si<\/a><\/p>\n\n\t\t<\/div>\n\t<\/div>\n<\/div><\/div><\/div><div class=\"wpb_column vc_column_container vc_col-sm-4\"><div class=\"vc_column-inner\"><div class=\"wpb_wrapper\">\n\t<div  class=\"wpb_single_image wpb_content_element vc_align_left\">\n\t\t\n\t\t<figure class=\"wpb_wrapper vc_figure\">\n\t\t\t<div class=\"vc_single_image-wrapper   vc_box_border_grey\"><img loading=\"lazy\" decoding=\"async\" class=\"vc_single_image-img\" src=\"https:\/\/www.ksalps.com\/wp-content\/uploads\/2021\/12\/l-850x510.jpeg\" width=\"850\" height=\"510\" alt=\"l\" title=\"l\" \/><\/div>\n\t\t<\/figure>\n\t<\/div>\n\t\t\t<div\r\n\t\t\t\tclass=\"main_title  text-center\">\r\n\t\t\t\t<h2 class=\"title\">HOTEL KRVAVEC<\/h2>\r\n\t\t\t\t\t\t\t<\/div>\r\n\t\t\n\t<div class=\"wpb_text_column wpb_content_element  vc_custom_1759397426570\" >\n\t\t<div class=\"wpb_wrapper\">\n\t\t\t<p style=\"text-align: center;\">Ambro\u017e pod Krvavcem 50, 4207 Cerklje na Gorenjskem<\/p>\n<p style=\"text-align: center;\">+386 51 350 830<br \/>\n<a href=\"mailto:booking@rtc-krvavec.si\">booking@rtc-krvavec.si<\/a><br \/>\n<a href=\"http:\/\/www.rtc-krvavec.si\">www.rtc-krvavec.si<\/a><\/p>\n\n\t\t<\/div>\n\t<\/div>\n<\/div><\/div><\/div><div class=\"wpb_column vc_column_container vc_col-sm-4\"><div class=\"vc_column-inner\"><div class=\"wpb_wrapper\">\n\t<div  class=\"wpb_single_image wpb_content_element vc_align_left\">\n\t\t\n\t\t<figure class=\"wpb_wrapper vc_figure\">\n\t\t\t<div class=\"vc_single_image-wrapper   vc_box_border_grey\"><img loading=\"lazy\" decoding=\"async\" class=\"vc_single_image-img\" src=\"https:\/\/www.ksalps.com\/wp-content\/uploads\/2025\/10\/Hotel-Rozka_Manca-Bajzelj-1000x600.jpg\" width=\"1000\" height=\"600\" alt=\"Hotel Rozka_Manca Baj\u017eelj\" title=\"Hotel Rozka_Manca Baj\u017eelj\" \/><\/div>\n\t\t<\/figure>\n\t<\/div>\n\t\t\t<div\r\n\t\t\t\tclass=\"main_title  text-center\">\r\n\t\t\t\t<h2 class=\"title\">HOTEL HI\u0160A ROZKA<\/h2>\r\n\t\t\t\t\t\t\t<\/div>\r\n\t\t\n\t<div class=\"wpb_text_column wpb_content_element  vc_custom_1759405706423\" >\n\t\t<div class=\"wpb_wrapper\">\n\t\t\t<p style=\"text-align: center;\">Ambro\u017e pod Krvavcem 55, 4207 Cerklje na Gorenjskem<\/p>\n<p style=\"text-align: center;\">+386 4 201 29 22<br \/>\n<a href=\"mailto:info@hotelrozka.si\">info@hotelrozka.si<\/a><br \/>\n<a href=\"http:\/\/www.dbresorts.si\">www.dbresorts.si<\/a><\/p>\n\n\t\t<\/div>\n\t<\/div>\n<\/div><\/div><\/div><\/div><div class=\"vc_row wpb_row vc_inner vc_row-fluid\"><div class=\"wpb_column vc_column_container vc_col-sm-4\"><div class=\"vc_column-inner\"><div class=\"wpb_wrapper\">\n\t<div  class=\"wpb_single_image wpb_content_element vc_align_left\">\n\t\t\n\t\t<figure class=\"wpb_wrapper vc_figure\">\n\t\t\t<div class=\"vc_single_image-wrapper   vc_box_border_grey\"><img loading=\"lazy\" decoding=\"async\" class=\"vc_single_image-img\" src=\"https:\/\/www.ksalps.com\/wp-content\/uploads\/2025\/10\/Penzion-Jagodic-scaled-1000x600.jpg\" width=\"1000\" height=\"600\" alt=\"Penzion Jagodic\" title=\"Penzion Jagodic\" \/><\/div>\n\t\t<\/figure>\n\t<\/div>\n\t\t\t<div\r\n\t\t\t\tclass=\"main_title  text-center\">\r\n\t\t\t\t<h2 class=\"title\">JAGODIC GARNI HOTEL<\/h2>\r\n\t\t\t\t\t\t\t<\/div>\r\n\t\t\n\t<div class=\"wpb_text_column wpb_content_element  vc_custom_1759397850577\" >\n\t\t<div class=\"wpb_wrapper\">\n\t\t\t<p style=\"text-align: center;\">Vopovlje 10, 4207 Cerklje na Gorenjskem<\/p>\n<p style=\"text-align: center;\">+386 4 252 13 33<br \/>\n<a href=\"mailto:info@penzion-jagodic.si\">info@penzion-jagodic.si<\/a><br \/>\n<a href=\"https:\/\/penzion-jagodic.si\/\">www.<\/a><a href=\"https:\/\/penzion-jagodic.si\/\">penzion-jagodic.si<\/a><\/p>\n\n\t\t<\/div>\n\t<\/div>\n<\/div><\/div><\/div><div class=\"wpb_column vc_column_container vc_col-sm-4\"><div class=\"vc_column-inner\"><div class=\"wpb_wrapper\"><\/div><\/div><\/div><div class=\"wpb_column vc_column_container vc_col-sm-4\"><div class=\"vc_column-inner\"><div class=\"wpb_wrapper\"><\/div><\/div><\/div><\/div><\/div><\/div><\/div><\/div><div id=\"solcava\" class=\"vc_row wpb_row vc_row-fluid vc_custom_1755641479804\"><div class=\"wpb_column vc_column_container vc_col-sm-12\"><div class=\"vc_column-inner\"><div class=\"wpb_wrapper\"><div class=\"vc_separator wpb_content_element vc_separator_align_center vc_sep_width_100 vc_sep_border_width_2 vc_sep_pos_align_center vc_separator-has-text\" ><span class=\"vc_sep_holder vc_sep_holder_l\"><span style=\"border-color:#05668d;\" class=\"vc_sep_line\"><\/span><\/span><h4>Sol\u010dava<\/h4><span class=\"vc_sep_holder vc_sep_holder_r\"><span style=\"border-color:#05668d;\" class=\"vc_sep_line\"><\/span><\/span>\n<\/div><div class=\"vc_row wpb_row vc_inner vc_row-fluid\"><div class=\"wpb_column vc_column_container vc_col-sm-4\"><div class=\"vc_column-inner\"><div class=\"wpb_wrapper\">\n\t<div  class=\"wpb_single_image wpb_content_element vc_align_left\">\n\t\t\n\t\t<figure class=\"wpb_wrapper vc_figure\">\n\t\t\t<div class=\"vc_single_image-wrapper   vc_box_border_grey\"><img loading=\"lazy\" decoding=\"async\" class=\"vc_single_image-img\" src=\"https:\/\/www.ksalps.com\/wp-content\/uploads\/2025\/10\/Hotel-Plesnik-4-Hotel-Plesnik-1000x600.jpg\" width=\"1000\" height=\"600\" alt=\"Hotel Plesnik 4 - Hotel Plesnik\" title=\"Hotel Plesnik 4 - Hotel Plesnik\" \/><\/div>\n\t\t<\/figure>\n\t<\/div>\n\t\t\t<div\r\n\t\t\t\tclass=\"main_title  text-center\">\r\n\t\t\t\t<h2 class=\"title\">HOTEL PLESNIK<\/h2>\r\n\t\t\t\t\t\t\t<\/div>\r\n\t\t\n\t<div class=\"wpb_text_column wpb_content_element  vc_custom_1759405849428\" >\n\t\t<div class=\"wpb_wrapper\">\n\t\t\t<p style=\"text-align: center;\">Logarska dolina 10, 3335 Sol\u010dava<\/p>\n<p style=\"text-align: center;\">+386 3 839 23 00<br \/>\n<a href=\"mailto:info@plesnik.si\">info@plesnik.si<\/a><br \/>\n<a href=\"https:\/\/www.plesnik.si\/\">www.plesnik.si<\/a><\/p>\n\n\t\t<\/div>\n\t<\/div>\n<\/div><\/div><\/div><div class=\"wpb_column vc_column_container vc_col-sm-4\"><div class=\"vc_column-inner\"><div class=\"wpb_wrapper\"><\/div><\/div><\/div><\/div><\/div><\/div><\/div><\/div><div id=\"jezersko\" class=\"vc_row wpb_row vc_row-fluid vc_custom_1758487452542\"><div class=\"wpb_column vc_column_container vc_col-sm-12\"><div class=\"vc_column-inner\"><div class=\"wpb_wrapper\"><div class=\"vc_separator wpb_content_element vc_separator_align_center vc_sep_width_100 vc_sep_border_width_2 vc_sep_pos_align_left vc_separator-has-text\" ><span class=\"vc_sep_holder vc_sep_holder_l\"><span style=\"border-color:#05668d;\" class=\"vc_sep_line\"><\/span><\/span><h4>Jezersko<\/h4><span class=\"vc_sep_holder vc_sep_holder_r\"><span style=\"border-color:#05668d;\" class=\"vc_sep_line\"><\/span><\/span>\n<\/div><div class=\"vc_row wpb_row vc_inner vc_row-fluid\"><div class=\"wpb_column vc_column_container vc_col-sm-4\"><div class=\"vc_column-inner\"><div class=\"wpb_wrapper\">\n\t<div  class=\"wpb_single_image wpb_content_element vc_align_left\">\n\t\t\n\t\t<figure class=\"wpb_wrapper vc_figure\">\n\t\t\t<div class=\"vc_single_image-wrapper   vc_box_border_grey\"><img loading=\"lazy\" decoding=\"async\" class=\"vc_single_image-img\" src=\"https:\/\/www.ksalps.com\/wp-content\/uploads\/2021\/12\/Vila-Planinka-s-petzvezdicnim-nebom-1024x771-1-1000x600.jpg\" width=\"1000\" height=\"600\" alt=\"HOTELI\" title=\"HOTELI\" \/><\/div>\n\t\t<\/figure>\n\t<\/div>\n\t\t\t<div\r\n\t\t\t\tclass=\"main_title  text-center\">\r\n\t\t\t\t<h2 class=\"title\">VILA PLANINKA<\/h2>\r\n\t\t\t\t\t\t\t<\/div>\r\n\t\t\n\t<div class=\"wpb_text_column wpb_content_element  vc_custom_1759397440496\" >\n\t\t<div class=\"wpb_wrapper\">\n\t\t\t<p style=\"text-align: center;\">Zgornje Jezersko 67, 4206 Zgornje Jezersko<\/p>\n<p style=\"text-align: center;\">+386 42 559 750<br \/>\n<a href=\"mailto:unplug@vilaplaninka.com\">unplug@vilaplaninka.com<\/a><br \/>\n<a href=\"http:\/\/www.vilaplaninka.com\">www.vilaplaninka.com<\/a><\/p>\n\n\t\t<\/div>\n\t<\/div>\n<\/div><\/div><\/div><div class=\"wpb_column vc_column_container vc_col-sm-4\"><div class=\"vc_column-inner\"><div class=\"wpb_wrapper\"><\/div><\/div><\/div><div class=\"wpb_column vc_column_container vc_col-sm-4\"><div class=\"vc_column-inner\"><div class=\"wpb_wrapper\"><\/div><\/div><\/div><\/div><\/div><\/div><\/div><\/div>\n<\/section>","protected":false},"excerpt":{"rendered":"KamnikLu\u010deSol\u010davaCerklje na GorenjskemJezerskoPreddvorKamnik TERME SNOVIK Snovik 7, 1219 Laze v Tuhinju +386 18 344 100 marketing@terme-snovik.si www.terme-snovik.si Cerklje na Gorenjskem GRAD STRMOL Dvorje 3, 4207 Cerklje na Gorenjskem +386 42 601 000 grad-strmol@brdo.si www.grad-strmol.si HOTEL KRVAVEC Ambro\u017e pod Krvavcem 50, 4207 Cerklje na Gorenjskem +386 51 350 830 booking@rtc-krvavec.si www.rtc-krvavec.si HOTEL HI\u0160A ROZKA Ambro\u017e pod [...]","protected":false},"author":1,"featured_media":0,"parent":0,"menu_order":0,"comment_status":"closed","ping_status":"closed","template":"","meta":{"footnotes":""},"class_list":["post-4120","page","type-page","status-publish","hentry"],"_links":{"self":[{"href":"https:\/\/www.ksalps.com\/cs\/wp-json\/wp\/v2\/pages\/4120","targetHints":{"allow":["GET"]}}],"collection":[{"href":"https:\/\/www.ksalps.com\/cs\/wp-json\/wp\/v2\/pages"}],"about":[{"href":"https:\/\/www.ksalps.com\/cs\/wp-json\/wp\/v2\/types\/page"}],"author":[{"embeddable":true,"href":"https:\/\/www.ksalps.com\/cs\/wp-json\/wp\/v2\/users\/1"}],"replies":[{"embeddable":true,"href":"https:\/\/www.ksalps.com\/cs\/wp-json\/wp\/v2\/comments?post=4120"}],"version-history":[{"count":18,"href":"https:\/\/www.ksalps.com\/cs\/wp-json\/wp\/v2\/pages\/4120\/revisions"}],"predecessor-version":[{"id":4242,"href":"https:\/\/www.ksalps.com\/cs\/wp-json\/wp\/v2\/pages\/4120\/revisions\/4242"}],"wp:attachment":[{"href":"https:\/\/www.ksalps.com\/cs\/wp-json\/wp\/v2\/media?parent=4120"}],"curies":[{"name":"wp","href":"https:\/\/api.w.org\/{rel}","templated":true}]}}