{"id":3663,"date":"2024-04-02T16:11:02","date_gmt":"2024-04-02T14:11:02","guid":{"rendered":"https:\/\/www.ksalps.com\/?page_id=3663"},"modified":"2024-07-19T11:45:39","modified_gmt":"2024-07-19T09:45:39","slug":"darilca-z-okusom","status":"publish","type":"page","link":"https:\/\/www.ksalps.com\/cs\/darilca-z-okusom\/","title":{"rendered":"Lahodn\u00e9 d\u00e1rky"},"content":{"rendered":"<section class=\"wpb-content-wrapper\"><div data-vc-full-width=\"true\" data-vc-full-width-init=\"false\" class=\"vc_row wpb_row vc_row-fluid vc_custom_1707787702081 vc_row-has-fill vc_row-o-content-top vc_row-flex\"><div class=\"wpb_column vc_column_container vc_col-sm-3\/5\"><div class=\"vc_column-inner\"><div class=\"wpb_wrapper\">\n\t<div class=\"wpb_text_column wpb_content_element \" >\n\t\t<div class=\"wpb_wrapper\">\n\t\t\t<h2 style=\"text-align: left;\">Dolina Kamni\u0161ke Bistrice<\/h2>\n<p style=\"text-align: left;\">Kamni\u0161ka Bistrica 3, 1242 Stahovica<\/p>\n<ul>\n<li style=\"text-align: left;\">+386 70 818 400<\/li>\n<li style=\"text-align: left;\"><a href=\"mailto:zagamaja@gmail.com\">zagamaja@gmail.com<\/a><\/li>\n<\/ul>\n\n\t\t<\/div>\n\t<\/div>\n<div class=\"wpb_images_carousel wpb_content_element vc_clearfix\"><div class=\"wpb_wrapper\"><div id=\"vc_images-carousel-1-1777715143\" data-ride=\"vc_carousel\" data-wrap=\"false\" style=\"width: 100%;\" data-interval=\"0\" data-auto-height=\"yes\" data-mode=\"horizontal\" data-partial=\"false\" data-per-view=\"2\" data-hide-on-end=\"true\" class=\"vc_slide vc_images_carousel\"><div class=\"vc_carousel-inner\"><div class=\"vc_carousel-slideline\"><div class=\"vc_carousel-slideline-inner\"><div class=\"vc_item\"><div class=\"vc_inner\"><a class=\"\" href=\"https:\/\/www.ksalps.com\/wp-content\/uploads\/2024\/06\/Okusi_Kamnika_Rusovc-1024x659.jpg\" data-lightbox=\"lightbox[rel-3663-3714371356]\"><img loading=\"lazy\" decoding=\"async\" width=\"2560\" height=\"1646\" src=\"https:\/\/www.ksalps.com\/wp-content\/uploads\/2024\/06\/Okusi_Kamnika_Rusovc-scaled.jpg\" class=\"attachment-full\" alt=\"\" title=\"Nedelo\/OK\" srcset=\"https:\/\/www.ksalps.com\/wp-content\/uploads\/2024\/06\/Okusi_Kamnika_Rusovc-scaled.jpg 2560w, https:\/\/www.ksalps.com\/wp-content\/uploads\/2024\/06\/Okusi_Kamnika_Rusovc-300x193.jpg 300w, https:\/\/www.ksalps.com\/wp-content\/uploads\/2024\/06\/Okusi_Kamnika_Rusovc-1024x659.jpg 1024w, https:\/\/www.ksalps.com\/wp-content\/uploads\/2024\/06\/Okusi_Kamnika_Rusovc-768x494.jpg 768w, https:\/\/www.ksalps.com\/wp-content\/uploads\/2024\/06\/Okusi_Kamnika_Rusovc-80x51.jpg 80w, https:\/\/www.ksalps.com\/wp-content\/uploads\/2024\/06\/Okusi_Kamnika_Rusovc-1536x988.jpg 1536w, https:\/\/www.ksalps.com\/wp-content\/uploads\/2024\/06\/Okusi_Kamnika_Rusovc-2048x1317.jpg 2048w, https:\/\/www.ksalps.com\/wp-content\/uploads\/2024\/06\/Okusi_Kamnika_Rusovc-18x12.jpg 18w\" sizes=\"auto, (max-width: 2560px) 100vw, 2560px\" \/><\/a><\/div><\/div><\/div><\/div><\/div><a class=\"vc_left vc_carousel-control\" href=\"#vc_images-carousel-1-1777715143\" data-slide=\"prev\"><span class=\"icon-prev\"><\/span><\/a><a class=\"vc_right vc_carousel-control\" href=\"#vc_images-carousel-1-1777715143\" data-slide=\"next\"><span class=\"icon-next\"><\/span><\/a><\/div><\/div><\/div>\n\t<div class=\"wpb_text_column wpb_content_element \" >\n\t\t<div class=\"wpb_wrapper\">\n\t\t\t<h4><strong>Na\u0161e zna\u010dilne dobrote:<\/strong><\/h4>\n<p>Ru\u0161ovc.<\/p>\n\n\t\t<\/div>\n\t<\/div>\n<\/div><\/div><\/div><div class=\"wpb_column vc_column_container vc_col-sm-2\/5\"><div class=\"vc_column-inner\"><div class=\"wpb_wrapper\">\n\t<div class=\"wpb_text_column wpb_content_element \" >\n\t\t<div class=\"wpb_wrapper\">\n\t\t\t<blockquote>\n<p style=\"text-align: left;\">Ru\u0161ovc je \u017egana pija\u010da iz vr\u0161i\u010dkov ru\u0161evja, z dodanim medom, sladkorjem in seveda \u017eganjem. Nakup je mo\u017een na navedenem naslovu, v TIC Kamnik ali v buti\u010dni trgovinici Zlata pti\u010dka (spletna trgovina).<\/p>\n<\/blockquote>\n\n\t\t<\/div>\n\t<\/div>\n<\/div><\/div><\/div><\/div><div class=\"vc_row-full-width vc_clearfix\"><\/div><div data-vc-full-width=\"true\" data-vc-full-width-init=\"false\" class=\"vc_row wpb_row vc_row-fluid vc_custom_1707787617082 vc_row-has-fill vc_row-o-content-top vc_row-flex\"><div class=\"wpb_column vc_column_container vc_col-sm-3\/5\"><div class=\"vc_column-inner\"><div class=\"wpb_wrapper\">\n\t<div class=\"wpb_text_column wpb_content_element \" >\n\t\t<div class=\"wpb_wrapper\">\n\t\t\t<h2 style=\"text-align: left;\">Samostan Mekinje<\/h2>\n<p style=\"text-align: left;\">Pol\u010deva pot 10, 1241 Kamnik<\/p>\n<ul>\n<li style=\"text-align: left;\">+386 31 392 158<\/li>\n<li><a href=\"mailto:info@samostanmekinje.si\">info@samostanmekinje.si<\/a><\/li>\n<li><a href=\"http:\/\/www.samostanmekinje.si\">samostanmekinje.si<\/a><\/li>\n<\/ul>\n\n\t\t<\/div>\n\t<\/div>\n<div class=\"wpb_images_carousel wpb_content_element vc_clearfix\"><div class=\"wpb_wrapper\"><div id=\"vc_images-carousel-2-1777715143\" data-ride=\"vc_carousel\" data-wrap=\"false\" style=\"width: 100%;\" data-interval=\"0\" data-auto-height=\"yes\" data-mode=\"horizontal\" data-partial=\"false\" data-per-view=\"2\" data-hide-on-end=\"true\" class=\"vc_slide vc_images_carousel\"><div class=\"vc_carousel-inner\"><div class=\"vc_carousel-slideline\"><div class=\"vc_carousel-slideline-inner\"><div class=\"vc_item\"><div class=\"vc_inner\"><a class=\"\" href=\"https:\/\/www.ksalps.com\/wp-content\/uploads\/2024\/04\/005A2417-Aktivna-Vedno.jpg\" data-lightbox=\"lightbox[rel-3663-4035840274]\"><img loading=\"lazy\" decoding=\"async\" width=\"1000\" height=\"667\" src=\"https:\/\/www.ksalps.com\/wp-content\/uploads\/2024\/04\/005A2417-Aktivna-Vedno.jpg\" class=\"attachment-full\" alt=\"\" title=\"005A2417 - Aktivna Vedno\" srcset=\"https:\/\/www.ksalps.com\/wp-content\/uploads\/2024\/04\/005A2417-Aktivna-Vedno.jpg 1000w, https:\/\/www.ksalps.com\/wp-content\/uploads\/2024\/04\/005A2417-Aktivna-Vedno-300x200.jpg 300w, https:\/\/www.ksalps.com\/wp-content\/uploads\/2024\/04\/005A2417-Aktivna-Vedno-768x512.jpg 768w, https:\/\/www.ksalps.com\/wp-content\/uploads\/2024\/04\/005A2417-Aktivna-Vedno-80x53.jpg 80w, https:\/\/www.ksalps.com\/wp-content\/uploads\/2024\/04\/005A2417-Aktivna-Vedno-18x12.jpg 18w\" sizes=\"auto, (max-width: 1000px) 100vw, 1000px\" \/><\/a><\/div><\/div><div class=\"vc_item\"><div class=\"vc_inner\"><a class=\"\" href=\"https:\/\/www.ksalps.com\/wp-content\/uploads\/2024\/04\/005A2301-Aktivna-Vedno.jpg\" data-lightbox=\"lightbox[rel-3663-4035840274]\"><img loading=\"lazy\" decoding=\"async\" width=\"1000\" height=\"667\" src=\"https:\/\/www.ksalps.com\/wp-content\/uploads\/2024\/04\/005A2301-Aktivna-Vedno.jpg\" class=\"attachment-full\" alt=\"\" title=\"005A2301 - Aktivna Vedno\" srcset=\"https:\/\/www.ksalps.com\/wp-content\/uploads\/2024\/04\/005A2301-Aktivna-Vedno.jpg 1000w, https:\/\/www.ksalps.com\/wp-content\/uploads\/2024\/04\/005A2301-Aktivna-Vedno-300x200.jpg 300w, https:\/\/www.ksalps.com\/wp-content\/uploads\/2024\/04\/005A2301-Aktivna-Vedno-768x512.jpg 768w, https:\/\/www.ksalps.com\/wp-content\/uploads\/2024\/04\/005A2301-Aktivna-Vedno-80x53.jpg 80w, https:\/\/www.ksalps.com\/wp-content\/uploads\/2024\/04\/005A2301-Aktivna-Vedno-18x12.jpg 18w\" sizes=\"auto, (max-width: 1000px) 100vw, 1000px\" \/><\/a><\/div><\/div><\/div><\/div><\/div><a class=\"vc_left vc_carousel-control\" href=\"#vc_images-carousel-2-1777715143\" data-slide=\"prev\"><span class=\"icon-prev\"><\/span><\/a><a class=\"vc_right vc_carousel-control\" href=\"#vc_images-carousel-2-1777715143\" data-slide=\"next\"><span class=\"icon-next\"><\/span><\/a><\/div><\/div><\/div>\n\t<div class=\"wpb_text_column wpb_content_element \" >\n\t\t<div class=\"wpb_wrapper\">\n\t\t\t<h4><strong>Na\u0161e zna\u010dilne dobrote:<\/strong><\/h4>\n<p>\u010caji Doroteja (sladki pelin, \u010daj za prehlad, \u010daj iz srca KRRT), napoji Doroteja (bezgov napoj, ro\u017eni napoj, napoj za mo\u010d), sirupi (aronija, kopriva, bezeg, meta), cvetli\u010dni med (z jagodami, s slivami, z le\u0161niki), bu\u010dno olje in zeli\u0161\u010dna sol.<\/p>\n\n\t\t<\/div>\n\t<\/div>\n<\/div><\/div><\/div><div class=\"wpb_column vc_column_container vc_col-sm-2\/5\"><div class=\"vc_column-inner\"><div class=\"wpb_wrapper\">\n\t<div class=\"wpb_text_column wpb_content_element \" >\n\t\t<div class=\"wpb_wrapper\">\n\t\t\t<blockquote>\n<p style=\"text-align: left;\">Blagovna znamka Doroteja, ki nosi ime po Doroteji Sidoniji Gallenberg &#8211; dologoletni opatinji samostana v 17. stoletju, pod skupno podobo zdru\u017euje izdelke, pridelke in namestitve mekinjskega samostana. S svojim zdravilskim darom in pridobljenim znanjem je zdravila okoli\u0161ko prebivalstvo in zagotavljala edino mo\u017enost izobra\u017eevanja mladim dekletom. Njeno znanje in vrline danes vra\u010damo nazaj v samostan, ki postaja vse bolj prepoznaven kulturni center.<\/p>\n<\/blockquote>\n\n\t\t<\/div>\n\t<\/div>\n<\/div><\/div><\/div><\/div><div class=\"vc_row-full-width vc_clearfix\"><\/div><div data-vc-full-width=\"true\" data-vc-full-width-init=\"false\" class=\"vc_row wpb_row vc_row-fluid vc_custom_1707787189857 vc_row-has-fill vc_row-o-content-top vc_row-flex\"><div class=\"wpb_column vc_column_container vc_col-sm-3\/5\"><div class=\"vc_column-inner\"><div class=\"wpb_wrapper\">\n\t<div class=\"wpb_text_column wpb_content_element \" >\n\t\t<div class=\"wpb_wrapper\">\n\t\t\t<h2 style=\"text-align: left;\">Kmetija Robnik<\/h2>\n<p style=\"text-align: left;\">Podol\u0161eva 3, 3335 Sol\u010dava<\/p>\n<ul>\n<li style=\"text-align: left;\">+386 31 321 503<\/li>\n<li style=\"text-align: left;\"><a href=\"mailto:preprotnik.nada@gmail.com\">preprotnik.nada@gmail.com<\/a><\/li>\n<li style=\"text-align: left;\"><a href=\"https:\/\/www.facebook.com\/profile.php?id=100063773836770\">Facebook Kmetija Robnik\u00a0<\/a><\/li>\n<\/ul>\n\n\t\t<\/div>\n\t<\/div>\n<div class=\"wpb_images_carousel wpb_content_element vc_clearfix\"><div class=\"wpb_wrapper\"><div id=\"vc_images-carousel-3-1777715143\" data-ride=\"vc_carousel\" data-wrap=\"false\" style=\"width: 700px;\" data-interval=\"0\" data-auto-height=\"yes\" data-mode=\"horizontal\" data-partial=\"false\" data-per-view=\"2\" data-hide-on-end=\"true\" class=\"vc_slide vc_images_carousel\"><div class=\"vc_carousel-inner\"><div class=\"vc_carousel-slideline\"><div class=\"vc_carousel-slideline-inner\"><div class=\"vc_item\"><div class=\"vc_inner\"><a class=\"\" href=\"https:\/\/www.ksalps.com\/wp-content\/uploads\/2024\/04\/PROMOCIJA-4-Nada-preprotnik.jpg\" data-lightbox=\"lightbox[rel-3663-2949624880]\"><img loading=\"lazy\" decoding=\"async\" class=\"\" src=\"https:\/\/www.ksalps.com\/wp-content\/uploads\/2024\/04\/PROMOCIJA-4-Nada-preprotnik-700x450.jpg\" width=\"700\" height=\"450\" alt=\"PROMOCIJA 4 - Nada preprotnik\" title=\"PROMOCIJA 4 - Nada preprotnik\" \/><\/a><\/div><\/div><div class=\"vc_item\"><div class=\"vc_inner\"><a class=\"\" href=\"https:\/\/www.ksalps.com\/wp-content\/uploads\/2024\/04\/zlinkrof-m-2-Nada-preprotnik.jpg\" data-lightbox=\"lightbox[rel-3663-2949624880]\"><img loading=\"lazy\" decoding=\"async\" class=\"\" src=\"https:\/\/www.ksalps.com\/wp-content\/uploads\/2024\/04\/zlinkrof-m-2-Nada-preprotnik-700x450.jpg\" width=\"700\" height=\"450\" alt=\"\u017elinkrof m (2) - Nada preprotnik\" title=\"\u017elinkrof m (2) - Nada preprotnik\" \/><\/a><\/div><\/div><\/div><\/div><\/div><a class=\"vc_left vc_carousel-control\" href=\"#vc_images-carousel-3-1777715143\" data-slide=\"prev\"><span class=\"icon-prev\"><\/span><\/a><a class=\"vc_right vc_carousel-control\" href=\"#vc_images-carousel-3-1777715143\" data-slide=\"next\"><span class=\"icon-next\"><\/span><\/a><\/div><\/div><\/div>\n\t<div class=\"wpb_text_column wpb_content_element \" >\n\t\t<div class=\"wpb_wrapper\">\n\t\t\t<h4><strong>Na\u0161e zna\u010dilne dobrote:<\/strong><\/h4>\n<p>Suhomesnati izdelki, mle\u010dni izdeki, likerji in marmelade.<\/p>\n\n\t\t<\/div>\n\t<\/div>\n<\/div><\/div><\/div><div class=\"wpb_column vc_column_container vc_col-sm-2\/5\"><div class=\"vc_column-inner\"><div class=\"wpb_wrapper\">\n\t<div class=\"wpb_text_column wpb_content_element \" >\n\t\t<div class=\"wpb_wrapper\">\n\t\t\t<blockquote>\n<p style=\"text-align: left;\">Na na\u0161i kmetiji vam preko celega leta nudimo mo\u017enost nakupa suhomesnatih izdelkov, likerjev, marmelad in pekovskih izdelkov, \u017elinkrofe iz suhega mesa ali suhih hru\u0161k, od maja do novembra pa tudi razli\u010dne mle\u010dne izdelke.<\/p>\n<\/blockquote>\n\n\t\t<\/div>\n\t<\/div>\n<\/div><\/div><\/div><\/div><div class=\"vc_row-full-width vc_clearfix\"><\/div><div data-vc-full-width=\"true\" data-vc-full-width-init=\"false\" class=\"vc_row wpb_row vc_row-fluid vc_custom_1721382245063 vc_row-has-fill vc_row-o-content-top vc_row-flex\"><div class=\"wpb_column vc_column_container vc_col-sm-3\/5\"><div class=\"vc_column-inner\"><div class=\"wpb_wrapper\">\n\t<div class=\"wpb_text_column wpb_content_element \" >\n\t\t<div class=\"wpb_wrapper\">\n\t\t\t<h2 style=\"text-align: left;\">Eko Glamping Resort Kri\u0161tof<\/h2>\n<p style=\"text-align: left;\">\u0160martno 22, 4207 Cerklje na Gorenjskem<\/p>\n<ul>\n<li style=\"text-align: left;\">+386 41 309 070<\/li>\n<li style=\"text-align: left;\"><a href=\"info@glampingkristof.eu\">info@glampingkristof.eu<\/a><\/li>\n<li style=\"text-align: left;\"><a href=\"http:\/\/glampingkristof.eu\">glampingkristof.eu<\/a><\/li>\n<\/ul>\n\n\t\t<\/div>\n\t<\/div>\n<div class=\"wpb_images_carousel wpb_content_element vc_clearfix\"><div class=\"wpb_wrapper\"><div id=\"vc_images-carousel-4-1777715143\" data-ride=\"vc_carousel\" data-wrap=\"false\" style=\"width: 700px;\" data-interval=\"0\" data-auto-height=\"yes\" data-mode=\"horizontal\" data-partial=\"false\" data-per-view=\"2\" data-hide-on-end=\"true\" class=\"vc_slide vc_images_carousel\"><div class=\"vc_carousel-inner\"><div class=\"vc_carousel-slideline\"><div class=\"vc_carousel-slideline-inner\"><div class=\"vc_item\"><div class=\"vc_inner\"><a class=\"\" href=\"https:\/\/www.ksalps.com\/wp-content\/uploads\/2024\/07\/Glamping-Kristof-30-1024x683.jpg\" data-lightbox=\"lightbox[rel-3663-1687970791]\"><img loading=\"lazy\" decoding=\"async\" class=\"\" src=\"https:\/\/www.ksalps.com\/wp-content\/uploads\/2024\/07\/Glamping-Kristof-30-700x450.jpg\" width=\"700\" height=\"450\" alt=\"Glamping Kri\u0161tof (30)\" title=\"Glamping Kri\u0161tof (30)\" \/><\/a><\/div><\/div><div class=\"vc_item\"><div class=\"vc_inner\"><a class=\"\" href=\"https:\/\/www.ksalps.com\/wp-content\/uploads\/2024\/07\/Glamping-Kristof-58-1024x683.jpg\" data-lightbox=\"lightbox[rel-3663-1687970791]\"><img loading=\"lazy\" decoding=\"async\" class=\"\" src=\"https:\/\/www.ksalps.com\/wp-content\/uploads\/2024\/07\/Glamping-Kristof-58-700x450.jpg\" width=\"700\" height=\"450\" alt=\"Glamping Kri\u0161tof (58)\" title=\"Glamping Kri\u0161tof (58)\" \/><\/a><\/div><\/div><\/div><\/div><\/div><a class=\"vc_left vc_carousel-control\" href=\"#vc_images-carousel-4-1777715143\" data-slide=\"prev\"><span class=\"icon-prev\"><\/span><\/a><a class=\"vc_right vc_carousel-control\" href=\"#vc_images-carousel-4-1777715143\" data-slide=\"next\"><span class=\"icon-next\"><\/span><\/a><\/div><\/div><\/div>\n\t<div class=\"wpb_text_column wpb_content_element \" >\n\t\t<div class=\"wpb_wrapper\">\n\t\t\t<h4><strong>Na\u0161e zna\u010dilne dobrote:<\/strong><\/h4>\n<p>Presti\u017eni zajtrki z veganskimi jedmi Barbare Kokelj, Biosing salame, siri Golden Ring, Andra\u017eev kruh z dro\u017emi, surove Vodom\u010deve postrvi obogatene z olj\u010dnim oljem Vanje Dujc, doma\u010de marmelade brez sladkorja, ekolo\u0161ka koko\u0161ja in prepeli\u010dja jajca, \u0160tirn sokovi brez sladkorja, \u010daji Mirjane Grilc s Krvavca in mnoge druge dobrote.<\/p>\n\n\t\t<\/div>\n\t<\/div>\n<\/div><\/div><\/div><div class=\"wpb_column vc_column_container vc_col-sm-2\/5\"><div class=\"vc_column-inner\"><div class=\"wpb_wrapper\">\n\t<div class=\"wpb_text_column wpb_content_element \" >\n\t\t<div class=\"wpb_wrapper\">\n\t\t\t<blockquote>\n<p style=\"text-align: left;\">Nahajamo se pod Kamni\u0161ko-Savinjskimi Alpami v vasi \u0160martno pri Cerkljah na Gorenjskem. Gostje pri nas u\u017eivajo v edinstvenem, okolju prijaznem na\u010dinu u\u017eivanja na prostem, stiku s pode\u017eelskim okoljem in dih jemajo\u010dih razgledih.<\/p>\n<\/blockquote>\n\n\t\t<\/div>\n\t<\/div>\n<\/div><\/div><\/div><\/div><div class=\"vc_row-full-width vc_clearfix\"><\/div>\n<\/section>","protected":false},"excerpt":{"rendered":"Dolina Kamni\u0161ke Bistrice Kamni\u0161ka Bistrica 3, 1242 Stahovica +386 70 818 400 zagamaja@gmail.com Na\u0161e zna\u010dilne dobrote: Ru\u0161ovc. Ru\u0161ovc je \u017egana pija\u010da iz vr\u0161i\u010dkov ru\u0161evja, z dodanim medom, sladkorjem in seveda \u017eganjem. Nakup je mo\u017een na navedenem naslovu, v TIC Kamnik ali v buti\u010dni trgovinici Zlata pti\u010dka (spletna trgovina). Samostan Mekinje Pol\u010deva pot 10, 1241 Kamnik [...]","protected":false},"author":1,"featured_media":0,"parent":0,"menu_order":0,"comment_status":"closed","ping_status":"closed","template":"","meta":{"footnotes":""},"class_list":["post-3663","page","type-page","status-publish","hentry"],"_links":{"self":[{"href":"https:\/\/www.ksalps.com\/cs\/wp-json\/wp\/v2\/pages\/3663","targetHints":{"allow":["GET"]}}],"collection":[{"href":"https:\/\/www.ksalps.com\/cs\/wp-json\/wp\/v2\/pages"}],"about":[{"href":"https:\/\/www.ksalps.com\/cs\/wp-json\/wp\/v2\/types\/page"}],"author":[{"embeddable":true,"href":"https:\/\/www.ksalps.com\/cs\/wp-json\/wp\/v2\/users\/1"}],"replies":[{"embeddable":true,"href":"https:\/\/www.ksalps.com\/cs\/wp-json\/wp\/v2\/comments?post=3663"}],"version-history":[{"count":9,"href":"https:\/\/www.ksalps.com\/cs\/wp-json\/wp\/v2\/pages\/3663\/revisions"}],"predecessor-version":[{"id":3871,"href":"https:\/\/www.ksalps.com\/cs\/wp-json\/wp\/v2\/pages\/3663\/revisions\/3871"}],"wp:attachment":[{"href":"https:\/\/www.ksalps.com\/cs\/wp-json\/wp\/v2\/media?parent=3663"}],"curies":[{"name":"wp","href":"https:\/\/api.w.org\/{rel}","templated":true}]}}