{"id":3591,"date":"2023-06-26T17:17:52","date_gmt":"2023-06-26T15:17:52","guid":{"rendered":"https:\/\/www.ksalps.com\/?page_id=3591"},"modified":"2025-10-01T15:44:35","modified_gmt":"2025-10-01T13:44:35","slug":"hop-on-hop-off","status":"publish","type":"page","link":"https:\/\/www.ksalps.com\/cs\/hop-on-hop-off\/","title":{"rendered":"HOP ON-HOP OFF"},"content":{"rendered":"<section class=\"wpb-content-wrapper\"><div class=\"vc_row wpb_row vc_row-fluid vc_custom_1688751005105\"><div class=\"wpb_column vc_column_container vc_col-sm-12\"><div class=\"vc_column-inner\"><div class=\"wpb_wrapper\">\n\t<div class=\"wpb_text_column wpb_content_element  vc_custom_1759326260676\" >\n\t\t<div class=\"wpb_wrapper\">\n\t\t\t<h4 style=\"text-align: center;\" data-start=\"67\" data-end=\"249\">D\u011bkujeme, \u017ee jste se k n\u00e1m tuto sez\u00f3nu p\u0159ipojili na okru\u017en\u00ed j\u00edzd\u011b a objevovali nejkr\u00e1sn\u011bj\u0161\u00ed z\u00e1kout\u00ed Kamnicko-Savinjsk\u00fdch Alp ekologick\u00fdm zp\u016fsobem \u2013 s elektrick\u00fdm vozidlem Hop on \u2013 Hop off!<\/h4>\n<p>&nbsp;<\/p>\n<h4 style=\"text-align: center;\" data-start=\"251\" data-end=\"374\">Slu\u017eba byla pro tento rok ukon\u010dena, ale u\u017e se t\u011b\u0161\u00edme na p\u0159\u00ed\u0161t\u00ed l\u00e9to, kdy se znovu setk\u00e1me p\u0159i nov\u00fdch dobrodru\u017estv\u00edch.<\/h4>\n<p>&nbsp;<\/p>\n<h4 style=\"text-align: center;\">M\u00e9n\u011b stresu. V\u00edce p\u0159\u00edrody. Kamnicko-Savinjsk\u00e9 Alpy v\u00e1m pod\u011bkuj\u00ed!<\/h4>\n\n\t\t<\/div>\n\t<\/div>\n<\/div><\/div><\/div><\/div><div class=\"vc_row wpb_row vc_row-fluid vc_custom_1721055071131\"><div class=\"wpb_column vc_column_container vc_col-sm-12\"><div class=\"vc_column-inner\"><div class=\"wpb_wrapper\">\n\t<div class=\"wpb_text_column wpb_content_element\" >\n\t\t<div class=\"wpb_wrapper\">\n\t\t\t\n\t\t<\/div>\n\t<\/div>\n\r\n        \r\n        <style>\r\n\t\t\t\t#btn-container-qKUbv {\r\n\t\t\t\t\tfont-size: 22px;\r\n\t\t\t\t\tfont-weight: bold;\r\n\t\t\t\t}\r\n        #btn-qKUbv {\r\n        \tbackground: #05668d;\r\n\t\t\t\t\tborder-style: solid;\r\n        \tborder-color: #05668d;\r\n\t\t\t\t\tborder-width: 2px;\r\n        \tcolor: #ffffff;\r\n\t\t\t\t\tpadding: 10px 20px;\r\n\t\t\t\t\tborder-radius: 2px;\r\n\t\t\t\t\tfont-size: 22px;\r\n\t\t\t\t\tline-height: 22px;\r\n\t\t\t\t\t\t\t\t\t\t\t\t\t\t\tfont-weight: bold;\r\n        }\r\n\r\n\t\t\t\t#btn-qKUbv:hover {\r\n\t\t\t\t\tbackground: #2c88c0;\r\n\t\t\t\t\tborder-color: #2c88c0;\r\n\t\t\t\t\tcolor: #ffffff;\r\n\t\t\t\t\t\t\t\t\t\t\t\t\t\t\t\r\n\t\t\t\t}\r\n\r\n\t\t    #btn-qKUbv i {\r\n\t\t\t\t\tright: 14px;\r\n\t\t\t\t\tmargin-top: 0;\r\n\t\t\t\t\tvertical-align: middle;\r\n\t\t\t\t\tborder-radius: 50%;\r\n\t\t\t\t\tline-height: 20px;\r\n\t\t\t\t\theight: 20px;\r\n\t\t\t\t\twidth: 20px;\r\n\t\t\t\t\tbackground: ;\r\n\t\t\t\t\tmargin-left: 8px;\r\n\t\t\t\t\tmargin-right: 0;\r\n\t\t\t\t\tcolor: #ffffff;\r\n\t\t\t\t\tfont-size: 8px;\r\n\t\t\t\t\ttext-align: center;\r\n\t\t\t\t}\r\n\r\n\t\t\t\t #btn-qKUbv:hover i {\r\n\t\t\t\t \tbackground: #ffffff;\r\n\t\t\t\t\tcolor: #1dc1f8;\r\n\t\t\t\t }\r\n\r\n        <\/style>\r\n\r\n\t\t<!-- BUTTON -->\r\n        <div id=\"btn-container-qKUbv\" class=\"text-center\">\r\n\t\t\t\r\n\t\t\t\t\t<a href=\"https:\/\/hopon-hopoff.si\/en\/\" id=\"btn-qKUbv\" class=\"btn\" target=\"_self\">\r\n\t\t\t\t\t\tRezervujte zde\t\t\t\t\t\t\t\t\t\t\t<\/a>\r\n\t\t\t\t\t        <\/div>\r\n\r\n        \n\t<div class=\"wpb_text_column wpb_content_element\" >\n\t\t<div class=\"wpb_wrapper\">\n\t\t\t\n\t\t<\/div>\n\t<\/div>\n<\/div><\/div><\/div><\/div><div class=\"vc_row wpb_row vc_row-fluid\"><div class=\"wpb_column vc_column_container vc_col-sm-12\"><div class=\"vc_column-inner\"><div class=\"wpb_wrapper\">\n\t<div  class=\"wpb_single_image wpb_content_element vc_align_center\">\n\t\t\n\t\t<figure class=\"wpb_wrapper vc_figure\">\n\t\t\t<div class=\"vc_single_image-wrapper   vc_box_border_grey\"><img loading=\"lazy\" decoding=\"async\" width=\"1748\" height=\"1096\" src=\"https:\/\/www.ksalps.com\/wp-content\/uploads\/2025\/06\/2025_Hop-on-Hop-off-okrog-Kamnisko-Savinjskih-Alp_zemljevid_eng.jpg\" class=\"vc_single_image-img attachment-full\" alt=\"\" title=\"2025_Hop on-Hop off okrog Kamnis\u030cko-Savinjskih Alp_zemljevid_slo\" srcset=\"https:\/\/www.ksalps.com\/wp-content\/uploads\/2025\/06\/2025_Hop-on-Hop-off-okrog-Kamnisko-Savinjskih-Alp_zemljevid_eng.jpg 1748w, https:\/\/www.ksalps.com\/wp-content\/uploads\/2025\/06\/2025_Hop-on-Hop-off-okrog-Kamnisko-Savinjskih-Alp_zemljevid_eng-300x188.jpg 300w, https:\/\/www.ksalps.com\/wp-content\/uploads\/2025\/06\/2025_Hop-on-Hop-off-okrog-Kamnisko-Savinjskih-Alp_zemljevid_eng-1024x642.jpg 1024w, https:\/\/www.ksalps.com\/wp-content\/uploads\/2025\/06\/2025_Hop-on-Hop-off-okrog-Kamnisko-Savinjskih-Alp_zemljevid_eng-768x482.jpg 768w, https:\/\/www.ksalps.com\/wp-content\/uploads\/2025\/06\/2025_Hop-on-Hop-off-okrog-Kamnisko-Savinjskih-Alp_zemljevid_eng-80x50.jpg 80w, https:\/\/www.ksalps.com\/wp-content\/uploads\/2025\/06\/2025_Hop-on-Hop-off-okrog-Kamnisko-Savinjskih-Alp_zemljevid_eng-1536x963.jpg 1536w, https:\/\/www.ksalps.com\/wp-content\/uploads\/2025\/06\/2025_Hop-on-Hop-off-okrog-Kamnisko-Savinjskih-Alp_zemljevid_eng-18x12.jpg 18w\" sizes=\"auto, (max-width: 1748px) 100vw, 1748px\" \/><\/div>\n\t\t<\/figure>\n\t<\/div>\n<\/div><\/div><\/div><\/div><div class=\"vc_row wpb_row vc_row-fluid\"><div class=\"wpb_column vc_column_container vc_col-sm-12\"><div class=\"vc_column-inner\"><div class=\"wpb_wrapper\">\n\t<div  class=\"wpb_single_image wpb_content_element vc_align_center\">\n\t\t\n\t\t<figure class=\"wpb_wrapper vc_figure\">\n\t\t\t<div class=\"vc_single_image-wrapper   vc_box_border_grey\"><img loading=\"lazy\" decoding=\"async\" width=\"722\" height=\"1024\" src=\"https:\/\/www.ksalps.com\/wp-content\/uploads\/2025\/06\/2025_Hop-on-Hop-off-okrog-Kamnisko-Savinjskih-Alp_vozni-red_ang_page-0001.jpg\" class=\"vc_single_image-img attachment-large\" alt=\"\" title=\"2025_Hop on-Hop off okrog Kamni\u0161ko-Savinjskih Alp_vozni-red_slo_page-0001\" srcset=\"https:\/\/www.ksalps.com\/wp-content\/uploads\/2025\/06\/2025_Hop-on-Hop-off-okrog-Kamnisko-Savinjskih-Alp_vozni-red_ang_page-0001.jpg 1749w, https:\/\/www.ksalps.com\/wp-content\/uploads\/2025\/06\/2025_Hop-on-Hop-off-okrog-Kamnisko-Savinjskih-Alp_vozni-red_ang_page-0001-211x300.jpg 211w, https:\/\/www.ksalps.com\/wp-content\/uploads\/2025\/06\/2025_Hop-on-Hop-off-okrog-Kamnisko-Savinjskih-Alp_vozni-red_ang_page-0001-722x1024.jpg 722w, https:\/\/www.ksalps.com\/wp-content\/uploads\/2025\/06\/2025_Hop-on-Hop-off-okrog-Kamnisko-Savinjskih-Alp_vozni-red_ang_page-0001-768x1089.jpg 768w, https:\/\/www.ksalps.com\/wp-content\/uploads\/2025\/06\/2025_Hop-on-Hop-off-okrog-Kamnisko-Savinjskih-Alp_vozni-red_ang_page-0001-56x80.jpg 56w, https:\/\/www.ksalps.com\/wp-content\/uploads\/2025\/06\/2025_Hop-on-Hop-off-okrog-Kamnisko-Savinjskih-Alp_vozni-red_ang_page-0001-1083x1536.jpg 1083w, https:\/\/www.ksalps.com\/wp-content\/uploads\/2025\/06\/2025_Hop-on-Hop-off-okrog-Kamnisko-Savinjskih-Alp_vozni-red_ang_page-0001-1444x2048.jpg 1444w, https:\/\/www.ksalps.com\/wp-content\/uploads\/2025\/06\/2025_Hop-on-Hop-off-okrog-Kamnisko-Savinjskih-Alp_vozni-red_ang_page-0001-8x12.jpg 8w\" sizes=\"auto, (max-width: 722px) 100vw, 722px\" \/><\/div>\n\t\t<\/figure>\n\t<\/div>\n\r\n        \r\n        <style>\r\n\t\t\t\t#btn-container-5EmZY {\r\n\t\t\t\t\tfont-size: 22px;\r\n\t\t\t\t\tfont-weight: bold;\r\n\t\t\t\t}\r\n        #btn-5EmZY {\r\n        \tbackground: #05668d;\r\n\t\t\t\t\tborder-style: solid;\r\n        \tborder-color: #05668d;\r\n\t\t\t\t\tborder-width: 2px;\r\n        \tcolor: #ffffff;\r\n\t\t\t\t\tpadding: 10px 20px;\r\n\t\t\t\t\tborder-radius: 2px;\r\n\t\t\t\t\tfont-size: 22px;\r\n\t\t\t\t\tline-height: 22px;\r\n\t\t\t\t\t\t\t\t\t\t\t\t\t\t\tfont-weight: bold;\r\n        }\r\n\r\n\t\t\t\t#btn-5EmZY:hover {\r\n\t\t\t\t\tbackground: #2c88c0;\r\n\t\t\t\t\tborder-color: #2c88c0;\r\n\t\t\t\t\tcolor: #ffffff;\r\n\t\t\t\t\t\t\t\t\t\t\t\t\t\t\t\r\n\t\t\t\t}\r\n\r\n\t\t    #btn-5EmZY i {\r\n\t\t\t\t\tright: 14px;\r\n\t\t\t\t\tmargin-top: 0;\r\n\t\t\t\t\tvertical-align: middle;\r\n\t\t\t\t\tborder-radius: 50%;\r\n\t\t\t\t\tline-height: 20px;\r\n\t\t\t\t\theight: 20px;\r\n\t\t\t\t\twidth: 20px;\r\n\t\t\t\t\tbackground: ;\r\n\t\t\t\t\tmargin-left: 8px;\r\n\t\t\t\t\tmargin-right: 0;\r\n\t\t\t\t\tcolor: #ffffff;\r\n\t\t\t\t\tfont-size: 8px;\r\n\t\t\t\t\ttext-align: center;\r\n\t\t\t\t}\r\n\r\n\t\t\t\t #btn-5EmZY:hover i {\r\n\t\t\t\t \tbackground: #ffffff;\r\n\t\t\t\t\tcolor: #1dc1f8;\r\n\t\t\t\t }\r\n\r\n        <\/style>\r\n\r\n\t\t<!-- BUTTON -->\r\n        <div id=\"btn-container-5EmZY\" class=\"text-center\">\r\n\t\t\t\r\n\t\t\t\t\t<a href=\"https:\/\/www.ksalps.com\/wp-content\/uploads\/2025\/06\/2025_Hop-on-Hop-off-okrog-Kamnisko-Savinjskih-Alp_vozni-red_ang.pdf\" id=\"btn-5EmZY\" class=\"btn\" target=\"_self\">\r\n\t\t\t\t\t\tSt\u00e1hnout j\u00edzdn\u00ed \u0159\u00e1d\t\t\t\t\t\t\t\t\t\t\t<\/a>\r\n\t\t\t\t\t        <\/div>\r\n\r\n        <\/div><\/div><\/div><\/div><div class=\"vc_row wpb_row vc_row-fluid vc_custom_1715100323616\"><div class=\"wpb_column vc_column_container vc_col-sm-6\"><div class=\"vc_column-inner\"><div class=\"wpb_wrapper\">\n\t<div  class=\"wpb_single_image wpb_content_element vc_align_left\">\n\t\t\n\t\t<figure class=\"wpb_wrapper vc_figure\">\n\t\t\t<div class=\"vc_single_image-wrapper   vc_box_border_grey\"><img loading=\"lazy\" decoding=\"async\" width=\"2560\" height=\"1707\" src=\"https:\/\/www.ksalps.com\/wp-content\/uploads\/2025\/06\/Hopon-Hopoff-KSA_Primoz-Senk_1-scaled.jpg\" class=\"vc_single_image-img attachment-full\" alt=\"\" title=\"Hopon-Hopoff KSA_Primo\u017e \u0160enk_1\" srcset=\"https:\/\/www.ksalps.com\/wp-content\/uploads\/2025\/06\/Hopon-Hopoff-KSA_Primoz-Senk_1-scaled.jpg 2560w, https:\/\/www.ksalps.com\/wp-content\/uploads\/2025\/06\/Hopon-Hopoff-KSA_Primoz-Senk_1-300x200.jpg 300w, https:\/\/www.ksalps.com\/wp-content\/uploads\/2025\/06\/Hopon-Hopoff-KSA_Primoz-Senk_1-1024x683.jpg 1024w, https:\/\/www.ksalps.com\/wp-content\/uploads\/2025\/06\/Hopon-Hopoff-KSA_Primoz-Senk_1-768x512.jpg 768w, https:\/\/www.ksalps.com\/wp-content\/uploads\/2025\/06\/Hopon-Hopoff-KSA_Primoz-Senk_1-80x53.jpg 80w, https:\/\/www.ksalps.com\/wp-content\/uploads\/2025\/06\/Hopon-Hopoff-KSA_Primoz-Senk_1-1536x1024.jpg 1536w, https:\/\/www.ksalps.com\/wp-content\/uploads\/2025\/06\/Hopon-Hopoff-KSA_Primoz-Senk_1-2048x1365.jpg 2048w, https:\/\/www.ksalps.com\/wp-content\/uploads\/2025\/06\/Hopon-Hopoff-KSA_Primoz-Senk_1-18x12.jpg 18w\" sizes=\"auto, (max-width: 2560px) 100vw, 2560px\" \/><\/div>\n\t\t<\/figure>\n\t<\/div>\n<\/div><\/div><\/div><div class=\"wpb_column vc_column_container vc_col-sm-6\"><div class=\"vc_column-inner\"><div class=\"wpb_wrapper\">\n\t<div  class=\"wpb_single_image wpb_content_element vc_align_left\">\n\t\t\n\t\t<figure class=\"wpb_wrapper vc_figure\">\n\t\t\t<div class=\"vc_single_image-wrapper   vc_box_border_grey\"><img loading=\"lazy\" decoding=\"async\" width=\"2560\" height=\"1707\" src=\"https:\/\/www.ksalps.com\/wp-content\/uploads\/2025\/06\/Hopon-Hopoff-KSA_Primoz-Senk_9-scaled.jpg\" class=\"vc_single_image-img attachment-full\" alt=\"\" title=\"Hopon-Hopoff KSA_Primo\u017e \u0160enk_9\" srcset=\"https:\/\/www.ksalps.com\/wp-content\/uploads\/2025\/06\/Hopon-Hopoff-KSA_Primoz-Senk_9-scaled.jpg 2560w, https:\/\/www.ksalps.com\/wp-content\/uploads\/2025\/06\/Hopon-Hopoff-KSA_Primoz-Senk_9-300x200.jpg 300w, https:\/\/www.ksalps.com\/wp-content\/uploads\/2025\/06\/Hopon-Hopoff-KSA_Primoz-Senk_9-1024x683.jpg 1024w, https:\/\/www.ksalps.com\/wp-content\/uploads\/2025\/06\/Hopon-Hopoff-KSA_Primoz-Senk_9-768x512.jpg 768w, https:\/\/www.ksalps.com\/wp-content\/uploads\/2025\/06\/Hopon-Hopoff-KSA_Primoz-Senk_9-80x53.jpg 80w, https:\/\/www.ksalps.com\/wp-content\/uploads\/2025\/06\/Hopon-Hopoff-KSA_Primoz-Senk_9-1536x1024.jpg 1536w, https:\/\/www.ksalps.com\/wp-content\/uploads\/2025\/06\/Hopon-Hopoff-KSA_Primoz-Senk_9-2048x1365.jpg 2048w, https:\/\/www.ksalps.com\/wp-content\/uploads\/2025\/06\/Hopon-Hopoff-KSA_Primoz-Senk_9-18x12.jpg 18w\" sizes=\"auto, (max-width: 2560px) 100vw, 2560px\" \/><\/div>\n\t\t<\/figure>\n\t<\/div>\n<\/div><\/div><\/div><\/div>\n<\/section>","protected":false},"excerpt":{"rendered":"Hvala, ker ste se v tej sezoni z nami podali na kro\u017eno vo\u017enjo in na okolju prijazen na\u010din odkrivali najlep\u0161e koti\u010dke Kamni\u0161ko-Savinjskih Alp z elektri\u010dnim vozilom Hop on \u2013 Hop off! &nbsp; Prevoz je za letos zaklju\u010den, a z veseljem \u017ee pogledujemo v prihodnje poletje, ko se zopet vidimo na novih do\u017eivetjih. &nbsp; Manj stresa. [...]","protected":false},"author":1,"featured_media":0,"parent":0,"menu_order":0,"comment_status":"closed","ping_status":"closed","template":"","meta":{"footnotes":""},"class_list":["post-3591","page","type-page","status-publish","hentry"],"_links":{"self":[{"href":"https:\/\/www.ksalps.com\/cs\/wp-json\/wp\/v2\/pages\/3591","targetHints":{"allow":["GET"]}}],"collection":[{"href":"https:\/\/www.ksalps.com\/cs\/wp-json\/wp\/v2\/pages"}],"about":[{"href":"https:\/\/www.ksalps.com\/cs\/wp-json\/wp\/v2\/types\/page"}],"author":[{"embeddable":true,"href":"https:\/\/www.ksalps.com\/cs\/wp-json\/wp\/v2\/users\/1"}],"replies":[{"embeddable":true,"href":"https:\/\/www.ksalps.com\/cs\/wp-json\/wp\/v2\/comments?post=3591"}],"version-history":[{"count":15,"href":"https:\/\/www.ksalps.com\/cs\/wp-json\/wp\/v2\/pages\/3591\/revisions"}],"predecessor-version":[{"id":4174,"href":"https:\/\/www.ksalps.com\/cs\/wp-json\/wp\/v2\/pages\/3591\/revisions\/4174"}],"wp:attachment":[{"href":"https:\/\/www.ksalps.com\/cs\/wp-json\/wp\/v2\/media?parent=3591"}],"curies":[{"name":"wp","href":"https:\/\/api.w.org\/{rel}","templated":true}]}}