{"id":3506,"date":"2023-04-22T02:24:54","date_gmt":"2023-04-22T00:24:54","guid":{"rendered":"https:\/\/www.ksalps.com\/?page_id=3506"},"modified":"2025-07-09T11:12:55","modified_gmt":"2025-07-09T09:12:55","slug":"etapa-11","status":"publish","type":"page","link":"https:\/\/www.ksalps.com\/cs\/etapa-11\/","title":{"rendered":"\u00dasek 11"},"content":{"rendered":"<section class=\"wpb-content-wrapper\"><div data-vc-full-width=\"true\" data-vc-full-width-init=\"false\" class=\"vc_row wpb_row vc_row-fluid vc_custom_1682120157552 vc_row-has-fill vc_row-o-content-middle vc_row-flex\"><div class=\"wpb_column vc_column_container vc_col-sm-6\"><div class=\"vc_column-inner\"><div class=\"wpb_wrapper\">\n\t<div  class=\"wpb_single_image wpb_content_element vc_align_left\">\n\t\t\n\t\t<figure class=\"wpb_wrapper vc_figure\">\n\t\t\t<div class=\"vc_single_image-wrapper   vc_box_border_grey\"><img loading=\"lazy\" decoding=\"async\" width=\"1366\" height=\"768\" src=\"https:\/\/www.ksalps.com\/wp-content\/uploads\/2023\/04\/E11-01-Pogled-na-Raduho_20221001_MS.jpg\" class=\"vc_single_image-img attachment-full\" alt=\"\" title=\"E11-01 Pogled na Raduho_20221001_MS\" srcset=\"https:\/\/www.ksalps.com\/wp-content\/uploads\/2023\/04\/E11-01-Pogled-na-Raduho_20221001_MS.jpg 1366w, https:\/\/www.ksalps.com\/wp-content\/uploads\/2023\/04\/E11-01-Pogled-na-Raduho_20221001_MS-300x169.jpg 300w, https:\/\/www.ksalps.com\/wp-content\/uploads\/2023\/04\/E11-01-Pogled-na-Raduho_20221001_MS-1024x576.jpg 1024w, https:\/\/www.ksalps.com\/wp-content\/uploads\/2023\/04\/E11-01-Pogled-na-Raduho_20221001_MS-768x432.jpg 768w, https:\/\/www.ksalps.com\/wp-content\/uploads\/2023\/04\/E11-01-Pogled-na-Raduho_20221001_MS-80x45.jpg 80w, https:\/\/www.ksalps.com\/wp-content\/uploads\/2023\/04\/E11-01-Pogled-na-Raduho_20221001_MS-18x10.jpg 18w\" sizes=\"auto, (max-width: 1366px) 100vw, 1366px\" \/><\/div>\n\t\t<\/figure>\n\t<\/div>\n<\/div><\/div><\/div><div class=\"wpb_column vc_column_container vc_col-sm-6\"><div class=\"vc_column-inner\"><div class=\"wpb_wrapper\"><h2 style=\"text-align: left\" class=\"vc_custom_heading vc_custom_1682123124252\" >Ljubno ob Savinji\u2013Savina\u2013Krnica\u2013 Lu\u010de<\/h2>\n\t<div class=\"wpb_text_column wpb_content_element\" >\n\t\t<div class=\"wpb_wrapper\">\n\t\t\t<p><span style=\"color: #05668d;\"><strong>V\u00fdchoz\u00ed bod<\/strong><\/span> Ljubno, izvir v Vrbju (46.343718, 14.831540)<br \/>\n<span style=\"color: #05668d;\"><strong>C\u00edl:<\/strong><\/span> Lu\u010de (46.356413, 14.743139)<\/p>\n<p><strong><span style=\"color: #05668d;\">Vzd\u00e1lenost:<\/span><\/strong> 15,4 km<br \/>\n<strong><span style=\"color: #05668d;\">Doba ch\u016fze:<\/span><\/strong> 5 h<br \/>\n<strong><span style=\"color: #05668d;\">V\u00fdstup: <\/span><\/strong>562 m<br \/>\n<strong><span style=\"color: #05668d;\">Sestup:<\/span><\/strong> 456 m<\/p>\n\n\t\t<\/div>\n\t<\/div>\n<\/div><\/div><\/div><\/div><div class=\"vc_row-full-width vc_clearfix\"><\/div><div data-vc-full-width=\"true\" data-vc-full-width-init=\"false\" class=\"vc_row wpb_row vc_row-fluid vc_custom_1667915998648 vc_row-has-fill vc_row-o-content-middle vc_row-flex\"><div class=\"wpb_column vc_column_container vc_col-sm-6\"><div class=\"vc_column-inner\"><div class=\"wpb_wrapper\">\n\t<div  class=\"wpb_single_image wpb_content_element vc_align_left\">\n\t\t\n\t\t<figure class=\"wpb_wrapper vc_figure\">\n\t\t\t<div class=\"vc_single_image-wrapper   vc_box_border_grey\"><img loading=\"lazy\" decoding=\"async\" width=\"800\" height=\"1067\" src=\"https:\/\/www.ksalps.com\/wp-content\/uploads\/2023\/04\/Potok-ob-cesti_20221001_MS-2.jpg\" class=\"vc_single_image-img attachment-full\" alt=\"\" title=\"Potok ob cesti_20221001_MS (2)\" srcset=\"https:\/\/www.ksalps.com\/wp-content\/uploads\/2023\/04\/Potok-ob-cesti_20221001_MS-2.jpg 800w, https:\/\/www.ksalps.com\/wp-content\/uploads\/2023\/04\/Potok-ob-cesti_20221001_MS-2-225x300.jpg 225w, https:\/\/www.ksalps.com\/wp-content\/uploads\/2023\/04\/Potok-ob-cesti_20221001_MS-2-768x1024.jpg 768w, https:\/\/www.ksalps.com\/wp-content\/uploads\/2023\/04\/Potok-ob-cesti_20221001_MS-2-60x80.jpg 60w, https:\/\/www.ksalps.com\/wp-content\/uploads\/2023\/04\/Potok-ob-cesti_20221001_MS-2-9x12.jpg 9w\" sizes=\"auto, (max-width: 800px) 100vw, 800px\" \/><\/div>\n\t\t<\/figure>\n\t<\/div>\n<\/div><\/div><\/div><div class=\"wpb_column vc_column_container vc_col-sm-6\"><div class=\"vc_column-inner\"><div class=\"wpb_wrapper\">\n\t<div class=\"wpb_text_column wpb_content_element\" >\n\t\t<div class=\"wpb_wrapper\">\n\t\t\t<p>ETAPA NEN\u00cd PROJ\u00cdZDN\u00c1.<\/p>\n<p>Ka\u017edoro\u010dn\u011b v srpnu se v m\u011bste\u010dku Ljubno na prostranstv\u00ed u \u0159eky Savinja kon\u00e1 Flosarski b\u00e1l. Pr\u00e1v\u011b tam se <a href=\"https:\/\/jamarji-jkkamnik.si\/11-1izvirvvrbju\/\">ve Vrbje osv\u011b\u017e\u00edme pramenitou vodou<\/a>, ne\u017e p\u0159ejdeme \u0159eku Savinju po visut\u00e9 l\u00e1vce.<\/p>\n<p>Pod skokansk\u00fdmi m\u016fstky n\u00e1s cesta vyb\u00eddne k p\u0159echodu Savinji doprava, sm\u011brem k Trbi\u0161kemu grabnu, <a href=\"https:\/\/jamarji-jkkamnik.si\/11-2izvirvtrbizu\/\">k p\u00edtku s pitnou vodou<\/a>Pod\u00e9l pot\u016f\u010dku sejdeme a\u017e k Savinji a n\u00e1sledujeme cestu, kter\u00fd se vine do kopce kolem n\u011bkolika farem.<\/p>\n<p>P\u0159i pohledu zp\u011bt do \u00fadol\u00ed a pod\u00e9l svah\u016f Komna a Tirskih pe\u010di se n\u00e1\u0161 pohled st\u00e1le v\u00edce up\u00edr\u00e1 p\u0159es obl\u00e9 pastviny se st\u00e1dy ovc\u00ed a\u017e k alpsk\u00fdm vrchol\u016fm. Po p\u0159ekro\u010den\u00ed potoka Roga\u010dnik pokra\u010dujte po silnici kolem farem v Krnici do Lu\u010dnice a zn\u00e1m\u00e9 horsk\u00e9 vesnice Lu\u010de.<\/p>\n\n\t\t<\/div>\n\t<\/div>\n\r\n        \r\n        <style>\r\n\t\t\t\t#btn-container-nhH22 {\r\n\t\t\t\t\tfont-size: 15px;\r\n\t\t\t\t\tfont-weight: bold;\r\n\t\t\t\t}\r\n        #btn-nhH22 {\r\n        \tbackground: #05668d;\r\n\t\t\t\t\tborder-style: solid;\r\n        \tborder-color: #05668d;\r\n\t\t\t\t\tborder-width: 2px;\r\n        \tcolor: #ffffff;\r\n\t\t\t\t\tpadding: 10px 20px;\r\n\t\t\t\t\tborder-radius: 2px;\r\n\t\t\t\t\tfont-size: 15px;\r\n\t\t\t\t\tline-height: 15px;\r\n\t\t\t\t\t\t\t\t\t\t\t\t\t\t\tfont-weight: bold;\r\n        }\r\n\r\n\t\t\t\t#btn-nhH22:hover {\r\n\t\t\t\t\tbackground: #2c88c0;\r\n\t\t\t\t\tborder-color: #2c88c0;\r\n\t\t\t\t\tcolor: #ffffff;\r\n\t\t\t\t\t\t\t\t\t\t\t\t\t\t\t\r\n\t\t\t\t}\r\n\r\n\t\t    #btn-nhH22 i {\r\n\t\t\t\t\tright: 14px;\r\n\t\t\t\t\tmargin-top: 0;\r\n\t\t\t\t\tvertical-align: middle;\r\n\t\t\t\t\tborder-radius: 50%;\r\n\t\t\t\t\tline-height: 20px;\r\n\t\t\t\t\theight: 20px;\r\n\t\t\t\t\twidth: 20px;\r\n\t\t\t\t\tbackground: #05668d;\r\n\t\t\t\t\tmargin-left: 8px;\r\n\t\t\t\t\tmargin-right: 0;\r\n\t\t\t\t\tcolor: #ffffff;\r\n\t\t\t\t\tfont-size: 8px;\r\n\t\t\t\t\ttext-align: center;\r\n\t\t\t\t}\r\n\r\n\t\t\t\t #btn-nhH22:hover i {\r\n\t\t\t\t \tbackground: #ffffff;\r\n\t\t\t\t\tcolor: #1dc1f8;\r\n\t\t\t\t }\r\n\r\n        <\/style>\r\n\r\n\t\t<!-- BUTTON -->\r\n        <div id=\"btn-container-nhH22\" class=\"text-left\">\r\n\t\t\t\r\n\t\t\t\t\t<a href=\"https:\/\/mapzs.pzs.si\/path\/119934\" id=\"btn-nhH22\" class=\"btn\" target=\"_self\">\r\n\t\t\t\t\t\tZOBRAZIT TRASU NA MAP\u011a\t\t\t\t\t\t\t\t\t\t\t<\/a>\r\n\t\t\t\t\t        <\/div>\r\n\r\n        <div class=\"vc_empty_space\"   style=\"height: 25px\"><span class=\"vc_empty_space_inner\"><\/span><\/div>\r\n        \r\n        <style>\r\n\t\t\t\t#btn-container-QwnnI {\r\n\t\t\t\t\tfont-size: 15px;\r\n\t\t\t\t\tfont-weight: bold;\r\n\t\t\t\t}\r\n        #btn-QwnnI {\r\n        \tbackground: #05668d;\r\n\t\t\t\t\tborder-style: solid;\r\n        \tborder-color: #05668d;\r\n\t\t\t\t\tborder-width: 2px;\r\n        \tcolor: #ffffff;\r\n\t\t\t\t\tpadding: 10px 20px;\r\n\t\t\t\t\tborder-radius: 2px;\r\n\t\t\t\t\tfont-size: 15px;\r\n\t\t\t\t\tline-height: 15px;\r\n\t\t\t\t\t\t\t\t\t\t\t\t\t\t\tfont-weight: bold;\r\n        }\r\n\r\n\t\t\t\t#btn-QwnnI:hover {\r\n\t\t\t\t\tbackground: #2c88c0;\r\n\t\t\t\t\tborder-color: #2c88c0;\r\n\t\t\t\t\tcolor: #ffffff;\r\n\t\t\t\t\t\t\t\t\t\t\t\t\t\t\t\r\n\t\t\t\t}\r\n\r\n\t\t    #btn-QwnnI i {\r\n\t\t\t\t\tright: 14px;\r\n\t\t\t\t\tmargin-top: 0;\r\n\t\t\t\t\tvertical-align: middle;\r\n\t\t\t\t\tborder-radius: 50%;\r\n\t\t\t\t\tline-height: 20px;\r\n\t\t\t\t\theight: 20px;\r\n\t\t\t\t\twidth: 20px;\r\n\t\t\t\t\tbackground: #05668d;\r\n\t\t\t\t\tmargin-left: 8px;\r\n\t\t\t\t\tmargin-right: 0;\r\n\t\t\t\t\tcolor: #ffffff;\r\n\t\t\t\t\tfont-size: 8px;\r\n\t\t\t\t\ttext-align: center;\r\n\t\t\t\t}\r\n\r\n\t\t\t\t #btn-QwnnI:hover i {\r\n\t\t\t\t \tbackground: #ffffff;\r\n\t\t\t\t\tcolor: #1dc1f8;\r\n\t\t\t\t }\r\n\r\n        <\/style>\r\n\r\n\t\t<!-- BUTTON -->\r\n        <div id=\"btn-container-QwnnI\" class=\"text-left\">\r\n\t\t\t\r\n\t\t\t\t\t<a href=\"https:\/\/jamarji-jkkamnik.si\/analize-vpksa-etapa11\/\" id=\"btn-QwnnI\" class=\"btn\" target=\"_self\">\r\n\t\t\t\t\t\tAnal\u00fdza vody\t\t\t\t\t\t\t\t\t\t\t<\/a>\r\n\t\t\t\t\t        <\/div>\r\n\r\n        <div class=\"vc_empty_space\"   style=\"height: 25px\"><span class=\"vc_empty_space_inner\"><\/span><\/div>\r\n        \r\n        <style>\r\n\t\t\t\t#btn-container-tNUqF {\r\n\t\t\t\t\tfont-size: 15px;\r\n\t\t\t\t\tfont-weight: bold;\r\n\t\t\t\t}\r\n        #btn-tNUqF {\r\n        \tbackground: #05668d;\r\n\t\t\t\t\tborder-style: solid;\r\n        \tborder-color: #05668d;\r\n\t\t\t\t\tborder-width: 2px;\r\n        \tcolor: #ffffff;\r\n\t\t\t\t\tpadding: 10px 20px;\r\n\t\t\t\t\tborder-radius: 2px;\r\n\t\t\t\t\tfont-size: 15px;\r\n\t\t\t\t\tline-height: 15px;\r\n\t\t\t\t\t\t\t\t\t\t\t\t\t\t\tfont-weight: bold;\r\n        }\r\n\r\n\t\t\t\t#btn-tNUqF:hover {\r\n\t\t\t\t\tbackground: #2c88c0;\r\n\t\t\t\t\tborder-color: #2c88c0;\r\n\t\t\t\t\tcolor: #ffffff;\r\n\t\t\t\t\t\t\t\t\t\t\t\t\t\t\t\r\n\t\t\t\t}\r\n\r\n\t\t    #btn-tNUqF i {\r\n\t\t\t\t\tright: 14px;\r\n\t\t\t\t\tmargin-top: 0;\r\n\t\t\t\t\tvertical-align: middle;\r\n\t\t\t\t\tborder-radius: 50%;\r\n\t\t\t\t\tline-height: 20px;\r\n\t\t\t\t\theight: 20px;\r\n\t\t\t\t\twidth: 20px;\r\n\t\t\t\t\tbackground: #05668d;\r\n\t\t\t\t\tmargin-left: 8px;\r\n\t\t\t\t\tmargin-right: 0;\r\n\t\t\t\t\tcolor: #ffffff;\r\n\t\t\t\t\tfont-size: 8px;\r\n\t\t\t\t\ttext-align: center;\r\n\t\t\t\t}\r\n\r\n\t\t\t\t #btn-tNUqF:hover i {\r\n\t\t\t\t \tbackground: #ffffff;\r\n\t\t\t\t\tcolor: #1dc1f8;\r\n\t\t\t\t }\r\n\r\n        <\/style>\r\n\r\n\t\t<!-- BUTTON -->\r\n        <div id=\"btn-container-tNUqF\" class=\"text-left\">\r\n\t\t\t\r\n\t\t\t\t\t<a href=\"https:\/\/www.ksalps.com\/cs\/vodne-poti\/\" id=\"btn-tNUqF\" class=\"btn\" target=\"_self\">\r\n\t\t\t\t\t\tKS VODNE POTI\t\t\t\t\t\t\t\t\t\t\t<\/a>\r\n\t\t\t\t\t        <\/div>\r\n\r\n        <\/div><\/div><\/div><\/div><div class=\"vc_row-full-width vc_clearfix\"><\/div>\n<\/section>","protected":false},"excerpt":{"rendered":"Ljubno ob Savinji\u2013Savina\u2013Krnica\u2013 Lu\u010de Izhodi\u0161\u010de: Ljubno, izvir v Vrbju (46.343718, 14.831540) Cilj: Lu\u010de (46.356413, 14.743139) Razdalja: 15,4 km \u010cas hoje: 5 h Vzpon: 562 m Spust: 456 m ETAPA TRENUTNO NI PREHODNA. Na Ljubnem vsako leto avgusta pripravijo Flosarski bal na prireditvenem prostoru ob Savinji. Tam, v Vrbju, se osve\u017eimo z izvirsko vodo, preden po [...]","protected":false},"author":1,"featured_media":0,"parent":0,"menu_order":0,"comment_status":"closed","ping_status":"closed","template":"","meta":{"footnotes":""},"class_list":["post-3506","page","type-page","status-publish","hentry"],"_links":{"self":[{"href":"https:\/\/www.ksalps.com\/cs\/wp-json\/wp\/v2\/pages\/3506","targetHints":{"allow":["GET"]}}],"collection":[{"href":"https:\/\/www.ksalps.com\/cs\/wp-json\/wp\/v2\/pages"}],"about":[{"href":"https:\/\/www.ksalps.com\/cs\/wp-json\/wp\/v2\/types\/page"}],"author":[{"embeddable":true,"href":"https:\/\/www.ksalps.com\/cs\/wp-json\/wp\/v2\/users\/1"}],"replies":[{"embeddable":true,"href":"https:\/\/www.ksalps.com\/cs\/wp-json\/wp\/v2\/comments?post=3506"}],"version-history":[{"count":9,"href":"https:\/\/www.ksalps.com\/cs\/wp-json\/wp\/v2\/pages\/3506\/revisions"}],"predecessor-version":[{"id":4051,"href":"https:\/\/www.ksalps.com\/cs\/wp-json\/wp\/v2\/pages\/3506\/revisions\/4051"}],"wp:attachment":[{"href":"https:\/\/www.ksalps.com\/cs\/wp-json\/wp\/v2\/media?parent=3506"}],"curies":[{"name":"wp","href":"https:\/\/api.w.org\/{rel}","templated":true}]}}