{"id":3479,"date":"2023-04-22T02:02:25","date_gmt":"2023-04-22T00:02:25","guid":{"rendered":"https:\/\/www.ksalps.com\/?page_id=3479"},"modified":"2024-10-15T14:19:33","modified_gmt":"2024-10-15T12:19:33","slug":"etapa-6","status":"publish","type":"page","link":"https:\/\/www.ksalps.com\/cs\/etapa-6\/","title":{"rendered":"\u00dasek 6"},"content":{"rendered":"<section class=\"wpb-content-wrapper\"><div data-vc-full-width=\"true\" data-vc-full-width-init=\"false\" class=\"vc_row wpb_row vc_row-fluid vc_custom_1682120157552 vc_row-has-fill vc_row-o-content-middle vc_row-flex\"><div class=\"wpb_column vc_column_container vc_col-sm-6\"><div class=\"vc_column-inner\"><div class=\"wpb_wrapper\">\n\t<div  class=\"wpb_single_image wpb_content_element vc_align_left\">\n\t\t\n\t\t<figure class=\"wpb_wrapper vc_figure\">\n\t\t\t<div class=\"vc_single_image-wrapper   vc_box_border_grey\"><img loading=\"lazy\" decoding=\"async\" width=\"1366\" height=\"768\" src=\"https:\/\/www.ksalps.com\/wp-content\/uploads\/2023\/04\/E6-01-Izvir-Crne2021-TJ-1.jpg\" class=\"vc_single_image-img attachment-full\" alt=\"\" title=\"E6-01-Izvir \u010crne2021-TJ\" srcset=\"https:\/\/www.ksalps.com\/wp-content\/uploads\/2023\/04\/E6-01-Izvir-Crne2021-TJ-1.jpg 1366w, https:\/\/www.ksalps.com\/wp-content\/uploads\/2023\/04\/E6-01-Izvir-Crne2021-TJ-1-300x169.jpg 300w, https:\/\/www.ksalps.com\/wp-content\/uploads\/2023\/04\/E6-01-Izvir-Crne2021-TJ-1-1024x576.jpg 1024w, https:\/\/www.ksalps.com\/wp-content\/uploads\/2023\/04\/E6-01-Izvir-Crne2021-TJ-1-768x432.jpg 768w, https:\/\/www.ksalps.com\/wp-content\/uploads\/2023\/04\/E6-01-Izvir-Crne2021-TJ-1-80x45.jpg 80w, https:\/\/www.ksalps.com\/wp-content\/uploads\/2023\/04\/E6-01-Izvir-Crne2021-TJ-1-18x10.jpg 18w\" sizes=\"auto, (max-width: 1366px) 100vw, 1366px\" \/><\/div>\n\t\t<\/figure>\n\t<\/div>\n<\/div><\/div><\/div><div class=\"wpb_column vc_column_container vc_col-sm-6\"><div class=\"vc_column-inner\"><div class=\"wpb_wrapper\"><h2 style=\"text-align: left\" class=\"vc_custom_heading vc_custom_1682121903383\" >Sol\u010davska panoramska cesta\u2013Logarska dolina\u2013Slap Rinka\u2013Okre\u0161elj<\/h2>\n\t<div class=\"wpb_text_column wpb_content_element\" >\n\t\t<div class=\"wpb_wrapper\">\n\t\t\t<p><span style=\"color: #05668d;\"><strong>V\u00fdchoz\u00ed bod<\/strong><\/span> Sol\u010davska panoramska cesta (turisti\u010dna kmetija Perk) (46.415352, 14.601610)<br \/>\n<span style=\"color: #05668d;\"><strong>C\u00edl:<\/strong><\/span> Logarska dolina, Frischaufov dom na Okre\u0161lju (46.369570, 14.587618)<\/p>\n<p><strong><span style=\"color: #05668d;\">Vzd\u00e1lenost:<\/span><\/strong> 16,6 km<br \/>\n<strong><span style=\"color: #05668d;\">Doba ch\u016fze:<\/span><\/strong> 5,5 h<br \/>\n<strong><span style=\"color: #05668d;\">V\u00fdstup: <\/span><\/strong>687 m<br \/>\n<strong><span style=\"color: #05668d;\">Sestup:<\/span><\/strong> 522 m<\/p>\n\n\t\t<\/div>\n\t<\/div>\n<\/div><\/div><\/div><\/div><div class=\"vc_row-full-width vc_clearfix\"><\/div><div data-vc-full-width=\"true\" data-vc-full-width-init=\"false\" class=\"vc_row wpb_row vc_row-fluid vc_custom_1667915998648 vc_row-has-fill vc_row-o-content-middle vc_row-flex\"><div class=\"wpb_column vc_column_container vc_col-sm-6\"><div class=\"vc_column-inner\"><div class=\"wpb_wrapper\">\n\t<div  class=\"wpb_single_image wpb_content_element vc_align_left\">\n\t\t\n\t\t<figure class=\"wpb_wrapper vc_figure\">\n\t\t\t<div class=\"vc_single_image-wrapper   vc_box_border_grey\"><img loading=\"lazy\" decoding=\"async\" width=\"800\" height=\"1067\" src=\"https:\/\/www.ksalps.com\/wp-content\/uploads\/2023\/04\/E6-02-Pod-slapom-Rinka2021-TJ.jpg\" class=\"vc_single_image-img attachment-full\" alt=\"\" title=\"E6-02-Pod slapom Rinka2021-TJ\" srcset=\"https:\/\/www.ksalps.com\/wp-content\/uploads\/2023\/04\/E6-02-Pod-slapom-Rinka2021-TJ.jpg 800w, https:\/\/www.ksalps.com\/wp-content\/uploads\/2023\/04\/E6-02-Pod-slapom-Rinka2021-TJ-225x300.jpg 225w, https:\/\/www.ksalps.com\/wp-content\/uploads\/2023\/04\/E6-02-Pod-slapom-Rinka2021-TJ-768x1024.jpg 768w, https:\/\/www.ksalps.com\/wp-content\/uploads\/2023\/04\/E6-02-Pod-slapom-Rinka2021-TJ-60x80.jpg 60w, https:\/\/www.ksalps.com\/wp-content\/uploads\/2023\/04\/E6-02-Pod-slapom-Rinka2021-TJ-9x12.jpg 9w\" sizes=\"auto, (max-width: 800px) 100vw, 800px\" \/><\/div>\n\t\t<\/figure>\n\t<\/div>\n<\/div><\/div><\/div><div class=\"wpb_column vc_column_container vc_col-sm-6\"><div class=\"vc_column-inner\"><div class=\"wpb_wrapper\">\n\t<div class=\"wpb_text_column wpb_content_element\" >\n\t\t<div class=\"wpb_wrapper\">\n\t\t\t<p>Sol\u010davsk\u00e1 panoramatick\u00e1 cesta s kr\u00e1sn\u00fdmi v\u00fdhledy na alpsk\u00e9 vrcholy a \u00fadol\u00ed v\u00e1s doprovod\u00ed od <a href=\"https:\/\/jamarji-jkkamnik.si\/6-1izvirpriperku\/\">farmy Perk<\/a> dol\u016f do \u00fadol\u00ed Matkov kot. Vine se po proslun\u011bn\u00e9m svahu kolem <a href=\"https:\/\/jamarji-jkkamnik.si\/6-2izvirjezerevmatkovemkotu\/\">farmy Matk<\/a>, po n\u00ed\u017e \u00fadol\u00ed nese sv\u00e9 jm\u00e9no, a od pramene Jezery n\u00e1s pod\u00e9l potoka dovede do Logarsk\u00e9 doliny.<\/p>\n<p>Po cest\u011b se kolem Logarovy l\u00edpy a statku dostanete na stezku Pot po Logarski dolini. A jsme op\u011bt u vody. <a href=\"https:\/\/jamarji-jkkamnik.si\/6-3izvircrnelogarskadolina\/\">Pramen \u0159eky \u010crna<\/a> zaujme sv\u00fdm \u010dist\u00fdm vzhledem a energi\u00ed. M\u011bkk\u00e1 lesn\u00ed cesta uleh\u010duje kroky k chat\u011b \u201eolcarska bajta\u201c, vodop\u00e1du Palenk a uhl\u00ed\u0159sk\u00e9 chat\u011b. Kamenit\u00e9 koryto \u0159\u00ed\u010dky Kotovec n\u00e1s vede k vodop\u00e1du Rinka a d\u00e1le po horsk\u00e9 stezce kolem <a href=\"https:\/\/jamarji-jkkamnik.si\/6-4izvirsavinje\/\">pramene \u0159eky Savinje<\/a> a\u017e na  Okre\u0161elj.<\/p>\n\n\t\t<\/div>\n\t<\/div>\n\r\n        \r\n        <style>\r\n\t\t\t\t#btn-container-ai5Df {\r\n\t\t\t\t\tfont-size: 15px;\r\n\t\t\t\t\tfont-weight: bold;\r\n\t\t\t\t}\r\n        #btn-ai5Df {\r\n        \tbackground: #05668d;\r\n\t\t\t\t\tborder-style: solid;\r\n        \tborder-color: #05668d;\r\n\t\t\t\t\tborder-width: 2px;\r\n        \tcolor: #ffffff;\r\n\t\t\t\t\tpadding: 10px 20px;\r\n\t\t\t\t\tborder-radius: 2px;\r\n\t\t\t\t\tfont-size: 15px;\r\n\t\t\t\t\tline-height: 15px;\r\n\t\t\t\t\t\t\t\t\t\t\t\t\t\t\tfont-weight: bold;\r\n        }\r\n\r\n\t\t\t\t#btn-ai5Df:hover {\r\n\t\t\t\t\tbackground: #2c88c0;\r\n\t\t\t\t\tborder-color: #2c88c0;\r\n\t\t\t\t\tcolor: #ffffff;\r\n\t\t\t\t\t\t\t\t\t\t\t\t\t\t\t\r\n\t\t\t\t}\r\n\r\n\t\t    #btn-ai5Df i {\r\n\t\t\t\t\tright: 14px;\r\n\t\t\t\t\tmargin-top: 0;\r\n\t\t\t\t\tvertical-align: middle;\r\n\t\t\t\t\tborder-radius: 50%;\r\n\t\t\t\t\tline-height: 20px;\r\n\t\t\t\t\theight: 20px;\r\n\t\t\t\t\twidth: 20px;\r\n\t\t\t\t\tbackground: #05668d;\r\n\t\t\t\t\tmargin-left: 8px;\r\n\t\t\t\t\tmargin-right: 0;\r\n\t\t\t\t\tcolor: #ffffff;\r\n\t\t\t\t\tfont-size: 8px;\r\n\t\t\t\t\ttext-align: center;\r\n\t\t\t\t}\r\n\r\n\t\t\t\t #btn-ai5Df:hover i {\r\n\t\t\t\t \tbackground: #ffffff;\r\n\t\t\t\t\tcolor: #1dc1f8;\r\n\t\t\t\t }\r\n\r\n        <\/style>\r\n\r\n\t\t<!-- BUTTON -->\r\n        <div id=\"btn-container-ai5Df\" class=\"text-left\">\r\n\t\t\t\r\n\t\t\t\t\t<a href=\"https:\/\/mapzs.pzs.si\/stage\/128247\" id=\"btn-ai5Df\" class=\"btn\" target=\"_self\">\r\n\t\t\t\t\t\tZOBRAZIT TRASU NA MAP\u011a\t\t\t\t\t\t\t\t\t\t\t<\/a>\r\n\t\t\t\t\t        <\/div>\r\n\r\n        <div class=\"vc_empty_space\"   style=\"height: 25px\"><span class=\"vc_empty_space_inner\"><\/span><\/div>\r\n        \r\n        <style>\r\n\t\t\t\t#btn-container-OPig0 {\r\n\t\t\t\t\tfont-size: 15px;\r\n\t\t\t\t\tfont-weight: bold;\r\n\t\t\t\t}\r\n        #btn-OPig0 {\r\n        \tbackground: #05668d;\r\n\t\t\t\t\tborder-style: solid;\r\n        \tborder-color: #05668d;\r\n\t\t\t\t\tborder-width: 2px;\r\n        \tcolor: #ffffff;\r\n\t\t\t\t\tpadding: 10px 20px;\r\n\t\t\t\t\tborder-radius: 2px;\r\n\t\t\t\t\tfont-size: 15px;\r\n\t\t\t\t\tline-height: 15px;\r\n\t\t\t\t\t\t\t\t\t\t\t\t\t\t\tfont-weight: bold;\r\n        }\r\n\r\n\t\t\t\t#btn-OPig0:hover {\r\n\t\t\t\t\tbackground: #2c88c0;\r\n\t\t\t\t\tborder-color: #2c88c0;\r\n\t\t\t\t\tcolor: #ffffff;\r\n\t\t\t\t\t\t\t\t\t\t\t\t\t\t\t\r\n\t\t\t\t}\r\n\r\n\t\t    #btn-OPig0 i {\r\n\t\t\t\t\tright: 14px;\r\n\t\t\t\t\tmargin-top: 0;\r\n\t\t\t\t\tvertical-align: middle;\r\n\t\t\t\t\tborder-radius: 50%;\r\n\t\t\t\t\tline-height: 20px;\r\n\t\t\t\t\theight: 20px;\r\n\t\t\t\t\twidth: 20px;\r\n\t\t\t\t\tbackground: #05668d;\r\n\t\t\t\t\tmargin-left: 8px;\r\n\t\t\t\t\tmargin-right: 0;\r\n\t\t\t\t\tcolor: #ffffff;\r\n\t\t\t\t\tfont-size: 8px;\r\n\t\t\t\t\ttext-align: center;\r\n\t\t\t\t}\r\n\r\n\t\t\t\t #btn-OPig0:hover i {\r\n\t\t\t\t \tbackground: #ffffff;\r\n\t\t\t\t\tcolor: #1dc1f8;\r\n\t\t\t\t }\r\n\r\n        <\/style>\r\n\r\n\t\t<!-- BUTTON -->\r\n        <div id=\"btn-container-OPig0\" class=\"text-left\">\r\n\t\t\t\r\n\t\t\t\t\t<a href=\"https:\/\/jamarji-jkkamnik.si\/analize-vpksa-etapa6\/\" id=\"btn-OPig0\" class=\"btn\" target=\"_self\">\r\n\t\t\t\t\t\tAnal\u00fdza vody\t\t\t\t\t\t\t\t\t\t\t<\/a>\r\n\t\t\t\t\t        <\/div>\r\n\r\n        <div class=\"vc_empty_space\"   style=\"height: 25px\"><span class=\"vc_empty_space_inner\"><\/span><\/div>\r\n        \r\n        <style>\r\n\t\t\t\t#btn-container-hoftb {\r\n\t\t\t\t\tfont-size: 15px;\r\n\t\t\t\t\tfont-weight: bold;\r\n\t\t\t\t}\r\n        #btn-hoftb {\r\n        \tbackground: #05668d;\r\n\t\t\t\t\tborder-style: solid;\r\n        \tborder-color: #05668d;\r\n\t\t\t\t\tborder-width: 2px;\r\n        \tcolor: #ffffff;\r\n\t\t\t\t\tpadding: 10px 20px;\r\n\t\t\t\t\tborder-radius: 2px;\r\n\t\t\t\t\tfont-size: 15px;\r\n\t\t\t\t\tline-height: 15px;\r\n\t\t\t\t\t\t\t\t\t\t\t\t\t\t\tfont-weight: bold;\r\n        }\r\n\r\n\t\t\t\t#btn-hoftb:hover {\r\n\t\t\t\t\tbackground: #2c88c0;\r\n\t\t\t\t\tborder-color: #2c88c0;\r\n\t\t\t\t\tcolor: #ffffff;\r\n\t\t\t\t\t\t\t\t\t\t\t\t\t\t\t\r\n\t\t\t\t}\r\n\r\n\t\t    #btn-hoftb i {\r\n\t\t\t\t\tright: 14px;\r\n\t\t\t\t\tmargin-top: 0;\r\n\t\t\t\t\tvertical-align: middle;\r\n\t\t\t\t\tborder-radius: 50%;\r\n\t\t\t\t\tline-height: 20px;\r\n\t\t\t\t\theight: 20px;\r\n\t\t\t\t\twidth: 20px;\r\n\t\t\t\t\tbackground: #05668d;\r\n\t\t\t\t\tmargin-left: 8px;\r\n\t\t\t\t\tmargin-right: 0;\r\n\t\t\t\t\tcolor: #ffffff;\r\n\t\t\t\t\tfont-size: 8px;\r\n\t\t\t\t\ttext-align: center;\r\n\t\t\t\t}\r\n\r\n\t\t\t\t #btn-hoftb:hover i {\r\n\t\t\t\t \tbackground: #ffffff;\r\n\t\t\t\t\tcolor: #1dc1f8;\r\n\t\t\t\t }\r\n\r\n        <\/style>\r\n\r\n\t\t<!-- BUTTON -->\r\n        <div id=\"btn-container-hoftb\" class=\"text-left\">\r\n\t\t\t\r\n\t\t\t\t\t<a href=\"https:\/\/www.ksalps.com\/cs\/etapa-7\/\" id=\"btn-hoftb\" class=\"btn\" target=\"_self\">\r\n\t\t\t\t\t\tDAL\u0160\u00cd ETAPA\t\t\t\t\t\t\t\t\t\t\t<\/a>\r\n\t\t\t\t\t        <\/div>\r\n\r\n        <\/div><\/div><\/div><\/div><div class=\"vc_row-full-width vc_clearfix\"><\/div>\n<\/section>","protected":false},"excerpt":{"rendered":"Sol\u010davska panoramska cesta\u2013Logarska dolina\u2013Slap Rinka\u2013Okre\u0161elj Izhodi\u0161\u010de: Sol\u010davska panoramska cesta (turisti\u010dna kmetija Perk) (46.415352, 14.601610) Cilj: Logarska dolina, Frischaufov dom na Okre\u0161lju (46.369570, 14.587618) Razdalja: 16,6 km \u010cas hoje: 5,5 h Vzpon: 687 m Spust: 522 m Sol\u010davska panoramska cesta z lepimi razgledi na alpske vrhove in doline nas od kmetije Perk pospremi navzdol proti dolini [...]","protected":false},"author":1,"featured_media":0,"parent":0,"menu_order":0,"comment_status":"closed","ping_status":"closed","template":"","meta":{"footnotes":""},"class_list":["post-3479","page","type-page","status-publish","hentry"],"_links":{"self":[{"href":"https:\/\/www.ksalps.com\/cs\/wp-json\/wp\/v2\/pages\/3479","targetHints":{"allow":["GET"]}}],"collection":[{"href":"https:\/\/www.ksalps.com\/cs\/wp-json\/wp\/v2\/pages"}],"about":[{"href":"https:\/\/www.ksalps.com\/cs\/wp-json\/wp\/v2\/types\/page"}],"author":[{"embeddable":true,"href":"https:\/\/www.ksalps.com\/cs\/wp-json\/wp\/v2\/users\/1"}],"replies":[{"embeddable":true,"href":"https:\/\/www.ksalps.com\/cs\/wp-json\/wp\/v2\/comments?post=3479"}],"version-history":[{"count":8,"href":"https:\/\/www.ksalps.com\/cs\/wp-json\/wp\/v2\/pages\/3479\/revisions"}],"predecessor-version":[{"id":3933,"href":"https:\/\/www.ksalps.com\/cs\/wp-json\/wp\/v2\/pages\/3479\/revisions\/3933"}],"wp:attachment":[{"href":"https:\/\/www.ksalps.com\/cs\/wp-json\/wp\/v2\/media?parent=3479"}],"curies":[{"name":"wp","href":"https:\/\/api.w.org\/{rel}","templated":true}]}}