{"id":3464,"date":"2023-04-22T01:46:12","date_gmt":"2023-04-21T23:46:12","guid":{"rendered":"https:\/\/www.ksalps.com\/?page_id=3464"},"modified":"2024-10-15T14:09:31","modified_gmt":"2024-10-15T12:09:31","slug":"etapa-3","status":"publish","type":"page","link":"https:\/\/www.ksalps.com\/cs\/etapa-3\/","title":{"rendered":"\u00dasek 3"},"content":{"rendered":"<section class=\"wpb-content-wrapper\"><div data-vc-full-width=\"true\" data-vc-full-width-init=\"false\" class=\"vc_row wpb_row vc_row-fluid vc_custom_1682120157552 vc_row-has-fill vc_row-o-content-middle vc_row-flex\"><div class=\"wpb_column vc_column_container vc_col-sm-6\"><div class=\"vc_column-inner\"><div class=\"wpb_wrapper\">\n\t<div  class=\"wpb_single_image wpb_content_element vc_align_left\">\n\t\t\n\t\t<figure class=\"wpb_wrapper vc_figure\">\n\t\t\t<div class=\"vc_single_image-wrapper   vc_box_border_grey\"><img loading=\"lazy\" decoding=\"async\" width=\"1366\" height=\"768\" src=\"https:\/\/www.ksalps.com\/wp-content\/uploads\/2023\/04\/E3-01-preddvor_jezero-cernava-veslanje-colen-colnarjenje-storzic-ribolov-1.jpg\" class=\"vc_single_image-img attachment-full\" alt=\"\" title=\"E3-01 preddvor_jezero-cernava-veslanje-colen-colnarjenje-storzic-ribolov\" srcset=\"https:\/\/www.ksalps.com\/wp-content\/uploads\/2023\/04\/E3-01-preddvor_jezero-cernava-veslanje-colen-colnarjenje-storzic-ribolov-1.jpg 1366w, https:\/\/www.ksalps.com\/wp-content\/uploads\/2023\/04\/E3-01-preddvor_jezero-cernava-veslanje-colen-colnarjenje-storzic-ribolov-1-300x169.jpg 300w, https:\/\/www.ksalps.com\/wp-content\/uploads\/2023\/04\/E3-01-preddvor_jezero-cernava-veslanje-colen-colnarjenje-storzic-ribolov-1-1024x576.jpg 1024w, https:\/\/www.ksalps.com\/wp-content\/uploads\/2023\/04\/E3-01-preddvor_jezero-cernava-veslanje-colen-colnarjenje-storzic-ribolov-1-768x432.jpg 768w, https:\/\/www.ksalps.com\/wp-content\/uploads\/2023\/04\/E3-01-preddvor_jezero-cernava-veslanje-colen-colnarjenje-storzic-ribolov-1-80x45.jpg 80w, https:\/\/www.ksalps.com\/wp-content\/uploads\/2023\/04\/E3-01-preddvor_jezero-cernava-veslanje-colen-colnarjenje-storzic-ribolov-1-18x10.jpg 18w\" sizes=\"auto, (max-width: 1366px) 100vw, 1366px\" \/><\/div>\n\t\t<\/figure>\n\t<\/div>\n<\/div><\/div><\/div><div class=\"wpb_column vc_column_container vc_col-sm-6\"><div class=\"vc_column-inner\"><div class=\"wpb_wrapper\"><h2 style=\"text-align: left\" class=\"vc_custom_heading vc_custom_1682120800063\" >Preddvor\u2013Kokra\u2013kmetija Suhadolnik<\/h2>\n\t<div class=\"wpb_text_column wpb_content_element\" >\n\t\t<div class=\"wpb_wrapper\">\n\t\t\t<p><span style=\"color: #05668d;\"><strong>V\u00fdchoz\u00ed bod<\/strong><\/span> Preddvor, \u010crnava (46.302484, 14.427428)<br \/>\n<span style=\"color: #05668d;\"><strong>C\u00edl:<\/strong><\/span> parkiri\u0161\u010de pod kmetijo Suhadolnik (46.335398, 14.510138)<\/p>\n<p><strong><span style=\"color: #05668d;\">Vzd\u00e1lenost:<\/span><\/strong> 12,2 km<br \/>\n<strong><span style=\"color: #05668d;\">Doba ch\u016fze:<\/span><\/strong> 4 h<br \/>\n<strong><span style=\"color: #05668d;\">V\u00fdstup:<\/span> <\/strong>662 m<br \/>\n<strong><span style=\"color: #05668d;\">Sestup:<\/span><\/strong> 261 m<\/p>\n\n\t\t<\/div>\n\t<\/div>\n<\/div><\/div><\/div><\/div><div class=\"vc_row-full-width vc_clearfix\"><\/div><div data-vc-full-width=\"true\" data-vc-full-width-init=\"false\" class=\"vc_row wpb_row vc_row-fluid vc_custom_1667915998648 vc_row-has-fill vc_row-o-content-middle vc_row-flex\"><div class=\"wpb_column vc_column_container vc_col-sm-6\"><div class=\"vc_column-inner\"><div class=\"wpb_wrapper\">\n\t<div  class=\"wpb_single_image wpb_content_element vc_align_left\">\n\t\t\n\t\t<figure class=\"wpb_wrapper vc_figure\">\n\t\t\t<div class=\"vc_single_image-wrapper   vc_box_border_grey\"><img loading=\"lazy\" decoding=\"async\" width=\"640\" height=\"853\" src=\"https:\/\/www.ksalps.com\/wp-content\/uploads\/2023\/04\/Nad-dolino-rekekokra1.jpg\" class=\"vc_single_image-img attachment-full\" alt=\"\" title=\"Nad dolino rekekokra1\" srcset=\"https:\/\/www.ksalps.com\/wp-content\/uploads\/2023\/04\/Nad-dolino-rekekokra1.jpg 640w, https:\/\/www.ksalps.com\/wp-content\/uploads\/2023\/04\/Nad-dolino-rekekokra1-225x300.jpg 225w, https:\/\/www.ksalps.com\/wp-content\/uploads\/2023\/04\/Nad-dolino-rekekokra1-60x80.jpg 60w, https:\/\/www.ksalps.com\/wp-content\/uploads\/2023\/04\/Nad-dolino-rekekokra1-9x12.jpg 9w\" sizes=\"auto, (max-width: 640px) 100vw, 640px\" \/><\/div>\n\t\t<\/figure>\n\t<\/div>\n<\/div><\/div><\/div><div class=\"wpb_column vc_column_container vc_col-sm-6\"><div class=\"vc_column-inner\"><div class=\"wpb_wrapper\">\n\t<div class=\"wpb_text_column wpb_content_element\" >\n\t\t<div class=\"wpb_wrapper\">\n\t\t\t<p>V Preddvoru l\u00e1k\u00e1 odrazem majest\u00e1tn\u00edch hor jezero \u010crnava, odkud se m\u016f\u017eeme s nad\u011bj\u00ed na poetickou inspiraci vydat na hrad Turn. Touha po pramenit\u00e9 vod\u011b n\u00e1s zavede p\u0159es vesnici Poto\u010de a lesem <a href=\"https:\/\/jamarji-jkkamnik.si\/3-1izvirobcestipripodlebelci\/\">na silnici do Jezerska,<\/a>po kter\u00e9 se vyd\u00e1me proti proudu \u0159eky Kokry, ale brzy odbo\u010d\u00edme ke kostelu Neposkvrn\u011bn\u00e9ho po\u010det\u00ed Panny Marie ve vesnici Kokra.<\/p>\n<p>Zde se napoj\u00edme na starou n\u00e1kladn\u00ed silnici, kter\u00e1 d\u0159\u00edve spojovala Preddvor s Jezerskem. Po zna\u010den\u00e9 cest\u011b dojdeme na parkovi\u0161t\u011b pod statkem Suhadolnik. Zde je v\u00fdchoz\u00ed bod horsk\u00e9 stezky na Kokr\u0161ko sedlo. Po osv\u011b\u017euj\u00edc\u00edm dou\u0161ku vody <a href=\"https:\/\/jamarji-jkkamnik.si\/4-1izvirnadsuhadolnikom\/\">z potoka Suhadolnik<\/a> si m\u016f\u017eete odpo\u010dinout na nedalek\u00e9m statku.<\/p>\n\n\t\t<\/div>\n\t<\/div>\n\r\n        \r\n        <style>\r\n\t\t\t\t#btn-container-YdNKo {\r\n\t\t\t\t\tfont-size: 15px;\r\n\t\t\t\t\tfont-weight: bold;\r\n\t\t\t\t}\r\n        #btn-YdNKo {\r\n        \tbackground: #05668d;\r\n\t\t\t\t\tborder-style: solid;\r\n        \tborder-color: #05668d;\r\n\t\t\t\t\tborder-width: 2px;\r\n        \tcolor: #ffffff;\r\n\t\t\t\t\tpadding: 10px 20px;\r\n\t\t\t\t\tborder-radius: 2px;\r\n\t\t\t\t\tfont-size: 15px;\r\n\t\t\t\t\tline-height: 15px;\r\n\t\t\t\t\t\t\t\t\t\t\t\t\t\t\tfont-weight: bold;\r\n        }\r\n\r\n\t\t\t\t#btn-YdNKo:hover {\r\n\t\t\t\t\tbackground: #2c88c0;\r\n\t\t\t\t\tborder-color: #2c88c0;\r\n\t\t\t\t\tcolor: #ffffff;\r\n\t\t\t\t\t\t\t\t\t\t\t\t\t\t\t\r\n\t\t\t\t}\r\n\r\n\t\t    #btn-YdNKo i {\r\n\t\t\t\t\tright: 14px;\r\n\t\t\t\t\tmargin-top: 0;\r\n\t\t\t\t\tvertical-align: middle;\r\n\t\t\t\t\tborder-radius: 50%;\r\n\t\t\t\t\tline-height: 20px;\r\n\t\t\t\t\theight: 20px;\r\n\t\t\t\t\twidth: 20px;\r\n\t\t\t\t\tbackground: #05668d;\r\n\t\t\t\t\tmargin-left: 8px;\r\n\t\t\t\t\tmargin-right: 0;\r\n\t\t\t\t\tcolor: #ffffff;\r\n\t\t\t\t\tfont-size: 8px;\r\n\t\t\t\t\ttext-align: center;\r\n\t\t\t\t}\r\n\r\n\t\t\t\t #btn-YdNKo:hover i {\r\n\t\t\t\t \tbackground: #ffffff;\r\n\t\t\t\t\tcolor: #1dc1f8;\r\n\t\t\t\t }\r\n\r\n        <\/style>\r\n\r\n\t\t<!-- BUTTON -->\r\n        <div id=\"btn-container-YdNKo\" class=\"text-left\">\r\n\t\t\t\r\n\t\t\t\t\t<a href=\"https:\/\/mapzs.pzs.si\/stage\/119943\" id=\"btn-YdNKo\" class=\"btn\" target=\"_self\">\r\n\t\t\t\t\t\tZOBRAZIT TRASU NA MAP\u011a\t\t\t\t\t\t\t\t\t\t\t<\/a>\r\n\t\t\t\t\t        <\/div>\r\n\r\n        <div class=\"vc_empty_space\"   style=\"height: 25px\"><span class=\"vc_empty_space_inner\"><\/span><\/div>\r\n        \r\n        <style>\r\n\t\t\t\t#btn-container-WlNZj {\r\n\t\t\t\t\tfont-size: 15px;\r\n\t\t\t\t\tfont-weight: bold;\r\n\t\t\t\t}\r\n        #btn-WlNZj {\r\n        \tbackground: #05668d;\r\n\t\t\t\t\tborder-style: solid;\r\n        \tborder-color: #05668d;\r\n\t\t\t\t\tborder-width: 2px;\r\n        \tcolor: #ffffff;\r\n\t\t\t\t\tpadding: 10px 20px;\r\n\t\t\t\t\tborder-radius: 2px;\r\n\t\t\t\t\tfont-size: 15px;\r\n\t\t\t\t\tline-height: 15px;\r\n\t\t\t\t\t\t\t\t\t\t\t\t\t\t\tfont-weight: bold;\r\n        }\r\n\r\n\t\t\t\t#btn-WlNZj:hover {\r\n\t\t\t\t\tbackground: #2c88c0;\r\n\t\t\t\t\tborder-color: #2c88c0;\r\n\t\t\t\t\tcolor: #ffffff;\r\n\t\t\t\t\t\t\t\t\t\t\t\t\t\t\t\r\n\t\t\t\t}\r\n\r\n\t\t    #btn-WlNZj i {\r\n\t\t\t\t\tright: 14px;\r\n\t\t\t\t\tmargin-top: 0;\r\n\t\t\t\t\tvertical-align: middle;\r\n\t\t\t\t\tborder-radius: 50%;\r\n\t\t\t\t\tline-height: 20px;\r\n\t\t\t\t\theight: 20px;\r\n\t\t\t\t\twidth: 20px;\r\n\t\t\t\t\tbackground: #05668d;\r\n\t\t\t\t\tmargin-left: 8px;\r\n\t\t\t\t\tmargin-right: 0;\r\n\t\t\t\t\tcolor: #ffffff;\r\n\t\t\t\t\tfont-size: 8px;\r\n\t\t\t\t\ttext-align: center;\r\n\t\t\t\t}\r\n\r\n\t\t\t\t #btn-WlNZj:hover i {\r\n\t\t\t\t \tbackground: #ffffff;\r\n\t\t\t\t\tcolor: #1dc1f8;\r\n\t\t\t\t }\r\n\r\n        <\/style>\r\n\r\n\t\t<!-- BUTTON -->\r\n        <div id=\"btn-container-WlNZj\" class=\"text-left\">\r\n\t\t\t\r\n\t\t\t\t\t<a href=\"https:\/\/jamarji-jkkamnik.si\/analize-vpksa-etapa3\/\" id=\"btn-WlNZj\" class=\"btn\" target=\"_self\">\r\n\t\t\t\t\t\tAnal\u00fdza vody\t\t\t\t\t\t\t\t\t\t\t<\/a>\r\n\t\t\t\t\t        <\/div>\r\n\r\n        <div class=\"vc_empty_space\"   style=\"height: 25px\"><span class=\"vc_empty_space_inner\"><\/span><\/div>\r\n        \r\n        <style>\r\n\t\t\t\t#btn-container-fk7D1 {\r\n\t\t\t\t\tfont-size: 15px;\r\n\t\t\t\t\tfont-weight: bold;\r\n\t\t\t\t}\r\n        #btn-fk7D1 {\r\n        \tbackground: #05668d;\r\n\t\t\t\t\tborder-style: solid;\r\n        \tborder-color: #05668d;\r\n\t\t\t\t\tborder-width: 2px;\r\n        \tcolor: #ffffff;\r\n\t\t\t\t\tpadding: 10px 20px;\r\n\t\t\t\t\tborder-radius: 2px;\r\n\t\t\t\t\tfont-size: 15px;\r\n\t\t\t\t\tline-height: 15px;\r\n\t\t\t\t\t\t\t\t\t\t\t\t\t\t\tfont-weight: bold;\r\n        }\r\n\r\n\t\t\t\t#btn-fk7D1:hover {\r\n\t\t\t\t\tbackground: #2c88c0;\r\n\t\t\t\t\tborder-color: #2c88c0;\r\n\t\t\t\t\tcolor: #ffffff;\r\n\t\t\t\t\t\t\t\t\t\t\t\t\t\t\t\r\n\t\t\t\t}\r\n\r\n\t\t    #btn-fk7D1 i {\r\n\t\t\t\t\tright: 14px;\r\n\t\t\t\t\tmargin-top: 0;\r\n\t\t\t\t\tvertical-align: middle;\r\n\t\t\t\t\tborder-radius: 50%;\r\n\t\t\t\t\tline-height: 20px;\r\n\t\t\t\t\theight: 20px;\r\n\t\t\t\t\twidth: 20px;\r\n\t\t\t\t\tbackground: #05668d;\r\n\t\t\t\t\tmargin-left: 8px;\r\n\t\t\t\t\tmargin-right: 0;\r\n\t\t\t\t\tcolor: #ffffff;\r\n\t\t\t\t\tfont-size: 8px;\r\n\t\t\t\t\ttext-align: center;\r\n\t\t\t\t}\r\n\r\n\t\t\t\t #btn-fk7D1:hover i {\r\n\t\t\t\t \tbackground: #ffffff;\r\n\t\t\t\t\tcolor: #1dc1f8;\r\n\t\t\t\t }\r\n\r\n        <\/style>\r\n\r\n\t\t<!-- BUTTON -->\r\n        <div id=\"btn-container-fk7D1\" class=\"text-left\">\r\n\t\t\t\r\n\t\t\t\t\t<a href=\"https:\/\/www.ksalps.com\/cs\/etapa-4\/\" id=\"btn-fk7D1\" class=\"btn\" target=\"_self\">\r\n\t\t\t\t\t\tDAL\u0160\u00cd ETAPA\t\t\t\t\t\t\t\t\t\t\t<\/a>\r\n\t\t\t\t\t        <\/div>\r\n\r\n        <\/div><\/div><\/div><\/div><div class=\"vc_row-full-width vc_clearfix\"><\/div>\n<\/section>","protected":false},"excerpt":{"rendered":"Preddvor\u2013Kokra\u2013kmetija Suhadolnik Izhodi\u0161\u010de: Preddvor, \u010crnava (46.302484, 14.427428) Cilj: parkiri\u0161\u010de pod kmetijo Suhadolnik (46.335398, 14.510138) Razdalja: 12,2 km \u010cas hoje: 4 h Vzpon: 662 m Spust: 261 m V Preddvoru z odsevom gora vabi jezero \u010crnava, od koder se lahko z upanjem na pesni\u0161ki navdih sprehodimo do gradu Turn. \u017delja po izvirski vodi nas popelje skozi [...]","protected":false},"author":1,"featured_media":0,"parent":0,"menu_order":0,"comment_status":"closed","ping_status":"closed","template":"","meta":{"footnotes":""},"class_list":["post-3464","page","type-page","status-publish","hentry"],"_links":{"self":[{"href":"https:\/\/www.ksalps.com\/cs\/wp-json\/wp\/v2\/pages\/3464","targetHints":{"allow":["GET"]}}],"collection":[{"href":"https:\/\/www.ksalps.com\/cs\/wp-json\/wp\/v2\/pages"}],"about":[{"href":"https:\/\/www.ksalps.com\/cs\/wp-json\/wp\/v2\/types\/page"}],"author":[{"embeddable":true,"href":"https:\/\/www.ksalps.com\/cs\/wp-json\/wp\/v2\/users\/1"}],"replies":[{"embeddable":true,"href":"https:\/\/www.ksalps.com\/cs\/wp-json\/wp\/v2\/comments?post=3464"}],"version-history":[{"count":8,"href":"https:\/\/www.ksalps.com\/cs\/wp-json\/wp\/v2\/pages\/3464\/revisions"}],"predecessor-version":[{"id":3929,"href":"https:\/\/www.ksalps.com\/cs\/wp-json\/wp\/v2\/pages\/3464\/revisions\/3929"}],"wp:attachment":[{"href":"https:\/\/www.ksalps.com\/cs\/wp-json\/wp\/v2\/media?parent=3464"}],"curies":[{"name":"wp","href":"https:\/\/api.w.org\/{rel}","templated":true}]}}