{"id":3446,"date":"2023-04-22T01:14:34","date_gmt":"2023-04-21T23:14:34","guid":{"rendered":"https:\/\/www.ksalps.com\/?page_id=3446"},"modified":"2024-10-15T13:10:11","modified_gmt":"2024-10-15T11:10:11","slug":"etapa-1","status":"publish","type":"page","link":"https:\/\/www.ksalps.com\/cs\/etapa-1\/","title":{"rendered":"\u00dasek 1"},"content":{"rendered":"<section class=\"wpb-content-wrapper\"><div data-vc-full-width=\"true\" data-vc-full-width-init=\"false\" class=\"vc_row wpb_row vc_row-fluid vc_custom_1682120157552 vc_row-has-fill vc_row-o-content-middle vc_row-flex\"><div class=\"wpb_column vc_column_container vc_col-sm-6\"><div class=\"vc_column-inner\"><div class=\"wpb_wrapper\">\n\t<div  class=\"wpb_single_image wpb_content_element vc_align_left\">\n\t\t\n\t\t<figure class=\"wpb_wrapper vc_figure\">\n\t\t\t<div class=\"vc_single_image-wrapper   vc_box_border_grey\"><img loading=\"lazy\" decoding=\"async\" width=\"1366\" height=\"768\" src=\"https:\/\/www.ksalps.com\/wp-content\/uploads\/2023\/04\/E1-02-IMG_20220622_MS-2.jpg\" class=\"vc_single_image-img attachment-full\" alt=\"\" title=\"E1-02 IMG_20220622_MS\" srcset=\"https:\/\/www.ksalps.com\/wp-content\/uploads\/2023\/04\/E1-02-IMG_20220622_MS-2.jpg 1366w, https:\/\/www.ksalps.com\/wp-content\/uploads\/2023\/04\/E1-02-IMG_20220622_MS-2-300x169.jpg 300w, https:\/\/www.ksalps.com\/wp-content\/uploads\/2023\/04\/E1-02-IMG_20220622_MS-2-1024x576.jpg 1024w, https:\/\/www.ksalps.com\/wp-content\/uploads\/2023\/04\/E1-02-IMG_20220622_MS-2-768x432.jpg 768w, https:\/\/www.ksalps.com\/wp-content\/uploads\/2023\/04\/E1-02-IMG_20220622_MS-2-80x45.jpg 80w, https:\/\/www.ksalps.com\/wp-content\/uploads\/2023\/04\/E1-02-IMG_20220622_MS-2-18x10.jpg 18w\" sizes=\"auto, (max-width: 1366px) 100vw, 1366px\" \/><\/div>\n\t\t<\/figure>\n\t<\/div>\n<\/div><\/div><\/div><div class=\"wpb_column vc_column_container vc_col-sm-6\"><div class=\"vc_column-inner\"><div class=\"wpb_wrapper\"><h2 style=\"text-align: left\" class=\"vc_custom_heading vc_custom_1682120107605\" >Stahovica\u2013Kamni\u0161ka Bistrica\u2013Kri\u0161ka planina pod Krvavcem<\/h2>\n\t<div class=\"wpb_text_column wpb_content_element\" >\n\t\t<div class=\"wpb_wrapper\">\n\t\t\t<p><span style=\"color: #05668d;\"><strong>V\u00fdchoz\u00ed bod<\/strong><\/span> Stahovica (46.265541, 14.603308)<br \/>\n<span style=\"color: #05668d;\"><strong>C\u00edl:<\/strong><\/span> Kri\u0161ka planina pod Krvavcem (46.294322, 14.536405)<\/p>\n<p><strong><span style=\"color: #05668d;\">Vzd\u00e1lenost:<\/span><\/strong> 22 km<br \/>\n<strong><span style=\"color: #05668d;\">Doba ch\u016fze:<\/span><\/strong> 7 h<br \/>\n<strong><span style=\"color: #05668d;\">V\u00fdstup:<\/span> <\/strong>1430 m<br \/>\n<strong><span style=\"color: #05668d;\">Sestup:<\/span><\/strong> 350 m<\/p>\n\n\t\t<\/div>\n\t<\/div>\n<\/div><\/div><\/div><\/div><div class=\"vc_row-full-width vc_clearfix\"><\/div><div data-vc-full-width=\"true\" data-vc-full-width-init=\"false\" class=\"vc_row wpb_row vc_row-fluid vc_custom_1667915998648 vc_row-has-fill vc_row-o-content-middle vc_row-flex\"><div class=\"wpb_column vc_column_container vc_col-sm-6\"><div class=\"vc_column-inner\"><div class=\"wpb_wrapper\">\n\t<div  class=\"wpb_single_image wpb_content_element vc_align_left\">\n\t\t\n\t\t<figure class=\"wpb_wrapper vc_figure\">\n\t\t\t<div class=\"vc_single_image-wrapper   vc_box_border_grey\"><img loading=\"lazy\" decoding=\"async\" width=\"1280\" height=\"1707\" src=\"https:\/\/www.ksalps.com\/wp-content\/uploads\/2023\/04\/E1-01_20220622_MS-2.jpg\" class=\"vc_single_image-img attachment-full\" alt=\"\" title=\"E1-01_20220622_MS\" srcset=\"https:\/\/www.ksalps.com\/wp-content\/uploads\/2023\/04\/E1-01_20220622_MS-2.jpg 1280w, https:\/\/www.ksalps.com\/wp-content\/uploads\/2023\/04\/E1-01_20220622_MS-2-225x300.jpg 225w, https:\/\/www.ksalps.com\/wp-content\/uploads\/2023\/04\/E1-01_20220622_MS-2-768x1024.jpg 768w, https:\/\/www.ksalps.com\/wp-content\/uploads\/2023\/04\/E1-01_20220622_MS-2-60x80.jpg 60w, https:\/\/www.ksalps.com\/wp-content\/uploads\/2023\/04\/E1-01_20220622_MS-2-1152x1536.jpg 1152w, https:\/\/www.ksalps.com\/wp-content\/uploads\/2023\/04\/E1-01_20220622_MS-2-9x12.jpg 9w\" sizes=\"auto, (max-width: 1280px) 100vw, 1280px\" \/><\/div>\n\t\t<\/figure>\n\t<\/div>\n<\/div><\/div><\/div><div class=\"wpb_column vc_column_container vc_col-sm-6\"><div class=\"vc_column-inner\"><div class=\"wpb_wrapper\">\n\t<div class=\"wpb_text_column wpb_content_element\" >\n\t\t<div class=\"wpb_wrapper\">\n\t\t\t<p>Stezka Ko\u017eeljeva pot vyb\u00edz\u00ed keprvn\u00edm krok\u016fm ji\u017e ve Stahovici, a pokud se dr\u017e\u00edme zna\u010den\u00e9 cesty, tak ji\u017e <a href=\"https:\/\/jamarji-jkkamnik.si\/1-1izvirvdolinikonjske\/\">u Konjsk\u00e9ho potoka<\/a> (u st\u0159elnice) a <a href=\"https:\/\/jamarji-jkkamnik.si\/1-2izvirobcestivkamniskobistric\/\">sout\u011bsky u silnice<\/a> m\u016f\u017eeme ochutnat sv\u011b\u017eest hor v pramenit\u00e9 vod\u011b. P\u0159ed lanovkou na Velikou planinu se napoj\u00edme na malebnou stezku Ko\u017eeljeva pot.<\/p>\n<p>Svou p\u0159\u00edchut\u00ed divo\u010diny a zelenou hlubinou \u0159eky v\u00e1s okouzl\u00ed sout\u011bska Predaselj. Zhluboka se nadechneme a na posiln\u011bnou se napijeme u pramene <a href=\"https:\/\/jamarji-jkkamnik.si\/1-3maliizvirk\/\">Mali izvirek,<\/a>kde tajemn\u00ed pramenn\u00ed \u0161neci sv\u011bd\u010d\u00ed o stabiln\u00ed vysok\u00e9 kvalit\u011b vody.<\/p>\n<p><a href=\"https:\/\/jamarji-jkkamnik.si\/1-4izvirkamniskebistrice\/\">Kamni\u0161ka Bistrica<\/a> a <a href=\"https:\/\/jamarji-jkkamnik.si\/1-5kraljevistudenci\/\">prameny Kraljevi izviri<\/a> n\u00e1s odm\u011bn\u00ed vskutku kr\u00e1lovsk\u00fdmi pocity. P\u0159i ch\u016fzi sm\u011brem na Kri\u0161ko planino najdeme osv\u011b\u017een\u00ed hned u t\u0159\u00ed dal\u0161\u00edch pramen\u016f: <a href=\"https:\/\/jamarji-jkkamnik.si\/1-6izvirnadgradiscem\/\">Nad Gradi\u0161\u010de<\/a>, <a href=\"https:\/\/jamarji-jkkamnik.si\/1-7izvirpotokakorosica\/\">Koro\u0161ica<\/a> a <a href=\"https:\/\/jamarji-jkkamnik.si\/1-8izvirpotockazavrati\/\">Za vrati<\/a>.<\/p>\n\n\t\t<\/div>\n\t<\/div>\n\r\n        \r\n        <style>\r\n\t\t\t\t#btn-container-ffn9j {\r\n\t\t\t\t\tfont-size: 15px;\r\n\t\t\t\t\tfont-weight: bold;\r\n\t\t\t\t}\r\n        #btn-ffn9j {\r\n        \tbackground: #05668d;\r\n\t\t\t\t\tborder-style: solid;\r\n        \tborder-color: #05668d;\r\n\t\t\t\t\tborder-width: 2px;\r\n        \tcolor: #ffffff;\r\n\t\t\t\t\tpadding: 10px 20px;\r\n\t\t\t\t\tborder-radius: 2px;\r\n\t\t\t\t\tfont-size: 15px;\r\n\t\t\t\t\tline-height: 15px;\r\n\t\t\t\t\t\t\t\t\t\t\t\t\t\t\tfont-weight: bold;\r\n        }\r\n\r\n\t\t\t\t#btn-ffn9j:hover {\r\n\t\t\t\t\tbackground: #2c88c0;\r\n\t\t\t\t\tborder-color: #2c88c0;\r\n\t\t\t\t\tcolor: #ffffff;\r\n\t\t\t\t\t\t\t\t\t\t\t\t\t\t\t\r\n\t\t\t\t}\r\n\r\n\t\t    #btn-ffn9j i {\r\n\t\t\t\t\tright: 14px;\r\n\t\t\t\t\tmargin-top: 0;\r\n\t\t\t\t\tvertical-align: middle;\r\n\t\t\t\t\tborder-radius: 50%;\r\n\t\t\t\t\tline-height: 20px;\r\n\t\t\t\t\theight: 20px;\r\n\t\t\t\t\twidth: 20px;\r\n\t\t\t\t\tbackground: #05668d;\r\n\t\t\t\t\tmargin-left: 8px;\r\n\t\t\t\t\tmargin-right: 0;\r\n\t\t\t\t\tcolor: #ffffff;\r\n\t\t\t\t\tfont-size: 8px;\r\n\t\t\t\t\ttext-align: center;\r\n\t\t\t\t}\r\n\r\n\t\t\t\t #btn-ffn9j:hover i {\r\n\t\t\t\t \tbackground: #ffffff;\r\n\t\t\t\t\tcolor: #1dc1f8;\r\n\t\t\t\t }\r\n\r\n        <\/style>\r\n\r\n\t\t<!-- BUTTON -->\r\n        <div id=\"btn-container-ffn9j\" class=\"text-left\">\r\n\t\t\t\r\n\t\t\t\t\t<a href=\"https:\/\/mapzs.pzs.si\/stage\/119941\" id=\"btn-ffn9j\" class=\"btn\" target=\"_self\">\r\n\t\t\t\t\t\tZOBRAZIT TRASU NA MAP\u011a\t\t\t\t\t\t\t\t\t\t\t<\/a>\r\n\t\t\t\t\t        <\/div>\r\n\r\n        <div class=\"vc_empty_space\"   style=\"height: 25px\"><span class=\"vc_empty_space_inner\"><\/span><\/div>\r\n        \r\n        <style>\r\n\t\t\t\t#btn-container-KHPlv {\r\n\t\t\t\t\tfont-size: 15px;\r\n\t\t\t\t\tfont-weight: bold;\r\n\t\t\t\t}\r\n        #btn-KHPlv {\r\n        \tbackground: #05668d;\r\n\t\t\t\t\tborder-style: solid;\r\n        \tborder-color: #05668d;\r\n\t\t\t\t\tborder-width: 2px;\r\n        \tcolor: #ffffff;\r\n\t\t\t\t\tpadding: 10px 20px;\r\n\t\t\t\t\tborder-radius: 2px;\r\n\t\t\t\t\tfont-size: 15px;\r\n\t\t\t\t\tline-height: 15px;\r\n\t\t\t\t\t\t\t\t\t\t\t\t\t\t\tfont-weight: bold;\r\n        }\r\n\r\n\t\t\t\t#btn-KHPlv:hover {\r\n\t\t\t\t\tbackground: #2c88c0;\r\n\t\t\t\t\tborder-color: #2c88c0;\r\n\t\t\t\t\tcolor: #ffffff;\r\n\t\t\t\t\t\t\t\t\t\t\t\t\t\t\t\r\n\t\t\t\t}\r\n\r\n\t\t    #btn-KHPlv i {\r\n\t\t\t\t\tright: 14px;\r\n\t\t\t\t\tmargin-top: 0;\r\n\t\t\t\t\tvertical-align: middle;\r\n\t\t\t\t\tborder-radius: 50%;\r\n\t\t\t\t\tline-height: 20px;\r\n\t\t\t\t\theight: 20px;\r\n\t\t\t\t\twidth: 20px;\r\n\t\t\t\t\tbackground: #05668d;\r\n\t\t\t\t\tmargin-left: 8px;\r\n\t\t\t\t\tmargin-right: 0;\r\n\t\t\t\t\tcolor: #ffffff;\r\n\t\t\t\t\tfont-size: 8px;\r\n\t\t\t\t\ttext-align: center;\r\n\t\t\t\t}\r\n\r\n\t\t\t\t #btn-KHPlv:hover i {\r\n\t\t\t\t \tbackground: #ffffff;\r\n\t\t\t\t\tcolor: #1dc1f8;\r\n\t\t\t\t }\r\n\r\n        <\/style>\r\n\r\n\t\t<!-- BUTTON -->\r\n        <div id=\"btn-container-KHPlv\" class=\"text-left\">\r\n\t\t\t\r\n\t\t\t\t\t<a href=\"https:\/\/jamarji-jkkamnik.si\/analize-vpksa-etapa1\/\" id=\"btn-KHPlv\" class=\"btn\" target=\"_self\">\r\n\t\t\t\t\t\tAnal\u00fdza vody\t\t\t\t\t\t\t\t\t\t\t<\/a>\r\n\t\t\t\t\t        <\/div>\r\n\r\n        <div class=\"vc_empty_space\"   style=\"height: 25px\"><span class=\"vc_empty_space_inner\"><\/span><\/div>\r\n        \r\n        <style>\r\n\t\t\t\t#btn-container-DQGTk {\r\n\t\t\t\t\tfont-size: 15px;\r\n\t\t\t\t\tfont-weight: bold;\r\n\t\t\t\t}\r\n        #btn-DQGTk {\r\n        \tbackground: #05668d;\r\n\t\t\t\t\tborder-style: solid;\r\n        \tborder-color: #05668d;\r\n\t\t\t\t\tborder-width: 2px;\r\n        \tcolor: #ffffff;\r\n\t\t\t\t\tpadding: 10px 20px;\r\n\t\t\t\t\tborder-radius: 2px;\r\n\t\t\t\t\tfont-size: 15px;\r\n\t\t\t\t\tline-height: 15px;\r\n\t\t\t\t\t\t\t\t\t\t\t\t\t\t\tfont-weight: bold;\r\n        }\r\n\r\n\t\t\t\t#btn-DQGTk:hover {\r\n\t\t\t\t\tbackground: #2c88c0;\r\n\t\t\t\t\tborder-color: #2c88c0;\r\n\t\t\t\t\tcolor: #ffffff;\r\n\t\t\t\t\t\t\t\t\t\t\t\t\t\t\t\r\n\t\t\t\t}\r\n\r\n\t\t    #btn-DQGTk i {\r\n\t\t\t\t\tright: 14px;\r\n\t\t\t\t\tmargin-top: 0;\r\n\t\t\t\t\tvertical-align: middle;\r\n\t\t\t\t\tborder-radius: 50%;\r\n\t\t\t\t\tline-height: 20px;\r\n\t\t\t\t\theight: 20px;\r\n\t\t\t\t\twidth: 20px;\r\n\t\t\t\t\tbackground: #05668d;\r\n\t\t\t\t\tmargin-left: 8px;\r\n\t\t\t\t\tmargin-right: 0;\r\n\t\t\t\t\tcolor: #ffffff;\r\n\t\t\t\t\tfont-size: 8px;\r\n\t\t\t\t\ttext-align: center;\r\n\t\t\t\t}\r\n\r\n\t\t\t\t #btn-DQGTk:hover i {\r\n\t\t\t\t \tbackground: #ffffff;\r\n\t\t\t\t\tcolor: #1dc1f8;\r\n\t\t\t\t }\r\n\r\n        <\/style>\r\n\r\n\t\t<!-- BUTTON -->\r\n        <div id=\"btn-container-DQGTk\" class=\"text-left\">\r\n\t\t\t\r\n\t\t\t\t\t<a href=\"https:\/\/www.ksalps.com\/cs\/etapa-2\/\" id=\"btn-DQGTk\" class=\"btn\" target=\"_self\">\r\n\t\t\t\t\t\tDAL\u0160\u00cd ETAPA\t\t\t\t\t\t\t\t\t\t\t<\/a>\r\n\t\t\t\t\t        <\/div>\r\n\r\n        <\/div><\/div><\/div><\/div><div class=\"vc_row-full-width vc_clearfix\"><\/div>\n<\/section>","protected":false},"excerpt":{"rendered":"Stahovica\u2013Kamni\u0161ka Bistrica\u2013Kri\u0161ka planina pod Krvavcem Izhodi\u0161\u010de: Stahovica (46.265541, 14.603308) Cilj: Kri\u0161ka planina pod Krvavcem (46.294322, 14.536405) Razdalja: 22 km \u010cas hoje: 7 h Vzpon: 1430 m Spust: 350 m Ko\u017eeljeva pot vabi na\u0161 korak \u017ee v Stahovici, a raje sledimo cesti, da \u017ee ob Konjskem potoku (ob streli\u0161\u010du) in pri koritu ob cesti v okusu [...]","protected":false},"author":1,"featured_media":0,"parent":0,"menu_order":0,"comment_status":"closed","ping_status":"closed","template":"","meta":{"footnotes":""},"class_list":["post-3446","page","type-page","status-publish","hentry"],"_links":{"self":[{"href":"https:\/\/www.ksalps.com\/cs\/wp-json\/wp\/v2\/pages\/3446","targetHints":{"allow":["GET"]}}],"collection":[{"href":"https:\/\/www.ksalps.com\/cs\/wp-json\/wp\/v2\/pages"}],"about":[{"href":"https:\/\/www.ksalps.com\/cs\/wp-json\/wp\/v2\/types\/page"}],"author":[{"embeddable":true,"href":"https:\/\/www.ksalps.com\/cs\/wp-json\/wp\/v2\/users\/1"}],"replies":[{"embeddable":true,"href":"https:\/\/www.ksalps.com\/cs\/wp-json\/wp\/v2\/comments?post=3446"}],"version-history":[{"count":13,"href":"https:\/\/www.ksalps.com\/cs\/wp-json\/wp\/v2\/pages\/3446\/revisions"}],"predecessor-version":[{"id":3926,"href":"https:\/\/www.ksalps.com\/cs\/wp-json\/wp\/v2\/pages\/3446\/revisions\/3926"}],"wp:attachment":[{"href":"https:\/\/www.ksalps.com\/cs\/wp-json\/wp\/v2\/media?parent=3446"}],"curies":[{"name":"wp","href":"https:\/\/api.w.org\/{rel}","templated":true}]}}