{"id":2865,"date":"2022-04-08T16:19:27","date_gmt":"2022-04-08T15:19:27","guid":{"rendered":"https:\/\/www.ksalps.com\/?page_id=2865"},"modified":"2022-12-12T22:22:23","modified_gmt":"2022-12-12T21:22:23","slug":"poletne-aktivnosti","status":"publish","type":"page","link":"https:\/\/www.ksalps.com\/cs\/poletne-aktivnosti\/","title":{"rendered":"Letn\u00ed aktivity"},"content":{"rendered":"<section class=\"wpb-content-wrapper\"><div data-vc-full-width=\"true\" data-vc-full-width-init=\"false\" class=\"vc_row wpb_row vc_row-fluid vc_custom_1670718736823 vc_row-has-fill\"><div class=\"wpb_column vc_column_container vc_col-sm-12\"><div class=\"vc_column-inner\"><div class=\"wpb_wrapper\">\n\t<div class=\"wpb_text_column wpb_content_element\" >\n\t\t<div class=\"wpb_wrapper\">\n\t\t\t<h4 style=\"text-align: left;\">V l\u00e9t\u011b nab\u00edzej\u00ed Kamnicko-Savinjsk\u00e9 Alpy nekone\u010dn\u00e9 mo\u017enosti k objevov\u00e1n\u00ed a obzvl\u00e1\u0161t\u011b atraktivn\u00ed jsou \u010detn\u00e9 vodn\u00ed toky a pram\u00ednky, kter\u00e9 v hork\u00fdch dnech poskytuj\u00ed tolik pot\u0159ebn\u00e9 osv\u011b\u017een\u00ed. V ka\u017ed\u00e9 destinaci najdete m\u00edsto, kde se m\u016f\u017eete ochladit, a nechyb\u00ed ani spousta z\u00e1bavy.<\/h4>\n\n\t\t<\/div>\n\t<\/div>\n<\/div><\/div><\/div><\/div><div class=\"vc_row-full-width vc_clearfix\"><\/div><div data-vc-full-width=\"true\" data-vc-full-width-init=\"false\" class=\"vc_row wpb_row vc_row-fluid vc_custom_1667914768526 vc_row-has-fill vc_row-o-content-middle vc_row-flex\"><div class=\"wpb_column vc_column_container vc_col-sm-6\"><div class=\"vc_column-inner\"><div class=\"wpb_wrapper\">\n\t<div  class=\"wpb_single_image wpb_content_element vc_align_left\">\n\t\t\n\t\t<figure class=\"wpb_wrapper vc_figure\">\n\t\t\t<div class=\"vc_single_image-wrapper   vc_box_border_grey\"><img loading=\"lazy\" decoding=\"async\" width=\"2500\" height=\"1667\" src=\"https:\/\/www.ksalps.com\/wp-content\/uploads\/2022\/05\/Ribolov-postrv-muharjenje-ribolovne-karte-Preddvor-Reka-Kokra-02.jpg\" class=\"vc_single_image-img attachment-full\" alt=\"\" title=\"Ribolov-postrv-muharjenje-ribolovne-karte-Preddvor-Reka-Kokra-02\" srcset=\"https:\/\/www.ksalps.com\/wp-content\/uploads\/2022\/05\/Ribolov-postrv-muharjenje-ribolovne-karte-Preddvor-Reka-Kokra-02.jpg 2500w, https:\/\/www.ksalps.com\/wp-content\/uploads\/2022\/05\/Ribolov-postrv-muharjenje-ribolovne-karte-Preddvor-Reka-Kokra-02-300x200.jpg 300w, https:\/\/www.ksalps.com\/wp-content\/uploads\/2022\/05\/Ribolov-postrv-muharjenje-ribolovne-karte-Preddvor-Reka-Kokra-02-1024x683.jpg 1024w, https:\/\/www.ksalps.com\/wp-content\/uploads\/2022\/05\/Ribolov-postrv-muharjenje-ribolovne-karte-Preddvor-Reka-Kokra-02-768x512.jpg 768w, https:\/\/www.ksalps.com\/wp-content\/uploads\/2022\/05\/Ribolov-postrv-muharjenje-ribolovne-karte-Preddvor-Reka-Kokra-02-80x53.jpg 80w, https:\/\/www.ksalps.com\/wp-content\/uploads\/2022\/05\/Ribolov-postrv-muharjenje-ribolovne-karte-Preddvor-Reka-Kokra-02-1536x1024.jpg 1536w, https:\/\/www.ksalps.com\/wp-content\/uploads\/2022\/05\/Ribolov-postrv-muharjenje-ribolovne-karte-Preddvor-Reka-Kokra-02-2048x1366.jpg 2048w, https:\/\/www.ksalps.com\/wp-content\/uploads\/2022\/05\/Ribolov-postrv-muharjenje-ribolovne-karte-Preddvor-Reka-Kokra-02-18x12.jpg 18w\" sizes=\"auto, (max-width: 2500px) 100vw, 2500px\" \/><\/div>\n\t\t<\/figure>\n\t<\/div>\n<\/div><\/div><\/div><div class=\"wpb_column vc_column_container vc_col-sm-6\"><div class=\"vc_column-inner\"><div class=\"wpb_wrapper\"><h4 style=\"text-align: left\" class=\"vc_custom_heading\" >Ryba\u0159en\u00ed<\/h4>\n\t<div class=\"wpb_text_column wpb_content_element\" >\n\t\t<div class=\"wpb_wrapper\">\n\t\t\t<p>Ryb\u00e1\u0159e spojuje l\u00e1ska k p\u0159\u00edrod\u011b, vod\u011b, ryba\u0159en\u00ed a p\u0159\u00e1telstv\u00ed. V\u0161echny tyto radosti jim nab\u00edzej\u00ed \u0159eky Kamnicko-Savinjsk\u00fdch Alp. Jejich kouzlo p\u0159itahuje milovn\u00edky mu\u0161ka\u0159en\u00ed a dal\u0161\u00edch forem rybolovu a mimo\u0159\u00e1dn\u00e1 \u010distota vod je p\u0159\u00ed\u010dinou bohat\u00e9 rozmanitosti fauny a fl\u00f3ry. Ryb\u00e1\u0159sk\u00e9 povolenky lze zakoupit tak\u00e9 online.<\/p>\n\n\t\t<\/div>\n\t<\/div>\n\n\t<div class=\"wpb_text_column wpb_content_element\" >\n\t\t<div class=\"wpb_wrapper\">\n\t\t\t<h5><a href=\"https:\/\/visitluce.si\/ribolovne-dovolilnice\/\">&gt; Koup\u011b ryb\u00e1\u0159sk\u00e9ho povolen\u00ed<\/a><\/h5>\n\n\t\t<\/div>\n\t<\/div>\n<\/div><\/div><\/div><\/div><div class=\"vc_row-full-width vc_clearfix\"><\/div><div data-vc-full-width=\"true\" data-vc-full-width-init=\"false\" class=\"vc_row wpb_row vc_row-fluid vc_custom_1667914775936 vc_row-has-fill vc_row-o-content-middle vc_row-flex\"><div class=\"wpb_column vc_column_container vc_col-sm-6\"><div class=\"vc_column-inner\"><div class=\"wpb_wrapper\">\n\t<div  class=\"wpb_single_image wpb_content_element vc_align_left\">\n\t\t\n\t\t<figure class=\"wpb_wrapper vc_figure\">\n\t\t\t<div class=\"vc_single_image-wrapper   vc_box_border_grey\"><img loading=\"lazy\" decoding=\"async\" class=\"vc_single_image-img\" src=\"https:\/\/www.ksalps.com\/wp-content\/uploads\/2022\/05\/savinja-rafting-890x500.jpg\" width=\"890\" height=\"500\" alt=\"savinja rafting\" title=\"savinja rafting\" \/><\/div>\n\t\t<\/figure>\n\t<\/div>\n<\/div><\/div><\/div><div class=\"wpb_column vc_column_container vc_col-sm-6\"><div class=\"vc_column-inner\"><div class=\"wpb_wrapper\"><h4 style=\"text-align: left\" class=\"vc_custom_heading\" >Vodn\u00ed dobrodru\u017estv\u00ed<\/h4>\n\t<div class=\"wpb_text_column wpb_content_element\" >\n\t\t<div class=\"wpb_wrapper\">\n\t\t\t<p>Pokud milujete divokost alpsk\u00fdch \u0159ek, pak je pro v\u00e1s rafting na \u0159ece Savinja to prav\u00e9. M\u016f\u017eete si vybrat libovoln\u011b dlouh\u00e9 splut\u00ed na r\u016fzn\u00fdch \u00fasec\u00edch \u0159eky, od divok\u00fdch pe\u0159ej\u00ed a\u017e po pohodov\u00e9 a klidn\u00e9 p\u00e1dlov\u00e1n\u00ed na doln\u00edm toku. Pro milovn\u00edky p\u00e1dlov\u00e1n\u00ed bude dobrodru\u017estv\u00edm j\u00edzda na kajaku, zat\u00edmco pro objevitele bude adrenalinov\u00fdm z\u00e1\u017eitkem canyoning. Nenechte si uj\u00edt p\u0159\u00edrodn\u00ed skluzavky, skoky do hlubok\u00fdch t\u016fn\u00ed a sla\u0148ov\u00e1n\u00ed p\u0159\u00edmo skrz vodop\u00e1dy.<\/p>\n\n\t\t<\/div>\n\t<\/div>\n\n\t<div class=\"wpb_text_column wpb_content_element\" >\n\t\t<div class=\"wpb_wrapper\">\n\t\t\t<h5><a href=\"https:\/\/www.adventurevalley.si\/sl\/\">&gt; Dolina avantur<\/a><\/h5>\n<h5><a href=\"http:\/\/www.camp-smica.com\/slo\/ponudba.html\">&gt; Avtokamp \u0160mica<\/a><\/h5>\n\n\t\t<\/div>\n\t<\/div>\n<\/div><\/div><\/div><\/div><div class=\"vc_row-full-width vc_clearfix\"><\/div>\n<\/section>","protected":false},"excerpt":{"rendered":"Poleti Kamni\u0161ko-Savinjske Alpe nudijo neskon\u010dne mo\u017enosti raziskovanja, \u0161e posebej privla\u010dni pa so \u0161tevilni vodni viri, saj v vro\u010dih dneh nudijo prepotrebno osve\u017eitev. Na prav vsaki destinaciji lahko najdete prostor za ohladitev, ne manjka pa niti zabave. Ribolov Ribi\u010de povezujejo ljubezen do narave, voda, ribolov in dru\u017eenje. Vse te u\u017eitke jim nudijo tudi reke v Kamni\u0161ko-Savinjskih [...]","protected":false},"author":1,"featured_media":0,"parent":0,"menu_order":0,"comment_status":"closed","ping_status":"closed","template":"","meta":{"footnotes":""},"class_list":["post-2865","page","type-page","status-publish","hentry"],"_links":{"self":[{"href":"https:\/\/www.ksalps.com\/cs\/wp-json\/wp\/v2\/pages\/2865","targetHints":{"allow":["GET"]}}],"collection":[{"href":"https:\/\/www.ksalps.com\/cs\/wp-json\/wp\/v2\/pages"}],"about":[{"href":"https:\/\/www.ksalps.com\/cs\/wp-json\/wp\/v2\/types\/page"}],"author":[{"embeddable":true,"href":"https:\/\/www.ksalps.com\/cs\/wp-json\/wp\/v2\/users\/1"}],"replies":[{"embeddable":true,"href":"https:\/\/www.ksalps.com\/cs\/wp-json\/wp\/v2\/comments?post=2865"}],"version-history":[{"count":18,"href":"https:\/\/www.ksalps.com\/cs\/wp-json\/wp\/v2\/pages\/2865\/revisions"}],"predecessor-version":[{"id":3339,"href":"https:\/\/www.ksalps.com\/cs\/wp-json\/wp\/v2\/pages\/2865\/revisions\/3339"}],"wp:attachment":[{"href":"https:\/\/www.ksalps.com\/cs\/wp-json\/wp\/v2\/media?parent=2865"}],"curies":[{"name":"wp","href":"https:\/\/api.w.org\/{rel}","templated":true}]}}