{"id":2862,"date":"2022-04-08T16:16:22","date_gmt":"2022-04-08T15:16:22","guid":{"rendered":"https:\/\/www.ksalps.com\/?page_id=2862"},"modified":"2025-02-06T10:20:44","modified_gmt":"2025-02-06T09:20:44","slug":"zimske-aktivnosti","status":"publish","type":"page","link":"https:\/\/www.ksalps.com\/cs\/zimske-aktivnosti\/","title":{"rendered":"Zimn\u00ed aktivity"},"content":{"rendered":"<section class=\"wpb-content-wrapper\"><div data-vc-full-width=\"true\" data-vc-full-width-init=\"false\" class=\"vc_row wpb_row vc_row-fluid vc_custom_1639489566356 vc_row-has-fill\"><div class=\"wpb_column vc_column_container vc_col-sm-12\"><div class=\"vc_column-inner\"><div class=\"wpb_wrapper\">\n\t<div class=\"wpb_text_column wpb_content_element\" >\n\t\t<div class=\"wpb_wrapper\">\n\t\t\t<h4 style=\"text-align: left;\">Zasn\u011b\u017een\u00e9 svahy Kamnicko-Savinjsk\u00fdch Alp jsou ide\u00e1ln\u00ed pro nad\u0161en\u00e9 ly\u017ea\u0159e a s\u00e1\u0148ka\u0159e, zat\u00edmco \u0161irok\u00e9 b\u00edl\u00e9 pl\u00e1n\u011b l\u00e1kaj\u00ed k b\u011b\u017eeck\u00e9mu ly\u017eov\u00e1n\u00ed. Nach\u00e1z\u00ed se zde Krvavec, nejbli\u017e\u0161\u00ed ly\u017ea\u0159sk\u00e9 st\u0159edisko k hlavn\u00edmu m\u011bstu, ale radost ze sn\u011bhu najdete i v n\u011bkolika men\u0161\u00edch ly\u017ea\u0159sk\u00fdch are\u00e1lech. Nechyb\u00ed zde ter\u00e9ny pro skialpinisty, lezen\u00ed na ledech a chodce na sn\u011b\u017enic\u00edch, zat\u00edmco nejmen\u0161\u00ed najdou radost na mnoh\u00fdch kluzi\u0161t\u00edch.<\/h4>\n\n\t\t<\/div>\n\t<\/div>\n<\/div><\/div><\/div><\/div><div class=\"vc_row-full-width vc_clearfix\"><\/div><div data-vc-full-width=\"true\" data-vc-full-width-init=\"false\" class=\"vc_row wpb_row vc_row-fluid vc_custom_1667914712633 vc_row-has-fill vc_row-o-content-middle vc_row-flex\"><div class=\"wpb_column vc_column_container vc_col-sm-6\"><div class=\"vc_column-inner\"><div class=\"wpb_wrapper\">\n\t<div  class=\"wpb_single_image wpb_content_element vc_align_left\">\n\t\t\n\t\t<figure class=\"wpb_wrapper vc_figure\">\n\t\t\t<div class=\"vc_single_image-wrapper   vc_box_border_grey\"><img loading=\"lazy\" decoding=\"async\" width=\"2560\" height=\"1829\" src=\"https:\/\/www.ksalps.com\/wp-content\/uploads\/2022\/05\/Zima_Velike_009-scaled.jpg\" class=\"vc_single_image-img attachment-full\" alt=\"\" title=\"Zima_Velike_009\" srcset=\"https:\/\/www.ksalps.com\/wp-content\/uploads\/2022\/05\/Zima_Velike_009-scaled.jpg 2560w, https:\/\/www.ksalps.com\/wp-content\/uploads\/2022\/05\/Zima_Velike_009-300x214.jpg 300w, https:\/\/www.ksalps.com\/wp-content\/uploads\/2022\/05\/Zima_Velike_009-1024x731.jpg 1024w, https:\/\/www.ksalps.com\/wp-content\/uploads\/2022\/05\/Zima_Velike_009-768x549.jpg 768w, https:\/\/www.ksalps.com\/wp-content\/uploads\/2022\/05\/Zima_Velike_009-80x57.jpg 80w, https:\/\/www.ksalps.com\/wp-content\/uploads\/2022\/05\/Zima_Velike_009-1536x1097.jpg 1536w, https:\/\/www.ksalps.com\/wp-content\/uploads\/2022\/05\/Zima_Velike_009-2048x1463.jpg 2048w, https:\/\/www.ksalps.com\/wp-content\/uploads\/2022\/05\/Zima_Velike_009-18x12.jpg 18w\" sizes=\"auto, (max-width: 2560px) 100vw, 2560px\" \/><\/div>\n\t\t<\/figure>\n\t<\/div>\n<\/div><\/div><\/div><div class=\"wpb_column vc_column_container vc_col-sm-6\"><div class=\"vc_column-inner\"><div class=\"wpb_wrapper\"><h4 style=\"text-align: left\" class=\"vc_custom_heading\" >Ly\u017eov\u00e1n\u00ed a snowboarding<\/h4>\n\t<div class=\"wpb_text_column wpb_content_element\" >\n\t\t<div class=\"wpb_wrapper\">\n\t\t\t<p>Nav\u0161tivte ly\u017ea\u0159sk\u00fd are\u00e1l Krvavec, kde na v\u00e1s \u010dek\u00e1 30 km perfektn\u011b upraven\u00fdch sjezdovek. Vyzkou\u0161ejte sv\u00e9 ly\u017ea\u0159sk\u00e9 dovednosti na sjezdovce pro ob\u0159\u00ed slalom a pro adrenalinov\u00e9 z\u00e1\u017eitky nav\u0161tivte snowpark. I d\u011bti a za\u010d\u00e1te\u010dn\u00edci se zde rychle postav\u00ed na sv\u00e9 nohy, proto\u017ee jim se za\u010d\u00e1tky pomohou zku\u0161en\u00ed instrukto\u0159i ly\u017eov\u00e1n\u00ed a snowboardingu s vysokou odbornou znalost\u00ed. Pro rodiny jsou vhodn\u00e9 tak\u00e9 sjezdovky na Jezersku a Velk\u00e9 planin\u011b.<\/p>\n\n\t\t<\/div>\n\t<\/div>\n\n\t<div class=\"wpb_text_column wpb_content_element\" >\n\t\t<div class=\"wpb_wrapper\">\n\t\t\t<h5><a href=\"https:\/\/www.rtc-krvavec.si\/\">&gt; Krvavec<\/a><\/h5>\n<h5><a href=\"http:\/\/www.velikaplanina.si\/aktivnosti\/zimske\/smucanje\/\">&gt; Velika planina<\/a><\/h5>\n\n\t\t<\/div>\n\t<\/div>\n<\/div><\/div><\/div><\/div><div class=\"vc_row-full-width vc_clearfix\"><\/div><div data-vc-full-width=\"true\" data-vc-full-width-init=\"false\" class=\"vc_row wpb_row vc_row-fluid vc_custom_1667914721062 vc_row-has-fill vc_row-o-content-middle vc_row-flex\"><div class=\"wpb_column vc_column_container vc_col-sm-6\"><div class=\"vc_column-inner\"><div class=\"wpb_wrapper\">\n\t<div  class=\"wpb_single_image wpb_content_element vc_align_left\">\n\t\t\n\t\t<figure class=\"wpb_wrapper vc_figure\">\n\t\t\t<div class=\"vc_single_image-wrapper   vc_box_border_grey\"><img loading=\"lazy\" decoding=\"async\" class=\"vc_single_image-img\" src=\"https:\/\/www.ksalps.com\/wp-content\/uploads\/2022\/05\/jezersko-sledding-scaled-890x500.jpg\" width=\"890\" height=\"500\" alt=\"jezersko sledding\" title=\"jezersko sledding\" \/><\/div>\n\t\t<\/figure>\n\t<\/div>\n<\/div><\/div><\/div><div class=\"wpb_column vc_column_container vc_col-sm-6\"><div class=\"vc_column-inner\"><div class=\"wpb_wrapper\"><h4 style=\"text-align: left\" class=\"vc_custom_heading\" >S\u00e1\u0148kov\u00e1n\u00ed<\/h4>\n\t<div class=\"wpb_text_column wpb_content_element\" >\n\t\t<div class=\"wpb_wrapper\">\n\t\t\t<p>S\u00e1\u0148kov\u00e1n\u00ed je aktivita vhodn\u00e1 pro mlad\u00e9 i o n\u011bco star\u0161\u00ed sn\u011b\u017en\u00e9 nad\u0161ence. U Plan\u0161arsk\u00e9ho jezera v oblasti  Jezersko se nach\u00e1z\u00ed bezpe\u010dn\u00e1 a kvalitn\u00ed 740 metr\u016f dlouh\u00e1 s\u00e1\u0148ka\u0159sk\u00e1 dr\u00e1ha, kter\u00e1 je nav\u00edc zasn\u011b\u017eov\u00e1na a upravov\u00e1na rolbou. Pro ty, kte\u0159\u00ed cht\u011bj\u00ed trochu v\u00edce adrenalinu, je k dispozici no\u010dn\u00ed s\u00e1\u0148kov\u00e1n\u00ed na Velik\u00e9 planin\u011b a Krvavci, kde je dr\u00e1ha \u0159\u00e1dn\u011b osv\u011btlena a kde si lze zap\u016fj\u010dit i vybaven\u00ed.<\/p>\n\n\t\t<\/div>\n\t<\/div>\n\n\t<div class=\"wpb_text_column wpb_content_element\" >\n\t\t<div class=\"wpb_wrapper\">\n\t\t\t<h5><a href=\"http:\/\/www.velikaplanina.si\/aktivnosti\/zimske\/nocno-sankanje\/\">&gt; Velika planina<\/a><\/h5>\n<h5><a href=\"https:\/\/www.rtc-krvavec.si\/si\/dozivetje\/nocno-sankanje\">&gt; Krvavec<\/a><\/h5>\n<h5><a href=\"https:\/\/park-jezersko.si\/sankanje-3\/\">&gt; Jezersko<\/a><\/h5>\n\n\t\t<\/div>\n\t<\/div>\n<\/div><\/div><\/div><\/div><div class=\"vc_row-full-width vc_clearfix\"><\/div><div data-vc-full-width=\"true\" data-vc-full-width-init=\"false\" class=\"vc_row wpb_row vc_row-fluid vc_custom_1667914727458 vc_row-has-fill vc_row-o-content-middle vc_row-flex\"><div class=\"wpb_column vc_column_container vc_col-sm-6\"><div class=\"vc_column-inner\"><div class=\"wpb_wrapper\">\n\t<div  class=\"wpb_single_image wpb_content_element vc_align_left\">\n\t\t\n\t\t<figure class=\"wpb_wrapper vc_figure\">\n\t\t\t<div class=\"vc_single_image-wrapper   vc_box_border_grey\"><img loading=\"lazy\" decoding=\"async\" class=\"vc_single_image-img\" src=\"https:\/\/www.ksalps.com\/wp-content\/uploads\/2022\/05\/Tek-na-smuceh-scaled-890x500.jpg\" width=\"890\" height=\"500\" alt=\"Tek na smu\u010deh\" title=\"B\u011bh na ly\u017e\u00edch\" \/><\/div>\n\t\t<\/figure>\n\t<\/div>\n<\/div><\/div><\/div><div class=\"wpb_column vc_column_container vc_col-sm-6\"><div class=\"vc_column-inner\"><div class=\"wpb_wrapper\"><h4 style=\"text-align: left\" class=\"vc_custom_heading\" >B\u011bh na ly\u017e\u00edch<\/h4>\n\t<div class=\"wpb_text_column wpb_content_element\" >\n\t\t<div class=\"wpb_wrapper\">\n\t\t\t<p>V posledn\u00edch letech se b\u011bh na ly\u017e\u00edch stal obl\u00edbenou zimn\u00ed aktivitou, proto\u017ee nevy\u017eaduje \u017e\u00e1dnou zvl\u00e1\u0161tn\u00ed p\u0159\u00edpravu ani tr\u00e9nink. B\u011b\u017eeck\u00e9 ly\u017eov\u00e1n\u00ed m\u00e1 v Kamnicko-Savinjsk\u00fdch Alp\u00e1ch, konkr\u00e9tn\u011b v oblasti Jezersko, dlouhou tradici a dnes je dokonce pova\u017eov\u00e1no za jedno z nejlep\u0161\u00edch b\u011b\u017eeck\u00fdch st\u0159edisek ve Slovinsku. Patn\u00e1ct kilometr\u016f pe\u010dliv\u011b upravovan\u00fdch trat\u00ed, kter\u00e9 vedou \u00fadol\u00edm Ravenska Ko\u010dna, je vhodn\u00fdch jak pro za\u010d\u00e1te\u010dn\u00edky, tak pro zku\u0161en\u011bj\u0161\u00ed rekrea\u010dn\u00ed ly\u017ea\u0159e. Tak\u00e9 malebn\u00e1 Logarska dolina se m\u016f\u017ee pochlubit 15 km dlouhou okru\u017en\u00ed b\u011b\u017eeckou trasou.<\/p>\n\n\t\t<\/div>\n\t<\/div>\n\n\t<div class=\"wpb_text_column wpb_content_element\" >\n\t\t<div class=\"wpb_wrapper\">\n\t\t\t<h5><a href=\"https:\/\/park-jezersko.si\/\">&gt; Jezersko<\/a><\/h5>\n<h5><a href=\"https:\/\/www.logarska-dolina.si\/slo\/dozivetja\/za-aktivne\/tek-na-smuceh\">&gt; Logarska dolina<\/a><\/h5>\n\n\t\t<\/div>\n\t<\/div>\n<\/div><\/div><\/div><\/div><div class=\"vc_row-full-width vc_clearfix\"><\/div>\n<\/section>","protected":false},"excerpt":{"rendered":"Zasne\u017eena pobo\u010dja v Kamni\u0161ko-Savinjskih Alpah so kot nala\u0161\u010d za navdu\u0161ene smu\u010darje in sanka\u010de, \u0161irne bele poljane pa kar vabijo na tek na smu\u010deh. Tukaj se nahaja prestolnici najbli\u017eje visokogorsko smu\u010di\u0161\u010de Krvavec, nekaj pa je tudi manj\u0161ih smu\u010di\u0161\u010d. Na tem obmo\u010dju ne manjka terenov za turne smu\u010darje, ledne plezalce in pohodnike s krpljami, najmlaj\u0161im pa bodo [...]","protected":false},"author":1,"featured_media":0,"parent":0,"menu_order":0,"comment_status":"closed","ping_status":"closed","template":"","meta":{"footnotes":""},"class_list":["post-2862","page","type-page","status-publish","hentry"],"_links":{"self":[{"href":"https:\/\/www.ksalps.com\/cs\/wp-json\/wp\/v2\/pages\/2862","targetHints":{"allow":["GET"]}}],"collection":[{"href":"https:\/\/www.ksalps.com\/cs\/wp-json\/wp\/v2\/pages"}],"about":[{"href":"https:\/\/www.ksalps.com\/cs\/wp-json\/wp\/v2\/types\/page"}],"author":[{"embeddable":true,"href":"https:\/\/www.ksalps.com\/cs\/wp-json\/wp\/v2\/users\/1"}],"replies":[{"embeddable":true,"href":"https:\/\/www.ksalps.com\/cs\/wp-json\/wp\/v2\/comments?post=2862"}],"version-history":[{"count":19,"href":"https:\/\/www.ksalps.com\/cs\/wp-json\/wp\/v2\/pages\/2862\/revisions"}],"predecessor-version":[{"id":3216,"href":"https:\/\/www.ksalps.com\/cs\/wp-json\/wp\/v2\/pages\/2862\/revisions\/3216"}],"wp:attachment":[{"href":"https:\/\/www.ksalps.com\/cs\/wp-json\/wp\/v2\/media?parent=2862"}],"curies":[{"name":"wp","href":"https:\/\/api.w.org\/{rel}","templated":true}]}}