{"id":2859,"date":"2022-04-08T16:13:46","date_gmt":"2022-04-08T15:13:46","guid":{"rendered":"https:\/\/www.ksalps.com\/?page_id=2859"},"modified":"2022-12-12T22:23:40","modified_gmt":"2022-12-12T21:23:40","slug":"padalstvo","status":"publish","type":"page","link":"https:\/\/www.ksalps.com\/cs\/padalstvo\/","title":{"rendered":"Paragliding"},"content":{"rendered":"<section class=\"wpb-content-wrapper\"><div data-vc-full-width=\"true\" data-vc-full-width-init=\"false\" class=\"vc_row wpb_row vc_row-fluid vc_custom_1639489566356 vc_row-has-fill\"><div class=\"wpb_column vc_column_container vc_col-sm-12\"><div class=\"vc_column-inner\"><div class=\"wpb_wrapper\">\n\t<div class=\"wpb_text_column wpb_content_element\" >\n\t\t<div class=\"wpb_wrapper\">\n\t\t\t<h4 style=\"text-align: left;\">Kamnicko-Savinjsk\u00e9 Alpy jsou obl\u00edben\u00fdm startovi\u0161t\u011bm paraglidist\u016f, proto\u017ee startovn\u00ed m\u00edsta jsou snadno a rychle dostupn\u00e1, v\u00fdhledy jsou \u00fachvatn\u00e9 a termika nejlep\u0161\u00ed v \u0161irok\u00e9m okol\u00ed. Paraglidist\u00e9 ze Slovinska i ze zahrani\u010d\u00ed si zde mohou u\u017e\u00edt dlouh\u00e9 panoramatick\u00e9 lety a d\u00edky vynikaj\u00edc\u00edm podm\u00ednk\u00e1m pro tento sport jsou mo\u017en\u00e9 i tandemov\u00e9 lety.<\/h4>\n\n\t\t<\/div>\n\t<\/div>\n<\/div><\/div><\/div><\/div><div class=\"vc_row-full-width vc_clearfix\"><\/div><div data-vc-full-width=\"true\" data-vc-full-width-init=\"false\" class=\"vc_row wpb_row vc_row-fluid vc_custom_1667914834201 vc_row-has-fill vc_row-o-content-middle vc_row-flex\"><div class=\"wpb_column vc_column_container vc_col-sm-6\"><div class=\"vc_column-inner\"><div class=\"wpb_wrapper\">\n\t<div  class=\"wpb_single_image wpb_content_element vc_align_left\">\n\t\t\n\t\t<figure class=\"wpb_wrapper vc_figure\">\n\t\t\t<div class=\"vc_single_image-wrapper   vc_box_border_grey\"><img loading=\"lazy\" decoding=\"async\" width=\"740\" height=\"493\" src=\"https:\/\/www.ksalps.com\/wp-content\/uploads\/2022\/05\/Padalstvo.jpg\" class=\"vc_single_image-img attachment-full\" alt=\"\" title=\"Paragliding\" srcset=\"https:\/\/www.ksalps.com\/wp-content\/uploads\/2022\/05\/Padalstvo.jpg 740w, https:\/\/www.ksalps.com\/wp-content\/uploads\/2022\/05\/Padalstvo-300x200.jpg 300w, https:\/\/www.ksalps.com\/wp-content\/uploads\/2022\/05\/Padalstvo-80x53.jpg 80w, https:\/\/www.ksalps.com\/wp-content\/uploads\/2022\/05\/Padalstvo-18x12.jpg 18w\" sizes=\"auto, (max-width: 740px) 100vw, 740px\" \/><\/div>\n\t\t<\/figure>\n\t<\/div>\n<\/div><\/div><\/div><div class=\"wpb_column vc_column_container vc_col-sm-6\"><div class=\"vc_column-inner\"><div class=\"wpb_wrapper\"><h4 style=\"text-align: left\" class=\"vc_custom_heading\" >Startovi\u0161t\u011b pro paragliding<\/h4>\n\t<div class=\"wpb_text_column wpb_content_element\" >\n\t\t<div class=\"wpb_wrapper\">\n\t\t\t<p>Z destinac\u00ed v okol\u00ed Kamnicko-Savinjsk\u00fdch Alp je mezi paraglidisty nejobl\u00edben\u011bj\u0161\u00ed Preddvor, v jeho\u017e bl\u00edzkosti jsou startovi\u0161t\u011b Poto\u0161ka gora (1 283 m), Zaveti\u0161\u010de v Hudi\u010devem bor\u0161tu na Zaplati (1 328 m), nejvy\u0161\u0161\u00ed a nejn\u00e1ro\u010dn\u011bj\u0161\u00ed na ho\u0159e Stor\u017ei\u010d (2 132 m) a nejsn\u00e1ze dostupn\u00e9 Sv. Lovrenc nad Ba\u0161ljem (892 m). Ofici\u00e1ln\u00ed p\u0159ist\u00e1vac\u00ed plocha se nach\u00e1z\u00ed v bl\u00edzkosti z\u00e1padn\u00ed strany jezera \u010crnava. Mezi dal\u0161\u00edmi paraglidingov\u00fdmi destinac\u00edm stoj\u00ed za zm\u00ednku i Krvavec, Velika planina a Kamni\u0161ki vrh.<\/p>\n\n\t\t<\/div>\n\t<\/div>\n\n\t<div class=\"wpb_text_column wpb_content_element\" >\n\t\t<div class=\"wpb_wrapper\">\n\t\t\t<h5><a href=\"https:\/\/www.visitpreddvor.si\/si\/kaj-poceti\/jadralno-padalstvo\/\">&gt; V\u00edce o paraglidingu<\/a><\/h5>\n\n\t\t<\/div>\n\t<\/div>\n<\/div><\/div><\/div><\/div><div class=\"vc_row-full-width vc_clearfix\"><\/div>\n<\/section>","protected":false},"excerpt":{"rendered":"Kamni\u0161ko-Savinjske Alpe veljajo za priljubljeno vzleti\u0161\u010de jadralnih padalcev, saj so izhodi\u0161\u010da hitro in enostavno dostopna, razgledi jemljejo sapo, termika pa je najbolj\u0161a dale\u010d naokoli. Jadralni padalci iz Slovenije in tujine lahko tukaj u\u017eivajo v dolgih panoramskih poletih, odli\u010dni pogoji za jadranje pa med drugim omogo\u010dajo tudi tandemske polete. Vzleti\u0161\u010da za jadralne padalce Izmed destinacij okrog [...]","protected":false},"author":1,"featured_media":0,"parent":0,"menu_order":0,"comment_status":"closed","ping_status":"closed","template":"","meta":{"footnotes":""},"class_list":["post-2859","page","type-page","status-publish","hentry"],"_links":{"self":[{"href":"https:\/\/www.ksalps.com\/cs\/wp-json\/wp\/v2\/pages\/2859","targetHints":{"allow":["GET"]}}],"collection":[{"href":"https:\/\/www.ksalps.com\/cs\/wp-json\/wp\/v2\/pages"}],"about":[{"href":"https:\/\/www.ksalps.com\/cs\/wp-json\/wp\/v2\/types\/page"}],"author":[{"embeddable":true,"href":"https:\/\/www.ksalps.com\/cs\/wp-json\/wp\/v2\/users\/1"}],"replies":[{"embeddable":true,"href":"https:\/\/www.ksalps.com\/cs\/wp-json\/wp\/v2\/comments?post=2859"}],"version-history":[{"count":13,"href":"https:\/\/www.ksalps.com\/cs\/wp-json\/wp\/v2\/pages\/2859\/revisions"}],"predecessor-version":[{"id":3341,"href":"https:\/\/www.ksalps.com\/cs\/wp-json\/wp\/v2\/pages\/2859\/revisions\/3341"}],"wp:attachment":[{"href":"https:\/\/www.ksalps.com\/cs\/wp-json\/wp\/v2\/media?parent=2859"}],"curies":[{"name":"wp","href":"https:\/\/api.w.org\/{rel}","templated":true}]}}