{"id":2808,"date":"2022-02-01T14:35:01","date_gmt":"2022-02-01T13:35:01","guid":{"rendered":"https:\/\/www.ksalps.com\/?page_id=2808"},"modified":"2022-12-10T21:18:16","modified_gmt":"2022-12-10T20:18:16","slug":"solcava","status":"publish","type":"page","link":"https:\/\/www.ksalps.com\/cs\/solcava\/","title":{"rendered":"Sol\u010dava"},"content":{"rendered":"<section class=\"wpb-content-wrapper\"><div data-vc-full-width=\"true\" data-vc-full-width-init=\"false\" class=\"vc_row wpb_row vc_row-fluid vc_custom_1667916282295 vc_row-has-fill vc_row-o-content-middle vc_row-flex\"><div class=\"wpb_column vc_column_container vc_col-sm-6\"><div class=\"vc_column-inner\"><div class=\"wpb_wrapper\">\n\t<div  class=\"wpb_single_image wpb_content_element vc_align_left\">\n\t\t\n\t\t<figure class=\"wpb_wrapper vc_figure\">\n\t\t\t<div class=\"vc_single_image-wrapper   vc_box_border_grey\"><img loading=\"lazy\" decoding=\"async\" width=\"2560\" height=\"1709\" src=\"https:\/\/www.ksalps.com\/wp-content\/uploads\/2022\/05\/Solcava-julij-2017-3-scaled.jpg\" class=\"vc_single_image-img attachment-full\" alt=\"\" title=\"Solcava julij 2017 3\" srcset=\"https:\/\/www.ksalps.com\/wp-content\/uploads\/2022\/05\/Solcava-julij-2017-3-scaled.jpg 2560w, https:\/\/www.ksalps.com\/wp-content\/uploads\/2022\/05\/Solcava-julij-2017-3-300x200.jpg 300w, https:\/\/www.ksalps.com\/wp-content\/uploads\/2022\/05\/Solcava-julij-2017-3-1024x683.jpg 1024w, https:\/\/www.ksalps.com\/wp-content\/uploads\/2022\/05\/Solcava-julij-2017-3-768x513.jpg 768w, https:\/\/www.ksalps.com\/wp-content\/uploads\/2022\/05\/Solcava-julij-2017-3-80x53.jpg 80w, https:\/\/www.ksalps.com\/wp-content\/uploads\/2022\/05\/Solcava-julij-2017-3-1536x1025.jpg 1536w, https:\/\/www.ksalps.com\/wp-content\/uploads\/2022\/05\/Solcava-julij-2017-3-2048x1367.jpg 2048w, https:\/\/www.ksalps.com\/wp-content\/uploads\/2022\/05\/Solcava-julij-2017-3-18x12.jpg 18w\" sizes=\"auto, (max-width: 2560px) 100vw, 2560px\" \/><\/div>\n\t\t<\/figure>\n\t<\/div>\n<\/div><\/div><\/div><div class=\"wpb_column vc_column_container vc_col-sm-6\"><div class=\"vc_column-inner\"><div class=\"wpb_wrapper\"><h4 style=\"text-align: left\" class=\"vc_custom_heading\" >Sol\u010dava je harmoni\u00ed t\u0159\u00ed \u00fadol\u00ed, kter\u00e1 tuto oblast propl\u00e9taj\u00ed. Dv\u011b z nich jsou \u00fadol\u00ed Robanov a Matkov a t\u0159et\u00ed je \u00fadol\u00ed Logarska dolina, jedno z nejkr\u00e1sn\u011bj\u0161\u00edch alpsk\u00fdch ledovcov\u00fdch \u00fadol\u00ed v Evrop\u011b.<\/h4>\n\t<div class=\"wpb_text_column wpb_content_element\" >\n\t\t<div class=\"wpb_wrapper\">\n\t\t\t<p>V t\u00e9to oblasti najdete harmonick\u00e9 sou\u017eit\u00ed tradice, \u010dlov\u011bka a p\u0159\u00edrody, kter\u00e9 m\u00e1lo kde jinde za\u017eijete. Logarska dolina Sol\u010davsko se py\u0161n\u00ed tak\u00e9 zlat\u00fdm ocen\u011bn\u00edm Slovenia Green Destination a v  roce 2021 z\u00edskala Sol\u010dava cenu tak\u00e9 ve v\u00fdb\u011bru nejlep\u0161\u00edch turistick\u00fdch vesnic, kter\u00fd organizuje UNWTO.<\/p>\n\n\t\t<\/div>\n\t<\/div>\n\n\t<div class=\"wpb_text_column wpb_content_element\" >\n\t\t<div class=\"wpb_wrapper\">\n\t\t\t<h5>&gt; <a href=\"https:\/\/www.logarska-solcavsko.si\/\">&gt; P\u0159e\u010dt\u011bte si v\u00edce<\/a><\/h5>\n\n\t\t<\/div>\n\t<\/div>\n<\/div><\/div><\/div><\/div><div class=\"vc_row-full-width vc_clearfix\"><\/div><div data-vc-full-width=\"true\" data-vc-full-width-init=\"false\" class=\"vc_row wpb_row vc_row-fluid vc_custom_1667916288126 vc_row-has-fill vc_row-o-content-middle vc_row-flex\"><div class=\"wpb_column vc_column_container vc_col-sm-6\"><div class=\"vc_column-inner\"><div class=\"wpb_wrapper\"><h4 style=\"text-align: left\" class=\"vc_custom_heading\" >Krajinn\u00fd park Logarska dolina m\u00e1 v\u00edce ne\u017e 40 registrovan\u00fdch p\u0159\u00edrodn\u00edch pam\u00e1tek a za \u00fasp\u011b\u0161nou spr\u00e1vu chr\u00e1n\u011bn\u00e9 oblasti z\u00edskal ocen\u011bn\u00ed CIPRA Budoucnost v Alp\u00e1ch.<\/h4>\n\t<div class=\"wpb_text_column wpb_content_element\" >\n\t\t<div class=\"wpb_wrapper\">\n\t\t\t<p>Park byl tak\u00e9 v r\u00e1mci programu Zelen\u00e9 sch\u00e9ma slovinsk\u00e9ho turismu ocen\u011bn jako Slovenia Green Park . \u00dadol\u00ed nab\u00edz\u00ed \u0161irokou \u0161k\u00e1lu letn\u00edch i zimn\u00edch aktivit a m\u016f\u017eete zde tak\u00e9 p\u0159enocovat. V srdci \u00fadol\u00ed se nach\u00e1z\u00ed Butikov\u00fd hotel Plesnik a nab\u00edz\u00ed oslniv\u00e9 v\u00fdhledy na okoln\u00ed vrcholy, kvalitn\u00ed slu\u017eby a m\u00edstn\u00ed kuchyni.<\/p>\n\n\t\t<\/div>\n\t<\/div>\n\n\t<div class=\"wpb_text_column wpb_content_element\" >\n\t\t<div class=\"wpb_wrapper\">\n\t\t\t<h5>&gt; <a href=\"https:\/\/www.logarska-dolina.si\/\">&gt; Prozkoumejte v\u00edce<\/a><\/h5>\n\n\t\t<\/div>\n\t<\/div>\n<\/div><\/div><\/div><div class=\"wpb_column vc_column_container vc_col-sm-6\"><div class=\"vc_column-inner\"><div class=\"wpb_wrapper\">\n\t<div  class=\"wpb_single_image wpb_content_element vc_align_left\">\n\t\t\n\t\t<figure class=\"wpb_wrapper vc_figure\">\n\t\t\t<div class=\"vc_single_image-wrapper   vc_box_border_grey\"><img loading=\"lazy\" decoding=\"async\" class=\"vc_single_image-img\" src=\"https:\/\/www.ksalps.com\/wp-content\/uploads\/2022\/05\/Logarska-dolina-800x500.jpg\" width=\"800\" height=\"500\" alt=\"Logarska dolina\" title=\"Logarska dolina\" \/><\/div>\n\t\t<\/figure>\n\t<\/div>\n<\/div><\/div><\/div><\/div><div class=\"vc_row-full-width vc_clearfix\"><\/div><div data-vc-full-width=\"true\" data-vc-full-width-init=\"false\" class=\"vc_row wpb_row vc_row-fluid vc_custom_1667916293721 vc_row-has-fill vc_row-o-content-middle vc_row-flex\"><div class=\"wpb_column vc_column_container vc_col-sm-6\"><div class=\"vc_column-inner\"><div class=\"wpb_wrapper\">\n\t<div  class=\"wpb_single_image wpb_content_element vc_align_left\">\n\t\t\n\t\t<figure class=\"wpb_wrapper vc_figure\">\n\t\t\t<div class=\"vc_single_image-wrapper   vc_box_border_grey\"><img loading=\"lazy\" decoding=\"async\" class=\"vc_single_image-img\" src=\"https:\/\/www.ksalps.com\/wp-content\/uploads\/2022\/05\/Solcava-1-scaled-890x500.jpg\" width=\"890\" height=\"500\" alt=\"Sol\u010dava 1\" title=\"Sol\u010dava 1\" \/><\/div>\n\t\t<\/figure>\n\t<\/div>\n<\/div><\/div><\/div><div class=\"wpb_column vc_column_container vc_col-sm-6\"><div class=\"vc_column-inner\"><div class=\"wpb_wrapper\"><h4 style=\"text-align: left\" class=\"vc_custom_heading\" >Sol\u010davsk\u00fd region je charakteristick\u00fd sv\u00fdmi vysokohorsk\u00fdmi samoz\u00e1sobitelsk\u00fdmi farmami, z nich\u017e mnoh\u00e9 v\u00edtaj\u00ed turisty s otev\u0159enou n\u00e1ru\u010d\u00ed.<\/h4>\n\t<div class=\"wpb_text_column wpb_content_element\" >\n\t\t<div class=\"wpb_wrapper\">\n\t\t\t<p>V\u011bt\u0161ina turistick\u00fdch farem se nach\u00e1z\u00ed bu\u010f v krajinn\u00e9m parku Robanov kot, co\u017e je 5 km dlouh\u00e9 ledovcov\u00e9 \u00fadol\u00ed, nebo v nejmen\u0161\u00edm ze t\u0159\u00ed \u00fadol\u00ed zvan\u00e9m Matkov kot. \u00dadol\u00ed je dokonce pojmenov\u00e1no podle historick\u00e9ho statku Matk, kter\u00fd se nach\u00e1z\u00ed na jeho svaz\u00edch. Na turistick\u00fdch farm\u00e1ch v\u00e1m r\u00e1di nab\u00eddnou lok\u00e1ln\u00ed pochoutky, mezi nimi\u017e vynik\u00e1 zejm\u00e9na m\u00edstn\u00ed uzenina -  hornosavinsk\u00fd \u017ealudek.<\/p>\n\n\t\t<\/div>\n\t<\/div>\n<\/div><\/div><\/div><\/div><div class=\"vc_row-full-width vc_clearfix\"><\/div><div data-vc-full-width=\"true\" data-vc-full-width-init=\"false\" class=\"vc_row wpb_row vc_row-fluid vc_custom_1667916299920 vc_row-has-fill vc_row-o-content-middle vc_row-flex\"><div class=\"wpb_column vc_column_container vc_col-sm-6\"><div class=\"vc_column-inner\"><div class=\"wpb_wrapper\"><h4 style=\"text-align: left\" class=\"vc_custom_heading\" >Sol\u010davsk\u00e1 panoramatick\u00e1 cesta v\u00e1s provede cestou past\u00fd\u0159e Kri\u0161tofa, kter\u00fd hled\u00e1 ztracen\u00e9 ovce.<\/h4>\n\t<div class=\"wpb_text_column wpb_content_element\" >\n\t\t<div class=\"wpb_wrapper\">\n\t\t\t<p>Cestu dlouhou 37 kilometr\u016f m\u016f\u017eete proj\u00edt p\u011b\u0161ky nebo projet na kole, motorce \u010di autem. U\u017e samotn\u00fd n\u00e1zev napov\u00edd\u00e1, \u017ee trasa nab\u00edz\u00ed v\u00fdjime\u010dn\u00e9 v\u00fdhledy na okoln\u00ed vrcholy a tak\u00e9 mnoho m\u00edstn\u00edch klenot\u016f kulturn\u00edho a p\u0159\u00edrodn\u00edho d\u011bdictv\u00ed. Jedn\u00edm z nich je tudy pramen kyselky, miner\u00e1ln\u00ed vody s vysok\u00fdm obsahem \u017eeleza a oxidu uhli\u010dit\u00e9ho. Pitn\u00e1 voda s pon\u011bkud neobvyklou chut\u00ed, kter\u00e1 se jinde ve Slovinsku nevyskytuje, m\u00e1 pr\u00fd i l\u00e9\u010div\u00e9 \u00fa\u010dinky. Na Sol\u010davsk\u00e9 panoramatick\u00e9 cest\u011b m\u016f\u017eete tak\u00e9 p\u0159enocovat nebo si prost\u011b jen vychutnat kulin\u00e1\u0159sk\u00e9 speciality vysokohorsk\u00fdch farem.<\/p>\n\n\t\t<\/div>\n\t<\/div>\n\n\t<div class=\"wpb_text_column wpb_content_element\" >\n\t\t<div class=\"wpb_wrapper\">\n\t\t\t<h5>&gt; <a href=\"http:\/\/www.solcavska-panoramska-cesta.si\/si\/\">&gt; Nav\u0161tivte Sol\u010davskou panoramatickou stezku<\/a><\/h5>\n\n\t\t<\/div>\n\t<\/div>\n<\/div><\/div><\/div><div class=\"wpb_column vc_column_container vc_col-sm-6\"><div class=\"vc_column-inner\"><div class=\"wpb_wrapper\">\n\t<div  class=\"wpb_single_image wpb_content_element vc_align_left\">\n\t\t\n\t\t<figure class=\"wpb_wrapper vc_figure\">\n\t\t\t<div class=\"vc_single_image-wrapper   vc_box_border_grey\"><img loading=\"lazy\" decoding=\"async\" class=\"vc_single_image-img\" src=\"https:\/\/www.ksalps.com\/wp-content\/uploads\/2022\/05\/DSC_064-SV.-DUH-IN-SAV.-ALPE-scaled-890x500.jpg\" width=\"890\" height=\"500\" alt=\"DSC_064 SV. DUH IN SAV. ALPE\" title=\"DSC_064 SV. DUH IN SAV. ALPE\" \/><\/div>\n\t\t<\/figure>\n\t<\/div>\n<\/div><\/div><\/div><\/div><div class=\"vc_row-full-width vc_clearfix\"><\/div><div data-vc-full-width=\"true\" data-vc-full-width-init=\"false\" class=\"vc_row wpb_row vc_row-fluid vc_custom_1667916306411 vc_row-has-fill vc_row-o-content-middle vc_row-flex\"><div class=\"wpb_column vc_column_container vc_col-sm-6\"><div class=\"vc_column-inner\"><div class=\"wpb_wrapper\">\n\t<div  class=\"wpb_single_image wpb_content_element vc_align_left\">\n\t\t\n\t\t<figure class=\"wpb_wrapper vc_figure\">\n\t\t\t<div class=\"vc_single_image-wrapper   vc_box_border_grey\"><img loading=\"lazy\" decoding=\"async\" class=\"vc_single_image-img\" src=\"https:\/\/www.ksalps.com\/wp-content\/uploads\/2022\/05\/Slap-Rinka-890x500.jpg\" width=\"890\" height=\"500\" alt=\"Slap Rinka\" title=\"Slap Rinka\" \/><\/div>\n\t\t<\/figure>\n\t<\/div>\n<\/div><\/div><\/div><div class=\"wpb_column vc_column_container vc_col-sm-6\"><div class=\"vc_column-inner\"><div class=\"wpb_wrapper\"><h4 style=\"text-align: left\" class=\"vc_custom_heading\" >Vodop\u00e1d Rinka je jedn\u00edm z nejkr\u00e1sn\u011bj\u0161\u00edch, nejzn\u00e1m\u011bj\u0161\u00edch a nejnav\u0161t\u011bvovan\u011bj\u0161\u00edch vodop\u00e1d\u016f ve Slovinsku.<\/h4>\n\t<div class=\"wpb_text_column wpb_content_element\" >\n\t\t<div class=\"wpb_wrapper\">\n\t\t\t<p>Je pova\u017eov\u00e1n za prvn\u00ed pramen \u0159eky Savinja. Nejv\u011bt\u0161\u00ed pr\u016ftok m\u00e1 na ja\u0159e a na podzim. Nejvy\u0161\u0161\u00ed jednotliv\u00fd stupe\u0148 vodop\u00e1du je 90 metr\u016f a jeho celkov\u00e1 v\u00fd\u0161ka je 105 metr\u016f. Napravo od vodop\u00e1du Rinka se nach\u00e1z\u00ed Orl\u00ed hn\u00edzdo, mal\u00e1 panoramatick\u00e1 stavba, kter\u00e1 nab\u00edz\u00ed v\u00fdjime\u010dn\u00fd v\u00fdhled na bly\u0161t\u00edc\u00ed se vodop\u00e1d. V \u00fadol\u00ed Logarska dolina m\u016f\u017eete naj\u00edt i dal\u0161\u00ed obl\u00edben\u00fd vodop\u00e1d Palenk, kter\u00fd je popul\u00e1rn\u00ed zejm\u00e9na v zim\u011b, kdy je atraktivn\u00ed pro milovn\u00edky lezen\u00ed po ledu.<\/p>\n\n\t\t<\/div>\n\t<\/div>\n<\/div><\/div><\/div><\/div><div class=\"vc_row-full-width vc_clearfix\"><\/div>\n<\/section>","protected":false},"excerpt":{"rendered":"Sol\u010davsko je harmonija treh dolin, ki se nahajajo na tem obmo\u010dju. Dve predstavljata Robanov in Matkov kot, tretja pa je Logarska dolina, ena najlep\u0161ih alpskih ledeni\u0161kih dolin v Evropi. Na tem obmo\u010dju je mo\u010d najti harmoni\u010dno so\u017eitje med tradicijo, \u010dlovekom in naravo, ki ga do\u017eivite le redkokje. Logarska dolina Sol\u010davsko se pona\u0161a z zlatim znakom [...]","protected":false},"author":1,"featured_media":0,"parent":0,"menu_order":0,"comment_status":"closed","ping_status":"closed","template":"","meta":{"footnotes":""},"class_list":["post-2808","page","type-page","status-publish","hentry"],"_links":{"self":[{"href":"https:\/\/www.ksalps.com\/cs\/wp-json\/wp\/v2\/pages\/2808","targetHints":{"allow":["GET"]}}],"collection":[{"href":"https:\/\/www.ksalps.com\/cs\/wp-json\/wp\/v2\/pages"}],"about":[{"href":"https:\/\/www.ksalps.com\/cs\/wp-json\/wp\/v2\/types\/page"}],"author":[{"embeddable":true,"href":"https:\/\/www.ksalps.com\/cs\/wp-json\/wp\/v2\/users\/1"}],"replies":[{"embeddable":true,"href":"https:\/\/www.ksalps.com\/cs\/wp-json\/wp\/v2\/comments?post=2808"}],"version-history":[{"count":14,"href":"https:\/\/www.ksalps.com\/cs\/wp-json\/wp\/v2\/pages\/2808\/revisions"}],"predecessor-version":[{"id":3273,"href":"https:\/\/www.ksalps.com\/cs\/wp-json\/wp\/v2\/pages\/2808\/revisions\/3273"}],"wp:attachment":[{"href":"https:\/\/www.ksalps.com\/cs\/wp-json\/wp\/v2\/media?parent=2808"}],"curies":[{"name":"wp","href":"https:\/\/api.w.org\/{rel}","templated":true}]}}