{"id":2805,"date":"2022-02-01T14:27:12","date_gmt":"2022-02-01T13:27:12","guid":{"rendered":"https:\/\/www.ksalps.com\/?page_id=2805"},"modified":"2022-12-10T21:17:13","modified_gmt":"2022-12-10T20:17:13","slug":"preddvor","status":"publish","type":"page","link":"https:\/\/www.ksalps.com\/cs\/preddvor\/","title":{"rendered":"Preddvor"},"content":{"rendered":"<section class=\"wpb-content-wrapper\"><div data-vc-full-width=\"true\" data-vc-full-width-init=\"false\" class=\"vc_row wpb_row vc_row-fluid vc_custom_1667916223288 vc_row-has-fill vc_row-o-content-middle vc_row-flex\"><div class=\"wpb_column vc_column_container vc_col-sm-6\"><div class=\"vc_column-inner\"><div class=\"wpb_wrapper\">\n\t<div  class=\"wpb_single_image wpb_content_element vc_align_left\">\n\t\t\n\t\t<figure class=\"wpb_wrapper vc_figure\">\n\t\t\t<div class=\"vc_single_image-wrapper   vc_box_border_grey\"><img loading=\"lazy\" decoding=\"async\" width=\"2500\" height=\"1665\" src=\"https:\/\/www.ksalps.com\/wp-content\/uploads\/2022\/05\/Preddvor.jpg\" class=\"vc_single_image-img attachment-full\" alt=\"\" title=\"Preddvor\" srcset=\"https:\/\/www.ksalps.com\/wp-content\/uploads\/2022\/05\/Preddvor.jpg 2500w, https:\/\/www.ksalps.com\/wp-content\/uploads\/2022\/05\/Preddvor-300x200.jpg 300w, https:\/\/www.ksalps.com\/wp-content\/uploads\/2022\/05\/Preddvor-1024x682.jpg 1024w, https:\/\/www.ksalps.com\/wp-content\/uploads\/2022\/05\/Preddvor-768x511.jpg 768w, https:\/\/www.ksalps.com\/wp-content\/uploads\/2022\/05\/Preddvor-80x53.jpg 80w, https:\/\/www.ksalps.com\/wp-content\/uploads\/2022\/05\/Preddvor-1536x1023.jpg 1536w, https:\/\/www.ksalps.com\/wp-content\/uploads\/2022\/05\/Preddvor-2048x1364.jpg 2048w, https:\/\/www.ksalps.com\/wp-content\/uploads\/2022\/05\/Preddvor-18x12.jpg 18w\" sizes=\"auto, (max-width: 2500px) 100vw, 2500px\" \/><\/div>\n\t\t<\/figure>\n\t<\/div>\n<\/div><\/div><\/div><div class=\"wpb_column vc_column_container vc_col-sm-6\"><div class=\"vc_column-inner\"><div class=\"wpb_wrapper\"><h4 style=\"text-align: left\" class=\"vc_custom_heading\" >Kraj, kter\u00fd je jen na dost\u0159el od leti\u0161t\u011b i hlavn\u00edho m\u011bsta, d\u00edky sv\u00fdm divok\u00fdm louk\u00e1m, pastvin\u00e1m a les\u016fm, bohat\u00e9mu kulturn\u00edmu a architektonick\u00e9mu d\u011bdictv\u00ed, pohostinn\u00fdm obyvatel\u016fm nab\u00edz\u00ed opravdu ka\u017ed\u00e9mu n\u00e1v\u0161t\u011bvn\u00edkovi jinou mo\u017enost, jak str\u00e1vit den.<\/h4>\n\t<div class=\"wpb_text_column wpb_content_element\" >\n\t\t<div class=\"wpb_wrapper\">\n\t\t\t<p>Po\u010d\u00e1tky zdej\u0161\u00edho cestovn\u00edho ruchu jsou zalo\u017eeny na l\u00e1ze\u0148stv\u00ed a Preddvor si tuto relaxovanou atmosf\u00e9ru, klid a nedot\u010denou p\u0159\u00edrodu zachoval dodnes. Preddvor je v\u00fdjime\u010dn\u00fd tak\u00e9 sv\u00fdmi \u010dty\u0159mi hrady, k nim\u017e se d\u00e1 doj\u00edt b\u011bhem jednoho dne.<\/p>\n\n\t\t<\/div>\n\t<\/div>\n\n\t<div class=\"wpb_text_column wpb_content_element\" >\n\t\t<div class=\"wpb_wrapper\">\n\t\t\t<h5>&gt;<a href=\"https:\/\/www.visitpreddvor.si\/si\/\"> &gt; P\u0159e\u010dt\u011bte si v\u00edce<\/a><\/h5>\n\n\t\t<\/div>\n\t<\/div>\n<\/div><\/div><\/div><\/div><div class=\"vc_row-full-width vc_clearfix\"><\/div><div data-vc-full-width=\"true\" data-vc-full-width-init=\"false\" class=\"vc_row wpb_row vc_row-fluid vc_custom_1667916229139 vc_row-has-fill vc_row-o-content-middle vc_row-flex\"><div class=\"wpb_column vc_column_container vc_col-sm-6\"><div class=\"vc_column-inner\"><div class=\"wpb_wrapper\"><h4 style=\"text-align: left\" class=\"vc_custom_heading\" >Jezero \u010crnava je mal\u00e1 vodn\u00ed n\u00e1dr\u017e, kter\u00e1 vznikla p\u0159ehrazen\u00edm potoka Bistrica a nach\u00e1z\u00ed se schovan\u00e1 pod horou Stor\u017ei\u010d.<\/h4>\n\t<div class=\"wpb_text_column wpb_content_element\" >\n\t\t<div class=\"wpb_wrapper\">\n\t\t\t<p>Je pojmenov\u00e1no podle tmav\u00e9ho, \u010dern\u00e9ho lesa. Jezero je pom\u011brn\u011b m\u011blk\u00e9 a voda v n\u011bm je sladk\u00e1, proto\u017ee ho nap\u00e1j\u00ed energick\u00e1 \u0159\u00ed\u010dka Bistrica. Vede okolo n\u011bj p\u011b\u0161\u00ed stezka a na z\u00e1padn\u00edm konci naleznete upraven\u00fd p\u0159\u00edstup do vody. Jezero bude v budoucnu tak\u00e9 zrekultivov\u00e1no, aby bylo vhodn\u00e9 i ke koup\u00e1n\u00ed. P\u0159\u00edmo u jezera se nach\u00e1z\u00ed mal\u00fd hotel Alma a hrad Hrib, kde si n\u00e1v\u0161t\u011bvn\u00edci mohou odpo\u010dinout s v\u00fdhledem na Alpy. Ji\u017e v\u00edce ne\u017e 20 let se v kraji Preddvoru udr\u017euje zvyk pono\u0159it o V\u00e1noc\u00edch do jezera \u010crnava v\u00e1no\u010dn\u00ed strom, kter\u00fd symbolicky p\u0159edstavuje odchod star\u00e9ho roku a p\u0159\u00edchod nov\u00e9ho.<\/p>\n\n\t\t<\/div>\n\t<\/div>\n<\/div><\/div><\/div><div class=\"wpb_column vc_column_container vc_col-sm-6\"><div class=\"vc_column-inner\"><div class=\"wpb_wrapper\">\n\t<div  class=\"wpb_single_image wpb_content_element vc_align_left\">\n\t\t\n\t\t<figure class=\"wpb_wrapper vc_figure\">\n\t\t\t<div class=\"vc_single_image-wrapper   vc_box_border_grey\"><img loading=\"lazy\" decoding=\"async\" class=\"vc_single_image-img\" src=\"https:\/\/www.ksalps.com\/wp-content\/uploads\/2022\/05\/Jezero-Crnava-890x500.jpg\" width=\"890\" height=\"500\" alt=\"Jezero \u010crnava\" title=\"Jezero \u010crnava\" \/><\/div>\n\t\t<\/figure>\n\t<\/div>\n<\/div><\/div><\/div><\/div><div class=\"vc_row-full-width vc_clearfix\"><\/div><div data-vc-full-width=\"true\" data-vc-full-width-init=\"false\" class=\"vc_row wpb_row vc_row-fluid vc_custom_1667916234789 vc_row-has-fill vc_row-o-content-middle vc_row-flex\"><div class=\"wpb_column vc_column_container vc_col-sm-6\"><div class=\"vc_column-inner\"><div class=\"wpb_wrapper\">\n\t<div  class=\"wpb_single_image wpb_content_element vc_align_left\">\n\t\t\n\t\t<figure class=\"wpb_wrapper vc_figure\">\n\t\t\t<div class=\"vc_single_image-wrapper   vc_box_border_grey\"><img loading=\"lazy\" decoding=\"async\" class=\"vc_single_image-img\" src=\"https:\/\/www.ksalps.com\/wp-content\/uploads\/2022\/05\/Grad-Dvor-890x500.jpg\" width=\"890\" height=\"500\" alt=\"Grad Dvor\" title=\"Grad Dvor\" \/><\/div>\n\t\t<\/figure>\n\t<\/div>\n<\/div><\/div><\/div><div class=\"wpb_column vc_column_container vc_col-sm-6\"><div class=\"vc_column-inner\"><div class=\"wpb_wrapper\"><h4 style=\"text-align: left\" class=\"vc_custom_heading\" >V centru m\u011bste\u010dka Preddvor se nach\u00e1z\u00ed hrad Dvor, podle kter\u00e9ho z\u00edskal tento kraj jm\u00e9no.<\/h4>\n\t<div class=\"wpb_text_column wpb_content_element\" >\n\t\t<div class=\"wpb_wrapper\">\n\t\t\t<p>Dnes je op\u011bt vyu\u017e\u00edv\u00e1n k turistick\u00fdm \u00fa\u010del\u016fm, je zde star\u00e1 l\u00e9k\u00e1rna s l\u00e9\u010div\u00fdmi p\u0159\u00edpravky, obchod s m\u00edstn\u00edmi pochoutkami a vinn\u00fd skl\u00edpek, kde si m\u016f\u017eete sami nato\u010dit v\u00edno, zape\u010detit ho a ve star\u00e9 tisk\u00e1rn\u011b si vytisknout vlastn\u00ed vinnou etiketu. Nav\u0161t\u00edvit m\u016f\u017eete tak\u00e9 z\u00e1meck\u00fd park a odpo\u010dinout si v \u00fatuln\u00e9 z\u00e1meck\u00e9 kav\u00e1rn\u011b nebo se vydat na prohl\u00eddku s pr\u016fvodcem, kter\u00fd v\u00e1m odhal\u00ed mnoh\u00e1 hradn\u00ed tajemstv\u00ed.<\/p>\n\n\t\t<\/div>\n\t<\/div>\n<\/div><\/div><\/div><\/div><div class=\"vc_row-full-width vc_clearfix\"><\/div><div data-vc-full-width=\"true\" data-vc-full-width-init=\"false\" class=\"vc_row wpb_row vc_row-fluid vc_custom_1667916244721 vc_row-has-fill vc_row-o-content-middle vc_row-flex\"><div class=\"wpb_column vc_column_container vc_col-sm-6\"><div class=\"vc_column-inner\"><div class=\"wpb_wrapper\"><h4 style=\"text-align: left\" class=\"vc_custom_heading\" >Kdy\u017e se pod\u00edv\u00e1me na panorama v Preddvoru, uvid\u00edme travnat\u00fd kopec Zaplatu s tajemn\u00fdm \u010certov\u00fdm hvozdem.<\/h4>\n\t<div class=\"wpb_text_column wpb_content_element\" >\n\t\t<div class=\"wpb_wrapper\">\n\t\t\t<p>Legenda o jeho vzniku vypr\u00e1v\u00ed o h\u00e1dce dvou sedl\u00e1k\u016f o les. Jeden z nich vztekle vyk\u0159ikne: \u201eA\u0165 si ho vezme \u010dert!\u201c, a \u010f\u00e1bel se skute\u010dn\u011b n\u00e1hle zjev\u00ed a odfoukne ho i s lesem sm\u011brem k hor\u00e1m. P\u0159i zvon\u011bn\u00ed zvonu v kostele sv. Jakoba v\u0161ak \u010dert ztrat\u00ed svou moc a upust\u00ed lesnat\u00e9 b\u0159emeno uprost\u0159ed kopce. Dnes jsou travnat\u00e9 svahy Zaplaty obl\u00edben\u00fdm m\u00edstem pro p\u011b\u0161\u00ed turistiku a bivak v \u010certov\u011b hvozdu je obl\u00edben\u00fd i jako z\u00e1kladna pro paraglidisty.<\/p>\n\n\t\t<\/div>\n\t<\/div>\n<\/div><\/div><\/div><div class=\"wpb_column vc_column_container vc_col-sm-6\"><div class=\"vc_column-inner\"><div class=\"wpb_wrapper\">\n\t<div  class=\"wpb_single_image wpb_content_element vc_align_left\">\n\t\t\n\t\t<figure class=\"wpb_wrapper vc_figure\">\n\t\t\t<div class=\"vc_single_image-wrapper   vc_box_border_grey\"><img loading=\"lazy\" decoding=\"async\" class=\"vc_single_image-img\" src=\"https:\/\/www.ksalps.com\/wp-content\/uploads\/2022\/05\/Preddvor_Zaplata-scaled-890x500.jpg\" width=\"890\" height=\"500\" alt=\"OLYMPUS DIGITAL CAMERA\" title=\"OLYMPUS DIGITAL CAMERA\" \/><\/div>\n\t\t<\/figure>\n\t<\/div>\n<\/div><\/div><\/div><\/div><div class=\"vc_row-full-width vc_clearfix\"><\/div><div data-vc-full-width=\"true\" data-vc-full-width-init=\"false\" class=\"vc_row wpb_row vc_row-fluid vc_custom_1667916250468 vc_row-has-fill vc_row-o-content-middle vc_row-flex\"><div class=\"wpb_column vc_column_container vc_col-sm-6\"><div class=\"vc_column-inner\"><div class=\"wpb_wrapper\">\n\t<div  class=\"wpb_single_image wpb_content_element vc_align_left\">\n\t\t\n\t\t<figure class=\"wpb_wrapper vc_figure\">\n\t\t\t<div class=\"vc_single_image-wrapper   vc_box_border_grey\"><img loading=\"lazy\" decoding=\"async\" class=\"vc_single_image-img\" src=\"https:\/\/www.ksalps.com\/wp-content\/uploads\/2022\/05\/Pohodnistvo-890x500.jpg\" width=\"890\" height=\"500\" alt=\"Pohodni\u0161tvo\" title=\"P\u011b\u0161\u00ed turistika\" \/><\/div>\n\t\t<\/figure>\n\t<\/div>\n<\/div><\/div><\/div><div class=\"wpb_column vc_column_container vc_col-sm-6\"><div class=\"vc_column-inner\"><div class=\"wpb_wrapper\"><h4 style=\"text-align: left\" class=\"vc_custom_heading\" >Krom\u011b mnoha tematick\u00fdch stezek je Preddvor tak\u00e9 vynikaj\u00edc\u00edm v\u00fdchoz\u00edm bodem pro p\u011b\u0161\u00ed turisty v\u0161ech v\u011bkov\u00fdch kategori\u00ed a schopnost\u00ed.<\/h4>\n\t<div class=\"wpb_text_column wpb_content_element\" >\n\t\t<div class=\"wpb_wrapper\">\n\t\t\t<p>Nab\u00eddka kopc\u016f, vrchol\u016f a vyhl\u00eddkov\u00fdch m\u00edst se pohybuje od 500 metr\u016f a\u017e po n\u011bco m\u00e1lo p\u0159es 2500 metr\u016f nad mo\u0159em. Na horsk\u00fdch chat\u00e1ch s radost\u00ed uv\u00edtaj\u00ed n\u00e1v\u0161t\u011bvn\u00edky a m\u016f\u017eete ochutnat vynikaj\u00edc\u00ed m\u00edstn\u00ed kuchyni.<\/p>\n\n\t\t<\/div>\n\t<\/div>\n<\/div><\/div><\/div><\/div><div class=\"vc_row-full-width vc_clearfix\"><\/div>\n<\/section>","protected":false},"excerpt":{"rendered":"Kraj, ki je le streljaj oddaljen od glavnega letali\u0161\u010da in prestolnice, prav vsakemu obiskovalcu nudi, da dan pre\u017eivi nekoliko druga\u010de. Preddvor vabi, da odkrijete njegove neodkrite travnike, pa\u0161nike in gozdove, bogato kulturno in stavbno dedi\u0161\u010dino ter spoznate gostoljubne doma\u010dine. Tukaj\u0161nji za\u010detki turizma temeljijo na zdravili\u0161kem turizmu, to blagodejno klimo, mir in neokrnjeno naravo pa je [...]","protected":false},"author":1,"featured_media":0,"parent":0,"menu_order":0,"comment_status":"closed","ping_status":"closed","template":"","meta":{"footnotes":""},"class_list":["post-2805","page","type-page","status-publish","hentry"],"_links":{"self":[{"href":"https:\/\/www.ksalps.com\/cs\/wp-json\/wp\/v2\/pages\/2805","targetHints":{"allow":["GET"]}}],"collection":[{"href":"https:\/\/www.ksalps.com\/cs\/wp-json\/wp\/v2\/pages"}],"about":[{"href":"https:\/\/www.ksalps.com\/cs\/wp-json\/wp\/v2\/types\/page"}],"author":[{"embeddable":true,"href":"https:\/\/www.ksalps.com\/cs\/wp-json\/wp\/v2\/users\/1"}],"replies":[{"embeddable":true,"href":"https:\/\/www.ksalps.com\/cs\/wp-json\/wp\/v2\/comments?post=2805"}],"version-history":[{"count":9,"href":"https:\/\/www.ksalps.com\/cs\/wp-json\/wp\/v2\/pages\/2805\/revisions"}],"predecessor-version":[{"id":3272,"href":"https:\/\/www.ksalps.com\/cs\/wp-json\/wp\/v2\/pages\/2805\/revisions\/3272"}],"wp:attachment":[{"href":"https:\/\/www.ksalps.com\/cs\/wp-json\/wp\/v2\/media?parent=2805"}],"curies":[{"name":"wp","href":"https:\/\/api.w.org\/{rel}","templated":true}]}}