{"id":2717,"date":"2022-01-04T01:37:23","date_gmt":"2022-01-04T00:37:23","guid":{"rendered":"https:\/\/www.ksalps.com\/?page_id=2717"},"modified":"2025-12-17T08:36:24","modified_gmt":"2025-12-17T07:36:24","slug":"nastanitve","status":"publish","type":"page","link":"https:\/\/www.ksalps.com\/cs\/nastanitve\/","title":{"rendered":"UBYTOV\u00c1N\u00cd"},"content":{"rendered":"<section class=\"wpb-content-wrapper\"><div data-vc-full-width=\"true\" data-vc-full-width-init=\"false\" class=\"vc_row wpb_row vc_row-fluid vc_custom_1641265075631 vc_row-has-fill\"><div class=\"wpb_column vc_column_container vc_col-sm-12\"><div class=\"vc_column-inner\"><div class=\"wpb_wrapper\"><div class=\"vc_row wpb_row vc_inner vc_row-fluid\"><div class=\"wpb_column vc_column_container vc_col-sm-3\"><div class=\"vc_column-inner\"><div class=\"wpb_wrapper\">\n\t<div  class=\"wpb_single_image wpb_content_element vc_align_center\">\n\t\t\n\t\t<figure class=\"wpb_wrapper vc_figure\">\n\t\t\t<a href=\"https:\/\/www.ksalps.com\/cs\/hoteli\/\" target=\"_self\" class=\"vc_single_image-wrapper   vc_box_border_grey\"><img loading=\"lazy\" decoding=\"async\" class=\"vc_single_image-img\" src=\"https:\/\/www.ksalps.com\/wp-content\/uploads\/2021\/12\/Vila-Planinka-s-petzvezdicnim-nebom-1024x771-1-900x600.jpg\" width=\"900\" height=\"600\" alt=\"HOTELI\" title=\"HOTELI\" \/><\/a>\n\t\t<\/figure>\n\t<\/div>\n\n\t<div class=\"wpb_text_column wpb_content_element  vc_custom_1759405976142\" >\n\t\t<div class=\"wpb_wrapper\">\n\t\t\t<h4 style=\"text-align: center;\"><a href=\"https:\/\/www.ksalps.com\/cs\/hoteli\/\"><span style=\"color: #ffffff;\">Hoteli in terme<\/span><\/a><\/h4>\n\n\t\t<\/div>\n\t<\/div>\n<\/div><\/div><\/div><div class=\"wpb_column vc_column_container vc_col-sm-3\"><div class=\"vc_column-inner\"><div class=\"wpb_wrapper\">\n\t<div  class=\"wpb_single_image wpb_content_element vc_align_center\">\n\t\t\n\t\t<figure class=\"wpb_wrapper vc_figure\">\n\t\t\t<a href=\"https:\/\/www.ksalps.com\/cs\/apartmaji\/\" target=\"_self\" class=\"vc_single_image-wrapper   vc_box_border_grey\"><img loading=\"lazy\" decoding=\"async\" class=\"vc_single_image-img\" src=\"https:\/\/www.ksalps.com\/wp-content\/uploads\/2021\/12\/100737883-900x600.jpg\" width=\"900\" height=\"600\" alt=\"Apartmaji BBI\" title=\"Apartmaji BBI\" \/><\/a>\n\t\t<\/figure>\n\t<\/div>\n\n\t<div class=\"wpb_text_column wpb_content_element  vc_custom_1759492620709\" >\n\t\t<div class=\"wpb_wrapper\">\n\t\t\t<h4 style=\"text-align: center;\"><a href=\"https:\/\/www.ksalps.com\/cs\/apartmaji\/\"><span style=\"color: #ffffff;\">Apartmaji in sobe<\/span><\/a><\/h4>\n\n\t\t<\/div>\n\t<\/div>\n<\/div><\/div><\/div><div class=\"wpb_column vc_column_container vc_col-sm-3\"><div class=\"vc_column-inner\"><div class=\"wpb_wrapper\">\n\t<div  class=\"wpb_single_image wpb_content_element vc_align_center\">\n\t\t\n\t\t<figure class=\"wpb_wrapper vc_figure\">\n\t\t\t<a href=\"https:\/\/www.ksalps.com\/cs\/turisticne-kmetije\/\" target=\"_self\" class=\"vc_single_image-wrapper   vc_box_border_grey\"><img loading=\"lazy\" decoding=\"async\" class=\"vc_single_image-img\" src=\"https:\/\/www.ksalps.com\/wp-content\/uploads\/2021\/12\/senkova_domacija_nastanitve-3-3-900x600.jpg\" width=\"900\" height=\"600\" alt=\"TURISTI\u010cNE KMETIJE\" title=\"TURISTI\u010cNE KMETIJE\" \/><\/a>\n\t\t<\/figure>\n\t<\/div>\n\n\t<div class=\"wpb_text_column wpb_content_element  vc_custom_1682117484190\" >\n\t\t<div class=\"wpb_wrapper\">\n\t\t\t<h4 style=\"text-align: center;\"><a href=\"https:\/\/www.ksalps.com\/cs\/turisticne-kmetije\/\"><span style=\"color: #ffffff;\">Turistick\u00e9 farmy<\/span><\/a><\/h4>\n\n\t\t<\/div>\n\t<\/div>\n<\/div><\/div><\/div><div class=\"wpb_column vc_column_container vc_col-sm-3\"><div class=\"vc_column-inner\"><div class=\"wpb_wrapper\">\n\t<div  class=\"wpb_single_image wpb_content_element vc_align_left\">\n\t\t\n\t\t<figure class=\"wpb_wrapper vc_figure\">\n\t\t\t<a href=\"https:\/\/www.ksalps.com\/cs\/penzioni\/\" target=\"_self\" class=\"vc_single_image-wrapper   vc_box_border_grey\"><img loading=\"lazy\" decoding=\"async\" class=\"vc_single_image-img\" src=\"https:\/\/www.ksalps.com\/wp-content\/uploads\/2025\/10\/Sobe-v-penzionu-3-Penzion-Repnik-900x600.jpg\" width=\"900\" height=\"600\" alt=\"Sobe v penzionu (3) - Penzion Repnik\" title=\"Sobe v penzionu (3) - Penzion Repnik\" \/><\/a>\n\t\t<\/figure>\n\t<\/div>\n\n\t<div class=\"wpb_text_column wpb_content_element  vc_custom_1765956719859\" >\n\t\t<div class=\"wpb_wrapper\">\n\t\t\t<h4 style=\"text-align: center;\"><a href=\"https:\/\/www.ksalps.com\/cs\/penzioni\/\"><span style=\"color: #ffffff;\">Penzioni in gosti\u0161\u010da<\/span><\/a><\/h4>\n\n\t\t<\/div>\n\t<\/div>\n<\/div><\/div><\/div><\/div><div class=\"vc_row wpb_row vc_inner vc_row-fluid\"><div class=\"wpb_column vc_column_container vc_col-sm-3\"><div class=\"vc_column-inner\"><div class=\"wpb_wrapper\">\n\t<div  class=\"wpb_single_image wpb_content_element vc_align_center\">\n\t\t\n\t\t<figure class=\"wpb_wrapper vc_figure\">\n\t\t\t<a href=\"https:\/\/www.ksalps.com\/cs\/kampi\/\" target=\"_self\" class=\"vc_single_image-wrapper   vc_box_border_grey\"><img loading=\"lazy\" decoding=\"async\" width=\"900\" height=\"600\" src=\"https:\/\/www.ksalps.com\/wp-content\/uploads\/2021\/12\/kamp_06.jpg\" class=\"vc_single_image-img attachment-full\" alt=\"\" title=\"KAMPI\" srcset=\"https:\/\/www.ksalps.com\/wp-content\/uploads\/2021\/12\/kamp_06.jpg 900w, https:\/\/www.ksalps.com\/wp-content\/uploads\/2021\/12\/kamp_06-300x200.jpg 300w, https:\/\/www.ksalps.com\/wp-content\/uploads\/2021\/12\/kamp_06-768x512.jpg 768w, https:\/\/www.ksalps.com\/wp-content\/uploads\/2021\/12\/kamp_06-80x53.jpg 80w\" sizes=\"auto, (max-width: 900px) 100vw, 900px\" \/><\/a>\n\t\t<\/figure>\n\t<\/div>\n\n\t<div class=\"wpb_text_column wpb_content_element  vc_custom_1759492719115\" >\n\t\t<div class=\"wpb_wrapper\">\n\t\t\t<h4 style=\"text-align: center;\"><a href=\"https:\/\/www.ksalps.com\/cs\/kampi\/\"><span style=\"color: #ffffff;\">Kampi in glampingi<\/span><\/a><\/h4>\n\n\t\t<\/div>\n\t<\/div>\n<\/div><\/div><\/div><div class=\"wpb_column vc_column_container vc_col-sm-3\"><div class=\"vc_column-inner\"><div class=\"wpb_wrapper\">\n\t<div  class=\"wpb_single_image wpb_content_element vc_align_center\">\n\t\t\n\t\t<figure class=\"wpb_wrapper vc_figure\">\n\t\t\t<a href=\"https:\/\/www.ksalps.com\/cs\/pocitniskehise\/\" target=\"_self\" class=\"vc_single_image-wrapper   vc_box_border_grey\"><img loading=\"lazy\" decoding=\"async\" width=\"2560\" height=\"1707\" src=\"https:\/\/www.ksalps.com\/wp-content\/uploads\/2025\/07\/brunarica-Pod-skalco-scaled.jpg\" class=\"vc_single_image-img attachment-full\" alt=\"\" title=\"brunarica Pod skalco\" srcset=\"https:\/\/www.ksalps.com\/wp-content\/uploads\/2025\/07\/brunarica-Pod-skalco-scaled.jpg 2560w, https:\/\/www.ksalps.com\/wp-content\/uploads\/2025\/07\/brunarica-Pod-skalco-300x200.jpg 300w, https:\/\/www.ksalps.com\/wp-content\/uploads\/2025\/07\/brunarica-Pod-skalco-1024x683.jpg 1024w, https:\/\/www.ksalps.com\/wp-content\/uploads\/2025\/07\/brunarica-Pod-skalco-768x512.jpg 768w, https:\/\/www.ksalps.com\/wp-content\/uploads\/2025\/07\/brunarica-Pod-skalco-80x53.jpg 80w, https:\/\/www.ksalps.com\/wp-content\/uploads\/2025\/07\/brunarica-Pod-skalco-1536x1024.jpg 1536w, https:\/\/www.ksalps.com\/wp-content\/uploads\/2025\/07\/brunarica-Pod-skalco-2048x1365.jpg 2048w, https:\/\/www.ksalps.com\/wp-content\/uploads\/2025\/07\/brunarica-Pod-skalco-18x12.jpg 18w\" sizes=\"auto, (max-width: 2560px) 100vw, 2560px\" \/><\/a>\n\t\t<\/figure>\n\t<\/div>\n\n\t<div class=\"wpb_text_column wpb_content_element  vc_custom_1760689156839\" >\n\t\t<div class=\"wpb_wrapper\">\n\t\t\t<h4 style=\"text-align: center;\"><a href=\"https:\/\/www.ksalps.com\/cs\/pocitniskehise\/\"><span style=\"color: #ffffff;\">Po\u010ditni\u0161ke hi\u0161e<\/span><\/a><\/h4>\n\n\t\t<\/div>\n\t<\/div>\n<\/div><\/div><\/div><div class=\"wpb_column vc_column_container vc_col-sm-3\"><div class=\"vc_column-inner\"><div class=\"wpb_wrapper\">\n\t<div  class=\"wpb_single_image wpb_content_element vc_align_center\">\n\t\t\n\t\t<figure class=\"wpb_wrapper vc_figure\">\n\t\t\t<a href=\"https:\/\/www.ksalps.com\/cs\/planinske-koce\/\" target=\"_self\" class=\"vc_single_image-wrapper   vc_box_border_grey\"><img loading=\"lazy\" decoding=\"async\" width=\"1200\" height=\"800\" src=\"https:\/\/www.ksalps.com\/wp-content\/uploads\/2021\/12\/df.jpg\" class=\"vc_single_image-img attachment-full\" alt=\"\" title=\"Dom\u017ealski dom na Mali planini\" srcset=\"https:\/\/www.ksalps.com\/wp-content\/uploads\/2021\/12\/df.jpg 1200w, https:\/\/www.ksalps.com\/wp-content\/uploads\/2021\/12\/df-300x200.jpg 300w, https:\/\/www.ksalps.com\/wp-content\/uploads\/2021\/12\/df-1024x683.jpg 1024w, https:\/\/www.ksalps.com\/wp-content\/uploads\/2021\/12\/df-768x512.jpg 768w, https:\/\/www.ksalps.com\/wp-content\/uploads\/2021\/12\/df-80x53.jpg 80w\" sizes=\"auto, (max-width: 1200px) 100vw, 1200px\" \/><\/a>\n\t\t<\/figure>\n\t<\/div>\n\n\t<div class=\"wpb_text_column wpb_content_element  vc_custom_1760689274530\" >\n\t\t<div class=\"wpb_wrapper\">\n\t\t\t<h4 style=\"text-align: center;\"><a href=\"https:\/\/www.ksalps.com\/cs\/planinske-koce\/\"><span style=\"color: #ffffff;\">Planinske ko\u010de in domovi<\/span><\/a><\/h4>\n\n\t\t<\/div>\n\t<\/div>\n<\/div><\/div><\/div><div class=\"wpb_column vc_column_container vc_col-sm-3\"><div class=\"vc_column-inner\"><div class=\"wpb_wrapper\">\n\t<div  class=\"wpb_single_image wpb_content_element vc_align_left\">\n\t\t\n\t\t<figure class=\"wpb_wrapper vc_figure\">\n\t\t\t<a href=\"https:\/\/www.ksalps.com\/cs\/druga-ponudba\/\" target=\"_self\" class=\"vc_single_image-wrapper   vc_box_border_grey\"><img loading=\"lazy\" decoding=\"async\" class=\"vc_single_image-img\" src=\"https:\/\/www.ksalps.com\/wp-content\/uploads\/2023\/04\/E9-01-dolina-Podvolovljek.jpg\" width=\"640\" height=\"427\" alt=\"E9-01 dolina Podvolovljek\" title=\"E9-01 dolina Podvolovljek\" \/><\/a>\n\t\t<\/figure>\n\t<\/div>\n\n\t<div class=\"wpb_text_column wpb_content_element  vc_custom_1760688711100\" >\n\t\t<div class=\"wpb_wrapper\">\n\t\t\t<h4 style=\"text-align: center;\"><a href=\"https:\/\/www.ksalps.com\/cs\/druga-ponudba\/\"><span style=\"color: #ffffff;\">Druga ponudba<\/span><\/a><\/h4>\n\n\t\t<\/div>\n\t<\/div>\n<\/div><\/div><\/div><\/div><\/div><\/div><\/div><\/div><div class=\"vc_row-full-width vc_clearfix\"><\/div>\n<\/section>","protected":false},"excerpt":{"rendered":"Hoteli in terme Apartmaji in sobe Turisti\u010dne kmetije Penzioni in gosti\u0161\u010da Kampi in glampingi Po\u010ditni\u0161ke hi\u0161e Planinske ko\u010de in domovi Druga ponudba","protected":false},"author":1,"featured_media":0,"parent":0,"menu_order":0,"comment_status":"closed","ping_status":"closed","template":"","meta":{"footnotes":""},"class_list":["post-2717","page","type-page","status-publish","hentry"],"_links":{"self":[{"href":"https:\/\/www.ksalps.com\/cs\/wp-json\/wp\/v2\/pages\/2717","targetHints":{"allow":["GET"]}}],"collection":[{"href":"https:\/\/www.ksalps.com\/cs\/wp-json\/wp\/v2\/pages"}],"about":[{"href":"https:\/\/www.ksalps.com\/cs\/wp-json\/wp\/v2\/types\/page"}],"author":[{"embeddable":true,"href":"https:\/\/www.ksalps.com\/cs\/wp-json\/wp\/v2\/users\/1"}],"replies":[{"embeddable":true,"href":"https:\/\/www.ksalps.com\/cs\/wp-json\/wp\/v2\/comments?post=2717"}],"version-history":[{"count":42,"href":"https:\/\/www.ksalps.com\/cs\/wp-json\/wp\/v2\/pages\/2717\/revisions"}],"predecessor-version":[{"id":4238,"href":"https:\/\/www.ksalps.com\/cs\/wp-json\/wp\/v2\/pages\/2717\/revisions\/4238"}],"wp:attachment":[{"href":"https:\/\/www.ksalps.com\/cs\/wp-json\/wp\/v2\/media?parent=2717"}],"curies":[{"name":"wp","href":"https:\/\/api.w.org\/{rel}","templated":true}]}}